{"id":250,"date":"2017-11-02T13:49:26","date_gmt":"2017-11-02T12:49:26","guid":{"rendered":"https:\/\/www.hsu-hh.de\/tet\/?page_id=250"},"modified":"2025-12-22T09:47:40","modified_gmt":"2025-12-22T08:47:40","slug":"modellbasierte-prozesssteuerung-von-biogasanlagen-most","status":"publish","type":"page","link":"https:\/\/www.hsu-hh.de\/tet\/modellbasierte-prozesssteuerung-von-biogasanlagen-most","title":{"rendered":"Schnelle und pr\u00e4zise Datenanalyse durch maschinelles Lernen"},"content":{"rendered":"<p>KI und ML zeigen gro\u00dfes Potenzial in verschiedenen Anwendungsfeldern: In der Medizin unterst\u00fctzen sie die Diagnose und Therapieplanung, in der Industrie 4.0 optimieren sie Produktionsprozesse, und beim autonomen Fahren helfen sie Fahrzeugen, ihre Umgebung zu verstehen und darauf zu reagieren. Gleichzeitig stellen diese Technologien neue Anforderungen an Sicherheit, Transparenz und ethische Verantwortung \u2013 insbesondere in sicherheitskritischen Bereichen.<\/p>\n<p>Kontakt : <a href=\"https:\/\/www.hsu-hh.de\/tet\/versen\/\">Dennis Salvador Versen<\/a>, <a href=\"https:\/\/www.hsu-hh.de\/tet\/ilda-cahani\">Ilda Cahani<\/a> und <a href=\"https:\/\/www.hsu-hh.de\/tet\/rebecca-ueltzen\">Rebecca Ueltzen<\/a><\/p>\n\n\n<p><\/p>\n","protected":false},"excerpt":{"rendered":"<p>KI und ML zeigen gro\u00dfes Potenzial in verschiedenen Anwendungsfeldern: In der Medizin unterst\u00fctzen sie die Diagnose und Therapieplanung, in der Industrie 4.0 optimieren sie Produktionsprozesse, und beim autonomen Fahren helfen [&hellip;]<\/p>\n","protected":false},"author":134,"featured_media":0,"parent":0,"menu_order":0,"comment_status":"closed","ping_status":"closed","template":"","meta":{"footnotes":""},"categories":[4],"tags":[],"class_list":["post-250","page","type-page","status-publish","hentry","category-forschung"],"_links":{"self":[{"href":"https:\/\/www.hsu-hh.de\/tet\/wp-json\/wp\/v2\/pages\/250","targetHints":{"allow":["GET"]}}],"collection":[{"href":"https:\/\/www.hsu-hh.de\/tet\/wp-json\/wp\/v2\/pages"}],"about":[{"href":"https:\/\/www.hsu-hh.de\/tet\/wp-json\/wp\/v2\/types\/page"}],"author":[{"embeddable":true,"href":"https:\/\/www.hsu-hh.de\/tet\/wp-json\/wp\/v2\/users\/134"}],"replies":[{"embeddable":true,"href":"https:\/\/www.hsu-hh.de\/tet\/wp-json\/wp\/v2\/comments?post=250"}],"version-history":[{"count":10,"href":"https:\/\/www.hsu-hh.de\/tet\/wp-json\/wp\/v2\/pages\/250\/revisions"}],"predecessor-version":[{"id":1325,"href":"https:\/\/www.hsu-hh.de\/tet\/wp-json\/wp\/v2\/pages\/250\/revisions\/1325"}],"wp:attachment":[{"href":"https:\/\/www.hsu-hh.de\/tet\/wp-json\/wp\/v2\/media?parent=250"}],"wp:term":[{"taxonomy":"category","embeddable":true,"href":"https:\/\/www.hsu-hh.de\/tet\/wp-json\/wp\/v2\/categories?post=250"},{"taxonomy":"post_tag","embeddable":true,"href":"https:\/\/www.hsu-hh.de\/tet\/wp-json\/wp\/v2\/tags?post=250"}],"curies":[{"name":"wp","href":"https:\/\/api.w.org\/{rel}","templated":true}]}}