{"id":248,"date":"2017-11-02T13:49:11","date_gmt":"2017-11-02T12:49:11","guid":{"rendered":"https:\/\/www.hsu-hh.de\/tet\/?page_id=248"},"modified":"2017-11-03T09:48:06","modified_gmt":"2017-11-03T08:48:06","slug":"simulation-biologischer-zellen","status":"publish","type":"page","link":"https:\/\/www.hsu-hh.de\/tet\/simulation-biologischer-zellen","title":{"rendered":"Simulation biologischer Zellen"},"content":{"rendered":"<p>Die Bewertung des medizinischen Risikos durch elektromagnetische Felder erfordert ein Ver\u00adst\u00e4ndnis der Mechanismen, mit denen biolo\u00adgische Zellen auf \u00e4u\u00dfere Felder reagieren. Um Modellvorstellungen anhand von Experimenten quantitativ zu validieren, wird das Verhalten der Zellen aufgrund der angenommenen physikali\u00adschen Gesetzm\u00e4\u00dfigkeiten simuliert.<\/p>\n<p><img loading=\"lazy\" decoding=\"async\" class=\"alignnone size-medium wp-image-302\" src=\"https:\/\/www.hsu-hh.de\/tet\/wp-content\/uploads\/sites\/673\/2017\/11\/CAD_Zellhaufen_4-300x246.jpg\" alt=\"CAD_Zellhaufen_4\" width=\"300\" height=\"246\" srcset=\"https:\/\/www.hsu-hh.de\/tet\/wp-content\/uploads\/sites\/673\/2017\/11\/CAD_Zellhaufen_4-300x246.jpg 300w, https:\/\/www.hsu-hh.de\/tet\/wp-content\/uploads\/sites\/673\/2017\/11\/CAD_Zellhaufen_4-768x630.jpg 768w, https:\/\/www.hsu-hh.de\/tet\/wp-content\/uploads\/sites\/673\/2017\/11\/CAD_Zellhaufen_4-1024x840.jpg 1024w, https:\/\/www.hsu-hh.de\/tet\/wp-content\/uploads\/sites\/673\/2017\/11\/CAD_Zellhaufen_4.jpg 1463w\" sizes=\"auto, (max-width: 300px) 100vw, 300px\" \/><\/p>\n<p>Das obere Bild zeigt die Vernetzung mehrerer als Kugeln und Ellipsoide idealisierter Zellen in einer Elektrolytl\u00f6sung. Auf diesem Netz werden die Maxwellgleichungen in elektroqua\u00adsistatischer N\u00e4herung n\u00e4herungsweise mit der Methode der Finiten Elementen gel\u00f6st, um die frequenzabh\u00e4ngige Antwort der Zellen auf ein \u00e4u\u00dferes Feld gem\u00e4\u00df Modell zu bestimmen.<\/p>\n<p>&nbsp;<\/p>\n<p>Kontakt :\u00a0Sebastian B\u00f6hmelt<\/p>\n","protected":false},"excerpt":{"rendered":"<p>Die Bewertung des medizinischen Risikos durch elektromagnetische Felder erfordert ein Ver\u00adst\u00e4ndnis der Mechanismen, mit denen biolo\u00adgische Zellen auf \u00e4u\u00dfere Felder reagieren. Um Modellvorstellungen anhand von Experimenten quantitativ zu validieren, wird [&hellip;]<\/p>\n","protected":false},"author":134,"featured_media":0,"parent":0,"menu_order":0,"comment_status":"closed","ping_status":"closed","template":"","meta":{"footnotes":""},"categories":[4],"tags":[],"class_list":["post-248","page","type-page","status-publish","hentry","category-forschung"],"_links":{"self":[{"href":"https:\/\/www.hsu-hh.de\/tet\/wp-json\/wp\/v2\/pages\/248","targetHints":{"allow":["GET"]}}],"collection":[{"href":"https:\/\/www.hsu-hh.de\/tet\/wp-json\/wp\/v2\/pages"}],"about":[{"href":"https:\/\/www.hsu-hh.de\/tet\/wp-json\/wp\/v2\/types\/page"}],"author":[{"embeddable":true,"href":"https:\/\/www.hsu-hh.de\/tet\/wp-json\/wp\/v2\/users\/134"}],"replies":[{"embeddable":true,"href":"https:\/\/www.hsu-hh.de\/tet\/wp-json\/wp\/v2\/comments?post=248"}],"version-history":[{"count":4,"href":"https:\/\/www.hsu-hh.de\/tet\/wp-json\/wp\/v2\/pages\/248\/revisions"}],"predecessor-version":[{"id":303,"href":"https:\/\/www.hsu-hh.de\/tet\/wp-json\/wp\/v2\/pages\/248\/revisions\/303"}],"wp:attachment":[{"href":"https:\/\/www.hsu-hh.de\/tet\/wp-json\/wp\/v2\/media?parent=248"}],"wp:term":[{"taxonomy":"category","embeddable":true,"href":"https:\/\/www.hsu-hh.de\/tet\/wp-json\/wp\/v2\/categories?post=248"},{"taxonomy":"post_tag","embeddable":true,"href":"https:\/\/www.hsu-hh.de\/tet\/wp-json\/wp\/v2\/tags?post=248"}],"curies":[{"name":"wp","href":"https:\/\/api.w.org\/{rel}","templated":true}]}}