{"id":238,"date":"2017-11-02T13:47:33","date_gmt":"2017-11-02T12:47:33","guid":{"rendered":"https:\/\/www.hsu-hh.de\/tet\/?page_id=238"},"modified":"2017-11-03T09:25:46","modified_gmt":"2017-11-03T08:25:46","slug":"magnetische-beschleuniger","status":"publish","type":"page","link":"https:\/\/www.hsu-hh.de\/tet\/magnetische-beschleuniger","title":{"rendered":"Magnetische Beschleuniger"},"content":{"rendered":"<p>Durch induzierte Lorentz-Kr\u00e4fte k\u00f6nnen Werkst\u00fccke aus gut leitenden Materialen beschleunigt werden. Dies kann etwa zur Rohrf\u00fcgung (dabei werden Rohre zusammen gef\u00fcgt) oder etwa zur Beschleunigung eines Geschosses (Gausskanone) verwendet werden. Dabei stehen mehrere Fragestellungen im Raum:<\/p>\n<ul>\n<li>Wie sieht die Geometrie einer Spule aus, die eine definierte Lorentz-Kraft erzeugen soll?<\/li>\n<li>Welche Parameter, neben der Spulengeometrie,\u00a0<abbr title=\"zum Beispiel\">z.B.<\/abbr>\u00a0der ohmsche Widerstand, spielen eine\u00a0 Rolle f\u00fcr das Erreichen eines vorgegeben Impulses?<\/li>\n<li>Wie verhalten dich beschleunigte Werkst\u00fccke hinsichtlich ihrer Magnetisierung und der W\u00e4rmeeinkopplung?<\/li>\n<li>Welchen Belastungen halten die Materialen und Apparaturen stand?<\/li>\n<\/ul>\n<p>In verschiedenen studentischen Arbeiten werden diese Fragen anhand konkreter Anwendungen untersucht.<\/p>\n<p>&nbsp;<\/p>\n<p><img loading=\"lazy\" decoding=\"async\" class=\"alignnone size-medium wp-image-290\" src=\"https:\/\/www.hsu-hh.de\/tet\/wp-content\/uploads\/sites\/673\/2017\/11\/Gun-300x224.jpg\" alt=\"Gun\" width=\"300\" height=\"224\" srcset=\"https:\/\/www.hsu-hh.de\/tet\/wp-content\/uploads\/sites\/673\/2017\/11\/Gun-300x224.jpg 300w, https:\/\/www.hsu-hh.de\/tet\/wp-content\/uploads\/sites\/673\/2017\/11\/Gun-768x573.jpg 768w, https:\/\/www.hsu-hh.de\/tet\/wp-content\/uploads\/sites\/673\/2017\/11\/Gun-1024x764.jpg 1024w, https:\/\/www.hsu-hh.de\/tet\/wp-content\/uploads\/sites\/673\/2017\/11\/Gun.jpg 1600w\" sizes=\"auto, (max-width: 300px) 100vw, 300px\" \/><\/p>\n<p>&nbsp;<\/p>\n<p>Kontakt :\u00a0Marco Rozgic<\/p>\n","protected":false},"excerpt":{"rendered":"<p>Durch induzierte Lorentz-Kr\u00e4fte k\u00f6nnen Werkst\u00fccke aus gut leitenden Materialen beschleunigt werden. Dies kann etwa zur Rohrf\u00fcgung (dabei werden Rohre zusammen gef\u00fcgt) oder etwa zur Beschleunigung eines Geschosses (Gausskanone) verwendet werden. [&hellip;]<\/p>\n","protected":false},"author":134,"featured_media":0,"parent":0,"menu_order":0,"comment_status":"closed","ping_status":"closed","template":"","meta":{"footnotes":""},"categories":[4],"tags":[],"class_list":["post-238","page","type-page","status-publish","hentry","category-forschung"],"_links":{"self":[{"href":"https:\/\/www.hsu-hh.de\/tet\/wp-json\/wp\/v2\/pages\/238","targetHints":{"allow":["GET"]}}],"collection":[{"href":"https:\/\/www.hsu-hh.de\/tet\/wp-json\/wp\/v2\/pages"}],"about":[{"href":"https:\/\/www.hsu-hh.de\/tet\/wp-json\/wp\/v2\/types\/page"}],"author":[{"embeddable":true,"href":"https:\/\/www.hsu-hh.de\/tet\/wp-json\/wp\/v2\/users\/134"}],"replies":[{"embeddable":true,"href":"https:\/\/www.hsu-hh.de\/tet\/wp-json\/wp\/v2\/comments?post=238"}],"version-history":[{"count":5,"href":"https:\/\/www.hsu-hh.de\/tet\/wp-json\/wp\/v2\/pages\/238\/revisions"}],"predecessor-version":[{"id":291,"href":"https:\/\/www.hsu-hh.de\/tet\/wp-json\/wp\/v2\/pages\/238\/revisions\/291"}],"wp:attachment":[{"href":"https:\/\/www.hsu-hh.de\/tet\/wp-json\/wp\/v2\/media?parent=238"}],"wp:term":[{"taxonomy":"category","embeddable":true,"href":"https:\/\/www.hsu-hh.de\/tet\/wp-json\/wp\/v2\/categories?post=238"},{"taxonomy":"post_tag","embeddable":true,"href":"https:\/\/www.hsu-hh.de\/tet\/wp-json\/wp\/v2\/tags?post=238"}],"curies":[{"name":"wp","href":"https:\/\/api.w.org\/{rel}","templated":true}]}}