{"id":216,"date":"2017-11-02T13:24:58","date_gmt":"2017-11-02T12:24:58","guid":{"rendered":"https:\/\/www.hsu-hh.de\/tet\/?page_id=216"},"modified":"2017-11-02T13:26:14","modified_gmt":"2017-11-02T12:26:14","slug":"veroeffentlichungen","status":"publish","type":"page","link":"https:\/\/www.hsu-hh.de\/tet\/veroeffentlichungen","title":{"rendered":"Ver\u00f6ffentlichungen"},"content":{"rendered":"<p><a href=\"https:\/\/www.hsu-hh.de\/tet\/begutachtete-veroeffentlichungen-in-zeitschriften\/\">Begutachtete Ver\u00f6ffentlichungen in Zeitschriften<\/a><\/p>\n<p><a href=\"https:\/\/www.hsu-hh.de\/tet\/ausgewaehlte-begutachtete-veroeffentlichungen-in-tagungsbaenden\/\">Ausgew\u00e4hlte begutachtete Ver\u00f6ffentlichungen in Tagungsb\u00e4nden<\/a><\/p>\n<p><a href=\"https:\/\/www.hsu-hh.de\/tet\/weitere-veroeffentlichungen-in-tagungsbaenden\/\">Weitere Ver\u00f6ffentlichungen in Tagungsb\u00e4nden<\/a><\/p>\n<p><a href=\"https:\/\/www.hsu-hh.de\/tet\/diplomarbeit-und-dissertation\/\">Diplomarbeit und Dissertation<\/a><\/p>\n","protected":false},"excerpt":{"rendered":"<p>Begutachtete Ver\u00f6ffentlichungen in Zeitschriften Ausgew\u00e4hlte begutachtete Ver\u00f6ffentlichungen in Tagungsb\u00e4nden Weitere Ver\u00f6ffentlichungen in Tagungsb\u00e4nden Diplomarbeit und Dissertation<\/p>\n","protected":false},"author":134,"featured_media":0,"parent":0,"menu_order":0,"comment_status":"closed","ping_status":"closed","template":"","meta":{"footnotes":""},"categories":[42],"tags":[],"class_list":["post-216","page","type-page","status-publish","hentry","category-publikation"],"_links":{"self":[{"href":"https:\/\/www.hsu-hh.de\/tet\/wp-json\/wp\/v2\/pages\/216","targetHints":{"allow":["GET"]}}],"collection":[{"href":"https:\/\/www.hsu-hh.de\/tet\/wp-json\/wp\/v2\/pages"}],"about":[{"href":"https:\/\/www.hsu-hh.de\/tet\/wp-json\/wp\/v2\/types\/page"}],"author":[{"embeddable":true,"href":"https:\/\/www.hsu-hh.de\/tet\/wp-json\/wp\/v2\/users\/134"}],"replies":[{"embeddable":true,"href":"https:\/\/www.hsu-hh.de\/tet\/wp-json\/wp\/v2\/comments?post=216"}],"version-history":[{"count":2,"href":"https:\/\/www.hsu-hh.de\/tet\/wp-json\/wp\/v2\/pages\/216\/revisions"}],"predecessor-version":[{"id":219,"href":"https:\/\/www.hsu-hh.de\/tet\/wp-json\/wp\/v2\/pages\/216\/revisions\/219"}],"wp:attachment":[{"href":"https:\/\/www.hsu-hh.de\/tet\/wp-json\/wp\/v2\/media?parent=216"}],"wp:term":[{"taxonomy":"category","embeddable":true,"href":"https:\/\/www.hsu-hh.de\/tet\/wp-json\/wp\/v2\/categories?post=216"},{"taxonomy":"post_tag","embeddable":true,"href":"https:\/\/www.hsu-hh.de\/tet\/wp-json\/wp\/v2\/tags?post=216"}],"curies":[{"name":"wp","href":"https:\/\/api.w.org\/{rel}","templated":true}]}}