{"id":214,"date":"2017-11-02T13:22:15","date_gmt":"2017-11-02T12:22:15","guid":{"rendered":"https:\/\/www.hsu-hh.de\/tet\/?page_id=214"},"modified":"2017-11-02T13:22:15","modified_gmt":"2017-11-02T12:22:15","slug":"diplomarbeit-und-dissertation","status":"publish","type":"page","link":"https:\/\/www.hsu-hh.de\/tet\/diplomarbeit-und-dissertation","title":{"rendered":"Diplomarbeit und Dissertation"},"content":{"rendered":"<p>M.\u00a0Stiemer.<br \/>\n\u00dcber rationale Hom\u00f6omorphismen der Einheitskreislinie.<br \/>\nDiplomarbeit, Universit\u00e4t Dortmund, 1995.<br \/>\nM.\u00a0Stiemer.<br \/>\nZur Existenz und konformen Invarianz der Robinschen Funktion.<br \/>\nDissertation, Universit\u00e4t Dortmund, 2001.<\/p>\n","protected":false},"excerpt":{"rendered":"<p>M.\u00a0Stiemer. \u00dcber rationale Hom\u00f6omorphismen der Einheitskreislinie. Diplomarbeit, Universit\u00e4t Dortmund, 1995. M.\u00a0Stiemer. Zur Existenz und konformen Invarianz der Robinschen Funktion. Dissertation, Universit\u00e4t Dortmund, 2001.<\/p>\n","protected":false},"author":134,"featured_media":0,"parent":0,"menu_order":0,"comment_status":"closed","ping_status":"closed","template":"","meta":{"footnotes":""},"categories":[42],"tags":[],"class_list":["post-214","page","type-page","status-publish","hentry","category-publikation"],"_links":{"self":[{"href":"https:\/\/www.hsu-hh.de\/tet\/wp-json\/wp\/v2\/pages\/214","targetHints":{"allow":["GET"]}}],"collection":[{"href":"https:\/\/www.hsu-hh.de\/tet\/wp-json\/wp\/v2\/pages"}],"about":[{"href":"https:\/\/www.hsu-hh.de\/tet\/wp-json\/wp\/v2\/types\/page"}],"author":[{"embeddable":true,"href":"https:\/\/www.hsu-hh.de\/tet\/wp-json\/wp\/v2\/users\/134"}],"replies":[{"embeddable":true,"href":"https:\/\/www.hsu-hh.de\/tet\/wp-json\/wp\/v2\/comments?post=214"}],"version-history":[{"count":1,"href":"https:\/\/www.hsu-hh.de\/tet\/wp-json\/wp\/v2\/pages\/214\/revisions"}],"predecessor-version":[{"id":215,"href":"https:\/\/www.hsu-hh.de\/tet\/wp-json\/wp\/v2\/pages\/214\/revisions\/215"}],"wp:attachment":[{"href":"https:\/\/www.hsu-hh.de\/tet\/wp-json\/wp\/v2\/media?parent=214"}],"wp:term":[{"taxonomy":"category","embeddable":true,"href":"https:\/\/www.hsu-hh.de\/tet\/wp-json\/wp\/v2\/categories?post=214"},{"taxonomy":"post_tag","embeddable":true,"href":"https:\/\/www.hsu-hh.de\/tet\/wp-json\/wp\/v2\/tags?post=214"}],"curies":[{"name":"wp","href":"https:\/\/api.w.org\/{rel}","templated":true}]}}