{"id":210,"date":"2017-11-02T13:20:33","date_gmt":"2017-11-02T12:20:33","guid":{"rendered":"https:\/\/www.hsu-hh.de\/tet\/?page_id=210"},"modified":"2017-11-02T13:20:33","modified_gmt":"2017-11-02T12:20:33","slug":"ausgewaehlte-begutachtete-veroeffentlichungen-in-tagungsbaenden","status":"publish","type":"page","link":"https:\/\/www.hsu-hh.de\/tet\/ausgewaehlte-begutachtete-veroeffentlichungen-in-tagungsbaenden","title":{"rendered":"Ausgew\u00e4hlte begutachtete Ver\u00f6ffentlichungen in Tagungsb\u00e4nden"},"content":{"rendered":"<p>M.\u00a0Stiemer.<br \/>\nError control for discretizations of electromagnetic-mechanical multifield problems.<br \/>\nIn: A. Berm\u00fadez de Castro et al. (Ed.): Numerical Mathematics and Advanced Applications, Proceedings of ENUMATH 2005, the 6th European Conference on Numerical Mathematics and Advanced Applications, Santiago de Compostela, Spain, July 2005, 239-246, 2006.<br \/>\nM.\u00a0Stiemer.<br \/>\nAdaptive finite element simulation of relaxed models for liquid-solid phase transition.<br \/>\nIn: K.\u00a0Kunisch, G.\u00a0Of and O.\u00a0Steinbach (Ed.): Numerical Mathematics and Advanced Applications, Proceedings of ENUMATH 2007, the 7th European Conference on Numerical Mathematics and Advanced Applications, Graz, Austria, September 2007, 65-72, 2008.<br \/>\nF.Taebi, O. K. Demir, M. Stiemer, V. Psyk, A. Brosius, H. Blum, A. E.Tekkaya.<br \/>\nComputational Design and Forming Limits of Process Chains Composed of Quasi-Static and Dynamic Processes.<br \/>\nIn: Proceedings of the 10th International Conference on Technology of Plasticity (ICTP), Aachen, 2011.<br \/>\nM. Stiemer, F. Taebi, M. Rozgic, R. Appel: Numerical Identification of Optimum Process Parameters for Combined Deep Drawing and Electromagnetic Forming.<br \/>\nIn:\u00a0Proc. International Conference on High Speed Forming (ICHSF) 2012, Dortmund, 335-348, 2012.<\/p>\n","protected":false},"excerpt":{"rendered":"<p>M.\u00a0Stiemer. Error control for discretizations of electromagnetic-mechanical multifield problems. In: A. Berm\u00fadez de Castro et al. (Ed.): Numerical Mathematics and Advanced Applications, Proceedings of ENUMATH 2005, the 6th European Conference [&hellip;]<\/p>\n","protected":false},"author":134,"featured_media":0,"parent":0,"menu_order":0,"comment_status":"closed","ping_status":"closed","template":"","meta":{"footnotes":""},"categories":[42],"tags":[],"class_list":["post-210","page","type-page","status-publish","hentry","category-publikation"],"_links":{"self":[{"href":"https:\/\/www.hsu-hh.de\/tet\/wp-json\/wp\/v2\/pages\/210","targetHints":{"allow":["GET"]}}],"collection":[{"href":"https:\/\/www.hsu-hh.de\/tet\/wp-json\/wp\/v2\/pages"}],"about":[{"href":"https:\/\/www.hsu-hh.de\/tet\/wp-json\/wp\/v2\/types\/page"}],"author":[{"embeddable":true,"href":"https:\/\/www.hsu-hh.de\/tet\/wp-json\/wp\/v2\/users\/134"}],"replies":[{"embeddable":true,"href":"https:\/\/www.hsu-hh.de\/tet\/wp-json\/wp\/v2\/comments?post=210"}],"version-history":[{"count":1,"href":"https:\/\/www.hsu-hh.de\/tet\/wp-json\/wp\/v2\/pages\/210\/revisions"}],"predecessor-version":[{"id":211,"href":"https:\/\/www.hsu-hh.de\/tet\/wp-json\/wp\/v2\/pages\/210\/revisions\/211"}],"wp:attachment":[{"href":"https:\/\/www.hsu-hh.de\/tet\/wp-json\/wp\/v2\/media?parent=210"}],"wp:term":[{"taxonomy":"category","embeddable":true,"href":"https:\/\/www.hsu-hh.de\/tet\/wp-json\/wp\/v2\/categories?post=210"},{"taxonomy":"post_tag","embeddable":true,"href":"https:\/\/www.hsu-hh.de\/tet\/wp-json\/wp\/v2\/tags?post=210"}],"curies":[{"name":"wp","href":"https:\/\/api.w.org\/{rel}","templated":true}]}}