{"id":872,"date":"2018-12-11T11:56:27","date_gmt":"2018-12-11T10:56:27","guid":{"rendered":"https:\/\/www.hsu-hh.de\/systpaed\/?page_id=872"},"modified":"2026-03-17T10:47:51","modified_gmt":"2026-03-17T09:47:51","slug":"team-hilip-schelling","status":"publish","type":"page","link":"https:\/\/www.hsu-hh.de\/systpaed\/team-hilip-schelling","title":{"rendered":"Dr. Philip Schelling"},"content":{"rendered":"<div class=\"clearfix\">\u00a0<\/div>\n<div class=\"ansprechparter-container\">\n<div class=\"row ansprechpartner-item ansprechparter-header\">\n<div class=\"col-md-4 col-lg-3 col-xs-4 ansprechpartner-item floatright img-circle center-block\" style=\"margin-bottom: 30px\">\n<div class=\"img-responsive-wrapper\">\n<p><img loading=\"lazy\" decoding=\"async\" class=\"size-thumbnail wp-image-851\" src=\"https:\/\/www.hsu-hh.de\/systpaed\/wp-content\/uploads\/sites\/755\/2018\/10\/schelling-philip-img180x240-150x150.jpg\" alt=\"Portr\u00e4tphoto Philip Schelling\" width=\"150\" height=\"150\" data-credit=\"Philip Schelling\" srcset=\"https:\/\/www.hsu-hh.de\/systpaed\/wp-content\/uploads\/sites\/755\/2018\/10\/schelling-philip-img180x240-150x150.jpg 150w, https:\/\/www.hsu-hh.de\/systpaed\/wp-content\/uploads\/sites\/755\/2018\/10\/schelling-philip-img180x240-100x100.jpg 100w\" sizes=\"auto, (max-width: 150px) 100vw, 150px\" \/><\/p>\n<\/div>\n<\/div>\n<div class=\"col-md-12 col-lg-3 col-xs-12 ansprechpartner-item kontakt floatright\" style=\"margin-bottom: 30px\">\n<div class=\"row\">\n<div class=\"col-xs-12 col-sm-6 col-lg-12\">\n<div class=\"row\">\n<div class=\"col-xs-12 col-lg-4 row-text bold\">Raum:<\/div>\n<div class=\"col-xs-12 col-lg-8 row-text\">2311<\/div>\n<\/div>\n<\/div>\n<div class=\"col-xs-12 col-sm-6 col-lg-12\">\n<div class=\"row\">\n<div class=\"col-xs-12 col-lg-4 row-text bold\">Telefon:<\/div>\n<div class=\"col-xs-12 col-lg-8 row-text\">(040) 6541-2307<\/div>\n<\/div>\n<\/div>\n<div class=\"col-xs-12 col-sm-6 col-lg-12\">\n<div class=\"row\">\n<div class=\"col-xs-12 col-md-12 row-text bold\">E-Mail:<\/div>\n<div class=\"col-xs-12 col-md-12 row-text\"><a href=\"philip.schelling@hsu-hh.de\" rel='nofollow'>philip.schelling@hsu-hh.de<\/a><\/div>\n<\/div>\n<\/div>\n<\/div>\n<\/div>\n<div class=\"col-md-6 col-lg-3 col-xs-12 ansprechpartner-item anschrift floatright\">\n<div class=\"row-headline\">Besucheranschrift<\/div>\n<div class=\"row-text\">Helmut-Schmidt-Universit\u00e4t<\/div>\n<div class=\"row-text\">Geb\u00e4ude H1<\/div>\n<div class=\"row-text\">Holstenhofweg 85<\/div>\n<div class=\"row-text\">22043 Hamburg<\/div>\n<\/div>\n<div class=\"col-md-6 col-lg-3 col-xs-12 ansprechpartner-item anschrift floatright\">\n<div class=\"row-headline\">Postanschrift<\/div>\n<div class=\"row-text\">Helmut-Schmidt-Universit\u00e4t<br \/>Fakult\u00e4t f\u00fcr Geistes- und Sozialwissenschaften<br \/>Professur f\u00fcr Erziehungswissenschaft, insbesondere systematische P\u00e4dagogik<\/div>\n<\/div>\n<\/div>\n<\/div>\n<div class=\"clearfix\">\u00a0<\/div>\n<h3>Kurzbiografie<\/h3>\n<p>Seit Oktober 2025 Wissenschaftlicher Mitarbeiter (Postdoc) an der Fakult\u00e4t f\u00fcr Geistes- und Sozialwissenschaften der Helmut-Schmidt-Universit\u00e4t, Professur f\u00fcr Erziehungswissenschaft, insbesondere systematische P\u00e4dagogik (<abbr title=\"Professor\">Prof.<\/abbr> <abbr title=\"Doktor\">Dr.<\/abbr> Arnd-Michael Nohl)<\/p>\n<p>2025 Abgabe &amp; Verteidigung der Dissertation \u201eVern\u00fcnftige Revolten. Politische Sozialisationsprozesse von Fridays for Future-Aktivist*innen\u201c an der Helmut-Schmidt-Universit\u00e4t Hamburg\u00a0<\/p>\n<p>Seit 2019 Dozent f\u00fcr Workshops im Rahmen des centrum f\u00fcr qualitative evaluations- und Sozialforschung e.V.<\/p>\n<p>2018 \u2013 2025 Wissenschaftlicher Mitarbeiter an der Fakult\u00e4t f\u00fcr Geistes- und Sozialwissenschaften der Helmut-Schmidt-Universit\u00e4t, Professur f\u00fcr Erziehungswissenschaft, insbesondere systematische P\u00e4dagogik (<abbr title=\"Professor\">Prof.<\/abbr>\u00a0<abbr title=\"Doktor\">Dr.<\/abbr>\u00a0Arnd-Michael Nohl)<\/p>\n<p>2017 \u2013 2018 Studentische Hilfskraft an der Universit\u00e4t Hamburg, Fachbereich Sozialwissenschaften (Soziologie), Professur f\u00fcr Gesellschaftsanalyse und sozialen Wandel (<abbr title=\"Professor\">Prof.<\/abbr>\u00a0<abbr title=\"Doktor\">Dr.<\/abbr>\u00a0Sighard Neckel)<\/p>\n<p>2017 \u2013 2018 Studentische Hilfskraft an der Fakult\u00e4t f\u00fcr Geistes- und Sozialwissenschaften der Helmut-Schmidt-Universit\u00e4t, Professur f\u00fcr Erziehungswissenschaft, insbesondere systematische P\u00e4dagogik (<abbr title=\"Professor\">Prof.<\/abbr>\u00a0<abbr title=\"Doktor\">Dr.<\/abbr>\u00a0Arnd-Michael Nohl)<\/p>\n<p>2015 \u2013 2017 Studentische Hilfskraft im DFG-Projekt \u201eAporien der Subjektivierung\u201c unter der Leitung von\u00a0<abbr title=\"Doktor\">Dr.<\/abbr>\u00a0Alexander Geimer<\/p>\n<p>2014 \u2013 2018 Studium der Soziologie an der Universit\u00e4t Hamburg<\/p>\n<p>2010 \u2013 2013 Studium der Sozialen Arbeit an der Fachhochschule Frankfurt am Main\/Frankfurt University of Applied Sciences<\/p>\n<h3>Forschungsinteressen<\/h3>\n<ul>\n<li>Anthropoz\u00e4n im p\u00e4dagogischen Feld<\/li>\n<li>Rekonstruktive Sozialforschung<\/li>\n<li>Politische Sozialisation<\/li>\n<li>Subjektivierungsforschung<\/li>\n<li>Klima-Bewegung<\/li>\n<\/ul>\n<h3>Publikationen<\/h3>\n<p>Schelling, Philip (2026): Vern\u00fcnftige Revolten. Politische Sozialisationsprozesse von Fridays for Future-Aktivist*innen und die Formierung einer Ortsgruppe. Wiesbaden: Springer VS.<\/p>\n<p>Bunk, Benjamin; B\u00fcter, Merle; Kessl, Fabian; Schelling, Philip (2025): Fridays for Future als p\u00e4dagogisches Ph\u00e4nomen: Zum Verh\u00e4ltnis von Krise und Transformation. In: Tanja Sturm, Anja Tervooren, Melanie Schmidt, Sven B\u00e4rmig, Thomas Grunau, Isabel Thaler, Sabrina Grunau, Michael Ritter, Daniel Wrana (<abbr title=\"Herausgeber\">Hrsg.<\/abbr>): <a href=\"https:\/\/www.pedocs.de\/volltexte\/2025\/32806\/pdf\/Sturm_et_al_2025_Krisen_und_Transformationen.pdf\" rel='nofollow'>Krisen und Transformationen. Anschl\u00fcsse an den 29. Kongress der Deutschen Gesellschaft f\u00fcr Erziehungswissenschaft<\/a>. Opladen: Barbara Budrich, S. 197-209.<\/p>\n<p>Schelling, Philip (2024): Politisierung im Kontext des &#8222;Schulstreiks f\u00fcrs Klima&#8220; &#8211; ein Theoretisierungsversuch mit Jacques Ranci\u00e8re. In: Stephan Dahmen, Zeynep Demir, Baris Ertugrul, Daniela Kloss, Bettina Ritter (<abbr title=\"Herausgeber\">Hrsg.<\/abbr>): <a href=\"https:\/\/www.beltz.de\/fachmedien\/sozialpaedagogik_soziale_arbeit\/produkte\/details\/50418-politisierung-von-jugend.html\" rel='nofollow'>Politisierung von Jugend<\/a>. Reihe Jugendforschung. Verlag Beltz Juventa, S. 53-73.<\/p>\n<p>Schelling, Philip (2019): <a href=\"https:\/\/www.ssoar.info\/ssoar\/handle\/document\/65693\" rel='nofollow'>Zur Organisation von Parteien \u2013 \u00dcber die Verordnung von Gemeinschaft und die asymmetrische Herstellung von Konsens<\/a>. In: Amling, Steffen\/ Geimer, Alexander\/ Schondelmayer, Anne-Christin\/ St\u00fctzel, Kevin\/ Thomsen, Sarah (<abbr title=\"Herausgeber\">Hrsg.<\/abbr>): Jahrbuch Dokumentarische Methode 1, S. 161-181.<\/p>\n<h3>Vortr\u00e4ge<\/h3>\n<p>&#8222;Spazierg\u00e4nge durch das Anthropoz\u00e4n: Br\u00fcche der Wahrnehmung und p\u00e4dagogische Perspektiven&#8220;, Vortrag, 24. M\u00e4rz 2026, DGfE-Kongress zum Thema &#8222;Br\u00fcche&#8220;.<\/p>\n<p>&#8222;Politisch werden durch biographische Br\u00fcche? Zum Umgang von FfF- Aktivist*innen mit Erfahrungen von Desintegration&#8220;, Vortrag in der AG &#8222;Zur Br\u00fcchigkeit in Aktivist*innenbiografien. Empirische Betrachtungen und theoretische Erkundungen der islamistischen Bewegung und der Klimabewegung&#8220;, 24. M\u00e4rz 2026, DGfE-Kongress zum Thema &#8222;Br\u00fcche&#8220;.<\/p>\n<p>&#8222;Die Politik der Zur\u00fcckweisung&#8220;. Vortrag auf dem digitalen Forum Erziehungsphilosophie, 27. Februar 2026, online.<\/p>\n<p>&#8222;Dokumentarische Methode im Dialog \u2013 Zur Forschungspraxis unter Bedingungen grundlagentheoretischer Differenz&#8220;. Panel (zusammen mit David Jahr) auf der ces-Jahrestagung, 31 Januar 2026, Berlin.<\/p>\n<p>\u201e<a href=\"https:\/\/www.dfh-festival.de\/event\/filmvorstellung-niemals-allein-immer-zusammen-mit-anschliesendem-publikumsgesprach-zu-aktivismus-und-gesellschaftlicher-wandel\/\" rel='nofollow'>Aktivismus und gesellschaftlicher Wandel<\/a>\u201c. Publikumsgespr\u00e4ch mit Joana Georgi im Rahmen des Festivals \u201e<a href=\"https:\/\/www.dfh-festival.de\/idee\/\" rel='nofollow'>Denken.Fu\u0308hlen.Handeln \u2013 Ein Zukunftsfestival fu\u0308r planetarische Gerechtigkeit<\/a>\u201c, 4. Juli 2025, Bielefeld.<\/p>\n<p>&#8222;<a href=\"http:\/\/Nachhaltigkeit\u201c. \u201eLanger Abend in der Erziehungswissenschaft\" data-wplink-url-error=\"true\" rel='nofollow'>Nachhaltigkeit<\/a>&#8222;. Podiumsdiskussion mit Georg Winterseel auf der Veranstaltung &#8222;Langer Abend in der Erziehungswissenschaft&#8220;, 11. Juli 2022, Bergische Universit\u00e4t Wuppertal<\/p>\n<p>&#8222;Politisierung im Kontext des Schulstreiks f\u00fcrs Klima \u2013 ein Theoretisierungsversuch mit Jacques Ranci\u00e8re&#8220;. Vortrag im Kolloquium Bildung und soziale Bewegung II: Fridays for Future als p\u00e4dagogisches Ph\u00e4nomen, 13. Mai 2022, online.<\/p>\n<p>&#8222;De-Identifizierung als Politisierung&#8220;. Vortrag auf der Jahrestagung &#8222;<a href=\"https:\/\/www.uni-bielefeld.de\/fakultaeten\/erziehungswissenschaft\/zkjf\/veranstaltungen\/jahrestagung\/\" rel='nofollow'>Politisierung von Jugend<\/a>&#8220; des Zentrums f\u00fcr Kindheits- und Jugendforschung (ZKJF) in Kooperation mit dem Institut f\u00fcr Konflikt- und Gewaltforschung (IKG), 29.-30. November 2021, online<\/p>\n<p>&#8222;Beziehungsweise Protest. Konstitution von Eigenem und Gemeinsamen im Kontext von Fridays for Future&#8220;. Vortrag auf der Arbeitstagung: Bildung und soziale Bewegungen &#8211; II, 20.-21.11.2020, online<\/p>\n<p>&#8222;Das Verh\u00e4ltnis von Abgeordneten und Partei. Eine Studie zu berufsbezogenen Orientierungen von Landtagsabgeordneten.&#8220; Vortrag auf der Jahrestagung des ces e.V. \u2013 centrum f\u00fcr qualitative evaluations- und sozialforschung, 15.-16. November 2018, Hamburg Helmut-Schmidt-Universit\u00e4t\/Universit\u00e4t der Bundeswehr<\/p>\n<h3>&#8222;Projekte&#8220;<\/h3>\n<p>Podcast &#8222;Lebendige Methode&#8220; (mit David Jahr): <a href=\"https:\/\/lebendige-methode.de\/\" rel='nofollow'>Der Podcast, der sich Forschungsmethoden von ihrer pers\u00f6nlichen Seite aus n\u00e4hert<\/a> (FGZ-Transferfonds, Laufzeit 06\/2023\u201303\/2024)<\/p>\n<p>Organisation und Moderation des Online-Kolloquiums des AK \u201eBildung und Soziale Bewegung(en) (mit Benjamin Bunk): <a href=\"https:\/\/www.erziehungswissenschaft.uni-wuppertal.de\/fileadmin\/erziehungswissenschaft\/fach_sozialpaedagogik\/BuB__Online_Kolloquium_12.12.2025_-_Klimabewegung_als_P%C3%A4dagogisches_Ph%C3%A4nomen-1.pdf\" rel='nofollow'>Die Klimabewegung als p\u00e4dagogisches Ph\u00e4nomen | The climate movement as pedagogical phenomeno<\/a>n (Dezember 2025, online).<\/p>\n<p>Organisation und Moderation des Online-Kolloquiums des AK \u201eBildung und Soziale Bewegung(en) (mit Benjamin Bunk): <a href=\"https:\/\/www.uni-giessen.de\/de\/fbz\/fb03\/institutefb03\/erziehung\/personen\/mitarbeiter\/bunk\/fridaysforfuture\" rel='nofollow'>Fridays for Future als p\u00e4dagogisches Ph\u00e4nomen<\/a> (Mai 2022, online)<\/p>\n<h3>&#8222;Mitgliedschaften&#8220;<\/h3>\n<p>Centrum f\u00fcr qualitative evaluations- und sozialforschung (ces)<\/p>\n<p>Institut f\u00fcr Protest und Bewegungsforschung (ipb)<\/p>\n\n\n\n\n\n\n<div class=\"wp-block-media-text is-stacked-on-mobile\"><figure class=\"wp-block-media-text__media\"><\/figure><div class=\"wp-block-media-text__content\">\n<p><\/p>\n<\/div><\/div>\n\n\n\n<div class=\"wp-block-media-text is-stacked-on-mobile\"><figure class=\"wp-block-media-text__media\"><\/figure><div class=\"wp-block-media-text__content\">\n<p><\/p>\n<\/div><\/div>\n\n\n\n<div class=\"wp-block-media-text is-stacked-on-mobile\"><figure class=\"wp-block-media-text__media\"><\/figure><div class=\"wp-block-media-text__content\">\n<p><\/p>\n<\/div><\/div>\n\n\n","protected":false},"excerpt":{"rendered":"<p>\u00a0 Raum: 2311 Telefon: (040) 6541-2307 E-Mail: philip.schelling@hsu-hh.de Besucheranschrift Helmut-Schmidt-Universit\u00e4t Geb\u00e4ude H1 Holstenhofweg 85 22043 Hamburg Postanschrift Helmut-Schmidt-Universit\u00e4tFakult\u00e4t f\u00fcr Geistes- und SozialwissenschaftenProfessur f\u00fcr Erziehungswissenschaft, insbesondere systematische P\u00e4dagogik \u00a0 Kurzbiografie Seit [&hellip;]<\/p>\n","protected":false},"author":159,"featured_media":0,"parent":0,"menu_order":0,"comment_status":"closed","ping_status":"closed","template":"","meta":{"footnotes":""},"categories":[230,8],"tags":[228,49],"class_list":["post-872","page","type-page","status-publish","hentry","category-mitarbeiter","category-team","tag-philip-schelling","tag-team"],"_links":{"self":[{"href":"https:\/\/www.hsu-hh.de\/systpaed\/wp-json\/wp\/v2\/pages\/872","targetHints":{"allow":["GET"]}}],"collection":[{"href":"https:\/\/www.hsu-hh.de\/systpaed\/wp-json\/wp\/v2\/pages"}],"about":[{"href":"https:\/\/www.hsu-hh.de\/systpaed\/wp-json\/wp\/v2\/types\/page"}],"author":[{"embeddable":true,"href":"https:\/\/www.hsu-hh.de\/systpaed\/wp-json\/wp\/v2\/users\/159"}],"replies":[{"embeddable":true,"href":"https:\/\/www.hsu-hh.de\/systpaed\/wp-json\/wp\/v2\/comments?post=872"}],"version-history":[{"count":68,"href":"https:\/\/www.hsu-hh.de\/systpaed\/wp-json\/wp\/v2\/pages\/872\/revisions"}],"predecessor-version":[{"id":2277,"href":"https:\/\/www.hsu-hh.de\/systpaed\/wp-json\/wp\/v2\/pages\/872\/revisions\/2277"}],"wp:attachment":[{"href":"https:\/\/www.hsu-hh.de\/systpaed\/wp-json\/wp\/v2\/media?parent=872"}],"wp:term":[{"taxonomy":"category","embeddable":true,"href":"https:\/\/www.hsu-hh.de\/systpaed\/wp-json\/wp\/v2\/categories?post=872"},{"taxonomy":"post_tag","embeddable":true,"href":"https:\/\/www.hsu-hh.de\/systpaed\/wp-json\/wp\/v2\/tags?post=872"}],"curies":[{"name":"wp","href":"https:\/\/api.w.org\/{rel}","templated":true}]}}