{"id":867,"date":"2019-02-25T19:31:25","date_gmt":"2019-02-25T18:31:25","guid":{"rendered":"https:\/\/www.hsu-hh.de\/systpaed\/?page_id=867"},"modified":"2019-08-06T13:00:09","modified_gmt":"2019-08-06T11:00:09","slug":"hunold","status":"publish","type":"page","link":"https:\/\/www.hsu-hh.de\/systpaed\/hunold","title":{"rendered":"Dr. Martin Hunold"},"content":{"rendered":"<h3>Kurzbiographie<\/h3>\n<p>1983<br \/>\ngeboren in Leinefelde<\/p>\n<p>2001 bis 2004<br \/>\nErzieherausbildung an der Fachschule f\u00fcr Sozialp\u00e4dagogik &#8211; Elisabeth Knipping Schule, Kassel<\/p>\n<p>2004 bis 2005<br \/>\nZivildienst bei der Ev. Kirchengemeinde Niestetal (Sozialstation der Diakonie)<\/p>\n<p>2005 bis 2009<br \/>\nDiplomstudium Soziale Arbeit an der Universit\u00e4t Kassel \u2013 Fachbereich Sozialwesen<br \/>\nAuslandsstudium an der Universit\u00e4t Tallinn \u2013 Institut f\u00fcr Soziale Arbeit \/ Sozialpolitik (Wintersemester 2008\/09)<\/p>\n<p>2009 bis 2010<br \/>\nMasterstudium Empirische Bildungsforschung an der Universit\u00e4t Kassel \u2013 Fachbereich Erziehungswissenschaft\/Humanwissenschaften<\/p>\n<p>2010 bis 2012<br \/>\nMasterstudium Bildungswissenschaft. Schwerpunkt: Bildung, Kultur und Wissensformen an der Freien Universit\u00e4t Berlin \u2013 Fachbereich Erziehungswissenschaft und Psychologie<\/p>\n<p><strong>10\/2012 bis 02\/2013<\/strong><br \/>\n<strong>wissenschaftliche Hilfskraft an der Fakult\u00e4t f\u00fcr Geistes- und Sozialwissenschaften der Helmut-Schmidt-Universit\u00e4t, Professur f\u00fcr Erziehungswissenschaft, insbesondere systematische P\u00e4dagogik (<abbr title=\"Professor\">Prof.<\/abbr>\u00a0<abbr title=\"Doktor\">Dr.<\/abbr>\u00a0Arnd-Michael Nohl)<\/strong><\/p>\n<p>seit 10\/2012<br \/>\nTeilnehmer in der Forschungswerkstatt f\u00fcr Doktoranden und Doktorandinnen von <abbr title=\"Professor\">Prof.<\/abbr>\u00a0<abbr title=\"Doktor\">Dr.<\/abbr>\u00a0Ralf Bohnsack, Freie Universit\u00e4t Berlin \u2013 Fachbereich f\u00fcr Erziehungswissenschaft und Psychologie<\/p>\n<p>2018<br \/>\nAbgabe und erfolgreiche Verteidigung der Dissertation &#8222;Erziehung durch Organisationen&#8220; an der Helmut-Schmidt-Universit\u00e4t in Hamburg mit der Note &#8222;summa cum laude&#8220; (Erstgutachter: <abbr title=\"Professor\">Prof.<\/abbr> <abbr title=\"Doktor\">Dr.<\/abbr> Arnd-Michael Nohl; Zweitgutachterin: <abbr title=\"Professor\">Prof.<\/abbr> <abbr title=\"Doktor\">Dr.<\/abbr> Katharina Liebsch)<\/p>\n<p>seit 10\/2018<br \/>\n<a href=\"https:\/\/www.organisationspaedagogik.uni-kiel.de\/de\/team\/hunold\" target=\"_blank\" rel=\"noopener noreferrer\">wissenschaftlicher Mitarbeiter am Institut f\u00fcr P\u00e4dagogik der Christian-Albrechts-Universit\u00e4t zu Kiel, Lehrstuhl P\u00e4dagogik mit dem Schwerpunkt Organisationsp\u00e4dagogik<\/a><\/p>\n<h3>Arbeits- und Forschungsschwerpunkte<\/h3>\n<ul>\n<li>Rekonstruktive Organisations-, Erziehungs- und Biografieforschung<\/li>\n<li>Erziehungswissenschaftliche Grundlagentheorien und Grundbegriffe (mit dem Schwerpunkt Organisationsp\u00e4dagogik und systematische P\u00e4dagogik)<\/li>\n<li>Dokumentarische Methode<\/li>\n<li>Soziale Arbeit und Sozialpolitik<\/li>\n<\/ul>\n<h3>Stipendien<\/h3>\n<p>Stipendiat der Studienstiftung des deutschen Volkes, Aufnahme im April 2008 \u2013 Ende der F\u00f6rderung im September 2012<\/p>\n<p>ERASMUS-Stipendium f\u00fcr das akademische Auslandsstudium an der Universit\u00e4t Tallinn, 2008-2009<\/p>\n<h3>Publikationen<\/h3>\n<p>Thole, Werner &amp; Hunold, Martin: Gesellschaftstheorien und Soziale Arbeit. In: Hans-Uwe Otto &amp; Hans Thiersch (<abbr title=\"Herausgeber\">Hrsg.<\/abbr>): Handbuch Soziale Arbeit. Grundlagen der Sozialarbeit und Sozialp\u00e4dagogik, 4., v\u00f6llig neu bearbeitete Auflage, Ernst Reinhardt Verlag, M\u00fcnchen 2011, S. 552-566.<\/p>\n<p>Thole, Werner &amp; Hunold, Martin: Helfen. In: Jochen Kade, Werner Helsper, Christian L\u00fcders, Birte Egloff, Frank-Olaf Radtke &amp; Werner Thole (<abbr title=\"Herausgeber\">Hrsg.<\/abbr>): P\u00e4dagogisches Wissen. Erziehungswissenschaft in Grundbegriffen, [Grundriss der P\u00e4dagogik \/ Erziehungswissenschaft, Band 5], Verlag W. Kohlhammer, Stuttgart 2011, S. 147-154.<\/p>\n<p>Hunold, Martin: Resozialisierung. In: Klaus-Peter Horn, Heidemarie Kemnitz, Winfried Marotzki &amp; Uwe Sandfuchs (<abbr title=\"Herausgeber\">Hrsg.<\/abbr>): Klinkhardt Lexikon Erziehungswissenschaft, Band 3, Julius Klinkhardt Verlag (UTB), Bad Heilbrunn 2012, S. 89.<\/p>\n<p>Thole, Werner &amp; Hunold, Martin: Capabilities-Ansatz. In: Werner Thole, Davina H\u00f6blich &amp; Sarina Ahmed (<abbr title=\"Herausgeber\">Hrsg.<\/abbr>): Taschenw\u00f6rterbuch Soziale Arbeit, Verlag Julius Klinkhardt (UTB), Bad Heilbrunn 2012, S. 50.<\/p>\n<p>Hunold, Martin: Lernen und Biographie. Theoretische \u00dcberlegungen und empirische Rekonstruktionen von Lernorientierungen in der Lebensgeschichte von parteipolitisch engagierten Menschen, Berliner Arbeiten zur Kultur- und Erziehungswissenschaft, Logos Verlag, Berlin 2012. (Ver\u00f6ffentlichung der Masterthesis)<\/p>\n","protected":false},"excerpt":{"rendered":"<p>Kurzbiographie 1983 geboren in Leinefelde 2001 bis 2004 Erzieherausbildung an der Fachschule f\u00fcr Sozialp\u00e4dagogik &#8211; Elisabeth Knipping Schule, Kassel 2004 bis 2005 Zivildienst bei der Ev. Kirchengemeinde Niestetal (Sozialstation der [&hellip;]<\/p>\n","protected":false},"author":159,"featured_media":0,"parent":0,"menu_order":0,"comment_status":"closed","ping_status":"closed","template":"","meta":{"footnotes":""},"categories":[87,8],"tags":[65,226,49],"class_list":["post-867","page","type-page","status-publish","hentry","category-ehemalige-mitarbeiter","category-team","tag-ehemalige-mitarbeiter","tag-martin-hunold","tag-team"],"_links":{"self":[{"href":"https:\/\/www.hsu-hh.de\/systpaed\/wp-json\/wp\/v2\/pages\/867","targetHints":{"allow":["GET"]}}],"collection":[{"href":"https:\/\/www.hsu-hh.de\/systpaed\/wp-json\/wp\/v2\/pages"}],"about":[{"href":"https:\/\/www.hsu-hh.de\/systpaed\/wp-json\/wp\/v2\/types\/page"}],"author":[{"embeddable":true,"href":"https:\/\/www.hsu-hh.de\/systpaed\/wp-json\/wp\/v2\/users\/159"}],"replies":[{"embeddable":true,"href":"https:\/\/www.hsu-hh.de\/systpaed\/wp-json\/wp\/v2\/comments?post=867"}],"version-history":[{"count":9,"href":"https:\/\/www.hsu-hh.de\/systpaed\/wp-json\/wp\/v2\/pages\/867\/revisions"}],"predecessor-version":[{"id":1128,"href":"https:\/\/www.hsu-hh.de\/systpaed\/wp-json\/wp\/v2\/pages\/867\/revisions\/1128"}],"wp:attachment":[{"href":"https:\/\/www.hsu-hh.de\/systpaed\/wp-json\/wp\/v2\/media?parent=867"}],"wp:term":[{"taxonomy":"category","embeddable":true,"href":"https:\/\/www.hsu-hh.de\/systpaed\/wp-json\/wp\/v2\/categories?post=867"},{"taxonomy":"post_tag","embeddable":true,"href":"https:\/\/www.hsu-hh.de\/systpaed\/wp-json\/wp\/v2\/tags?post=867"}],"curies":[{"name":"wp","href":"https:\/\/api.w.org\/{rel}","templated":true}]}}