{"id":73,"date":"2017-07-03T15:52:08","date_gmt":"2017-07-03T13:52:08","guid":{"rendered":"https:\/\/www.hsu-hh.de\/vorlage\/?page_id=73"},"modified":"2026-02-24T16:13:19","modified_gmt":"2026-02-24T15:13:19","slug":"startseite","status":"publish","type":"page","link":"https:\/\/www.hsu-hh.de\/systpaed\/","title":{"rendered":"Professur f\u00fcr Erziehungswissenschaft, insbesondere systematische P\u00e4dagogik"},"content":{"rendered":"<h2><abbr title=\"Professor\">Prof.<\/abbr> <abbr title=\"Doktor\">Dr.<\/abbr> Arnd-Michael Nohl<\/h2>\n<p>Die Professur ist der systematischen Untersuchung p\u00e4dagogischer Fragestellungen gewidmet. Dabei wird zu verschiedenen, p\u00e4dagogisch relevanten Gegenstandsbereichen (von der P\u00e4dagogik der Dinge \u00fcber politische Erziehung und Sozialisation, Bildungsprozesse und Migration bis zur Organisierung von Schulcurricula) geforscht. Diese Analysen sind durch einen spezifischen Zugriff auf den Gegenstand charakterisiert, in dem theoretisch fundierte Grundbegriffe mit empirischen Analysen systematisch kombiniert werden. Hierbei kommen zum einen der Pragmatismus, die praxeologische Wissenssoziologie, Organisations- und andere Theorien im Sinne eines relational-praxeologischen Denkens in der Erziehungswissenschaft zum Tragen; zum anderen werden unterschiedliche qualitative Daten erhoben und mit der Dokumentarischen Methode ausgewertet. Neben gegenstandsbezogenen Analysen ist auch die Weiterentwicklung von theoretischen Grundbegriffen und empirisch-rekonstruktiver Methodologie zentral. In der Lehre werden die Studierenden exemplarisch \u2013 anhand unterschiedlichster Gegenstandsbereiche \u2013 mit diesem Zugriff auf p\u00e4dagogisch relevante Gegenstandsbereiche vertraut gemacht.<\/p>\n","protected":false},"excerpt":{"rendered":"<p>Prof. Dr. Arnd-Michael Nohl Die Professur ist der systematischen Untersuchung p\u00e4dagogischer Fragestellungen gewidmet. Dabei wird zu verschiedenen, p\u00e4dagogisch relevanten Gegenstandsbereichen (von der P\u00e4dagogik der Dinge \u00fcber politische Erziehung und Sozialisation, [&hellip;]<\/p>\n","protected":false},"author":1,"featured_media":0,"parent":0,"menu_order":0,"comment_status":"closed","ping_status":"closed","template":"","meta":{"footnotes":""},"categories":[8],"tags":[],"class_list":["post-73","page","type-page","status-publish","hentry","category-team"],"_links":{"self":[{"href":"https:\/\/www.hsu-hh.de\/systpaed\/wp-json\/wp\/v2\/pages\/73","targetHints":{"allow":["GET"]}}],"collection":[{"href":"https:\/\/www.hsu-hh.de\/systpaed\/wp-json\/wp\/v2\/pages"}],"about":[{"href":"https:\/\/www.hsu-hh.de\/systpaed\/wp-json\/wp\/v2\/types\/page"}],"author":[{"embeddable":true,"href":"https:\/\/www.hsu-hh.de\/systpaed\/wp-json\/wp\/v2\/users\/1"}],"replies":[{"embeddable":true,"href":"https:\/\/www.hsu-hh.de\/systpaed\/wp-json\/wp\/v2\/comments?post=73"}],"version-history":[{"count":9,"href":"https:\/\/www.hsu-hh.de\/systpaed\/wp-json\/wp\/v2\/pages\/73\/revisions"}],"predecessor-version":[{"id":2268,"href":"https:\/\/www.hsu-hh.de\/systpaed\/wp-json\/wp\/v2\/pages\/73\/revisions\/2268"}],"wp:attachment":[{"href":"https:\/\/www.hsu-hh.de\/systpaed\/wp-json\/wp\/v2\/media?parent=73"}],"wp:term":[{"taxonomy":"category","embeddable":true,"href":"https:\/\/www.hsu-hh.de\/systpaed\/wp-json\/wp\/v2\/categories?post=73"},{"taxonomy":"post_tag","embeddable":true,"href":"https:\/\/www.hsu-hh.de\/systpaed\/wp-json\/wp\/v2\/tags?post=73"}],"curies":[{"name":"wp","href":"https:\/\/api.w.org\/{rel}","templated":true}]}}