{"id":649,"date":"2017-12-02T14:21:56","date_gmt":"2017-12-02T13:21:56","guid":{"rendered":"https:\/\/www.hsu-hh.de\/systpaed\/?page_id=649"},"modified":"2019-06-28T10:15:11","modified_gmt":"2019-06-28T08:15:11","slug":"forschung-evaluation-des-projektes-neustart-berufliche-integration-von-bleibeberechtigten-fluechtlingen-und-migranten","status":"publish","type":"page","link":"https:\/\/www.hsu-hh.de\/systpaed\/forschung\/forschung-evaluation-des-projektes-neustart-berufliche-integration-von-bleibeberechtigten-fluechtlingen-und-migranten","title":{"rendered":"Evaluation des Projektes Neustart \u2013 Berufliche Integration von bleibeberechtigten Fl\u00fcchtlingen und Migranten"},"content":{"rendered":"<p>Gegenstand der Evaluationsforschung ist das Neustart-Projekt, das von September 2007 bis Ende September 2008 in Berlins mit Mitteln des Xenos-Sonderprogramms durchgef\u00fchrt wird. Ziel des Projektes ist es, \u201ejunge bleibeberechtigte Fl\u00fcchtlinge und Migranten bei der Entwicklung ihres arbeitsmarktbezogenen Potentials zu unterst\u00fctzen und sie in Praktika, Ausbildung und Besch\u00e4ftigung in Unternehmen, bei Bildungstr\u00e4gern, in p\u00e4dagogischen Einrichtungen und private Haushalte zu vermitteln. Die Erreichung des Ziels soll bef\u00f6rdert werden durch die Beratung von Zielunternehmen und Einrichtungen zur interkulturellen \u00d6ffnung ihres Besch\u00e4ftigtensektors und durch Fortbildung der betrieblichen Multiplikatoren und\u00a0 Mitarbeiter dieser Einrichtungen, um ihr Verst\u00e4ndnis von\u00a0 Migrations- und Integrationsprozessen zu erh\u00f6hen und um die Bedeutung von Toleranz und Vielfalt verst\u00e4ndlich zu machen\u201c (aus dem Projektantrag).<\/p>\n<p>Die Evaluationsforschung setzt sowohl bei den Teilnehmer(inne)n (im Folgenden: TN) der Bildungsveranstaltungen f\u00fcr Fl\u00fcchtlinge und Migrant(inn)en als auch bei der interkulturellen \u00d6ffnung im Besch\u00e4ftigungssektor an. Sie beruht auf einer Kombination von quantitativen und qualitativen Erhebungen.<\/p>\n<p><strong>Aufgabenstellung der Evaluation<\/strong><br \/>\nAufgabe der Evaluation ist es, folgende Fragen zu beantworten:<\/p>\n<ol>\n<li>\u00a0Wie sehen die Erwartungen, Erfahrungen, Kritiken und beruflichen Perspektiven der TN aus?<\/li>\n<li>Wie beurteilen die Multiplikator(inn)en aus dem Besch\u00e4ftigungssektor die Ma\u00dfnahme und die M\u00f6glichkeiten einer interkulturellen \u00d6ffnung ihres jeweiligen Unternehmens? Welche Erfahrungen haben sie im\u00a0\u00a0\u00a0 Zuge des Projektes gemacht?<\/li>\n<li>Welche Probleme sind w\u00e4hrend des Projektablaufs zu identifizieren und wie sind sie zu beheben?<\/li>\n<li>Welche mittelfristigen Perspektiven lassen sich f\u00fcr die Nachhaltigkeit des Projektes entwickeln?<\/li>\n<\/ol>\n<p>An dem Projekt arbeiten <abbr title=\"Doktor\">Dr.<\/abbr> Bernd Wagner und <abbr title=\"Diplom\">Dipl.<\/abbr>-P\u00e4d. Sarah Thomsen.<\/p>\n","protected":false},"excerpt":{"rendered":"<p>Gegenstand der Evaluationsforschung ist das Neustart-Projekt, das von September 2007 bis Ende September 2008 in Berlins mit Mitteln des Xenos-Sonderprogramms durchgef\u00fchrt wird. Ziel des Projektes ist es, \u201ejunge bleibeberechtigte Fl\u00fcchtlinge [&hellip;]<\/p>\n","protected":false},"author":159,"featured_media":0,"parent":701,"menu_order":0,"comment_status":"closed","ping_status":"closed","template":"","meta":{"footnotes":""},"categories":[4],"tags":[185,171],"class_list":["post-649","page","type-page","status-publish","hentry","category-forschung","tag-evaluation-des-projektes-neustart-berufliche-integration-von-bleibeberechtigten-fluechtlingen-und-migranten","tag-evaluation-und-consulting"],"_links":{"self":[{"href":"https:\/\/www.hsu-hh.de\/systpaed\/wp-json\/wp\/v2\/pages\/649","targetHints":{"allow":["GET"]}}],"collection":[{"href":"https:\/\/www.hsu-hh.de\/systpaed\/wp-json\/wp\/v2\/pages"}],"about":[{"href":"https:\/\/www.hsu-hh.de\/systpaed\/wp-json\/wp\/v2\/types\/page"}],"author":[{"embeddable":true,"href":"https:\/\/www.hsu-hh.de\/systpaed\/wp-json\/wp\/v2\/users\/159"}],"replies":[{"embeddable":true,"href":"https:\/\/www.hsu-hh.de\/systpaed\/wp-json\/wp\/v2\/comments?post=649"}],"version-history":[{"count":5,"href":"https:\/\/www.hsu-hh.de\/systpaed\/wp-json\/wp\/v2\/pages\/649\/revisions"}],"predecessor-version":[{"id":655,"href":"https:\/\/www.hsu-hh.de\/systpaed\/wp-json\/wp\/v2\/pages\/649\/revisions\/655"}],"up":[{"embeddable":true,"href":"https:\/\/www.hsu-hh.de\/systpaed\/wp-json\/wp\/v2\/pages\/701"}],"wp:attachment":[{"href":"https:\/\/www.hsu-hh.de\/systpaed\/wp-json\/wp\/v2\/media?parent=649"}],"wp:term":[{"taxonomy":"category","embeddable":true,"href":"https:\/\/www.hsu-hh.de\/systpaed\/wp-json\/wp\/v2\/categories?post=649"},{"taxonomy":"post_tag","embeddable":true,"href":"https:\/\/www.hsu-hh.de\/systpaed\/wp-json\/wp\/v2\/tags?post=649"}],"curies":[{"name":"wp","href":"https:\/\/api.w.org\/{rel}","templated":true}]}}