{"id":637,"date":"2017-12-02T14:16:07","date_gmt":"2017-12-02T13:16:07","guid":{"rendered":"https:\/\/www.hsu-hh.de\/systpaed\/?page_id=637"},"modified":"2019-06-28T10:17:02","modified_gmt":"2019-06-28T08:17:02","slug":"forschung-evaluation-zur-foerderung-von-existenzgruendungen","status":"publish","type":"page","link":"https:\/\/www.hsu-hh.de\/systpaed\/forschung\/forschung-evaluation-zur-foerderung-von-existenzgruendungen","title":{"rendered":"Evaluation zur F\u00f6rderung von Existenzgr\u00fcndungen"},"content":{"rendered":"<p><strong>Aufgabenbeschreibung<\/strong><\/p>\n<p>Evaluation des F\u00f6rderprogramms &#8222;Micropolis&#8220; (F\u00f6rderung von Existenzgr\u00fcndungen durch auf dem Arbeitsmarkt marginalisierte Menschen) (9\/2003-3\/2004)<\/p>\n<p><strong>Auftraggeber<\/strong><\/p>\n<p>Deutsche Kinder- und Jugendstiftung<\/p>\n<p><strong>Publikation<\/strong><\/p>\n<p>Fritzsche, Bettina\/Nohl, Arnd-Michael\/Schondelmayer, Anne-Christin (2006): Biographische Chancen im Entrepreneurship. Berlin: Verlag Wissenschaft und Kunst<\/p>\n","protected":false},"excerpt":{"rendered":"<p>Aufgabenbeschreibung Evaluation des F\u00f6rderprogramms &#8222;Micropolis&#8220; (F\u00f6rderung von Existenzgr\u00fcndungen durch auf dem Arbeitsmarkt marginalisierte Menschen) (9\/2003-3\/2004) Auftraggeber Deutsche Kinder- und Jugendstiftung Publikation Fritzsche, Bettina\/Nohl, Arnd-Michael\/Schondelmayer, Anne-Christin (2006): Biographische Chancen im Entrepreneurship. [&hellip;]<\/p>\n","protected":false},"author":159,"featured_media":0,"parent":701,"menu_order":0,"comment_status":"closed","ping_status":"closed","template":"","meta":{"footnotes":""},"categories":[4],"tags":[171,181],"class_list":["post-637","page","type-page","status-publish","hentry","category-forschung","tag-evaluation-und-consulting","tag-evaluation-zur-foerderung-von-existenzgruendungen"],"_links":{"self":[{"href":"https:\/\/www.hsu-hh.de\/systpaed\/wp-json\/wp\/v2\/pages\/637","targetHints":{"allow":["GET"]}}],"collection":[{"href":"https:\/\/www.hsu-hh.de\/systpaed\/wp-json\/wp\/v2\/pages"}],"about":[{"href":"https:\/\/www.hsu-hh.de\/systpaed\/wp-json\/wp\/v2\/types\/page"}],"author":[{"embeddable":true,"href":"https:\/\/www.hsu-hh.de\/systpaed\/wp-json\/wp\/v2\/users\/159"}],"replies":[{"embeddable":true,"href":"https:\/\/www.hsu-hh.de\/systpaed\/wp-json\/wp\/v2\/comments?post=637"}],"version-history":[{"count":3,"href":"https:\/\/www.hsu-hh.de\/systpaed\/wp-json\/wp\/v2\/pages\/637\/revisions"}],"predecessor-version":[{"id":744,"href":"https:\/\/www.hsu-hh.de\/systpaed\/wp-json\/wp\/v2\/pages\/637\/revisions\/744"}],"up":[{"embeddable":true,"href":"https:\/\/www.hsu-hh.de\/systpaed\/wp-json\/wp\/v2\/pages\/701"}],"wp:attachment":[{"href":"https:\/\/www.hsu-hh.de\/systpaed\/wp-json\/wp\/v2\/media?parent=637"}],"wp:term":[{"taxonomy":"category","embeddable":true,"href":"https:\/\/www.hsu-hh.de\/systpaed\/wp-json\/wp\/v2\/categories?post=637"},{"taxonomy":"post_tag","embeddable":true,"href":"https:\/\/www.hsu-hh.de\/systpaed\/wp-json\/wp\/v2\/tags?post=637"}],"curies":[{"name":"wp","href":"https:\/\/api.w.org\/{rel}","templated":true}]}}