{"id":630,"date":"2017-12-02T14:13:14","date_gmt":"2017-12-02T13:13:14","guid":{"rendered":"https:\/\/www.hsu-hh.de\/systpaed\/?page_id=630"},"modified":"2019-06-28T10:16:03","modified_gmt":"2019-06-28T08:16:03","slug":"forschung-evaluation-von-grundbildungsmassnahmen-in-der-tuerkei","status":"publish","type":"page","link":"https:\/\/www.hsu-hh.de\/systpaed\/forschung\/forschung-evaluation-von-grundbildungsmassnahmen-in-der-tuerkei","title":{"rendered":"Evaluation von Grundbildungsma\u00dfnahmen in der T\u00fcrkei"},"content":{"rendered":"<p><strong>Aufgabenbeschreibung<\/strong><br \/>\nEvaluation von Ma\u00dfnahmen zur Professionalisierung von Lehrer(inne)n im Bereich der Erwachsenenalphabetisierung und der Pr\u00e4vention von Kinderarbeit<\/p>\n<p><strong>Auftraggeber<\/strong><br \/>\nCambridge Education Ltd. im Auftrag der Europ\u00e4ischen Kommission und des t\u00fcrkischen Erziehungsministeriums (Support to Basic Education Program).Zeit: M\u00e4rz\/April 2006<\/p>\n","protected":false},"excerpt":{"rendered":"<p>Aufgabenbeschreibung Evaluation von Ma\u00dfnahmen zur Professionalisierung von Lehrer(inne)n im Bereich der Erwachsenenalphabetisierung und der Pr\u00e4vention von Kinderarbeit Auftraggeber Cambridge Education Ltd. im Auftrag der Europ\u00e4ischen Kommission und des t\u00fcrkischen Erziehungsministeriums [&hellip;]<\/p>\n","protected":false},"author":159,"featured_media":0,"parent":701,"menu_order":0,"comment_status":"closed","ping_status":"closed","template":"","meta":{"footnotes":""},"categories":[4],"tags":[171,179],"class_list":["post-630","page","type-page","status-publish","hentry","category-forschung","tag-evaluation-und-consulting","tag-evaluation-von-grundbildungsmassnahmen-in-der-tuerkei"],"_links":{"self":[{"href":"https:\/\/www.hsu-hh.de\/systpaed\/wp-json\/wp\/v2\/pages\/630","targetHints":{"allow":["GET"]}}],"collection":[{"href":"https:\/\/www.hsu-hh.de\/systpaed\/wp-json\/wp\/v2\/pages"}],"about":[{"href":"https:\/\/www.hsu-hh.de\/systpaed\/wp-json\/wp\/v2\/types\/page"}],"author":[{"embeddable":true,"href":"https:\/\/www.hsu-hh.de\/systpaed\/wp-json\/wp\/v2\/users\/159"}],"replies":[{"embeddable":true,"href":"https:\/\/www.hsu-hh.de\/systpaed\/wp-json\/wp\/v2\/comments?post=630"}],"version-history":[{"count":2,"href":"https:\/\/www.hsu-hh.de\/systpaed\/wp-json\/wp\/v2\/pages\/630\/revisions"}],"predecessor-version":[{"id":633,"href":"https:\/\/www.hsu-hh.de\/systpaed\/wp-json\/wp\/v2\/pages\/630\/revisions\/633"}],"up":[{"embeddable":true,"href":"https:\/\/www.hsu-hh.de\/systpaed\/wp-json\/wp\/v2\/pages\/701"}],"wp:attachment":[{"href":"https:\/\/www.hsu-hh.de\/systpaed\/wp-json\/wp\/v2\/media?parent=630"}],"wp:term":[{"taxonomy":"category","embeddable":true,"href":"https:\/\/www.hsu-hh.de\/systpaed\/wp-json\/wp\/v2\/categories?post=630"},{"taxonomy":"post_tag","embeddable":true,"href":"https:\/\/www.hsu-hh.de\/systpaed\/wp-json\/wp\/v2\/tags?post=630"}],"curies":[{"name":"wp","href":"https:\/\/api.w.org\/{rel}","templated":true}]}}