{"id":619,"date":"2017-12-02T14:08:54","date_gmt":"2017-12-02T13:08:54","guid":{"rendered":"https:\/\/www.hsu-hh.de\/systpaed\/?page_id=619"},"modified":"2019-06-28T10:14:20","modified_gmt":"2019-06-28T08:14:20","slug":"forschung-curriculumentwicklung","status":"publish","type":"page","link":"https:\/\/www.hsu-hh.de\/systpaed\/forschung\/forschung-curriculumentwicklung","title":{"rendered":"Curriculumentwicklung zur deutschen Landeskunde"},"content":{"rendered":"<p><strong>Aufgabenbeschreibung<\/strong><\/p>\n<p>Erstellung eines Curriculums mit didaktischen Anleitungen f\u00fcr ein deutsches Landeskunde-Kompaktseminar f\u00fcr aus der T\u00fcrkei nach Deutschland zu entsendende Imame (10\/2005-4\/2006); Evaluation des Kompaktseminars (5\/2006).<\/p>\n<p><strong>Auftraggeber<\/strong><br \/>\nKonrad Adenauer Stiftung<\/p>\n<p>&nbsp;<\/p>\n","protected":false},"excerpt":{"rendered":"<p>Aufgabenbeschreibung Erstellung eines Curriculums mit didaktischen Anleitungen f\u00fcr ein deutsches Landeskunde-Kompaktseminar f\u00fcr aus der T\u00fcrkei nach Deutschland zu entsendende Imame (10\/2005-4\/2006); Evaluation des Kompaktseminars (5\/2006). Auftraggeber Konrad Adenauer Stiftung &nbsp;<\/p>\n","protected":false},"author":159,"featured_media":0,"parent":701,"menu_order":0,"comment_status":"closed","ping_status":"closed","template":"","meta":{"footnotes":""},"categories":[4],"tags":[175,171],"class_list":["post-619","page","type-page","status-publish","hentry","category-forschung","tag-curriculumentwicklung-zur-deutschen-landeskunde","tag-evaluation-und-consulting"],"_links":{"self":[{"href":"https:\/\/www.hsu-hh.de\/systpaed\/wp-json\/wp\/v2\/pages\/619","targetHints":{"allow":["GET"]}}],"collection":[{"href":"https:\/\/www.hsu-hh.de\/systpaed\/wp-json\/wp\/v2\/pages"}],"about":[{"href":"https:\/\/www.hsu-hh.de\/systpaed\/wp-json\/wp\/v2\/types\/page"}],"author":[{"embeddable":true,"href":"https:\/\/www.hsu-hh.de\/systpaed\/wp-json\/wp\/v2\/users\/159"}],"replies":[{"embeddable":true,"href":"https:\/\/www.hsu-hh.de\/systpaed\/wp-json\/wp\/v2\/comments?post=619"}],"version-history":[{"count":2,"href":"https:\/\/www.hsu-hh.de\/systpaed\/wp-json\/wp\/v2\/pages\/619\/revisions"}],"predecessor-version":[{"id":736,"href":"https:\/\/www.hsu-hh.de\/systpaed\/wp-json\/wp\/v2\/pages\/619\/revisions\/736"}],"up":[{"embeddable":true,"href":"https:\/\/www.hsu-hh.de\/systpaed\/wp-json\/wp\/v2\/pages\/701"}],"wp:attachment":[{"href":"https:\/\/www.hsu-hh.de\/systpaed\/wp-json\/wp\/v2\/media?parent=619"}],"wp:term":[{"taxonomy":"category","embeddable":true,"href":"https:\/\/www.hsu-hh.de\/systpaed\/wp-json\/wp\/v2\/categories?post=619"},{"taxonomy":"post_tag","embeddable":true,"href":"https:\/\/www.hsu-hh.de\/systpaed\/wp-json\/wp\/v2\/tags?post=619"}],"curies":[{"name":"wp","href":"https:\/\/api.w.org\/{rel}","templated":true}]}}