{"id":615,"date":"2017-12-02T14:05:03","date_gmt":"2017-12-02T13:05:03","guid":{"rendered":"https:\/\/www.hsu-hh.de\/systpaed\/?page_id=615"},"modified":"2019-06-28T10:15:36","modified_gmt":"2019-06-28T08:15:36","slug":"forschung-evaluation-und-consultiung-evaluation-und-konzeptentwicklung-zur-erwachsenenalphabetisierung","status":"publish","type":"page","link":"https:\/\/www.hsu-hh.de\/systpaed\/forschung\/forschung-evaluation-und-consultiung-evaluation-und-konzeptentwicklung-zur-erwachsenenalphabetisierung","title":{"rendered":"Evaluation und Konzeptentwicklung zur Erwachsenenalphabetisierung"},"content":{"rendered":"<p><strong>Aufgabenbeschreibung<\/strong><\/p>\n<p>Erstellung einer Bestandsaufnahme zu Ans\u00e4tzen der Erwachsenenalphabetisierung in der T\u00fcrkei und Entwicklung von Vorschl\u00e4gen zu ihrer Verbesserung.<\/p>\n<p><strong>Auftraggeber<\/strong><\/p>\n<p>Cambridge Education Ltd. im Namen der Europ\u00e4ischen Kommission und des t\u00fcrkischen Erziehungsministeriums (Support to Basic Education Program).Zeit: Februar\/M\u00e4rz 2004<\/p>\n","protected":false},"excerpt":{"rendered":"<p>Aufgabenbeschreibung Erstellung einer Bestandsaufnahme zu Ans\u00e4tzen der Erwachsenenalphabetisierung in der T\u00fcrkei und Entwicklung von Vorschl\u00e4gen zu ihrer Verbesserung. Auftraggeber Cambridge Education Ltd. im Namen der Europ\u00e4ischen Kommission und des t\u00fcrkischen [&hellip;]<\/p>\n","protected":false},"author":159,"featured_media":0,"parent":701,"menu_order":0,"comment_status":"closed","ping_status":"closed","template":"","meta":{"footnotes":""},"categories":[4],"tags":[171,173],"class_list":["post-615","page","type-page","status-publish","hentry","category-forschung","tag-evaluation-und-consulting","tag-evaluation-und-konzeptentwicklung-zur-erwachsenenalphabetisierung"],"_links":{"self":[{"href":"https:\/\/www.hsu-hh.de\/systpaed\/wp-json\/wp\/v2\/pages\/615","targetHints":{"allow":["GET"]}}],"collection":[{"href":"https:\/\/www.hsu-hh.de\/systpaed\/wp-json\/wp\/v2\/pages"}],"about":[{"href":"https:\/\/www.hsu-hh.de\/systpaed\/wp-json\/wp\/v2\/types\/page"}],"author":[{"embeddable":true,"href":"https:\/\/www.hsu-hh.de\/systpaed\/wp-json\/wp\/v2\/users\/159"}],"replies":[{"embeddable":true,"href":"https:\/\/www.hsu-hh.de\/systpaed\/wp-json\/wp\/v2\/comments?post=615"}],"version-history":[{"count":2,"href":"https:\/\/www.hsu-hh.de\/systpaed\/wp-json\/wp\/v2\/pages\/615\/revisions"}],"predecessor-version":[{"id":737,"href":"https:\/\/www.hsu-hh.de\/systpaed\/wp-json\/wp\/v2\/pages\/615\/revisions\/737"}],"up":[{"embeddable":true,"href":"https:\/\/www.hsu-hh.de\/systpaed\/wp-json\/wp\/v2\/pages\/701"}],"wp:attachment":[{"href":"https:\/\/www.hsu-hh.de\/systpaed\/wp-json\/wp\/v2\/media?parent=615"}],"wp:term":[{"taxonomy":"category","embeddable":true,"href":"https:\/\/www.hsu-hh.de\/systpaed\/wp-json\/wp\/v2\/categories?post=615"},{"taxonomy":"post_tag","embeddable":true,"href":"https:\/\/www.hsu-hh.de\/systpaed\/wp-json\/wp\/v2\/tags?post=615"}],"curies":[{"name":"wp","href":"https:\/\/api.w.org\/{rel}","templated":true}]}}