{"id":611,"date":"2017-12-02T14:01:18","date_gmt":"2017-12-02T13:01:18","guid":{"rendered":"https:\/\/www.hsu-hh.de\/systpaed\/?page_id=611"},"modified":"2017-12-02T14:23:41","modified_gmt":"2017-12-02T13:23:41","slug":"forschung-evaluation-und-consulting","status":"publish","type":"page","link":"https:\/\/www.hsu-hh.de\/systpaed\/forschung-evaluation-und-consulting","title":{"rendered":"Evaluation und Consulting"},"content":{"rendered":"<p><a href=\"https:\/\/www.hsu-hh.de\/systpaed\/forschung-evaluation-und-consultiung-evaluation-und-konzeptentwicklung-zur-erwachsenenalphabetisierung\">Evaluation und Konzeptentwicklung zur Erwachsenenalphabetisierung<\/a><\/p>\n<p><a href=\"http:\/\/www.hsu-hh.de\/systpaed\/forschung-evaluation-von-grundbildungsmassnahmen-in-der-tuerkei\">Evaluation von Grundbildungsma\u00dfnahmen in der T\u00fcrkei<\/a><\/p>\n<p><a href=\"https:\/\/www.hsu-hh.de\/systpaed\/forschung-curriculumentwicklung\">Curriculumentwicklung zur deutschen Landeskunde<\/a><\/p>\n<p><a href=\"http:\/\/www.hsu-hh.de\/systpaed\/forschung-evaluation-zur-foerderung-von-existenzgruendungen\">Evaluation zur F\u00f6rderung von Existenzgr\u00fcndungen<\/a><\/p>\n<p><a href=\"http:\/\/www.hsu-hh.de\/systpaed\/forschung-evaluation-von-schulbuechern\">Evaluation von Schulb\u00fcchern<\/a><\/p>\n<p><a href=\"http:\/\/www.hsu-hh.de\/systpaed\/forschung-centrum-fuer-qualitative-evaluations-und-sozialforschung-e-v\">Centrum f\u00fcr qualitative Evaluations- und Sozialforschung e.V.<\/a><\/p>\n<p><a href=\"http:\/\/www.hsu-hh.de\/systpaed\/forschung-evaluation-des-projektes-neustart-berufliche-integration-von-bleibeberechtigten-fluechtlingen-und-migranten\">Evaluation des Projektes Neustart \u2013 Berufliche Integration von bleibeberechtigten Fl\u00fcchtlingen und Migranten<\/a><\/p>\n","protected":false},"excerpt":{"rendered":"<p>Evaluation und Konzeptentwicklung zur Erwachsenenalphabetisierung Evaluation von Grundbildungsma\u00dfnahmen in der T\u00fcrkei Curriculumentwicklung zur deutschen Landeskunde Evaluation zur F\u00f6rderung von Existenzgr\u00fcndungen Evaluation von Schulb\u00fcchern Centrum f\u00fcr qualitative Evaluations- und Sozialforschung e.V. [&hellip;]<\/p>\n","protected":false},"author":159,"featured_media":0,"parent":0,"menu_order":0,"comment_status":"closed","ping_status":"closed","template":"","meta":{"footnotes":""},"categories":[4],"tags":[171,117],"class_list":["post-611","page","type-page","status-publish","hentry","category-forschung","tag-evaluation-und-consulting","tag-forschung"],"_links":{"self":[{"href":"https:\/\/www.hsu-hh.de\/systpaed\/wp-json\/wp\/v2\/pages\/611","targetHints":{"allow":["GET"]}}],"collection":[{"href":"https:\/\/www.hsu-hh.de\/systpaed\/wp-json\/wp\/v2\/pages"}],"about":[{"href":"https:\/\/www.hsu-hh.de\/systpaed\/wp-json\/wp\/v2\/types\/page"}],"author":[{"embeddable":true,"href":"https:\/\/www.hsu-hh.de\/systpaed\/wp-json\/wp\/v2\/users\/159"}],"replies":[{"embeddable":true,"href":"https:\/\/www.hsu-hh.de\/systpaed\/wp-json\/wp\/v2\/comments?post=611"}],"version-history":[{"count":10,"href":"https:\/\/www.hsu-hh.de\/systpaed\/wp-json\/wp\/v2\/pages\/611\/revisions"}],"predecessor-version":[{"id":659,"href":"https:\/\/www.hsu-hh.de\/systpaed\/wp-json\/wp\/v2\/pages\/611\/revisions\/659"}],"wp:attachment":[{"href":"https:\/\/www.hsu-hh.de\/systpaed\/wp-json\/wp\/v2\/media?parent=611"}],"wp:term":[{"taxonomy":"category","embeddable":true,"href":"https:\/\/www.hsu-hh.de\/systpaed\/wp-json\/wp\/v2\/categories?post=611"},{"taxonomy":"post_tag","embeddable":true,"href":"https:\/\/www.hsu-hh.de\/systpaed\/wp-json\/wp\/v2\/tags?post=611"}],"curies":[{"name":"wp","href":"https:\/\/api.w.org\/{rel}","templated":true}]}}