{"id":591,"date":"2017-12-02T13:35:04","date_gmt":"2017-12-02T12:35:04","guid":{"rendered":"https:\/\/www.hsu-hh.de\/systpaed\/?page_id=591"},"modified":"2021-04-16T13:15:42","modified_gmt":"2021-04-16T11:15:42","slug":"schondelmayer","status":"publish","type":"page","link":"https:\/\/www.hsu-hh.de\/systpaed\/abgeschlossene-diss-und-habil\/schondelmayer","title":{"rendered":"Anne-Christin Schondelmayer: Interkulturelle Handlungskompetenz &#8211; Handeln, Reflektieren u. Interpretieren v. Auslandskorrespondenten&#8230;"},"content":{"rendered":"<h3><strong>Kurzbiographie<\/strong><\/h3>\n<p>Geboren 1977 in Stuttgart. 1997 bis 2003 Studium der Erziehungswissenschaft an der Universit\u00e4t Trier und der Freien Universit\u00e4t Berlin. Studienrichtung Erwachsenenbildung, Studienschwerpunkt Interkulturelle P\u00e4dagogik. 2003 Abschluss mit Diplom. September 2003 bis April 2004 Auftragsforschung f\u00fcr die Otto-Guericke-Universit\u00e4t Magdeburg, Institut f\u00fcr Erziehungswissenschaft (Evaluationsstudie zu Entrepreneurship). 2005 bis 2009 wissenschaftliche Mitarbeiterin im Arbeitsbereich Interkulturelle Erziehungswissenschaft an der FU Berlin. 2009 bis 2010 Vertretung der Juniorprofessur f\u00fcr Interkulturelle Erziehungswissenschaft an der FU Berlin. 2010 bis 2011 Leitung der Evaluation der Berliner Initiative &#8222;F\u00fcr Selbstbestimmung und Akzeptanz sexueller Vielfalt&#8220; f\u00fcr das ces (centrum f\u00fcr evaluations- und sozialforschung). 2012 bis 2017 Juniorprofessorin f\u00fcr Erziehungswissenschaft mit dem Schwerpunkt Interkulturelle P\u00e4dagogik an der TU Chemnitz. Seit Oktober 2017 <a href=\"https:\/\/www.uni-koblenz-landau.de\/de\/landau\/fb5\/iew\/Erziehungswissenschaft\/ab1\/team\/annechristin-schondelmayer\" target=\"_blank\" rel=\"noopener noreferrer\">Professorin f\u00fcr Erziehungswissenschaft mit Schwerpunkt Heterogenit\u00e4t an der Universit\u00e4t Koblenz-Landau<\/a>.<\/p>\n<h3><strong>Dissertationsprojekt<\/strong><\/h3>\n<p>&#8222;Interkulturelle Handlungskompetenz &#8211; Handeln, Reflektieren und Interpretieren von Auslandskorrespondenten und Entwicklungshelfern in S\u00fcdafrika und Kenia&#8220;. Dissertation an der Freien Universit\u00e4t Berlin, Erstgutachter: <abbr title=\"Professor\">Prof.<\/abbr> <abbr title=\"Doktor\">Dr.<\/abbr> Arnd-Michael Nohl, Zweitgutachter: <abbr title=\"Professor\">Prof.<\/abbr> <abbr title=\"Doktor\">Dr.<\/abbr> Christoph Wulf. Bewertung: summa cum laude.<\/p>\n<p>Ver\u00f6ffentlicht im Transcriptverlag (2010) unter dem Titel: Interkulturelle Handlungskompetenz. Entwicklungshelfer und Auslandskorrespondenten in Afrika. Eine narrative Studie.<\/p>\n<h3>Ver\u00f6ffentlichungen<\/h3>\n<p><strong>Monographien<\/strong><\/p>\n<p>2010<br \/>\nInterkulturelle Handlungskompetenz. Entwicklungshelfer und Auslandskorrespondenten in Afrika. Eine narrative Studie. Bielefeld: Transcript. (376 S.)<\/p>\n<p>2006<br \/>\nBiographische Chancen im Entrepreneurship. Berlin: Verlag Wissenschaft und Kunst (mit Arnd-Michael Nohl u. Bettina Fritzsche, 268 S.)<\/p>\n<p><strong>Aufs\u00e4tze<\/strong><\/p>\n<p>2006<br \/>\nBegegnung mit dem Fremden &#8211; eine qualitative Untersuchung zu Handlungspraktiken und Handlungskompetenzen von Entwicklungshelfern. In: Kreutzer, F.,&nbsp;Roth, S. (Hg.) Transnationale Karrieren, VS Verlag, S. 174-187.<\/p>\n<p>2005<br \/>\nLernen und Bildung im Entrepreneurship. Evaluationsergebnisse des Micropolis-Programms (mit Arnd-Michael Nohl). In: Deutsche Kinder- und Jugendstiftung (Hg.): Jung. Talentiert. Chancenreich? Opladen: Barbara Budrich Verlag, S. 273-297.<\/p>\n<p>2005<br \/>\nBegegnung mit dem Fremden &#8211; Handlungspraktiken von Entwicklungshelfern. In: Rehberg, Karl-Siegbert (Hg.): Soziale Ungleichheit &#8211; kulturelle Unterschiede. Kongressband&nbsp; zum 32. Soziologiekongress der Deutschen Gesellschaft f\u00fcr Soziologie.<\/p>\n<p>2001<br \/>\n&#8222;Jahresberichte 99\/00 &#8211; Versuch einer statistischen Auswertung&#8220;. In: forum 02\/2001, unesco-projekt-schulen, S. 56-58.<\/p>\n","protected":false},"excerpt":{"rendered":"<p>Kurzbiographie Geboren 1977 in Stuttgart. 1997 bis 2003 Studium der Erziehungswissenschaft an der Universit\u00e4t Trier und der Freien Universit\u00e4t Berlin. Studienrichtung Erwachsenenbildung, Studienschwerpunkt Interkulturelle P\u00e4dagogik. 2003 Abschluss mit Diplom. September [&hellip;]<\/p>\n","protected":false},"author":159,"featured_media":0,"parent":488,"menu_order":0,"comment_status":"closed","ping_status":"closed","template":"","meta":{"footnotes":""},"categories":[85],"tags":[107,161],"class_list":["post-591","page","type-page","status-publish","hentry","category-abgeschlossene-dissertationen-und-habilitationen","tag-abgeschlossene-dissertationen-und-habilitationen","tag-anne-christin-schondelmayer"],"_links":{"self":[{"href":"https:\/\/www.hsu-hh.de\/systpaed\/wp-json\/wp\/v2\/pages\/591","targetHints":{"allow":["GET"]}}],"collection":[{"href":"https:\/\/www.hsu-hh.de\/systpaed\/wp-json\/wp\/v2\/pages"}],"about":[{"href":"https:\/\/www.hsu-hh.de\/systpaed\/wp-json\/wp\/v2\/types\/page"}],"author":[{"embeddable":true,"href":"https:\/\/www.hsu-hh.de\/systpaed\/wp-json\/wp\/v2\/users\/159"}],"replies":[{"embeddable":true,"href":"https:\/\/www.hsu-hh.de\/systpaed\/wp-json\/wp\/v2\/comments?post=591"}],"version-history":[{"count":12,"href":"https:\/\/www.hsu-hh.de\/systpaed\/wp-json\/wp\/v2\/pages\/591\/revisions"}],"predecessor-version":[{"id":1569,"href":"https:\/\/www.hsu-hh.de\/systpaed\/wp-json\/wp\/v2\/pages\/591\/revisions\/1569"}],"up":[{"embeddable":true,"href":"https:\/\/www.hsu-hh.de\/systpaed\/wp-json\/wp\/v2\/pages\/488"}],"wp:attachment":[{"href":"https:\/\/www.hsu-hh.de\/systpaed\/wp-json\/wp\/v2\/media?parent=591"}],"wp:term":[{"taxonomy":"category","embeddable":true,"href":"https:\/\/www.hsu-hh.de\/systpaed\/wp-json\/wp\/v2\/categories?post=591"},{"taxonomy":"post_tag","embeddable":true,"href":"https:\/\/www.hsu-hh.de\/systpaed\/wp-json\/wp\/v2\/tags?post=591"}],"curies":[{"name":"wp","href":"https:\/\/api.w.org\/{rel}","templated":true}]}}