{"id":585,"date":"2017-12-02T13:32:15","date_gmt":"2017-12-02T12:32:15","guid":{"rendered":"https:\/\/www.hsu-hh.de\/systpaed\/?page_id=585"},"modified":"2021-04-16T13:28:50","modified_gmt":"2021-04-16T11:28:50","slug":"rosenberg","status":"publish","type":"page","link":"https:\/\/www.hsu-hh.de\/systpaed\/abgeschlossene-diss-und-habil\/rosenberg","title":{"rendered":"Florian von Rosenberg: Bildung und Habitustransformation. Empirische Rekonstruktion von biographischen Bildungsprozessen zwischen Habitus und Feld"},"content":{"rendered":"<h3><strong>Kurzbiographie<\/strong><\/h3>\n<p>Studium der Erziehungswissenschaft, Soziologie, Psychologie und Philosophie an der FU Berlin<\/p>\n<p>zwischen 2006 und 2013<br \/>\nwissenschaftlicher Mitarbeiter an der Professur f\u00fcr allgemeine Erziehungswissenschaft, insbesondere systematische P\u00e4dagogik an der Helmut-Schmidt-Universit\u00e4t Hamburg<\/p>\n<p>zwischen 2008 und 2010<br \/>\nwissenschaftlicher Mitarbeiter im DFG-Projekt \u201eBildung \u2013 Transformation und Tradierung im Zusammenhang von Individualit\u00e4t und Kollektivit\u00e4t\u201c<\/p>\n<p>2010<br \/>\nPromotion in der Erziehungswissenschaft, Helmut-Schmidt-Universit\u00e4t Hamburg<\/p>\n<p>zwischen 2010 und 2012<br \/>\nwissenschaftlicher Mitarbeiter im DFG-Projekt \u201eLernorientierungen diesseits und jenseits des Bildungsprozesses: Der biographisch kontextuierte Aufbau von Wissen und K\u00f6nnen\u201c<\/p>\n<p>2012 bis 2013<br \/>\nVertretung der W3-Professur Allgemeine Erziehungswissenschaft mit dem Schwerpunkt Bildungstheorie und Bildungsphilosophie an der Bundeswehruniversit\u00e4t M\u00fcnchen<\/p>\n<p>2013<br \/>\nHabilitation im Fachgebiet \u201eErziehungswissenschaft\u201c, Helmut-Schmidt-Universit\u00e4t Hamburg<\/p>\n<p>08\/2013 bis 09\/2016<br \/>\nW1-Professur f\u00fcr Allgemeine Erziehungswissenschaft an der Universit\u00e4t Erfurt<\/p>\n<p>04\/2016 bis 09\/2016<br \/>\nVertretung der Professur f\u00fcr Allgemeine Erziehungswissenschaft an der Martin-Luther-Universit\u00e4t Halle-Wittenberg<\/p>\n<p>06\/2016<br \/>\nRuf auf die Professur f\u00fcr Erziehungswissenschaft mit dem Schwerpunkt Soziokulturelle Bedingungen des Aufwachsens (W3) an der Martin-Luther-Universit\u00e4t Halle-Wittenberg (abgelehnt)<\/p>\n<p>seit 10\/2016<br \/>\n<a href=\"https:\/\/www.uni-erfurt.de\/aewebf\/allgemeine-erziehungswissenschaft\/team\/prof-dr-florian-von-rosenberg\/\" target=\"_blank\" rel=\"noopener noreferrer\">Univ.-Professor f\u00fcr Allgemeine Erziehungswissenschaft an der Universit\u00e4t Erfurt<\/a><\/p>\n<h3><strong>Dissertationsprojekt<\/strong><\/h3>\n<p>Bildung und Habitustransformation. Empirische Rekonstruktion von biographischen Bildungsprozessen zwischen Habitus und Feld. Dissertation an der Helmut-Schmidt- Universit\u00e4t Hamburg. Erstgutachter: <abbr title=\"Professor\">Prof.<\/abbr> <abbr title=\"Doktor\">Dr.<\/abbr> Arnd-Michael Nohl, Zweitgutachter: <abbr title=\"Professor\">Prof.<\/abbr> <abbr title=\"Doktor\">Dr.<\/abbr> Hans-Christoph Koller. Bewertung: summa cum laude.<\/p>\n<p>Ver\u00f6ffentlichung im Transcriptverlag (Februar 2011) unter dem Titel: Bildung und Habitustransformation. Empirische Rekonstruktionen und bildungstheoretische Reflexionen.<\/p>\n<h3>Ver\u00f6ffentlichung<\/h3>\n<p><strong>Monographien<\/strong><\/p>\n<p>Rosenberg, Florian von (2008): Habitus und Distinktion. Ein Beitrag zur rekonstruktiven Schul- und Jugendkulturforschung. Berlin: Logos-Verlag, 144 S.<\/p>\n<p>Rosenberg, Florian von (2011): Bildung und Habitustransformation. Empirische Rekonstruktionen und bildungstheoretische Reflexionen. Bielefeld: Transcript, 304 S.<\/p>\n<p><strong>Aufs\u00e4tze<\/strong><\/p>\n<p>Rosenberg, Florian von (2006): Unterschiedliche Habitusformen im Feld der Schule. Ergebnissausz\u00fcge einer Berliner Hauptschulstudie. In: Uni-Forschung. Forschungsmagazin der Helmut-Schnidt-Universit\u00e4t. D\u00fcsseldorf, S. 38-43.<\/p>\n<p>Rosenberg, Florian von\/ Schr\u00f6der, Ute\/ Gerull, Sussane (2006): Sommercamp FutOUR \u2013 Spannungsfeld zwischen jugendlichen Entwicklungsphasen, Berufsorientierung und Abenteuer. Eine Evaluationsstudie mit qualitativen und quantitativen Forschungsmethoden im Programm \u201eSommercamp futOur 2006\u201c. [url: http:\/\/www.ces-forschung.de\/cms\/upload\/PDF\/Evaluation_futOUR.pdf ]<\/p>\n<p>Henkelmann, Yvonne\/ Rosenberg, Florian von (2007): P\u00e4dagogische Biographieforschung und Lebenslanges Lernen im europ\u00e4ischen Diskurs. Tagungsbericht der Kommission f\u00fcr Biographieforschung. In: Erziehungswissenschaft. Jahrgang 18. Heft 34. S. 111-114.<\/p>\n<p>Rosenberg, Florian von (2009): Habitus und Feld. Methodologische \u00dcberlegungen zu zwei unterschiedlichen Formen der komparativen Typenbildung. In: Ecarius, Jutta\/ Sch\u00e4ffer, Burkhard (Hrsg.): Typenbildung und Theoriegenerierung. Perspektiven qualitativer Bildungs- und Biographieforschung. Opladen, S. 277-288.<\/p>\n<p>Rosenberg, Florian von\/ Nohl, Arnd-Michael (2009): Lehrforschungsprojekte: Das Auff\u00fchren von Forschung als didaktisches Prinzip. In: Helmer, Julia (Hrsg.): Forschendes Lernen. Hamburg, S. 139-147 .<\/p>\n<p>Rosenberg, Florian von (2009): Kollektive Verarbeitungsformen von Schule. In: Zeitschrift f\u00fcr qualitative Forschung (ehemals ZBBS). Heft 1\/09. Opladen, S. 115-128.<\/p>\n<p>Rosenberg, Florian von (2010): Dokumentarische Methode und Dekonstruktion als zwei Formen der Interpretation einer Theorie der Praxis. In: Giese, Birgit (Hrsg.): Person Subjekt Identit\u00e4t. Gegenst\u00e4nde der Rekonstruktion in der Biographieforschung. Wiesbaden, 317-334.<\/p>\n<p>Rosenberg, Florian von (2010): Mehrdimensionale Differenzlinien. Einige Anmerkungen zu einer interkulturellen P\u00e4dagogik. In: Erw\u00e4gen Wissen Ethik (ehemals EuS). Jg. 21\/2010, Heft 2. Stuttgart, S. 200-203.<\/p>\n<p>Rosenberg, Florian von (2010): Bildung und das Problem der Weltvergessenheit. \u00dcberlegungen zu einer empirisch fundierten Bildungstheorie im Anschluss an Pierre Bourdieu. In: Vierteljahresschrift f\u00fcr wissenschaftliche P\u00e4dagogik. Jg. 86\/2010, Heft 4. Paderborn (im Erscheinen)<\/p>\n","protected":false},"excerpt":{"rendered":"<p>Kurzbiographie Studium der Erziehungswissenschaft, Soziologie, Psychologie und Philosophie an der FU Berlin zwischen 2006 und 2013 wissenschaftlicher Mitarbeiter an der Professur f\u00fcr allgemeine Erziehungswissenschaft, insbesondere systematische P\u00e4dagogik an der Helmut-Schmidt-Universit\u00e4t [&hellip;]<\/p>\n","protected":false},"author":147,"featured_media":0,"parent":488,"menu_order":0,"comment_status":"closed","ping_status":"closed","template":"","meta":{"footnotes":""},"categories":[85],"tags":[107,103],"class_list":["post-585","page","type-page","status-publish","hentry","category-abgeschlossene-dissertationen-und-habilitationen","tag-abgeschlossene-dissertationen-und-habilitationen","tag-florian-von-rosenberg"],"_links":{"self":[{"href":"https:\/\/www.hsu-hh.de\/systpaed\/wp-json\/wp\/v2\/pages\/585","targetHints":{"allow":["GET"]}}],"collection":[{"href":"https:\/\/www.hsu-hh.de\/systpaed\/wp-json\/wp\/v2\/pages"}],"about":[{"href":"https:\/\/www.hsu-hh.de\/systpaed\/wp-json\/wp\/v2\/types\/page"}],"author":[{"embeddable":true,"href":"https:\/\/www.hsu-hh.de\/systpaed\/wp-json\/wp\/v2\/users\/147"}],"replies":[{"embeddable":true,"href":"https:\/\/www.hsu-hh.de\/systpaed\/wp-json\/wp\/v2\/comments?post=585"}],"version-history":[{"count":8,"href":"https:\/\/www.hsu-hh.de\/systpaed\/wp-json\/wp\/v2\/pages\/585\/revisions"}],"predecessor-version":[{"id":1583,"href":"https:\/\/www.hsu-hh.de\/systpaed\/wp-json\/wp\/v2\/pages\/585\/revisions\/1583"}],"up":[{"embeddable":true,"href":"https:\/\/www.hsu-hh.de\/systpaed\/wp-json\/wp\/v2\/pages\/488"}],"wp:attachment":[{"href":"https:\/\/www.hsu-hh.de\/systpaed\/wp-json\/wp\/v2\/media?parent=585"}],"wp:term":[{"taxonomy":"category","embeddable":true,"href":"https:\/\/www.hsu-hh.de\/systpaed\/wp-json\/wp\/v2\/categories?post=585"},{"taxonomy":"post_tag","embeddable":true,"href":"https:\/\/www.hsu-hh.de\/systpaed\/wp-json\/wp\/v2\/tags?post=585"}],"curies":[{"name":"wp","href":"https:\/\/api.w.org\/{rel}","templated":true}]}}