{"id":567,"date":"2017-12-02T13:23:51","date_gmt":"2017-12-02T12:23:51","guid":{"rendered":"https:\/\/www.hsu-hh.de\/systpaed\/?page_id=567"},"modified":"2026-02-23T16:03:23","modified_gmt":"2026-02-23T15:03:23","slug":"guevercin","status":"publish","type":"page","link":"https:\/\/www.hsu-hh.de\/systpaed\/abgeschlossene-diss-und-habil\/guevercin","title":{"rendered":"G\u00f6k\u00e7e G\u00fcvercin: Informal Workplace Practices and Learning Experiences of Permanent and Hourly-Paid Teachers: A Comparative Study"},"content":{"rendered":"<h3><strong>Profil<\/strong><\/h3>\n<p>Born in 1983. Graduated from double major program in Science-Mathematics Teaching in 2006 from Bosphorus University, \u0130stanbul, Turkey. Received Master of Arts (MA) degree from the department of Educational Sciences, Adult Education from Bosphorus University, \u0130stanbul, Turkey in 2008. The title of master thesis is \u201cThe analysis of entrepreneurship promotion process through formal education in European Union&#8217;s official documents\u201d. Started Ph.D. in 2008 at Bosphorus University, Department of Educational Sciences, finished 12.8.2014. Worked as a research assistant in Bosphorus University, Department of Educational Sciences between 2007 and 2014. <a href=\"https:\/\/avesis.medipol.edu.tr\/gokce.guvercin\" target=\"_blank\" rel=\"noopener\">Assistant Professor at Maltepe University from 2016 through 2025 and since 2025 at Medipol University.<\/a><\/p>\n<p>Research interests are teacher recruitment policies, biographical research, work related identity issues in adult education.<\/p>\n<h3><strong> Ph.D. thesis\u00a0\u00a0\u00a0 \u00a0\u00a0\u00a0\u00a0\u00a0\u00a0\u00a0\u00a0\u00a0\u00a0\u00a0\u00a0\u00a0\u00a0\u00a0\u00a0\u00a0\u00a0\u00a0\u00a0\u00a0\u00a0\u00a0\u00a0\u00a0\u00a0\u00a0\u00a0\u00a0\u00a0\u00a0\u00a0\u00a0\u00a0\u00a0\u00a0\u00a0\u00a0\u00a0\u00a0\u00a0\u00a0\u00a0\u00a0\u00a0\u00a0\u00a0\u00a0\u00a0\u00a0\u00a0\u00a0\u00a0\u00a0\u00a0\u00a0\u00a0\u00a0\u00a0\u00a0\u00a0\u00a0\u00a0\u00a0\u00a0\u00a0\u00a0\u00a0\u00a0\u00a0\u00a0\u00a0\u00a0\u00a0\u00a0\u00a0\u00a0\u00a0\u00a0\u00a0\u00a0\u00a0\u00a0\u00a0\u00a0\u00a0\u00a0\u00a0\u00a0\u00a0\u00a0\u00a0\u00a0\u00a0\u00a0\u00a0\u00a0\u00a0\u00a0\u00a0\u00a0\u00a0\u00a0\u00a0\u00a0\u00a0\u00a0\u00a0\u00a0\u00a0\u00a0\u00a0\u00a0\u00a0\u00a0\u00a0\u00a0\u00a0\u00a0\u00a0\u00a0\u00a0<\/strong><\/h3>\n<p>The title of the doctoral dissertation is: \u201cInformal Workplace Practices and Learning Experiences of Permanent and Hourly-Paid Teachers: A Comparative Study&#8220;. Supervisors: Assoc. <abbr title=\"Professor\">Prof.<\/abbr> \u00d6zlem \u00dcnl\u00fchisarc\u0131kl\u0131, <abbr title=\"Professor\">Prof.<\/abbr> <abbr title=\"Doktor\">Dr.<\/abbr> Arnd-Michael Nohl.<\/p>\n<h3><strong>Publications and Presentations\u00a0\u00a0\u00a0\u00a0\u00a0\u00a0\u00a0\u00a0\u00a0\u00a0\u00a0\u00a0\u00a0\u00a0\u00a0\u00a0\u00a0\u00a0\u00a0\u00a0\u00a0\u00a0\u00a0\u00a0\u00a0\u00a0\u00a0\u00a0\u00a0\u00a0\u00a0\u00a0\u00a0\u00a0\u00a0\u00a0\u00a0\u00a0\u00a0\u00a0\u00a0\u00a0\u00a0\u00a0\u00a0\u00a0\u00a0\u00a0\u00a0\u00a0\u00a0\u00a0\u00a0\u00a0\u00a0\u00a0\u00a0\u00a0\u00a0\u00a0\u00a0\u00a0\u00a0\u00a0\u00a0\u00a0\u00a0\u00a0\u00a0\u00a0\u00a0\u00a0\u00a0\u00a0\u00a0\u00a0\u00a0\u00a0\u00a0\u00a0\u00a0\u00a0\u00a0\u00a0\u00a0\u00a0\u00a0\u00a0\u00a0\u00a0\u00a0\u00a0\u00a0\u00a0\u00a0\u00a0\u00a0\u00a0\u00a0\u00a0\u00a0\u00a0\u00a0\u00a0\u00a0\u00a0\u00a0\u00a0\u00a0\u00a0\u00a0\u00a0\u00a0\u00a0\u00a0\u00a0\u00a0\u00a0\u00a0\u00a0\u00a0\u00a0\u00a0\u00a0\u00a0\u00a0\u00a0\u00a0\u00a0\u00a0\u00a0\u00a0\u00a0\u00a0\u00a0\u00a0\u00a0\u00a0\u00a0\u00a0\u00a0\u00a0\u00a0\u00a0\u00a0\u00a0\u00a0\u00a0\u00a0\u00a0\u00a0\u00a0\u00a0\u00a0\u00a0\u00a0\u00a0\u00a0\u00a0\u00a0<\/strong><\/h3>\n<p>G\u00fcvercin, G. (2008). Learning in Union: the case of E\u011fitim-Sen in Turkey. In R.Evans (ed.), Local development, community and adult learning- learning landscapes between the mainstream and the margins, III International Seminar Esrea Network Between Global and Local &#8211; Adult Learning and Development Conference Proceedings, 28-30 May 2009, European Society for Research on the Education of Adults (ESREA), University of Magdeburg, Magdeburg, Germany, 143-159.<\/p>\n<p>Meriam, S. (2009). Yeti\u015fkin E\u011fitim Kuram\u0131n\u0131n De\u011fi\u015fen Manzaras\u0131. (Translated by G.G\u00fcvercin and O. Se\u00e7kin). In Yeti\u015fkin E\u011fitimi (Adult Education). A.Y\u0131ld\u0131z, M. Uysal (eds).Kalkedon Publications, \u0130stabul, 105-126.<\/p>\n<p>G\u00fcvercin, G. &amp; Se\u00e7kin, O. (2009). \u00d6\u011fretmenlik Kariyer Basamaklar\u0131 ile S\u00f6zle\u015fmeli ve \u00dccretli \u00d6\u011fretmenlik Uygulamalar\u0131n\u0131n Okula Yans\u0131malar\u0131n\u0131n \u0130ncelenmesi, 18. Ulusal E\u011fitim Bilimleri Kurultay\u0131, 1-3 Ekim 2009, Ege \u00dcniversitesi, Izmir.<\/p>\n<p>G\u00fcvercin, G. (2010). Conceptualization of New Professionalism in the Context of Teaching Profession. WCCES (World Council of Comparative Education Societies) XIV World Congress, June 14-18, 2010,\u00a0 Bosphorus University, Istanbul.<\/p>\n","protected":false},"excerpt":{"rendered":"<p>Profil Born in 1983. Graduated from double major program in Science-Mathematics Teaching in 2006 from Bosphorus University, \u0130stanbul, Turkey. Received Master of Arts (MA) degree from the department of Educational [&hellip;]<\/p>\n","protected":false},"author":147,"featured_media":0,"parent":488,"menu_order":0,"comment_status":"closed","ping_status":"closed","template":"","meta":{"footnotes":""},"categories":[85],"tags":[107,155],"class_list":["post-567","page","type-page","status-publish","hentry","category-abgeschlossene-dissertationen-und-habilitationen","tag-abgeschlossene-dissertationen-und-habilitationen","tag-goekce-guevercin"],"_links":{"self":[{"href":"https:\/\/www.hsu-hh.de\/systpaed\/wp-json\/wp\/v2\/pages\/567","targetHints":{"allow":["GET"]}}],"collection":[{"href":"https:\/\/www.hsu-hh.de\/systpaed\/wp-json\/wp\/v2\/pages"}],"about":[{"href":"https:\/\/www.hsu-hh.de\/systpaed\/wp-json\/wp\/v2\/types\/page"}],"author":[{"embeddable":true,"href":"https:\/\/www.hsu-hh.de\/systpaed\/wp-json\/wp\/v2\/users\/147"}],"replies":[{"embeddable":true,"href":"https:\/\/www.hsu-hh.de\/systpaed\/wp-json\/wp\/v2\/comments?post=567"}],"version-history":[{"count":7,"href":"https:\/\/www.hsu-hh.de\/systpaed\/wp-json\/wp\/v2\/pages\/567\/revisions"}],"predecessor-version":[{"id":2246,"href":"https:\/\/www.hsu-hh.de\/systpaed\/wp-json\/wp\/v2\/pages\/567\/revisions\/2246"}],"up":[{"embeddable":true,"href":"https:\/\/www.hsu-hh.de\/systpaed\/wp-json\/wp\/v2\/pages\/488"}],"wp:attachment":[{"href":"https:\/\/www.hsu-hh.de\/systpaed\/wp-json\/wp\/v2\/media?parent=567"}],"wp:term":[{"taxonomy":"category","embeddable":true,"href":"https:\/\/www.hsu-hh.de\/systpaed\/wp-json\/wp\/v2\/categories?post=567"},{"taxonomy":"post_tag","embeddable":true,"href":"https:\/\/www.hsu-hh.de\/systpaed\/wp-json\/wp\/v2\/tags?post=567"}],"curies":[{"name":"wp","href":"https:\/\/api.w.org\/{rel}","templated":true}]}}