{"id":557,"date":"2017-12-02T12:34:49","date_gmt":"2017-12-02T11:34:49","guid":{"rendered":"https:\/\/www.hsu-hh.de\/systpaed\/?page_id=557"},"modified":"2026-02-23T16:01:31","modified_gmt":"2026-02-23T15:01:31","slug":"radvan","status":"publish","type":"page","link":"https:\/\/www.hsu-hh.de\/systpaed\/abgeschlossene-diss-und-habil\/radvan","title":{"rendered":"Heike Radvan: Beobachtung und Intervention im Horizont p\u00e4dagogischen Handelns"},"content":{"rendered":"<h3><strong>Kurzbiographie<\/strong><\/h3>\n<p>Geboren 1974 auf R\u00fcgen. 1997-2001 Studium der Sozialarbeit\/-p\u00e4dagogik an der Alice-Salomon-Fachhochschule Berlin. Seit 2002 Mitarbeiterin der Amadeu Antonio Stiftung, t\u00e4tig in den Bereichen \u201eAuseinandersetzung mit Antisemitismus in der DDR\u201c und \u201eGender als Kategorie der Rechtsextremismuspr\u00e4vention\u201c. 2004-2007 Promotionsstipendium der Alice-Salomon-Fachhochschule Berlin. 2004-2009 Promotion an der Freien Universit\u00e4t Berlin am Fachbereich Erziehungswissenschaft und Psychologie. Lehrauftr\u00e4ge an der Alice Salomon Fachhochschule Berlin und der FU Berlin im Studiengang \u201eEuropean Master in Intercultural Education\u201c. <a href=\"https:\/\/uni-tuebingen.de\/fakultaeten\/wirtschafts-und-sozialwissenschaftliche-fakultaet\/faecher\/fachbereich-sozialwissenschaften\/rechtsextremismusforschung\/institut\/team\/heike-radvan\/\" target=\"_blank\" rel=\"noopener\">Von 2017 bis 2024 Professorin f\u00fcr Methoden und Theorien Sozialer Arbeit an der BTU Cottbus-Senftenberg und seit 2024 Professorin fu\u0308r Rechtsextremismusforschung mit Schwerpunkt Politische und kulturelle Bildung.<\/a><\/p>\n<h3><strong>Dissertationsprojekt<\/strong><\/h3>\n<p>\u201eBeobachtung und Intervention im Horizont p\u00e4dagogischen Handelns. Eine empirische Studie zum Umgang mit Antisemitismus in Einrichtungen der offenen Jugendarbeit\u201c. Dissertation an der Freien Universit\u00e4t Berlin, Erstgutachter: <abbr title=\"Professor\">Prof.<\/abbr> <abbr title=\"Doktor\">Dr.<\/abbr> Arnd-Michael Nohl, Zweitgutachter: <abbr title=\"Professor\">Prof.<\/abbr> <abbr title=\"Doktor\">Dr.<\/abbr> Christoph Wulf, Bewertung: summa cum laude.<\/p>\n<p>Ver\u00f6ffentlichung beim Verlag Julius Klinkhardt unter dem Titel \u201eP\u00e4dagogisches Handeln und Antisemitismus. Eine empirische Studie zu Beobachtungs- und Interventionsformen in der offenen Jugendarbeit\u201c.<\/p>\n<h3><strong>Ver\u00f6ffentlichungen<\/strong><\/h3>\n<p>2010<\/p>\n<p>Formen p\u00e4dagogischer Intervention im Horizont wahrgenommener Antisemitismen. Perspektiven f\u00fcr die Aus- und Weiterbildung von Jugendp\u00e4dagog(inn)en. In: Stender, Wolfram\/Follert, Guido\/\u00d6zdogan, Mihri: Konstellationen des Antisemitismus. Wiesbaden: VS Verlag f\u00fcr Sozialwissenschaften, S. 165-183.<\/p>\n<p>2009<\/p>\n<p>Antisemitismus in der DDR. Die Notwendigkeit eines \u00f6ffentlichen Diskurses. In: Lemke, Matthias\/Kuchler, Daniel\/Nawrat, Sebastian: 60 Jahre Bundesrepublik Deutschland. Dis\/kurs. Politikwissenschaftliche und geschichtsphilosophische Interventionen. Magdeburg: Meine Verlag, S. 219\u2013230.<\/p>\n<p>2008<\/p>\n<p>(Mit Arnd-Michael Nohl): Experteninterviews in dokumentarischer Interpretation: Zur Evaluation impliziter Wissens- und Handlungsstrukturen in der au\u00dferschulischen Jugendp\u00e4dagogik. In: Bohnsack, Ralf\/Nentwig-Gesemann, Iris (Hg.): Dokumentarische Evaluationsforschung. Theoretische Grundlagen und Beispiele aus der Praxis. Opladen &amp; Farmington Hills: Verlag Barbara Budrich, S. 159-180.<\/p>\n<p>Antisemitismus in der offenen Jugendarbeit \u2013 Wie kann p\u00e4dagogisches Handeln aussehen? In: Gahleitner, Silke Birgitta\/Gerull, Susanne\/Lange, Chris\/Schambach-Hardtke, Lydia\/Petuya, Begona\/Streblow, Claudia (Hg.): Sozialarbeitswissenschaftliche Forschung. Einblicke in aktuelle Themen. Opladen &amp; Farmington Hills: Verlag Barbara Budrich, S. 85\u201398.<\/p>\n<p>2007<\/p>\n<p>Ann\u00e4herungen an den Begriff Antisemitismus. In: Informations- und Dokumentationszentrum f\u00fcr Antirassismusarbeit e. V. (IDA): Lernen in der Begegnung. Theorie und Praxis von Social Justice Trainings. D\u00fcsseldorf, S. 34\u201337.<\/p>\n<p>Antisemitismus in den Neuen Bundesl\u00e4ndern, Bonn. Verf\u00fcgbar unter: http:\/\/www.bpb.de\/themen\/RLZ4ND,1,0,Antisemitismus_in_den_neuen_Bundesl%E4ndern.htm.<\/p>\n<p>2006<br \/>\nWas kann Zivilgesellschaft gegen Antisemitismus tun? In: Fritz Bauer Institut; Jugendbegegnungsst\u00e4tte Anne Frank (Hg.): Neue Judenfeindschaft? Perspektiven f\u00fcr den Umgang mit dem globalisierten Antisemitismus. Frankfurt\/New York: Campus Verlag, S. 339-354.<\/p>\n<p>2005<br \/>\n(Mit Anetta Kahane): Antisemitismus in den neuen Bundesl\u00e4ndern. In: Amadeu Antonio Stiftung (Hg.): Was tun gegen Antisemitismus? Erfahrungen aus der Projektarbeit der Amadeu Antonio Stiftung, Berlin, S. 11-15.<\/p>\n<p>2004<br \/>\nAntisemitismus, Antizionismus und \u201everordneter Antifaschismus\u201c in der DDR. In: Zentrum Demokratische Kultur (Hg.): \u201eVor Antisemitismus ist man nur noch auf dem Monde sicher.\u201c Antisemitismus und Antiamerikanismus in Deutschland, Leipzig: Ernst Klett Verlag, S. 39 \u2013 43.<\/p>\n<p>2001<br \/>\n\u201e\u2026einfach viele zu treffen, die in einer \u00e4hnlichen Situation sind.\u201c Lesben im Alter \u2013 Lebenswege und Visionen. In: Frauenbeauftragte und Frauenrat der Alice- Salomon-Fachhochschule f\u00fcr Sozialarbeit\/ Sozialp\u00e4dagogik und Pflege\/ Pflegemanegement (Hg.): Quer &#8211; denken lesen schreiben. Ausgabe 03\/01, Berlin, S. 7\u201311.<\/p>\n","protected":false},"excerpt":{"rendered":"<p>Kurzbiographie Geboren 1974 auf R\u00fcgen. 1997-2001 Studium der Sozialarbeit\/-p\u00e4dagogik an der Alice-Salomon-Fachhochschule Berlin. Seit 2002 Mitarbeiterin der Amadeu Antonio Stiftung, t\u00e4tig in den Bereichen \u201eAuseinandersetzung mit Antisemitismus in der DDR\u201c [&hellip;]<\/p>\n","protected":false},"author":147,"featured_media":0,"parent":488,"menu_order":0,"comment_status":"closed","ping_status":"closed","template":"","meta":{"footnotes":""},"categories":[85],"tags":[107,167],"class_list":["post-557","page","type-page","status-publish","hentry","category-abgeschlossene-dissertationen-und-habilitationen","tag-abgeschlossene-dissertationen-und-habilitationen","tag-heike-radvan"],"_links":{"self":[{"href":"https:\/\/www.hsu-hh.de\/systpaed\/wp-json\/wp\/v2\/pages\/557","targetHints":{"allow":["GET"]}}],"collection":[{"href":"https:\/\/www.hsu-hh.de\/systpaed\/wp-json\/wp\/v2\/pages"}],"about":[{"href":"https:\/\/www.hsu-hh.de\/systpaed\/wp-json\/wp\/v2\/types\/page"}],"author":[{"embeddable":true,"href":"https:\/\/www.hsu-hh.de\/systpaed\/wp-json\/wp\/v2\/users\/147"}],"replies":[{"embeddable":true,"href":"https:\/\/www.hsu-hh.de\/systpaed\/wp-json\/wp\/v2\/comments?post=557"}],"version-history":[{"count":6,"href":"https:\/\/www.hsu-hh.de\/systpaed\/wp-json\/wp\/v2\/pages\/557\/revisions"}],"predecessor-version":[{"id":2245,"href":"https:\/\/www.hsu-hh.de\/systpaed\/wp-json\/wp\/v2\/pages\/557\/revisions\/2245"}],"up":[{"embeddable":true,"href":"https:\/\/www.hsu-hh.de\/systpaed\/wp-json\/wp\/v2\/pages\/488"}],"wp:attachment":[{"href":"https:\/\/www.hsu-hh.de\/systpaed\/wp-json\/wp\/v2\/media?parent=557"}],"wp:term":[{"taxonomy":"category","embeddable":true,"href":"https:\/\/www.hsu-hh.de\/systpaed\/wp-json\/wp\/v2\/categories?post=557"},{"taxonomy":"post_tag","embeddable":true,"href":"https:\/\/www.hsu-hh.de\/systpaed\/wp-json\/wp\/v2\/tags?post=557"}],"curies":[{"name":"wp","href":"https:\/\/api.w.org\/{rel}","templated":true}]}}