{"id":552,"date":"2017-12-02T12:32:10","date_gmt":"2017-12-02T11:32:10","guid":{"rendered":"https:\/\/www.hsu-hh.de\/systpaed\/?page_id=552"},"modified":"2021-04-16T13:17:33","modified_gmt":"2021-04-16T11:17:33","slug":"demirci","status":"publish","type":"page","link":"https:\/\/www.hsu-hh.de\/systpaed\/abgeschlossene-diss-und-habil\/demirci","title":{"rendered":"Silva Demirci: Arbeitsmarkterfolgreiche Migrantinnen und Migranten aus der T\u00fcrkei"},"content":{"rendered":"<h3>Kurzbiographie<\/h3>\n<p>Geboren 1965 in Samandag\/T\u00fcrkei. 1970 Migration nach Berlin. 1986-1990 Studium der Sozialarbeit\/-p\u00e4dagogik an der Evangelischen Fachhochschule Berlin. 1991-2003 Praxiseinsatz in verschiedenen Bereichen der Sozialarbeit\/Sozialp\u00e4dagogik. Anfang 2003 bis Ende 2004 Weiterbildung zur Organisationsberaterin. Von April 2004 bis Dezember 2006 Gastdozentur f\u00fcr Interkulturelle P\u00e4dagogik an der Ev. Fachhochschule f\u00fcr Sozialarbeit und Sozialp\u00e4dagogik Berlin finanziert \u00fcber das Berliner Programm zur F\u00f6rderung der Chancengleichheit f\u00fcr Frauen in Forschung und Lehre der Humboldt- Universit\u00e4t.<\/p>\n<h3><strong>Dissertationsprojekt<\/strong><\/h3>\n<p>\u201eArbeitsmarkterfolgreiche Migrantinnen und Migranten aus der T\u00fcrkei.<br \/>\nEine vergleichende Analyse von Bildungs- und Berufsbiographien\u201c. Dissertation an der Freien Universit\u00e4t Berlin, Erstgutachter: <abbr title=\"Professor\">Prof.<\/abbr> <abbr title=\"Doktor\">Dr.<\/abbr> Arnd-Michael Nohl, Zweitgutachterin: <abbr title=\"Professor\">Prof.<\/abbr> <abbr title=\"Doktor\">Dr.<\/abbr> Ulrike Urban-Stahl; das Verfahren wurde im Jahr 2015 abgeschlossen.<\/p>\n<h3><strong>Ver\u00f6ffentlichungen<\/strong><\/h3>\n<p>2001<br \/>\n\u201eCheckliste f\u00fcr ein kultursensibles Pflegeprofil von station\u00e4ren Pflegeeinrichtungen\u201c, Arbeitskreis Kultursensible Pflege (Hg), Berlin<\/p>\n<p>2002<br \/>\n\u201eEine Handreichung f\u00fcr eine kultursensible Altenpflege\u201c, Arbeitskreis Charta f\u00fcr eine kultursensible Altenpflege\/Kuratorium Deutsche Altershilfe (Hg), K\u00f6ln<\/p>\n<p>2003<br \/>\n\u201eCheckliste f\u00fcr ein kultursensibles Pflegeprofil von ambulanten Pflegeeinrichtungen&#8220;, Arbeitskreis Kultursensible Pflege (Hg), Berlin<\/p>\n<p>2003<br \/>\nSozialarbeit mit \u00e4lteren Migranten. in: Christian Zippel und Sibylle Kraus (Hg): \u201eSoziale Arbeit mit alten Menschen&#8220;, Berlin, 177-185<\/p>\n<p>2003<br \/>\nFortbildungsmodul zu Kultur und Migration in der Altenpflege in: Jens Friebe, Michaela Zalucki (Hg): \u201eInterkulturelle Bildung in der Pflege&#8220;, CD-ROM<\/p>\n<p>2007<br \/>\nDer Erkenntnisexpress- eine Moderationsmethode f\u00fcr Arbeitsgruppen auf Tagungen ist in: Soziale Arbreit, DZI (Deutsches Institut f\u00fcr soziale Fragen), Januar 2007, S. 28-31<\/p>\n<p>2007<br \/>\nVielfalt entdecken &#8211; ein Studentenprojekt in: Praxisforschung, Organisationsrentwicklung, Weiterbildung &#8211; Interkulturelle \u00d6ffnung, INIB (Institut f\u00fcr Innovation und Beratung an der Evangelischen Fachhochschule Berlin e.V.), Berlin<\/p>\n<p>2007<br \/>\n&#8222;Wir sind eine interkulturell offene Einrichtung&#8220;, Forum Gesundheit und Soziales &#8211; Beitr\u00e4ge aus Lehre, Forschung und Praxis der Studieng\u00e4nge der&nbsp;Evangelischen Fachhochschule Berlin in Kooperation mit dem Diakonischen Werk Berlin-Brandenburg-schlesische Oberlausitz e.V., Berlin, 4\/2007, S. 29-34<\/p>\n","protected":false},"excerpt":{"rendered":"<p>Kurzbiographie Geboren 1965 in Samandag\/T\u00fcrkei. 1970 Migration nach Berlin. 1986-1990 Studium der Sozialarbeit\/-p\u00e4dagogik an der Evangelischen Fachhochschule Berlin. 1991-2003 Praxiseinsatz in verschiedenen Bereichen der Sozialarbeit\/Sozialp\u00e4dagogik. Anfang 2003 bis Ende 2004 [&hellip;]<\/p>\n","protected":false},"author":147,"featured_media":0,"parent":488,"menu_order":0,"comment_status":"closed","ping_status":"closed","template":"","meta":{"footnotes":""},"categories":[85],"tags":[107,169],"class_list":["post-552","page","type-page","status-publish","hentry","category-abgeschlossene-dissertationen-und-habilitationen","tag-abgeschlossene-dissertationen-und-habilitationen","tag-silva-demirci"],"_links":{"self":[{"href":"https:\/\/www.hsu-hh.de\/systpaed\/wp-json\/wp\/v2\/pages\/552","targetHints":{"allow":["GET"]}}],"collection":[{"href":"https:\/\/www.hsu-hh.de\/systpaed\/wp-json\/wp\/v2\/pages"}],"about":[{"href":"https:\/\/www.hsu-hh.de\/systpaed\/wp-json\/wp\/v2\/types\/page"}],"author":[{"embeddable":true,"href":"https:\/\/www.hsu-hh.de\/systpaed\/wp-json\/wp\/v2\/users\/147"}],"replies":[{"embeddable":true,"href":"https:\/\/www.hsu-hh.de\/systpaed\/wp-json\/wp\/v2\/comments?post=552"}],"version-history":[{"count":5,"href":"https:\/\/www.hsu-hh.de\/systpaed\/wp-json\/wp\/v2\/pages\/552\/revisions"}],"predecessor-version":[{"id":1571,"href":"https:\/\/www.hsu-hh.de\/systpaed\/wp-json\/wp\/v2\/pages\/552\/revisions\/1571"}],"up":[{"embeddable":true,"href":"https:\/\/www.hsu-hh.de\/systpaed\/wp-json\/wp\/v2\/pages\/488"}],"wp:attachment":[{"href":"https:\/\/www.hsu-hh.de\/systpaed\/wp-json\/wp\/v2\/media?parent=552"}],"wp:term":[{"taxonomy":"category","embeddable":true,"href":"https:\/\/www.hsu-hh.de\/systpaed\/wp-json\/wp\/v2\/categories?post=552"},{"taxonomy":"post_tag","embeddable":true,"href":"https:\/\/www.hsu-hh.de\/systpaed\/wp-json\/wp\/v2\/tags?post=552"}],"curies":[{"name":"wp","href":"https:\/\/api.w.org\/{rel}","templated":true}]}}