{"id":547,"date":"2017-12-02T12:22:39","date_gmt":"2017-12-02T11:22:39","guid":{"rendered":"https:\/\/www.hsu-hh.de\/systpaed\/?page_id=547"},"modified":"2026-02-19T16:49:53","modified_gmt":"2026-02-19T15:49:53","slug":"dokumentarische-methode","status":"publish","type":"page","link":"https:\/\/www.hsu-hh.de\/systpaed\/dokumentarische-methode","title":{"rendered":"Dokumentarische Methode"},"content":{"rendered":"\n<p>Die Dokumentarische Methode, urspr\u00fcnglich von Karl Mannheim in den 1920er Jahren begr\u00fcndet, weitergef\u00fchrt von Harold Garfinkel und zu einem sozialwissenschaftlichen, rekonstruktiven Auswertungsverfahren ausgearbeitet von <a href=\"http:\/\/ralfbohnsack.de\" rel='nofollow'>Ralf Bohnsack<\/a>, ist mittlerweile zu einer beliebenden qualitativen Methodologie geworden, die in vielen wissenschaftlichen Disziplinen, weit \u00fcber die Sozialwissenschaften hinaus (<abbr title=\"unter anderem\">u.a.<\/abbr> in der Theologie und Medizin), nicht nur angewendet, sondern auch weiterentwickelt wird.<\/p>\n\n\n\n<p>Einf\u00fchrungen und Weiterbildungen in der Dokumentarischen Methode bietet das <a href=\"https:\/\/ces-forschung.de\/workshop-termine\" rel='nofollow'>Centrum f\u00fcr qualitative Evaluations- und Sozialforschung e.V.<\/a> an.<\/p>\n\n\n\n<p>Um zusammen mit K\u00fcnstlicher Intelligenz dokumentarisch zu interpretieren, wurde <a href=\"https:\/\/dokumet.de\/\" rel='nofollow'>Karl AI<\/a> entwickelt. Eine umfassende, wenn auch nicht vollst\u00e4ndige Liste aller Ver\u00f6ffentlichungen, die auf der Dokumentarischen Methode basieren und zwischen 2007 und 2022 erschienen sind, findet sich <a href=\"https:\/\/www.hsu-hh.de\/systpaed\/wp-content\/uploads\/sites\/755\/2026\/02\/LitdokMeth26-02-07.pdf\">hier<\/a><a id=\"_msocom_1\" rel='nofollow'><\/a><\/p>\n","protected":false},"excerpt":{"rendered":"<p>Die Dokumentarische Methode, urspr\u00fcnglich von Karl Mannheim in den 1920er Jahren begr\u00fcndet, weitergef\u00fchrt von Harold Garfinkel und zu einem sozialwissenschaftlichen, rekonstruktiven Auswertungsverfahren ausgearbeitet von Ralf Bohnsack, ist mittlerweile zu einer [&hellip;]<\/p>\n","protected":false},"author":159,"featured_media":0,"parent":0,"menu_order":0,"comment_status":"closed","ping_status":"closed","template":"","meta":{"footnotes":""},"categories":[142],"tags":[149],"class_list":["post-547","page","type-page","status-publish","hentry","category-dokumentarische-methode","tag-dokumentarische-methode"],"_links":{"self":[{"href":"https:\/\/www.hsu-hh.de\/systpaed\/wp-json\/wp\/v2\/pages\/547","targetHints":{"allow":["GET"]}}],"collection":[{"href":"https:\/\/www.hsu-hh.de\/systpaed\/wp-json\/wp\/v2\/pages"}],"about":[{"href":"https:\/\/www.hsu-hh.de\/systpaed\/wp-json\/wp\/v2\/types\/page"}],"author":[{"embeddable":true,"href":"https:\/\/www.hsu-hh.de\/systpaed\/wp-json\/wp\/v2\/users\/159"}],"replies":[{"embeddable":true,"href":"https:\/\/www.hsu-hh.de\/systpaed\/wp-json\/wp\/v2\/comments?post=547"}],"version-history":[{"count":17,"href":"https:\/\/www.hsu-hh.de\/systpaed\/wp-json\/wp\/v2\/pages\/547\/revisions"}],"predecessor-version":[{"id":2127,"href":"https:\/\/www.hsu-hh.de\/systpaed\/wp-json\/wp\/v2\/pages\/547\/revisions\/2127"}],"wp:attachment":[{"href":"https:\/\/www.hsu-hh.de\/systpaed\/wp-json\/wp\/v2\/media?parent=547"}],"wp:term":[{"taxonomy":"category","embeddable":true,"href":"https:\/\/www.hsu-hh.de\/systpaed\/wp-json\/wp\/v2\/categories?post=547"},{"taxonomy":"post_tag","embeddable":true,"href":"https:\/\/www.hsu-hh.de\/systpaed\/wp-json\/wp\/v2\/tags?post=547"}],"curies":[{"name":"wp","href":"https:\/\/api.w.org\/{rel}","templated":true}]}}