{"id":470,"date":"2017-11-25T12:18:45","date_gmt":"2017-11-25T11:18:45","guid":{"rendered":"https:\/\/www.hsu-hh.de\/systpaed\/?page_id=470"},"modified":"2026-02-23T15:55:25","modified_gmt":"2026-02-23T14:55:25","slug":"warth","status":"publish","type":"page","link":"https:\/\/www.hsu-hh.de\/systpaed\/warth","title":{"rendered":"Dr. Annegret Warth\u2010Shahlaei"},"content":{"rendered":"<h3>Kurzbiographie<\/h3>\n<p>2003 bis 2005<br \/>\nGrundstudium Erziehungswissenschaft in T\u00fcbingen<\/p>\n<p>2005 bis 2010<br \/>\nHauptstudium Erziehungswissenschaft in Marburg mit den Schwerpunkten au\u00dferschulische Jugendarbeit und Erwachsenenbildung, interkulturelle Erziehung, Friedens- und Konfliktforschung<\/p>\n<p>2008\/09<br \/>\nErasmus-Aufenthalt an der Bogazici University in Istanbul. Diplomarbeit zum Thema gesellschaftliches Engagement von jungen Erwachsenen in der T\u00fcrkei<\/p>\n<p>2010\/11<br \/>\nJugendarbeit, Fachkr\u00e4ftefortbildungen, Jugendforschung an der Youth Studies Unit der Istanbul Bilgi University<\/p>\n<p>05\/2011 bis 03\/2012<br \/>\nwissenschaftliche Hilfskraft an der Fakult\u00e4t f\u00fcr Geistes- und Sozialwissenschaften der Helmut-Schmidt-Universit\u00e4t, Professur f\u00fcr Erziehungswissenschaft, insbesondere systematische P\u00e4dagogik<\/p>\n<p>2012-2016<br \/>\nwissenschaftliche Mitarbeiterin an der Sozialp\u00e4dagogischen Forschungsstelle \u201eBildung und Bew\u00e4ltigung im Lebenslauf\u201c, Goethe-Universit\u00e4t Frankfurt am Main.<\/p>\n<p>04\/2016-08\/2016<br \/>\nwissenschaftliche Mitarbeiterin an der Interdisziplin\u00e4ren Alternswissenschaft, Goethe-Universit\u00e4t Frankfurt am Main.<\/p>\n<p>2016<br \/>\nexterne Mitarbeiterin an der Sozialp\u00e4dagogischen Forschungsstelle \u201eBildung und Bew\u00e4ltigung im Lebenslauf\u201c, Goethe-Universit\u00e4t Frankfurt am Main<\/p>\n<p>2016-2018<br \/>\nProjektkoordination und Projektleitung \u201eForschung und Praxis im Dialog\u201c, transfer e.V., K\u00f6ln<\/p>\n<p>2019<br \/>\nMercator-IPC Fellow am Istanbul Policy Center<\/p>\n<h3>Forschungsschwerpunkte<\/h3>\n<p>Internationale Jugendforschung mit besonderen Fokus auf T\u00fcrkei, Kinder- und Jugendhilfe, Jugendmobilit\u00e4t, qualitative Methoden, insbesondere Dokumentarische Methode<\/p>\n<h3>Abgeschlossene Projekte<\/h3>\n<p>Wissenschaftliche Begleitung des Projekts \u201eModellentwicklung zur Etablierung einer internationalen Leitkultur in Organisationen und Institutionen der Kinder- und Jugendhilfe\u201c (02\/2016 bis 12\/2017, BMFSFJ, Kooperationsprojekt mit IJAB e.V.)<\/p>\n<p>Status-quo-Analyse zum Sch\u00fcler- und Jugendaustausch zwischen Deutschland und der T\u00fcrkei (02\/2015 bis 12\/2015, Kooperationsprojekt mit der Deutsch-T\u00fcrkischen Jugendbr\u00fccke und der Youth Studies Unit der Istanbul Bilgi University, Projektleitung)<\/p>\n<p>Potenziale und Grenzen der sozialp\u00e4dagogischen F\u00f6rderungen der Bildungsverl\u00e4ufe von M\u00e4dchen. Eine qualitative Studie zu Nutzungs- und Wirkungsweisen m\u00e4dchenp\u00e4dagogischer Arbeit (10\/2013 bis 09\/2014, Max-Traeger-Stiftung, Nachbarschaftsheim e.V., Projektleitung)<\/p>\n<p>GOETE: Governance of Educational Trajectories in Europe. Access, Coping and Relevance of Education for Young People in European Knowledge Societies (2010 bis 2013; 7. EU-Rahmenforschungsprogramm; Mitarbeit in der Datenauswertung)<\/p>\n<h3>Dissertation<\/h3>\n<p>Jugend(en) in Istanbul: Lebenslagen und Handlungsorientierungen Jugendlicher im rekonstruktiven Milieuvergleich (Arbeitstitel)<\/p>\n<h3>Ver\u00f6ffentlichungen<\/h3>\n<h3>Herausgeberschaften<\/h3>\n<p>Litau, John\/Walther, Andreas\/Warth, Annegret\/Wey, Sophia (<abbr title=\"Herausgeber\">Hrsg.<\/abbr>) (2016): Theorie und Forschung zur Lebensbew\u00e4ltigung. Methodologische Vergewisserungen und empirische Befunde. Weinheim, Basel: Beltz Juventa.<\/p>\n<h3>Beitr\u00e4ge<\/h3>\n<p>Warth, Annegret\/Dittrich, Christiane (im Erscheinen): Internationale \u00d6ffnung der Kinder- und Jugendhilfe durch Organisationsentwicklung. Forum Internationale Jugendarbeit, IJAB e.V.<\/p>\n<p>Rosellen, Andreas\/Warth, Annegret (2018): Dialog zwischen Forschung und Praxis in der Internationalen Jugendarbeit. Sozial Extra, S. 55-56.<\/p>\n<p>Morena Cuconato\/Karolina Majdzi\u0144ska\/Andreas Walther\/Annegret Warth (2016): Students\u2019 Decision-making Strategies at Transitions in Education. In: Andreas Walther, Marcelo Parreira do Amaral, Morena Cuconato and Roger Dale (<abbr title=\"Herausgeber\">Hrsg.<\/abbr>): Governance of Educational Trajectories in Europe. Pathways, Policy and Practice. London, New York: Bloomsburry, S. 223-246<\/p>\n<p>Warth, Annegret (2016): Aufwachsen in Istanbul. Peergroups als Ort der Auseinandersetzung mit gesellschaftlichen Erwartungen. In: Litau, John\/Walther, Andreas\/Warth, Annegret\/ Wey, Sophia (Hg.) (2016): Theorie und Forschung zur Lebensbew\u00e4ltigung. Methodologische Vergewisserungen und empirische Befunde. Weinheim, Basel: Beltz Juventa, S. 147-163.<\/p>\n<p>Walther, Andreas\/Warth, Annegret\/Ule, Mirjana\/Du Bois-Reymond, Manuela (2015): \u2018Me, my education and I\u2019. Constellations of decision-making in young people\u2019s educational trajectories. In: International Journal of Qualitative Studies in Education 28 (3), S. 349\u2013371. DOI: 10.1080\/09518398.2014.987850 .<\/p>\n<p>Meuth, Miriam\/Warth, Annegret\/Walther, Andreas (2014): No crisis but a paradigm shift? German youth policy between continuity and change. In: International Journal of Adolescence and Youth 19, S. 79\u201392. DOI: 10.1080\/02673843.2013.813860 .<\/p>\n<p>Warth, Annegret (2013): Gen\u00e7lerin Hayatla Ba\u015fetme Stratejisi Olarak G\u00f6n\u00fcll\u00fcl\u00fck [Gesellschaftliches Engagement Jugendlicher und Lebensbew\u00e4ltigung], in: L\u00fck\u00fcsl\u00fc, Demet\/Acar, Hakan: Gen\u00e7lik Halleri. 2000&#8217;ler T\u00fcrkiye&#8217;sinde Gen\u00e7 Olmak [Lebenslagen Jugendlicher: Jung sein in der T\u00fcrkei in den 2000ern], Istanbul: Efil Yay\u0131nevi, S. 247- 269.<\/p>\n<p>Amling, Steffen\/Warth, Annegret (2013): \u201eIch finde, wenn das nicht aus einem Menschen selbst raus kommt, hat niemand einen schlechten Einfluss auf dich\u201c \u2013 Empirische Rekonstruktionen der Orientierungen zu sozialer Ordnung bei Jugendlichen in Deutschland und der T\u00fcrkei. In: Kreiser, Klaus\/Motika, Raoul\/Steinbach, Udo\/Joppien, Charlotte\/Schulz, Ludwig (<abbr title=\"Herausgeber\">Hrsg.<\/abbr>): Junge Perspektiven der T\u00fcrkeiforschung in Deutschland (Band 1-2013). Springer Verlag, S. 174-194.<\/p>\n<p>Amling, Steffen\/Warth, Annegret (2012): Orientierungen zu Zugeh\u00f6rigkeit in jugendlichen Peergroups im internationalen Vergleich Deutschland \/ T\u00fcrkei \u2013 ein Projektbericht. In: Ozil, Seyda\/ Hofmann, Michael\/Day\u0131oglu-Y\u00fccel, Yasemin (<abbr title=\"Herausgeber\">Hrsg.<\/abbr>): 51 Jahre t\u00fcrkische Gastarbeitermigration in Deutschland. V&amp;R unipress, S. 151-165.<\/p>\n<p>Warth, Annegret (2012): Freiwilliges Engagement in der Jugendarbeit: Zur Entwicklung eines neuen Sozialisationskontextes in der T\u00fcrkei, in: Nohl, Arnd-Michael\/Pusch, Barbara (<abbr title=\"Herausgeber\">Hrsg.<\/abbr>): Bildung und gesellschaftlicher Wandel in der T\u00fcrkei \u2013 Historische und aktuelle Aspekte, W\u00fcrzburg: Ergon, S. 121-146.<\/p>\n<p>Warth, Annegret (2010):Zivilgesellschaft im Aufbruch: Die Entwicklung zivilgesellschaftlicher Jugendarbeit in der T\u00fcrkei. In: IJAB: Forum Jugendarbeit International: Internationale Jugendarbeit und Chancengleichheit, <abbr title=\"Jahrgang\">Jg.<\/abbr> 2008-10, Hamm, S.471-484.<\/p>\n<p>Naundorf, Franziska\/ Klinke, Sebastian\/ Warth, Annegret\/ Willich, Anke (2006): Einstellungen und Strategien von Jugendgruppenleitern- Erste Ergebnisse der Untersuchung [zu Jugendverb\u00e4nde und lokaler Rechtsextremismus], in: Hessische Jugend, <abbr title=\"Jahrgang\">Jg.<\/abbr>58, 4\/2006, S.14-15<\/p>\n<h3>Kontakt<\/h3>\n<p>annegret.warth@gmail.com<\/p>\n<p><a href=\"https:\/\/www.stuttgart.de\/organigramm\/personen\/warth-shahlaei-annegret\" target=\"_blank\" rel=\"noopener\">https:\/\/www.stuttgart.de\/organigramm\/personen\/warth-shahlaei-annegret<\/a><\/p>\n","protected":false},"excerpt":{"rendered":"<p>Kurzbiographie 2003 bis 2005 Grundstudium Erziehungswissenschaft in T\u00fcbingen 2005 bis 2010 Hauptstudium Erziehungswissenschaft in Marburg mit den Schwerpunkten au\u00dferschulische Jugendarbeit und Erwachsenenbildung, interkulturelle Erziehung, Friedens- und Konfliktforschung 2008\/09 Erasmus-Aufenthalt an [&hellip;]<\/p>\n","protected":false},"author":159,"featured_media":0,"parent":0,"menu_order":0,"comment_status":"closed","ping_status":"closed","template":"","meta":{"footnotes":""},"categories":[87],"tags":[81,65,49],"class_list":["post-470","page","type-page","status-publish","hentry","category-ehemalige-mitarbeiter","tag-annegret-warth","tag-ehemalige-mitarbeiter","tag-team"],"_links":{"self":[{"href":"https:\/\/www.hsu-hh.de\/systpaed\/wp-json\/wp\/v2\/pages\/470","targetHints":{"allow":["GET"]}}],"collection":[{"href":"https:\/\/www.hsu-hh.de\/systpaed\/wp-json\/wp\/v2\/pages"}],"about":[{"href":"https:\/\/www.hsu-hh.de\/systpaed\/wp-json\/wp\/v2\/types\/page"}],"author":[{"embeddable":true,"href":"https:\/\/www.hsu-hh.de\/systpaed\/wp-json\/wp\/v2\/users\/159"}],"replies":[{"embeddable":true,"href":"https:\/\/www.hsu-hh.de\/systpaed\/wp-json\/wp\/v2\/comments?post=470"}],"version-history":[{"count":10,"href":"https:\/\/www.hsu-hh.de\/systpaed\/wp-json\/wp\/v2\/pages\/470\/revisions"}],"predecessor-version":[{"id":2237,"href":"https:\/\/www.hsu-hh.de\/systpaed\/wp-json\/wp\/v2\/pages\/470\/revisions\/2237"}],"wp:attachment":[{"href":"https:\/\/www.hsu-hh.de\/systpaed\/wp-json\/wp\/v2\/media?parent=470"}],"wp:term":[{"taxonomy":"category","embeddable":true,"href":"https:\/\/www.hsu-hh.de\/systpaed\/wp-json\/wp\/v2\/categories?post=470"},{"taxonomy":"post_tag","embeddable":true,"href":"https:\/\/www.hsu-hh.de\/systpaed\/wp-json\/wp\/v2\/tags?post=470"}],"curies":[{"name":"wp","href":"https:\/\/api.w.org\/{rel}","templated":true}]}}