{"id":462,"date":"2017-11-25T11:58:16","date_gmt":"2017-11-25T10:58:16","guid":{"rendered":"https:\/\/www.hsu-hh.de\/systpaed\/?page_id=462"},"modified":"2022-01-19T16:07:58","modified_gmt":"2022-01-19T15:07:58","slug":"henkelmann","status":"publish","type":"page","link":"https:\/\/www.hsu-hh.de\/systpaed\/henkelmann","title":{"rendered":"Dr. phil. Yvonne Henkelmann, Dip.-P\u00e4d."},"content":{"rendered":"<h3>Kurzbiographie<\/h3>\n<p>Nach Abschluss des Abiturs 1998 in M\u00f6nchengladbach begann ich die Ausbildung zur staatlich anerkannten Erzieherin in Krefeld. Das Anerkennungsjahr absolvierte ich in einer \u00e9cole maternelle in N&#8217;Djam\u00e9na, Tschad.<\/p>\n<p>Im Anschluss daran folgte das Studium der Erziehungswissenschaft mit Schwerpunkt Erwachsenenbildung an der Freien Universit\u00e4t Berlin, das ich 2006 abschloss. Im Studienjahr 2003\/2004 erlangte ich ein &#8222;Certificat en \u00e9ducation interculturelle&#8220; an der Universit\u00e9 de Qu\u00e9bec \u00e0 Montr\u00e9al.<\/p>\n<p>Von August 2006 bis 2011 arbeitete ich an der Helmut-Schmidt-Universit\u00e4t\/ Universit\u00e4t der Bundeswehr und forsche in den Themenbereichen der Migrationswissenschaft und der Sprachsoziologie.<\/p>\n<p>Dissertation zu &#8222;Migration, Sprache und kulturelles Kapital. Eine vergleichende Untersuchung zur Bedeutung von Sprachkenntnissen migrierter Akademiker\/innen bei der Arbeitsmarktpositionierung in Deutschland und Kanada&#8220;. Promoviert im Jahr 2012.<\/p>\n<p>Yvonne Henkelmann arbeitet seit Sommer 2012 als Weiterbildungsbeauftragte einer Bank in Montreal\/Kanada.<\/p>\n<h3>Publikationen<\/h3>\n<p><strong>B\u00fccher<\/strong><\/p>\n<p>HENKELMANN, Yvonne (2007):&nbsp;\u00c4rzte in der Fremde. Karrieren und Sprachkenntnisse von eingewanderten Medizinern in Deutschland und Kanada.Berlin: Logos Verlag.<\/p>\n<p>HENKELMANN, Yvonne (2012):&nbsp;Migration, Sprache und kulturelles Kapital.&nbsp;Wiesbaden: VS<\/p>\n<p><strong>Zeitschriften- und Buchbeitr\u00e4ge<\/strong><\/p>\n<p>HENKELMANN, Yvonne (mit MENZ, Margarete):&nbsp;Biographische Arbeit mit migrierten Akademiker(innen): Prozessbegleitung als M\u00f6glichkeit der Entwicklung selbstbestimmter beruflicher Zukunftsperspektiven&nbsp;(erscheint vorauss. in \u201aSoziale Arbeit\u2019 in 2011).<\/p>\n<p>HENKELMANN, Yvonne (2010): Mehrsprachigkeit zahlt sich aus!Multi-legitimes&nbsp;Sprechen akademisch qualifizierter Migrant\/inn\/en in Deutschland und Kanada. In: Nohl, A.-M. ; Schittenhelm, K. ; Schmidtke, O.; Wei\u00df, A.:&nbsp;Kulturelles Kapital in der Migration. Hochqualifizierte Einwanderer und Einwanderinnen auf dem Arbeitsmarkt.&nbsp;Wiesbaden: VS-Verlag, S. 108-119.<\/p>\n<p>HENKELMANN, Yvonne (2010): Savez-vous parler neuf langues?Les connaissances linguis\u00adtiques et les chances sur le march\u00e9 du travail des migrants qualifi\u00e9s vivant en Allemagne et au Canada.In:&nbsp;A View from A far: Canadian Studies in a European Context \/ Une vision lointaine: Les \u00e9tudes canadiennes dans un contexte europ\u00e9en.Canadian Studies in Europe \/ \u00c9tudes canadiennes en Europe, Vol. 9. (\u00dcbersetzung: \u201eSprechen Sie neun Sprachen? Sprachkenntnisse und Arbeitsmarktoptionen akademisch qualifizierter Migranten in Deutschland und Kanada\u201c)<\/p>\n<p>HENKELMANN, Yvonne (2008): Sprechen Sie Bambara? Sprachenpolitik und deren Einfluss auf die Verwertung des Sprachverm\u00f6gens akademisch qualifizierter Migrant\/inn\/en.In:&nbsp;Bildungseliten, Migration, Mehrsprachigkeit.Osnabr\u00fccker Beitr\u00e4ge zur Sprachtheorie,Band 75, S. 125-144.<\/p>\n<p>HENKELMANN, Yvonne; ROSENBERG, Florian von (2006): \u201eBericht zur Tagung \u201aP\u00e4dagogische Biographieforschung und lebenslanges Lernen im europ\u00e4ischen Diskurs\u2019 der Kommission f\u00fcr Erziehungswissenschaftliche Biographieforschung\u201c. In:&nbsp;Mitteilungen der Deutschen Gesellschaft f\u00fcr Erziehungswissenschaft (DGfE),18.Jahrgang 2007, Verlag Barbara Budrich, S. 111-114.<\/p>\n<p><strong>Arbeitspapiere<\/strong><\/p>\n<p>HENKELMANN, Yvonne:&nbsp;Sprache als Integrationsversprechen? Politische Expertise zu dem Teilbereich \u201aSprache und Positionierung akademisch qualifizierter Migran\/inn\/en\u2019 der Studiengruppe \u201aKulturelles Kapital in der Migration\u2019&nbsp;(Vorgesehen zur Publikation als Arbeitspapier auf&nbsp;&nbsp;http:\/\/www.cultural-capital.net in 2011)<\/p>\n","protected":false},"excerpt":{"rendered":"<p>Kurzbiographie Nach Abschluss des Abiturs 1998 in M\u00f6nchengladbach begann ich die Ausbildung zur staatlich anerkannten Erzieherin in Krefeld. Das Anerkennungsjahr absolvierte ich in einer \u00e9cole maternelle in N&#8217;Djam\u00e9na, Tschad. Im [&hellip;]<\/p>\n","protected":false},"author":159,"featured_media":0,"parent":0,"menu_order":0,"comment_status":"closed","ping_status":"closed","template":"","meta":{"footnotes":""},"categories":[87],"tags":[65,49,99],"class_list":["post-462","page","type-page","status-publish","hentry","category-ehemalige-mitarbeiter","tag-ehemalige-mitarbeiter","tag-team","tag-yvonne-henkelmann"],"_links":{"self":[{"href":"https:\/\/www.hsu-hh.de\/systpaed\/wp-json\/wp\/v2\/pages\/462","targetHints":{"allow":["GET"]}}],"collection":[{"href":"https:\/\/www.hsu-hh.de\/systpaed\/wp-json\/wp\/v2\/pages"}],"about":[{"href":"https:\/\/www.hsu-hh.de\/systpaed\/wp-json\/wp\/v2\/types\/page"}],"author":[{"embeddable":true,"href":"https:\/\/www.hsu-hh.de\/systpaed\/wp-json\/wp\/v2\/users\/159"}],"replies":[{"embeddable":true,"href":"https:\/\/www.hsu-hh.de\/systpaed\/wp-json\/wp\/v2\/comments?post=462"}],"version-history":[{"count":4,"href":"https:\/\/www.hsu-hh.de\/systpaed\/wp-json\/wp\/v2\/pages\/462\/revisions"}],"predecessor-version":[{"id":1699,"href":"https:\/\/www.hsu-hh.de\/systpaed\/wp-json\/wp\/v2\/pages\/462\/revisions\/1699"}],"wp:attachment":[{"href":"https:\/\/www.hsu-hh.de\/systpaed\/wp-json\/wp\/v2\/media?parent=462"}],"wp:term":[{"taxonomy":"category","embeddable":true,"href":"https:\/\/www.hsu-hh.de\/systpaed\/wp-json\/wp\/v2\/categories?post=462"},{"taxonomy":"post_tag","embeddable":true,"href":"https:\/\/www.hsu-hh.de\/systpaed\/wp-json\/wp\/v2\/tags?post=462"}],"curies":[{"name":"wp","href":"https:\/\/api.w.org\/{rel}","templated":true}]}}