{"id":446,"date":"2017-11-25T11:45:01","date_gmt":"2017-11-25T10:45:01","guid":{"rendered":"https:\/\/www.hsu-hh.de\/systpaed\/?page_id=446"},"modified":"2026-02-20T15:36:26","modified_gmt":"2026-02-20T14:36:26","slug":"loy","status":"publish","type":"page","link":"https:\/\/www.hsu-hh.de\/systpaed\/loy","title":{"rendered":"Dr. phil. Christine Loy, Diplom-Kulturwirtin und Mediatorin"},"content":{"rendered":"<h3>Kurzbiographie<\/h3>\n<p>1974<br \/>\ngeboren in Berlin, aufgewachsen in Hamburg<\/p>\n<p>Studium und Ausbildung<\/p>\n<p>1995 bis 1996<br \/>\nStudium der Sprachlehrforschung, Geschichte und Politikwissenschaft an der Ruhr-Universit\u00e4t Bochum<\/p>\n<p>1996 bis 2001<br \/>\n\u201eSprachen, Wirtschafts- und Kulturraumstudien\u201c an der Universit\u00e4t Passau<\/p>\n<p>2009 bis 2010<br \/>\nAusbildung zur Mediatorin bei\u00a0Streit Entknoten, B\u00fcro f\u00fcr Mediation und Interkulturelle Kommunikation, Berlin<\/p>\n<p>10\/2010 bis 10\/2016<br \/>\nPromotion zu hochqualifizierten Bildungsmigranten bei <abbr title=\"Professor\">Prof.<\/abbr>\u00a0<abbr title=\"Doktor\">Dr.<\/abbr>\u00a0Arnd-Michael Nohl, Helmut-Schmidt-Universit\u00e4t<\/p>\n<p>2011<br \/>\nForschungsaufenthalt als DAAD-Stipendiatin im Libanon und in Jordanien zur Durchf\u00fchrung von Interviews mit hochqualifizierten Bildungsmigranten<br \/>\nBerufspraxis<\/p>\n<p>2001 bis 2002<br \/>\nKonzeption und Projektmanagement in den Bereichen E-Learning, Internet und Multimedia, SAP agens Consulting KGaA, Ellerau bei Hamburg<\/p>\n<p>2003 bis 2008<br \/>\nKoordinatorin f\u00fcr Internationale Hochschulkontakte, Dozentin f\u00fcr interkulturelle Kommunikation, Akademisches Auslandsamt, Medizinische Fakult\u00e4t, Otto-von-Guericke-Universit\u00e4t Magdeburg<\/p>\n<p>2009 bis 2010<br \/>\nLeiterin der Servicestelle Interkulturelle Kompetenz, Deutsches Studentenwerk, Berlin<\/p>\n<p>2011 bis 2012<br \/>\nDozentin f\u00fcr Cross-Cultural Management, Hochschule f\u00fcr Wirtschaft und Recht, Berlin<\/p>\n<p>2015<br \/>\nwissenschaftliche Mitarbeiterin an der Fakult\u00e4t f\u00fcr Geistes- und Sozialwissenschaften der Helmut-Schmidt-Universit\u00e4t, Professur f\u00fcr Erziehungswissenschaft, insbesondere systematische P\u00e4dagogik<\/p>\n<p>27.10.2016<br \/>\nAbschluss der Promotion. Titel: &#8222;Was motiviert zur Bildungsmigration nach Deutschland? Erfahrungen und Orientierungen von jungen M\u00e4nnern aus dem Libanon und aus Jordanien&#8220;, Bewertung: summa cum laude. Promotionsthema: Hochqualifizierte Bildungsmigranten<\/p>\n<p>08\/2019<br \/>\nwissenschaftliche Mitarbeiterin an der Universit\u00e4t Leipzig<\/p>\n<h3>Arbeitsschwerpunkte<\/h3>\n<ul>\n<li>Bildungsmigration<\/li>\n<li>Motivationsforschung<\/li>\n<li>Interkulturelle Kommunikation<\/li>\n<li>Intergruppenbeziehungen<\/li>\n<li>Mediation<\/li>\n<\/ul>\n<h3>Publikationen<\/h3>\n<p>Loy, Christine; Hell, Benedikt; Robra, Bernt-Peter (2009): Priorisierung ausl\u00e4ndischer Bildungsabschl\u00fcsse bei der Zulassung zum Medizinstudium. In: Das Hochschulwesen, Jahrgang 57, 3\/2009. Bielefeld: Universit\u00e4tsVerlagWebler, S. 98-103.<\/p>\n<p><a href=\"https:\/\/link.springer.com\/book\/10.1007\/978-3-658-20986-5\" rel='nofollow'>Loy, Christine (2018): Motivationstypen in der Bildungsmigration. Biografische Hintergr\u00fcnde. Wiesbaden: Springer VS<\/a><\/p>\n","protected":false},"excerpt":{"rendered":"<p>Kurzbiographie 1974 geboren in Berlin, aufgewachsen in Hamburg Studium und Ausbildung 1995 bis 1996 Studium der Sprachlehrforschung, Geschichte und Politikwissenschaft an der Ruhr-Universit\u00e4t Bochum 1996 bis 2001 \u201eSprachen, Wirtschafts- und [&hellip;]<\/p>\n","protected":false},"author":159,"featured_media":0,"parent":0,"menu_order":0,"comment_status":"closed","ping_status":"closed","template":"","meta":{"footnotes":""},"categories":[87,8],"tags":[165,65,49],"class_list":["post-446","page","type-page","status-publish","hentry","category-ehemalige-mitarbeiter","category-team","tag-christine-loy","tag-ehemalige-mitarbeiter","tag-team"],"_links":{"self":[{"href":"https:\/\/www.hsu-hh.de\/systpaed\/wp-json\/wp\/v2\/pages\/446","targetHints":{"allow":["GET"]}}],"collection":[{"href":"https:\/\/www.hsu-hh.de\/systpaed\/wp-json\/wp\/v2\/pages"}],"about":[{"href":"https:\/\/www.hsu-hh.de\/systpaed\/wp-json\/wp\/v2\/types\/page"}],"author":[{"embeddable":true,"href":"https:\/\/www.hsu-hh.de\/systpaed\/wp-json\/wp\/v2\/users\/159"}],"replies":[{"embeddable":true,"href":"https:\/\/www.hsu-hh.de\/systpaed\/wp-json\/wp\/v2\/comments?post=446"}],"version-history":[{"count":17,"href":"https:\/\/www.hsu-hh.de\/systpaed\/wp-json\/wp\/v2\/pages\/446\/revisions"}],"predecessor-version":[{"id":2193,"href":"https:\/\/www.hsu-hh.de\/systpaed\/wp-json\/wp\/v2\/pages\/446\/revisions\/2193"}],"wp:attachment":[{"href":"https:\/\/www.hsu-hh.de\/systpaed\/wp-json\/wp\/v2\/media?parent=446"}],"wp:term":[{"taxonomy":"category","embeddable":true,"href":"https:\/\/www.hsu-hh.de\/systpaed\/wp-json\/wp\/v2\/categories?post=446"},{"taxonomy":"post_tag","embeddable":true,"href":"https:\/\/www.hsu-hh.de\/systpaed\/wp-json\/wp\/v2\/tags?post=446"}],"curies":[{"name":"wp","href":"https:\/\/api.w.org\/{rel}","templated":true}]}}