{"id":430,"date":"2017-11-24T15:33:53","date_gmt":"2017-11-24T14:33:53","guid":{"rendered":"https:\/\/www.hsu-hh.de\/systpaed\/?page_id=430"},"modified":"2023-11-06T09:27:16","modified_gmt":"2023-11-06T08:27:16","slug":"somel","status":"publish","type":"page","link":"https:\/\/www.hsu-hh.de\/systpaed\/somel","title":{"rendered":"Nazli Somel"},"content":{"rendered":"<h3>Kurzbiographie<\/h3>\n<p>1978<br \/>\ngeboren in K\u0131r\u0131kkale (T\u00fcrkei)<\/p>\n<p>1997 bis 2001<br \/>\nLehramtsstudium f\u00fcr Grundschule an der Hacettepe Universit\u00e4t (Ankara, T\u00fcrkei)<\/p>\n<p>2002 bis 2005<br \/>\nMasterstudium zu &#8222;Geschichte und soziale Grundlagen der Bildung&#8220;, Institut f\u00fcr Erziehungswissenschaften, Ankara-Universit\u00e4t<\/p>\n<p>2003 bis 2004<br \/>\nPrimarschullehrerin in K\u00f6cekli (Provinz Kastamonu) und G\u00fclh\u00f6yuk (Provinz Ankara)<\/p>\n<p>09\/2011 bis 08\/2013<br \/>\n<strong>wissenschaftliche Mitarbeiterin im DFG-Projekt <a href=\"https:\/\/www.hsu-hh.de\/systpaed\/forschung\/forschung-bsw\" target=\"_blank\" rel=\"noopener noreferrer\">&#8222;Bildung und sozialer Wandel&#8220;<\/a><\/strong><\/p>\n<p>09\/2013 bis 12\/2014<br \/>\n<strong>wissenschaftliche Hilfskraft an der Fakult\u00e4t f\u00fcr Geistes- und Sozialwissenschaften der Helmut-Schmidt-Universit\u00e4t, Professur f\u00fcr Erziehungswissenschaft, insbesondere systematische P\u00e4dagogik<\/strong><\/p>\n<h3>Dissertationsprojekt an der Helmut Schmidt-Universit\u00e4t<\/h3>\n<p>\u201cMehrdimensionale Hintergr\u00fcnde von Bildungsungleichheit\u00a0in der T\u00fcrkei: Eine qualitative Untersuchung zu\u00a0 Familien mit niedrigem Einkommen, ihren Kinder und deren Lehrern\u201d\u00a0 (Arbeitstitel)<\/p>\n","protected":false},"excerpt":{"rendered":"<p>Kurzbiographie 1978 geboren in K\u0131r\u0131kkale (T\u00fcrkei) 1997 bis 2001 Lehramtsstudium f\u00fcr Grundschule an der Hacettepe Universit\u00e4t (Ankara, T\u00fcrkei) 2002 bis 2005 Masterstudium zu &#8222;Geschichte und soziale Grundlagen der Bildung&#8220;, Institut [&hellip;]<\/p>\n","protected":false},"author":159,"featured_media":0,"parent":0,"menu_order":0,"comment_status":"closed","ping_status":"closed","template":"","meta":{"footnotes":""},"categories":[87],"tags":[65,93,49],"class_list":["post-430","page","type-page","status-publish","hentry","category-ehemalige-mitarbeiter","tag-ehemalige-mitarbeiter","tag-nazli-somel","tag-team"],"_links":{"self":[{"href":"https:\/\/www.hsu-hh.de\/systpaed\/wp-json\/wp\/v2\/pages\/430","targetHints":{"allow":["GET"]}}],"collection":[{"href":"https:\/\/www.hsu-hh.de\/systpaed\/wp-json\/wp\/v2\/pages"}],"about":[{"href":"https:\/\/www.hsu-hh.de\/systpaed\/wp-json\/wp\/v2\/types\/page"}],"author":[{"embeddable":true,"href":"https:\/\/www.hsu-hh.de\/systpaed\/wp-json\/wp\/v2\/users\/159"}],"replies":[{"embeddable":true,"href":"https:\/\/www.hsu-hh.de\/systpaed\/wp-json\/wp\/v2\/comments?post=430"}],"version-history":[{"count":9,"href":"https:\/\/www.hsu-hh.de\/systpaed\/wp-json\/wp\/v2\/pages\/430\/revisions"}],"predecessor-version":[{"id":1192,"href":"https:\/\/www.hsu-hh.de\/systpaed\/wp-json\/wp\/v2\/pages\/430\/revisions\/1192"}],"wp:attachment":[{"href":"https:\/\/www.hsu-hh.de\/systpaed\/wp-json\/wp\/v2\/media?parent=430"}],"wp:term":[{"taxonomy":"category","embeddable":true,"href":"https:\/\/www.hsu-hh.de\/systpaed\/wp-json\/wp\/v2\/categories?post=430"},{"taxonomy":"post_tag","embeddable":true,"href":"https:\/\/www.hsu-hh.de\/systpaed\/wp-json\/wp\/v2\/tags?post=430"}],"curies":[{"name":"wp","href":"https:\/\/api.w.org\/{rel}","templated":true}]}}