{"id":423,"date":"2017-11-24T15:30:32","date_gmt":"2017-11-24T14:30:32","guid":{"rendered":"https:\/\/www.hsu-hh.de\/systpaed\/?page_id=423"},"modified":"2023-11-06T09:25:35","modified_gmt":"2023-11-06T08:25:35","slug":"ofner","status":"publish","type":"page","link":"https:\/\/www.hsu-hh.de\/systpaed\/ofner","title":{"rendered":"Dr. phil. Ulrike Selma Ofner"},"content":{"rendered":"<h3>Kurzbiographie<\/h3>\n<p>1973 bis 1981<br \/>\nKonsularangestellte an der \u00d6sterreichischen Botschaft in Berlin (-Ost)<\/p>\n<p>1981<br \/>\nAufgabe der urspr\u00fcnglichen Absicht, verschiedenste Gesellschaftsformen durch Versetzungen an Botschaften in anderen L\u00e4ndern kennenzulernen, zugunsten eines sozial-\u00a0<abbr title=\"beziehungsweise\">bzw.<\/abbr> kulturwissenschaftlichen Studiums (Ethnologie, Soziologie und Lateinamerikanistik an der Freien Universit\u00e4t Berlin)<\/p>\n<p>1986<br \/>\nDurchf\u00fchrung einer dreimonatigen Lehrforschung zum (Arbeits-)Migrationsverhalten der autochthonen Bev\u00f6lkerung San Pedros, Elfenbeink\u00fcste (Thema der Magisterarbeit); nach Studienabschluss haupts\u00e4chlich journalistische T\u00e4tigkeiten im Rahmen von Auslandsreportagen<\/p>\n<p>1999<br \/>\nForschungsstipendium zur Untersuchung der Situation von bildungserfolgreichen T\u00f6chtern t\u00fcrkischer Migrant\/-innen<\/p>\n<p>2001<br \/>\nPromotionsstipendium (Titel der Dissertation: Akademikerinnen t\u00fcrkischer Herkunft)<\/p>\n<p>2003<br \/>\nPromotion; anschlie\u00dfend neben div. Erwerbst\u00e4tigkeiten Lehrauftr\u00e4ge an der ev. Fachhochschule f. Sozialarbeit, Berlin und am Institut f\u00fcr Ethnologie (FU)<\/p>\n<p>2005 bis 2008<br \/>\nwissenschaftliche Mitarbeiterin im Projekt &#8222;Kulturelles Kapital in der Migration&#8220; der Volkswagenstiftung, FU Berlin (Leitung: Nohl)<\/p>\n<p>2008 bis 2013<br \/>\n<strong>wissenschaftliche Mitarbeiterin an der Fakult\u00e4t f\u00fcr Geistes- und Sozialwissenschaften der Helmut-Schmidt-Universit\u00e4t, Professur f\u00fcr Erziehungswissenschaft, insbesondere systematische P\u00e4dagogik<\/strong><\/p>\n<p>2013 bis 2018 (Eintritt in den Ruhestand)<br \/>\nForschung im Rahmen des DFG-gef\u00f6rderten Projekts &#8222;Buddhismus im Westen&#8220;, Universit\u00e4t Witten-Herdecke<\/p>\n<h3>Publikationen<\/h3>\n<p>Ofner, U. S. (2022): Adaptionen des tibetischen Buddhismus. Rekonstruktion der Erfahrungen von Diamantweg- und Rigpa-Praktizierenden. Wiesbaden: Springer VS (254 Seiten)<\/p>\n<p>Ofner, U.S. (2018): Auf der Suche nach S\u00e4kularem Buddhismus \u2013 contradictio in adiecto? Working Paper des Arbeitsbereichs Soziologie der Universit\u00e4t Witten\/Herdecke. DFG-Projekt Buddhismus im Westen. <a href=\"https:\/\/www.researchgate.net\/publication\/326490110_Auf_der_Suche_nach_Sakularem_Buddhismus_Contradictio_in_adiecto\/link\/5b50b2abaca27217ffa639b4\/download\" rel='nofollow'>https:\/\/www.researchgate.net\/publication\/326490110_Auf_der_Suche_nach_Sakularem_Buddhismus_Contradictio_in_adiecto\/link\/5b50b2abaca27217ffa639b4\/download<\/a><\/p>\n<p>Ofner, U. S.\/Wei\u00df, Anja (2015): Diversity-Hype und Diskriminierung \u2013 zwei Seiten einer Medaille? Karrierechancen u. -hindernisse f\u00fcr AkademikerInnen mit Migrationshintergrund. In: Brinkmann, U.\/Marschke, B. (<abbr title=\"Herausgeber\">Hrsg.<\/abbr>): \u201eIch habe nichts gegen Ausl\u00e4nder, aber \u2026\u201c Alltagsrassismus in Deutschland. M\u00fcnster: LIT Verlag (S. 203-228)<\/p>\n<p>Vogd, Werner; Harth, Jonathan &amp; Ofner, Ulrike (2015): Doing religion im Phowa-Kurs: Praxeologische und reflexionslogische Studien zum \u201ebewussten Sterben\u201c im Diamantweg-Buddhismus [125 Abs\u00e4tze]. Forum Qualitative Sozialforschung \/ Forum: Qualitative Social Research, 16(3), Art. 17, <a href=\"http:\/\/nbn-resolving.de\/urn:nbn:de:0114-fqs1503179\" rel='nofollow'>http:\/\/nbn-resolving.de\/urn:nbn:de:0114-fqs1503179<\/a>.<\/p>\n<p>Ofner, U. S. (2014): Hochqualifizierte mit Migrationshintergrund im Beh\u00f6rden-Dschungel und Beratungs-Labyrinth. In: Lorenzen, J.-M.\/Schmidt, L.-M.\/Zifonun, D. (<abbr title=\"Herausgeber\">Hrsg.<\/abbr>): Grenzen und Lebenslauf: Beratung als Form des Managements biographischer \u00dcberg\u00e4nge. Weinheim: Verlag Beltz Juventa (S. 210-232)<\/p>\n<p>Ofner, U. S. (2013): Rekonstruktion als Kritik? Zur biographischen Analyse von gesellschaftlichen Barrieren f\u00fcr hochqualifizierte MigrantInnen. In: Mecheril, P.\/ Arens, S.\/ Melter, C.\/ Romaner, E.\/ Thomas-Olalde, O. (<abbr title=\"Herausgeber\">Hrsg.<\/abbr>): Migationsforschung als Kritik? Band I und Band II. Wiesbaden: VS-Verlag (S. 261-275)<\/p>\n<p>Ofner, U. S. (2011): Hochqualifizierte Zuwanderer mit Bezug zum Ruhrgebiet. KWI-Interventionen SPEZIAL 1\/2011<\/p>\n<p>Ofner, U. S. (2011): Sozio\u00f6konomische Ausgrenzung Hochqualifizierter mit ausl\u00e4ndischem Bildungsabschluss \u2013 Symbolische Exklusion als strukturimmanentes Ph\u00e4nomen (ein l\u00e4nder- <abbr title=\"beziehungsweise\">bzw.<\/abbr> statusgruppen\u00fcbergreifender Vergleich). Cultural Capital During Migration. Working Paper 10. Aufzurufen unter: www.cultural-capital.net<\/p>\n<p>Ofner, U. S. (2010): Symbolische Exklusion \u2013 Barrieren f\u00fcr Akademikerinnen mit Migrationshintergrund beim Zugang zum Arbeitsmarkt. Aufzurufen unter:\u00a0 <a href=\"http:\/\/www.migration-boell.de\/web\/diversity\/48_2493.asp\" rel='nofollow'>http:\/\/www.migration-boell.de\/web\/diversity\/48_2493.asp<\/a><\/p>\n<p>Ofner, U. S. (2010): Symbolische Exklusion als Erfahrung von Bildungsausl\u00e4ndern mit akade-mischem Abschluss, in: Nohl, A.-M.\/ Schittenhelm, K.\/ Schmidtke, O.\/Wei\u00df, A. (<abbr title=\"Herausgeber\">Hrsg.<\/abbr>): Kulturelles Kapital in der Migration. Wiesbaden: VS-Verlag (S. 224-234).<\/p>\n<p>Nohl, A.-M.\/ Ofner, U. S.\/ Thomsen, S. (2010): Hochqualifizierte Bildungsausl\u00e4nderInnen in Deutschland: Arbeitsmarkt-erfahrungen unter den Bedingungen formaler Gleichberechtigung, in: Nohl, A.-M.\/ Schittenhelm, K.\/ Schmidtke, O.\/ Wei\u00df, A. (<abbr title=\"Herausgeber\">Hrsg.<\/abbr>): Kulturelles Kapital in der Migration. Wiesbaden: VS-Verlag (S. 67-82).<\/p>\n<p>Wei\u00df, A.\/ Ofner, U. S.\/ Pusch, B. (2010): Migrationsbezogene biographische Orientierungen und ihre ausl\u00e4nderrechtliche Institutionalisierung, in: Nohl, A.-M.\/ Schittenhelm, K.\/ Schmidtke, O.\/Wei\u00df, A. (<abbr title=\"Herausgeber\">Hrsg.<\/abbr>): Kulturelles Kapital in der Migration.Wiesbaden: VS-Verlag (S. 197-210).<\/p>\n<p>Nohl, A.-M.\/ Ofner, U. S. (2010): Migration and Ethnicity in Documentary Interpretation \u2013 Perspectives from a Project on Highly Qualified Migrants, in: Bohnsack, R.\/ Pfaff, N.\/ Weller, W. (eds.): Qualitative Research and Documentary Method in Educational Science \u2013 Results from Brazilian-German Cooperation.Opladen: Budrich (S. 237-266).<\/p>\n<p>Ofner, U. S.\/ Nohl, A.-M. (2009): Weiterbildung und die Entstehung neuen kulturellen Kapitals bei hochqualifizierten Migranten und Migrantinnen , in: Alheit, P.\/ von Felden, H. (<abbr title=\"Herausgeber\">Hrsg.<\/abbr>): Lebenslanges Lernen und erziehungswissenschaftliche Biographieforschung. Konzepte und Forschung im europ\u00e4ischen Diskurs. Wiesbaden: VS-Verlag (S. 231-242).<\/p>\n<p>Nohl, A.-M.\/ Ofner, U. S.\/ Thomsen, S. (2007): Kulturelles Kapital in der Migration: Statuspassagen von gleichberechtigten hochqualifizierten Bildungsausl\u00e4nder(inne)n in den deutschen Arbeitsmarkt. Aufzurufen unter: <a href=\"http:\/\/www.cultural-capital.net\/images\/stories\/publications\/research\" rel='nofollow'>www.cultural-capital.net\/images\/stories\/publications\/research<\/a><br \/>\npaper_number_3.pdf<\/p>\n<p>Ofner, U. S. (2003): Akademikerinnen t\u00fcrkischer Herkunft: Narrative Interviews mit Frauen aus zugewanderten Familien. Berlin: Wei\u00dfensee-Verlag.<\/p>\n<p>Ofner, U. S. (1997): Wege in die Ewigkeit \u2013 Tod und Sterben im Kulturvergleich (1. Auflage 2.000), DRK-Landesverband Berlin. 1998 in 2. Auflage erschienen.<\/p>\n<p>Ofner, U. S. (1996): Alter Baum in fremdem Boden. Die Situation von betreuungsbed\u00fcrftigen Migrant\/-innen im Alter. DRK-eigene Publikation (Auflage 2.000), DRK-Landesverband Berlin.<\/p>\n<p>Ofner, U. S. (1995): Dignity for all. Die Situation von Fl\u00fcchtlingsfrauen in Deutschland. DRK-eigene Publikation (Auflage 2.000), DRK-Landesverband Berlin<\/p>\n<p>Ofner, U. S. (1992): Modernit\u00e4t als Tradition: von den Crew-Men der K\u00fcstenboote zur \u201eEthnie\u201c der Kru. erschienen als Nr. 33 der Berliner Reihe &#8222;SPREKTRUM&#8220; zu Gesellschaft, Wirtschaft u. Politik in Entwicklungsl\u00e4ndern, Saarbr\u00fccken\/ Fort Lauderdale: Verlag Breitenbach.<\/p>\n<p>skriminierung \u2013 zwei Seiten einer Medaille? Karrierechancen u. -hindernisse f\u00fcr AkademikerInnen mit Migrationshintergrund. In: Brinkmann, U.\/Marschke, B. Alltagsrassismus in Deutschland. M\u00fcnster<\/p>\n<p>Ofner, U. S. (2014): Hochqualifizierte mit Migrationshintergrund im Beh\u00f6rden-Dschungel und Beratungs-Labyrinth. In: Lorenzen, J.-M.\/Schmidt, L.-M.\/Zifonun, D. (<abbr title=\"Herausgeber\">Hrsg.<\/abbr>) Grenzen und Lebenslauf: Beratung als Form des Managements biographischer \u00dcberg\u00e4nge. Weinheim: Verlag Beltz Juventa (S. 210-232)<\/p>\n<p>Ofner, U. S. (2013): Rekonstruktion als Kritik? Zur biographischen Analyse von gesellschaftlichen Barrieren f\u00fcr hochqualifizierte MigrantInnen. In: Mecheril, P.\/ Arens, S.\/ Melter, C.\/ Romaner, E.\/ Thomas-Olalde, O. (<abbr title=\"Herausgeber\">Hrsg.<\/abbr>): Migationsforschung als Kritik? Band I und Band II. Wiesbaden: VS-Verlag (S. 261-275)<\/p>\n<p>Ofner, U. S. (2011): Hochqualifizierte Zuwanderer mit Bezug zum Ruhrgebiet. KWI-Interventionen SPEZIAL 1\/2011<\/p>\n<p>Ofner, U. S. (2011): Sozio\u00f6konomische Ausgrenzung Hochqualifizierter mit ausl\u00e4ndischem Bildungsabschluss \u2013 Symbolische Exklusion als strukturimmanentes Ph\u00e4nomen (ein l\u00e4nder-\u00a0<abbr title=\"beziehungsweise\">bzw.<\/abbr>\u00a0statusgruppen\u00fcbergreifender Vergleich). Cultural Capital During Migration. Working Paper 10. Aufzurufen unter: www.cultural-capital.net<\/p>\n<p>Ofner, U. S. (2010): Symbolische Exklusion \u2013 Barrieren f\u00fcr Akademikerinnen mit Migrationshintergrund beim Zugang zum Arbeitsmarkt. Aufzurufen unter:\u00a0\u00a0http:\/\/www.migration-boell.de\/web\/diversity\/48_2493.asp<\/p>\n<p>Ofner, U. S. (2010): Symbolische Exklusion als Erfahrung von Bildungsausl\u00e4ndern mit akade-mischem Abschluss, in: Nohl, A.-M.\/ Schittenhelm, K.\/ Schmidtke, O.\/Wei\u00df, A. (<abbr title=\"Herausgeber\">Hrsg.<\/abbr>): Kulturelles Kapital in der Migration. Wiesbaden: VS-Verlag (S. 224-234).<\/p>\n<p>Nohl, A.-M.\/ Ofner, U. S.\/ Thomsen, S. (2010): Hochqualifizierte Bildungsausl\u00e4nderInnen in Deutschland: Arbeitsmarkt-erfahrungen unter den Bedingungen formaler Gleichberechtigung, in: Nohl, A.-M.\/ Schittenhelm, K.\/ Schmidtke, O.\/ Wei\u00df, A. (<abbr title=\"Herausgeber\">Hrsg.<\/abbr>): Kulturelles Kapital in der Migration. Wiesbaden: VS-Verlag (S. 67-82).<\/p>\n<p>Wei\u00df, A.\/ Ofner, U. S.\/ Pusch, B. (2010): Migrationsbezogene biographische Orientierungen und ihre ausl\u00e4nderrechtliche Institutionalisierung, in: Nohl, A.-M.\/ Schittenhelm, K.\/ Schmidtke, O.\/Wei\u00df, A. (<abbr title=\"Herausgeber\">Hrsg.<\/abbr>): Kulturelles Kapital in der Migration.Wiesbaden: VS-Verlag (S. 197-210).<\/p>\n<p>Nohl, A.-M.\/ Ofner, U. S. (2010): Migration and Ethnicity in Documentary Interpretation \u2013 Perspectives from a Project on Highly Qualified Migrants, in: Bohnsack, R.\/ Pfaff, N.\/ Weller, W. (eds.): Qualitative Research and Documentary Method in Educational Science \u2013 Results from Brazilian-German Cooperation.Opladen: Budrich (S. 237-266).<\/p>\n<p>Ofner, U. S.\/ Nohl, A.-M. (2009): Weiterbildung und die Entstehung neuen kulturellen Kapitals bei hochqualifizierten Migranten und Migrantinnen , in: Alheit, P.\/ von Felden, H. (<abbr title=\"Herausgeber\">Hrsg.<\/abbr>): Lebenslanges Lernen und erziehungswissenschaftliche Biographieforschung. Konzepte und Forschung im europ\u00e4ischen Diskurs. Wiesbaden: VS-Verlag (S. 231-242).<\/p>\n<p>Nohl, A.-M.\/ Ofner, U. S.\/ Thomsen, S. (2007): Kulturelles Kapital in der Migration: Statuspassagen von gleichberechtigten hochqualifizierten Bildungsausl\u00e4nder(inne)n in den deutschen Arbeitsmarkt. Aufzurufen unter:\u00a0www.cultural-capital.net\/images\/stories\/publications\/research<br \/>\npaper_number_3.pdf<\/p>\n<p>Ofner, U. S. (2003): Akademikerinnen t\u00fcrkischer Herkunft: Narrative Interviews mit Frauen aus zugewanderten Familien. Berlin: Wei\u00dfensee-Verlag.<\/p>\n<p>Ofner, U. S. (1997): Wege in die Ewigkeit \u2013 Tod und Sterben im Kulturvergleich (Auflage 2.000), DRK-Landesverband Berlin. 1998 in 2. Auflage erschienen.<\/p>\n<p>Ofner, U. S. (1996): Alter Baum in fremdem Boden. Die Situation von betreuungsbed\u00fcrftigen Migrant\/-innen im Alter. DRK-eigene Publikation (Auflage 2.000), DRK-Landesverband Berlin.<\/p>\n<p>Ofner, U. S. (1995): Dignity for all. Die Situation von Fl\u00fcchtlingsfrauen in Deutschland. DRK-eigene Publikation (Auflage 2.000), DRK-Landesverband Berlin<\/p>\n<p>Ofner, U. S. (1992): Modernit\u00e4t als Tradition: von den Crew-Men der K\u00fcstenboote zur \u201eEthnie\u201c der Kru. erschienen als Nr. 33 der Berliner Reihe &#8222;SPREKTRUM&#8220; zu Gesellschaft, Wirtschaft u. Politik in Entwicklungsl\u00e4ndern, Saarbr\u00fccken\/ Fort Lauderdale: Verlag Breitenbach.<\/p>\n<h3>Vortr\u00e4ge<\/h3>\n<h2><strong>Vortr\u00e4ge (im Rahmen der Studie \u201eKulturelles Kapital in der Migration\u201c)<\/strong><\/h2>\n<p>(20.7.2018)<br \/>\nSecular Buddhism \u2013 contradictio in adiecto? An Empirical Approach to the Challanges of Establishing a Secular Buddhist Group. XIX ISA World Congress of Sociology in Toronto: Power, Violance and Justice. Reflections, Responses, Responsibilities. July 15-21, 2018<\/p>\n<p>(07.05.2015)<br \/>\nDas Versprechen von Nibban\u0101 als habitueller Lern- und Ver\u00e4nderungsprozess. T<em>agung<\/em> der Sektion <em>Wissenssoziologie<\/em>, der Universit\u00e4t <em>Bayreuth<\/em> am 7. und 8. Mai. 2015 zum Thema: Religi\u00f6se Kommunikation und weltanschauliches Wissen<\/p>\n<p>(20.07.2013)<br \/>\nAdaptation and expansion of cultural capital with regard to migration, International Conference (funded by the Ministry for Education and Science of Lower Saxony): \u201cPost-immigration education of adult immigrants in international perspective\u201d, Sociological Research Institute (SOFI), Georg-August-University G\u00f6ttingen<\/p>\n<p>(14.03.2012)<br \/>\nDiskreditierung von Abschl\u00fcssen bildungsin- und \u2013ausl\u00e4ndischer AkademikerInnen. DGfE-Kongress \u201eErziehungswissenschaftliche Grenzg\u00e4nge\u201c vom 12.-14.03.2012 in Osnabr\u00fcck<\/p>\n<p>(15.12.2011)<br \/>\nChances on the Labour Market and Motives of Highly Qualified Foreigners to Migrate to Germany. Symposium \u201eInternational Migration of Highly Skilled Workers to Japan and Germany. Current Models and Future Outlooks, 15.\/16.12.2011, organisiert vom Asien-Afrika-Institut der Universit\u00e4t Hamburg<\/p>\n<p>(15.11.2011)<br \/>\nHochqualifizierte mit Migrationshintergrund im Ruhrgebiet. Vorstellung und Diskussion der Studie im Kulturwissenschaftlichen Zentrum Essen<\/p>\n<p>(08.12.2011)<br \/>\nSymbolische Exklusion von BildungsaufsteigerInnen mit Migrationshinter-grund. Tagung \u201eKarriereplanung t\u00fcrkischst\u00e4mmiger Hochqualifizierter\u201c\u00a0 organisiert von der Anadolu Universit\u00e4t in\u00a0 K\u00f6ln am 8.12.2010<\/p>\n<p>(09.12.2010)<br \/>\nAnschlussf\u00e4higkeit von Theorie und Praxis. Rekonstruktion (berufs-)biographischer Erfahrungen Hochqualifizierter mit Migrationshintergrund. Tagung \u201eMigrationsforschung als Kritik?\u201c Anspr\u00fcche, Praxen, Reflexionen\u201c, 9.\/10.12.2010,\u00a0 organisiert vom Institut f\u00fcr Erziehungswissenschaft der Leopold-Fanzens-Universit\u00e4t Innsbruck<\/p>\n<p>(26.4.2010)<br \/>\n(Kurz-)Vortrag zur Verquickung symbolischer und legaler Exklusion bei der Auftaktveranstaltung \u201eRessourcen erkennen \u2013 Perspektiven entwickeln \u2013 den Dschungel lichten: Erfolgreich Anerkennung von ausl\u00e4ndischen Berufsabschl\u00fcssen gestalten!\u201c anl\u00e4sslich der von beram\u00ed (Frankfurt\/Main) zum 20-j\u00e4hrigen Jubil\u00e4um initiierten Veranstaltungsreihe am 26. April 2010<\/p>\n<p>(28.03.2008)<br \/>\nLabour Market Integration of Migrants. Vortrag auf dem Deutsch-Brasilianischen Symposium zur qualitativen Forschung und Datenauswertung (26.-28.3.2008) in der Universit\u00e4t Brasilias,<\/p>\n<p>(19.03.2008)<br \/>\nBerufseinm\u00fcndung bei Migrant(inn)en mit ausl\u00e4ndischer Hochschulbildung (mit Arnd-Michael Nohl). Vortrag in der AG 48: Individuelle und organisationale Einfl\u00fcsse auf Bildungsverl\u00e4ufe unter Bedingungen kultureller Heterogenit\u00e4t auf dem Kongress der DGfE, 19.3.2008<\/p>\n<p>(07.12.2007)<br \/>\nLabour chances and restrictions for highly qualified migrants with foreign degrees. Vortrag auf der Internationalen Tagung des Center of Methods in Social Sciences\u00a0 zum Thema \u201cEthnicity, Belonging, Biography and Ethnography\u201d in G\u00f6ttingen am 7.12.2007<\/p>\n<p>(26.09.2006)<br \/>\nAberkennung und Neuaufbau kulturellen Kapitals bei hochqualifizierten Migranten mit ausl\u00e4ndischen Bildungsabschl\u00fcssen. Vortrag (mit Arnd-Michael Nohl) auf der Tagung \u201eP\u00e4dagogische Biographieforschung und lebenslanges Lernen im europ\u00e4ischen Diskurs\u201c der DGfE, 25.-27.9.2006<\/p>\n","protected":false},"excerpt":{"rendered":"<p>Kurzbiographie 1973 bis 1981 Konsularangestellte an der \u00d6sterreichischen Botschaft in Berlin (-Ost) 1981 Aufgabe der urspr\u00fcnglichen Absicht, verschiedenste Gesellschaftsformen durch Versetzungen an Botschaften in anderen L\u00e4ndern kennenzulernen, zugunsten eines sozial-\u00a0bzw. [&hellip;]<\/p>\n","protected":false},"author":159,"featured_media":0,"parent":0,"menu_order":0,"comment_status":"closed","ping_status":"closed","template":"","meta":{"footnotes":""},"categories":[87],"tags":[65,49,91],"class_list":["post-423","page","type-page","status-publish","hentry","category-ehemalige-mitarbeiter","tag-ehemalige-mitarbeiter","tag-team","tag-ulrike-selma-ofner"],"_links":{"self":[{"href":"https:\/\/www.hsu-hh.de\/systpaed\/wp-json\/wp\/v2\/pages\/423","targetHints":{"allow":["GET"]}}],"collection":[{"href":"https:\/\/www.hsu-hh.de\/systpaed\/wp-json\/wp\/v2\/pages"}],"about":[{"href":"https:\/\/www.hsu-hh.de\/systpaed\/wp-json\/wp\/v2\/types\/page"}],"author":[{"embeddable":true,"href":"https:\/\/www.hsu-hh.de\/systpaed\/wp-json\/wp\/v2\/users\/159"}],"replies":[{"embeddable":true,"href":"https:\/\/www.hsu-hh.de\/systpaed\/wp-json\/wp\/v2\/comments?post=423"}],"version-history":[{"count":14,"href":"https:\/\/www.hsu-hh.de\/systpaed\/wp-json\/wp\/v2\/pages\/423\/revisions"}],"predecessor-version":[{"id":1797,"href":"https:\/\/www.hsu-hh.de\/systpaed\/wp-json\/wp\/v2\/pages\/423\/revisions\/1797"}],"wp:attachment":[{"href":"https:\/\/www.hsu-hh.de\/systpaed\/wp-json\/wp\/v2\/media?parent=423"}],"wp:term":[{"taxonomy":"category","embeddable":true,"href":"https:\/\/www.hsu-hh.de\/systpaed\/wp-json\/wp\/v2\/categories?post=423"},{"taxonomy":"post_tag","embeddable":true,"href":"https:\/\/www.hsu-hh.de\/systpaed\/wp-json\/wp\/v2\/tags?post=423"}],"curies":[{"name":"wp","href":"https:\/\/api.w.org\/{rel}","templated":true}]}}