{"id":358,"date":"2017-11-24T10:47:13","date_gmt":"2017-11-24T09:47:13","guid":{"rendered":"https:\/\/www.hsu-hh.de\/systpaed\/?page_id=358"},"modified":"2019-08-15T13:13:18","modified_gmt":"2019-08-15T11:13:18","slug":"team-f-herrmann","status":"publish","type":"page","link":"https:\/\/www.hsu-hh.de\/systpaed\/team-f-herrmann","title":{"rendered":"Dr. Fatma Herrmann"},"content":{"rendered":"<h3>Biografische Informationen<\/h3>\n<p>1968<br \/>\ngeboren in Istanbul<\/p>\n<p>1985 bis 1989<br \/>\nStudium <abbr title=\"Diplom\">Dipl.<\/abbr> Textil-Design an der Marmara Universit\u00e4t Istanbul<\/p>\n<p>1990 bis 1992<br \/>\npostgraduales Masterstudium (Meistersch\u00fclerin) an der Marmara Universit\u00e4t<\/p>\n<p>1990 bis 1994<br \/>\nDozentin an der Uludag Universit\u00e4t Bursa<\/p>\n<p>1994 bis 1997<br \/>\nStudium der Kulturarbeit\/Kulturp\u00e4dagogik an der Universit\u00e4t der K\u00fcnste Berlin<\/p>\n<p>1998 bis 2007<br \/>\nLehrauftrag f\u00fcr interkulturelle Erwachsenenbildung an der Universit\u00e4t der K\u00fcnste Berlin<\/p>\n<p>2006 bis 2008<br \/>\nVertretungsdozentin und wissenschaftliche Koordinatorin an der Fachakademie f\u00fcr Sozialp\u00e4dagogik in Hof<\/p>\n<p>2008<br \/>\nPromotion in Erziehungswissenschaft (\u201eK\u00fcnstlerische Gestaltung in der interkulturellen Erwachsenenbildung \u2013 Entwicklung eines partizipativen Handlungsmodells\u201c) bei <abbr title=\"Professor\">Prof.<\/abbr> Gerd Hoff am Fachbereich Erziehungswissenschaft und Psychologie der Freien Universit\u00e4t Berlin<\/p>\n<p>seit SS 2010<br \/>\nLehrauftr\u00e4ge an der Helmut-Schmidt Universit\u00e4t Hamburg.<\/p>\n<p>Email:\u00a0fatmaherrmann@hotmail.com<\/p>\n<h3>Habilitationsprojekt<\/h3>\n<p>\u201eBild-Sprache-Interaktion: Bedeutung und Funktion \u00e4sthetischer Bildung im Kontext fr\u00fchkindlicher Bildungsprozesse\u201c, Betreuer: <abbr title=\"Professor\">Prof.<\/abbr>\u00a0<abbr title=\"Doktor\">Dr.<\/abbr>\u00a0Arnd-Michael Nohl, <abbr title=\"Professor\">Prof.<\/abbr>\u00a0<abbr title=\"Doktor\">Dr.<\/abbr>\u00a0Iris Nentwig-Gesemann.<\/p>\n<h3>Ver\u00f6ffentlichungen (Auswahl seit 2009)<\/h3>\n<p><strong>Fr\u00fchkindliche (interkulturelle) Bildung im Kontext k\u00fcnstlerischer Gestaltung<\/strong><\/p>\n<p>Herrmann, Fatma (2010): \u201eWir m\u00fcssen jetzt die Pappe kleben.\u201c Bildnerisches Gestalten als Sprechanlass. In: TPS &#8211; Theorie und Praxis der Sozialp\u00e4dagogik, Ausgabe 7, Velber, 30-32<\/p>\n<p>Herrmann, Fatma (2013): \u201eIch erfinde auch immer Sachen\u201c, Fr\u00fchkindliche Bildungsprozesse und Spontaneit\u00e4t. In: klein&amp;gro\u00df, Fr\u00fchp\u00e4dagogische Zeitschrift, Heft 04, M\u00fcnchen, 40\u201343<\/p>\n<p>Herrmann, Fatma (2015): \u201eEin Bild macht Geschichten\u201c &#8211; F\u00f6rderung fr\u00fchkindlicher Bildung durch Geschichten um Bilder. In:\u00a0Impulse.Kunstdidaktik, Ausgabe 17, Oberhausen, 11-18<\/p>\n<p>Herrmann, Fatma (2016): \u201eIn den Haaren m\u00f6chte man gern kuscheln!\u201c Entwicklung fr\u00fchkindlicher Bildf\u00e4higkeit \u00fcber Bilder der Kunst. In: TPS &#8211; Theorie und Praxis der Sozialp\u00e4dagogik, Ausgabe 1, Velber, 48-51<\/p>\n<p>Herrmann, Fatma (2017): Kunst-Technik. Bildungsprozesse in der fr\u00fchkindlichen Erziehung. In:\u00a0Impulse.Kunstdidaktik, Ausgabe 22, Oberhausen, (erscheint November 2017)<\/p>\n<p><strong>(Interkulturelle) Erwachsenenbildung im Kontext k\u00fcnstlerischer Gestaltung<\/strong><\/p>\n<p>Herrmann, Fatma (2009): K\u00fcnstlerische Gestaltung in der interkulturellen Erwachsenenbildung \u2013 Entwicklung eines partizipativen Handlungsmodells, Wiesbaden (Diss.)<\/p>\n<p>Herrmann, Fatma (2013): Bedeutung und Funktion k\u00fcnstlerischer Gestaltung im Kontext interkultureller Erwachsenenbildung. In: Impulse.Kunstdidaktik, Ausgabe 13, Oberhausen, 29-36<\/p>\n<p>Herrmann, Fatma (2013): Kunst als Spiegel der Erinnerung. In: Kubia-Magazin Kulturr\u00e4ume, Heft 5, Remscheid, 27-29<\/p>\n<p>Herrmann, Fatma. (2013): Zeitgen\u00f6ssische Kunst als Interaktionsgegenstand. In: Lutz-Sterzenbach, Barbara\/Schnurr, Ansgar\/Wagner, Ernst (Hgg.): Bildwelten remixed &#8211; Transkultur, Globalit\u00e4t, Diversity in kunstp\u00e4dagogischen Feldern, Bielefeld, 285\u2013291<\/p>\n<p>Herrmann, Fatma (2015): Bilder der Kunst als interkultureller Interaktionsgegenstand. In: Bering, Kunibert\/H\u00f6lscher, Stefan\/Pauls, Karina (Hgg.): Globalit\u00e4t. Transkulturalit\u00e4t. Partizipationen \u2013 Kunstp\u00e4dagogische Perspektiven. Oberhausen, 121-134<\/p>\n<p>Herrmann, Fatma (2016): K\u00fcnstlerische Biografiearbeit in der interkulturellen Bildung \u00c4lterer. In: Fricke, Almuth\/Hatogh, Theo (Hgg.):\u00a0Forschungsfeld Kulturgeragogik \u2013 Research in Cultural Geragogy\u00a0 , Schriftenreihe Kulturelle Bildung, vol. 52, M\u00fcnchen, 382-398<\/p>\n<h3>Lexika<\/h3>\n<p>Herrmann, Fatma (2017): Migration und Kunstp\u00e4dagogik. In: Bering, Kunibert\/Niehoff, Rolf\/Pauls, Karina (Hgg.): Lexikon der Kunstp\u00e4dagogik, Oberhausen, 354-357<\/p>\n","protected":false},"excerpt":{"rendered":"<p>Biografische Informationen 1968 geboren in Istanbul 1985 bis 1989 Studium Dipl. Textil-Design an der Marmara Universit\u00e4t Istanbul 1990 bis 1992 postgraduales Masterstudium (Meistersch\u00fclerin) an der Marmara Universit\u00e4t 1990 bis 1994 [&hellip;]<\/p>\n","protected":false},"author":159,"featured_media":0,"parent":0,"menu_order":0,"comment_status":"closed","ping_status":"closed","template":"","meta":{"footnotes":""},"categories":[8],"tags":[73,79,75,49],"class_list":["post-358","page","type-page","status-publish","hentry","category-team","tag-dokroranden","tag-fatme-herrmann","tag-habilitanden","tag-team"],"_links":{"self":[{"href":"https:\/\/www.hsu-hh.de\/systpaed\/wp-json\/wp\/v2\/pages\/358","targetHints":{"allow":["GET"]}}],"collection":[{"href":"https:\/\/www.hsu-hh.de\/systpaed\/wp-json\/wp\/v2\/pages"}],"about":[{"href":"https:\/\/www.hsu-hh.de\/systpaed\/wp-json\/wp\/v2\/types\/page"}],"author":[{"embeddable":true,"href":"https:\/\/www.hsu-hh.de\/systpaed\/wp-json\/wp\/v2\/users\/159"}],"replies":[{"embeddable":true,"href":"https:\/\/www.hsu-hh.de\/systpaed\/wp-json\/wp\/v2\/comments?post=358"}],"version-history":[{"count":8,"href":"https:\/\/www.hsu-hh.de\/systpaed\/wp-json\/wp\/v2\/pages\/358\/revisions"}],"predecessor-version":[{"id":1180,"href":"https:\/\/www.hsu-hh.de\/systpaed\/wp-json\/wp\/v2\/pages\/358\/revisions\/1180"}],"wp:attachment":[{"href":"https:\/\/www.hsu-hh.de\/systpaed\/wp-json\/wp\/v2\/media?parent=358"}],"wp:term":[{"taxonomy":"category","embeddable":true,"href":"https:\/\/www.hsu-hh.de\/systpaed\/wp-json\/wp\/v2\/categories?post=358"},{"taxonomy":"post_tag","embeddable":true,"href":"https:\/\/www.hsu-hh.de\/systpaed\/wp-json\/wp\/v2\/tags?post=358"}],"curies":[{"name":"wp","href":"https:\/\/api.w.org\/{rel}","templated":true}]}}