{"id":352,"date":"2017-11-24T10:40:51","date_gmt":"2017-11-24T09:40:51","guid":{"rendered":"https:\/\/www.hsu-hh.de\/systpaed\/?page_id=352"},"modified":"2019-08-15T13:07:57","modified_gmt":"2019-08-15T11:07:57","slug":"team-m-sauer","status":"publish","type":"page","link":"https:\/\/www.hsu-hh.de\/systpaed\/team-m-sauer","title":{"rendered":"Melanie Sauer"},"content":{"rendered":"<h3>Biographische Informationen<\/h3>\n<p>1980<br \/>\ngeboren in Kirchheimbolanden &#8211; aufgewachsen in Wiesloch bei Heidelberg<\/p>\n<p>1999 bis 2000<br \/>\nAu-pair in Gro\u00dfbritannien<\/p>\n<p>2000 bis 2006<br \/>\nStudium an der Otto-von-Guericke-Universit\u00e4t Magdeburg<br \/>\nPraktika am <abbr title=\"International Standards Organization\">ISO<\/abbr> K\u00f6ln (Institut zur Erforschung sozialer Chancen), dem ZUMA (Zentrum f\u00fcr Umfragen, Methoden und Analysen) und DaimlerChrysler<\/p>\n<p>2006<br \/>\nAbschluss Magister Artium: Erziehungswissenschaften,\u00a0<abbr title=\"Betriebswirtschaftslehre\">BWL<\/abbr>, Psychologie<\/p>\n<p>seit WS 2006<br \/>\nPromotionsstudium Qualitative Bildungs- und Sozialforschung an der Universit\u00e4t Magdeburg<\/p>\n<h3>Dissertationsprojekt in Anbahnung<\/h3>\n<p>\u201eBildungs- und Lernprozesse gescheiterter Existenzgr\u00fcnder\u201c (Arbeitstitel)<\/p>\n","protected":false},"excerpt":{"rendered":"<p>Biographische Informationen 1980 geboren in Kirchheimbolanden &#8211; aufgewachsen in Wiesloch bei Heidelberg 1999 bis 2000 Au-pair in Gro\u00dfbritannien 2000 bis 2006 Studium an der Otto-von-Guericke-Universit\u00e4t Magdeburg Praktika am ISO K\u00f6ln [&hellip;]<\/p>\n","protected":false},"author":159,"featured_media":0,"parent":0,"menu_order":0,"comment_status":"closed","ping_status":"closed","template":"","meta":{"footnotes":""},"categories":[8],"tags":[73,75,77,49],"class_list":["post-352","page","type-page","status-publish","hentry","category-team","tag-dokroranden","tag-habilitanden","tag-melanie-sauer","tag-team"],"_links":{"self":[{"href":"https:\/\/www.hsu-hh.de\/systpaed\/wp-json\/wp\/v2\/pages\/352","targetHints":{"allow":["GET"]}}],"collection":[{"href":"https:\/\/www.hsu-hh.de\/systpaed\/wp-json\/wp\/v2\/pages"}],"about":[{"href":"https:\/\/www.hsu-hh.de\/systpaed\/wp-json\/wp\/v2\/types\/page"}],"author":[{"embeddable":true,"href":"https:\/\/www.hsu-hh.de\/systpaed\/wp-json\/wp\/v2\/users\/159"}],"replies":[{"embeddable":true,"href":"https:\/\/www.hsu-hh.de\/systpaed\/wp-json\/wp\/v2\/comments?post=352"}],"version-history":[{"count":6,"href":"https:\/\/www.hsu-hh.de\/systpaed\/wp-json\/wp\/v2\/pages\/352\/revisions"}],"predecessor-version":[{"id":1177,"href":"https:\/\/www.hsu-hh.de\/systpaed\/wp-json\/wp\/v2\/pages\/352\/revisions\/1177"}],"wp:attachment":[{"href":"https:\/\/www.hsu-hh.de\/systpaed\/wp-json\/wp\/v2\/media?parent=352"}],"wp:term":[{"taxonomy":"category","embeddable":true,"href":"https:\/\/www.hsu-hh.de\/systpaed\/wp-json\/wp\/v2\/categories?post=352"},{"taxonomy":"post_tag","embeddable":true,"href":"https:\/\/www.hsu-hh.de\/systpaed\/wp-json\/wp\/v2\/tags?post=352"}],"curies":[{"name":"wp","href":"https:\/\/api.w.org\/{rel}","templated":true}]}}