{"id":2202,"date":"2026-02-20T16:06:09","date_gmt":"2026-02-20T15:06:09","guid":{"rendered":"https:\/\/www.hsu-hh.de\/systpaed\/?page_id=2202"},"modified":"2026-02-24T12:55:13","modified_gmt":"2026-02-24T11:55:13","slug":"mazzarisi","status":"publish","type":"page","link":"https:\/\/www.hsu-hh.de\/systpaed\/team-3\/mazzarisi","title":{"rendered":""},"content":{"rendered":"<script type=\"application\/ld+json\">[{\"@context\": \"https:\/\/www.schema.org\",\"@type\": \"Person\",\"name\": \"Marco  Mazzarisi, M.A.\",\"worksFor\": [{\t\"@type\": \"Organization\",\t\"name\": \"Helmut-Schmidt-Universit\u00e4t\",\t\"url\": \"https:\/\/www.hsu-hh.de\"\t, \"department\": {\"@type\": \"Organization\",\t\t\t\t\t\"name\": \"Professur f\u00fcr Erziehungswissenschaft, insbesondere systematische P\u00e4dagogik\",\t\t\t\t\t\"location\": {\t\t\t\t\t\t\"@type\": \"PostalAddress\",\t\t\t\t\t\t\"addressLocality\": \"\",        \t\t\t\t\"postalCode\": \"22043\",        \t\t\t\t\"streetAddress\": \"Holstenhofweg 85 , Geb\u00e4ude H1\"\t\t\t\t\t}},\t\"location\": {\t\t\"@type\": \"PostalAddress\",    \t\"addressLocality\": \"\",    \t\"postalCode\": \"22008\",    \t\"postOfficeBoxNumber\": \"700822\"\t}   }],\"image\": \"https:\/\/www.hsu-hh.de\/systpaed\/wp-content\/uploads\/sites\/755\/2026\/02\/mazzarisi-150x150.jpg\",\"telephone\": \"\",\"faxNumber\": \"\",\"email\": \"mazzarim@hsu-hh.de\"}]<\/script><div class=\"clearfix\"><\/div><div class=\"ansprechparter-container \" style=\"margin-top:1em; \"><div class=\"row ansprechpartner-item ansprechparter-header\" ><div class=\"col-xs-8 col-lg-12\" style=\"margin-bottom: 30px;\"><h3 class=\"ansprechparter-headline\">Marco  Mazzarisi, M.A.<\/h3><\/div><\/div><div class=\"col-md-4 col-lg-3 col-xs-4 ansprechpartner-item floatright img-circle center-block\" style=\"margin-bottom: 30px;\"><div class=\"img-responsive-wrapper\"><img decoding=\"async\" src=\"https:\/\/www.hsu-hh.de\/systpaed\/wp-content\/uploads\/sites\/755\/2026\/02\/mazzarisi-150x150.jpg\" alt=\"\" class=\"img-circle img-responsive center-block\" \/><\/div><\/div><div class=\"col-md-12 col-lg-3 col-xs-12 ansprechpartner-item kontakt floatright\" style=\"margin-bottom: 30px; \"><div class=\"row\"><div class=\"col-xs-12 col-sm-6 col-lg-12\"><div class=\"row\"><div class=\"col-xs-4 col-lg-4 row-text bold\" >Raum:<\/div><div class=\" row-text\">106, Geb\u00e4ude H4<\/div><\/div><\/div><div class=\"col-xs-12 col-sm-6 col-lg-12\"><div class=\"row\"><div class=\"col-xs-4 col-lg-4 row-text bold\">E-Mail:<\/div><div class=\"row-text\" style=\"overflow:hidden; word-break: break-word\"><a href=\"mailto:mazzarim@hsu-hh.de\" rel=\"nofollow\">mazzarim@hsu-hh.de<\/a><\/div><\/div><\/div><\/div><\/div><div class=\"col-md-6 col-lg-3 col-xs-12 ansprechpartner-item anschrift floatright\" ><div class=\"row-headline\">Besucheranschrift<\/div><div class=\"dataBesucheranschrift\" style=\"\"><div class=\"row-text\">Helmut-Schmidt-Universit\u00e4t<\/div><div class=\"row-text\">Geb\u00e4ude H1<\/div><div class=\"row-text\">Holstenhofweg 85<\/div><div class=\"row-text\">22043 Hamburg<\/div><\/div><\/div><div class=\"col-md-6 col-lg-3 col-xs-12 ansprechpartner-item anschrift floatright\"><div class=\"row-headline\">Postanschrift<\/div><div class=\"dataPostanschrift\" style=\"\"><div class=\"row-text\">Helmut-Schmidt-Universit\u00e4t<\/div><div class=\"row-text\">Fakult\u00e4t f\u00fcr Geistes- und Sozialwissenschaften<\/div><div class=\"row-text\">Professur f\u00fcr Erziehungswissenschaft, insbesondere systematische P\u00e4dagogik<\/div><div class=\"row-text\">Postfach 70 08 22<\/div><div class=\"row-text\">22008 Hamburg<\/div><\/div><\/div><\/div><div class=\"clearfix\"><\/div>\n\n\n<p><\/p>\n\n\n\n<h2 class=\"wp-block-heading\">Kurzbiographie<\/h2>\n\n\n\n<p>Seit 2023<br>Laufendes Promotionsprojekt zum Thema \u00bbRelationen zwischen F\u00fchrung und Erziehung in der Fachkraft-Kind-Interaktion an Kindertagesst\u00e4tten\u00ab.<\/p>\n\n\n\n<p>2025 \u2013 2026<br>Wissenschaftlicher Mitarbeiter im IFF-Projekt \u201eNaturerfahrungen und -orientierungen in sp\u00e4tadoleszenten Bildungs- und Sozialisationsprozessen\u201c<\/p>\n\n\n\n<p>2022 \u2013 2025<br>Wissenschaftlicher Mitarbeiter im DFG-Projekt \u201eErziehung und Interaktion an Kindertagesst\u00e4tten\u201c unter <abbr title=\"Doktor\">Dr.<\/abbr> Morvarid Dehnavi<\/p>\n\n\n\n<p>2016 \u2013 2020<br>Studium der Bildungs- und Erziehungswissenschaften an der Helmut-Schmidt-Universit\u00e4t\/ UniBw Hamburg<\/p>\n\n\n\n<p>2015 \u2013 2022<br>Offizierlaufbahn der Bundeswehr<\/p>\n\n\n\n<p><strong>Forschungsinteressen<\/strong><\/p>\n\n\n\n<ul class=\"wp-block-list\">\n<li>Methodologie und Praxis rekonstruktiver Sozialforschung (<abbr title=\"insbesondere\">insb.<\/abbr> Dokumentarische Methode)<\/li>\n\n\n\n<li>Wissenssoziologie<\/li>\n\n\n\n<li>Systemtheorie<\/li>\n\n\n\n<li>Systematische P\u00e4dagogik<\/li>\n<\/ul>\n\n\n\n<p><strong>Publikationen<\/strong><\/p>\n\n\n\n<p>Nohl, Arnd-Michael; Dehnavi, Morvarid; Mazzarisi, Marco &amp; Thomsen, Sarah (2026). Erziehung und Interaktion in der Kindertagesst\u00e4tte. Beltz Juventa, Weinheim<\/p>\n\n\n\n<p>Nohl, Arnd-Michael\/Dehnavi, Morvarid\/Mazzarisi, Marco\/Thomsen, Sarah (2026): Educating Through Interaction. Proactive, Catalyzing, and Reactive Forms of Directive Education in ECEC Centers. Erscheint in: <em>Journal of Research in Childhood Education<\/em>. <strong>(peer-review)<\/strong><\/p>\n\n\n\n<p>Nohl, Arnd-Michael\/Dehnavi, Morvarid\/Mazzarisi, Marco\/Thomsen, Sarah (2025). Education versus Care? Complementary Practices in Early Childhood Facilities.&nbsp;<em>Journal of Research in Childhood Education<\/em>, S. 1\u201315. <a href=\"https:\/\/doi.org\/10.1080\/02568543.2025.2543866\" rel='nofollow'>https:\/\/doi.org\/10.1080\/02568543.2025.2543866<\/a> <strong>(peer-review)<\/strong><\/p>\n\n\n\n<p>Mazzarisi, Marco (2024). Erste Versuche zum Hoplitenschild. In: Zerjadtke, Michaeil (<abbr title=\"Herausgeber\">Hrsg.<\/abbr>): Der griechische Leinenpanzer im experimentalarch\u00e4ologischen Versuch &#8211; eine Zwischenbilanz des Hamburger Projektes mit Ausblick zum Hoplitenschild, S. 187-200. BoD, Norderstedt.<\/p>\n\n\n\n<p><strong>Vortr\u00e4ge<\/strong><\/p>\n\n\n\n<p>\u201eZur Verkn\u00fcpfung von Lehr-Lern-Interaktionen mit anderen p\u00e4dagogischen Prozessen\u201c. Gemeinsamer Vortrag mit Arnd-Michael Nohl, Morvarid Dehnavi und Sarah Thomsen auf der 4. Innsbrucker Fachtagung Fr\u00fchp\u00e4dagogik, 27. Sep. 2025, Innsbruck.<\/p>\n\n\n\n<p>\u201eSozialisation und Erziehung zur Demokratisierung von Kindern in der Kindertagesst\u00e4tte\u201c. Gemeinsamer Vortrag mit Arnd-Michael Nohl, Morvarid Dehnavi und Sarah Thomsen auf der Jahrestagung Kommission BnE der DGfE, 25. Sep. 2025, Dresden.<\/p>\n\n\n\n<p>\u201eIm Erziehen scheitern \u2013 Beobachtungen aus dem Kitaalltag\u201c. Gemeinsamer Vortrag mit Arnd-Michael Nohl, Morvarid Dehnavi und Sarah Thomsen auf der Jahrestagung 2025 der Kommission Bildungs- und Erziehungsphilosophie, 18. Sep. 2025, Siegen.<\/p>\n\n\n\n<p>\u201eProtopolitische Sozialisation in Kindertagesst\u00e4tten: Grenzen und M\u00f6glichkeiten der Demokratisierung\u201c. Gemeinsamer Vortrag mit Arnd-Michael Nohl, Morvarid Dehnavi und Sarah Thomsen auf der Jahrestagung der Kommission PdfK der DGfE, 27. Feb. 2025, Brixen.<\/p>\n\n\n\n<p>\u201ePedagogical interactions in childcare centres and their videographical analysis with the Documentary Method\u201d. Gemeinsamer Vortrag mit Arnd-Michael Nohl, Morvarid Dehnavi und Sarah Thomsen auf der 3rd International CHILDLIFE Conference on Children and Young People in Everyday Life and Professional Practices, 23. Sep 2024, Oslo.<\/p>\n\n\n\n<p>\u201eF\u00fchrung, Autorit\u00e4t und asymmetrische Rollenbeziehung\u201c. Gemeinsamer Vortrag mit <abbr title=\"Doktor\">Dr.<\/abbr> Morvarid Dehnavi auf der 3. Innsbrucker Fachtagung Fr\u00fchp\u00e4dagogik, 23. Sep. 2023, Innsbruck.<\/p>\n\n\n\n<p><strong>Lehrveranstaltungen<\/strong><\/p>\n\n\n\n<p>Individuum, Gesellschaft und Staat im Kontext von Erziehung, Bildung, Sozialisation: F\u00fchrung und Autorit\u00e4t &#8211; Funktionen in p\u00e4dagogischen Kontexten, Seminar im Wintertrimester 2026, Helmut-Schmidt-Universit\u00e4t\/ UniBw Hamburg.<\/p>\n\n\n\n<p><strong>Projekte<\/strong><\/p>\n\n\n\n<p>Laufendes Dissertationsprojekt zum Thema \u00bbRelationen zwischen F\u00fchrung und Erziehung in der Fachkraft-Kind-Interaktion an Kindertagesst\u00e4tten\u00ab<\/p>\n\n\n\n<p>Experimentalarch\u00e4ologische Rekonstruktion von Hoplitenschilden aus dem antiken Griechenland im Rahmen des Hamburger Projekt &#8222;linothorax&#8220; unter <abbr title=\"Doktor\">Dr.<\/abbr> Michael Zerjadtke.<\/p>\n","protected":false},"excerpt":{"rendered":"<p>Kurzbiographie Seit 2023Laufendes Promotionsprojekt zum Thema \u00bbRelationen zwischen F\u00fchrung und Erziehung in der Fachkraft-Kind-Interaktion an Kindertagesst\u00e4tten\u00ab. 2025 \u2013 2026Wissenschaftlicher Mitarbeiter im IFF-Projekt \u201eNaturerfahrungen und -orientierungen in sp\u00e4tadoleszenten Bildungs- und Sozialisationsprozessen\u201c [&hellip;]<\/p>\n","protected":false},"author":147,"featured_media":0,"parent":2130,"menu_order":0,"comment_status":"closed","ping_status":"closed","template":"","meta":{"footnotes":""},"categories":[8],"tags":[],"class_list":["post-2202","page","type-page","status-publish","hentry","category-team"],"_links":{"self":[{"href":"https:\/\/www.hsu-hh.de\/systpaed\/wp-json\/wp\/v2\/pages\/2202","targetHints":{"allow":["GET"]}}],"collection":[{"href":"https:\/\/www.hsu-hh.de\/systpaed\/wp-json\/wp\/v2\/pages"}],"about":[{"href":"https:\/\/www.hsu-hh.de\/systpaed\/wp-json\/wp\/v2\/types\/page"}],"author":[{"embeddable":true,"href":"https:\/\/www.hsu-hh.de\/systpaed\/wp-json\/wp\/v2\/users\/147"}],"replies":[{"embeddable":true,"href":"https:\/\/www.hsu-hh.de\/systpaed\/wp-json\/wp\/v2\/comments?post=2202"}],"version-history":[{"count":7,"href":"https:\/\/www.hsu-hh.de\/systpaed\/wp-json\/wp\/v2\/pages\/2202\/revisions"}],"predecessor-version":[{"id":2262,"href":"https:\/\/www.hsu-hh.de\/systpaed\/wp-json\/wp\/v2\/pages\/2202\/revisions\/2262"}],"up":[{"embeddable":true,"href":"https:\/\/www.hsu-hh.de\/systpaed\/wp-json\/wp\/v2\/pages\/2130"}],"wp:attachment":[{"href":"https:\/\/www.hsu-hh.de\/systpaed\/wp-json\/wp\/v2\/media?parent=2202"}],"wp:term":[{"taxonomy":"category","embeddable":true,"href":"https:\/\/www.hsu-hh.de\/systpaed\/wp-json\/wp\/v2\/categories?post=2202"},{"taxonomy":"post_tag","embeddable":true,"href":"https:\/\/www.hsu-hh.de\/systpaed\/wp-json\/wp\/v2\/tags?post=2202"}],"curies":[{"name":"wp","href":"https:\/\/api.w.org\/{rel}","templated":true}]}}