{"id":2158,"date":"2026-02-20T14:03:25","date_gmt":"2026-02-20T13:03:25","guid":{"rendered":"https:\/\/www.hsu-hh.de\/systpaed\/?page_id=2158"},"modified":"2026-03-12T15:30:24","modified_gmt":"2026-03-12T14:30:24","slug":"schelling","status":"publish","type":"page","link":"https:\/\/www.hsu-hh.de\/systpaed\/schelling","title":{"rendered":""},"content":{"rendered":"<script type=\"application\/ld+json\">[{\"@context\": \"https:\/\/www.schema.org\",\"@type\": \"Person\",\"name\": \"Dr. Philip Schelling\",\"worksFor\": [{\t\"@type\": \"Organization\",\t\"name\": \"Helmut-Schmidt-Universit\u00e4t\",\t\"url\": \"https:\/\/www.hsu-hh.de\"\t, \"department\": {\"@type\": \"Organization\",\t\t\t\t\t\"name\": \"Professur f\u00fcr Erziehungswissenschaft, insbesondere systematische P\u00e4dagogik\",\t\t\t\t\t\"location\": {\t\t\t\t\t\t\"@type\": \"PostalAddress\",\t\t\t\t\t\t\"addressLocality\": \"\",        \t\t\t\t\"postalCode\": \"22043\",        \t\t\t\t\"streetAddress\": \"Holstenhofweg 85 , Geb\u00e4ude H04\"\t\t\t\t\t}},\t\"location\": {\t\t\"@type\": \"PostalAddress\",    \t\"addressLocality\": \"\",    \t\"postalCode\": \"22008\",    \t\"postOfficeBoxNumber\": \"700822\"\t}   }],\"image\": \"https:\/\/www.hsu-hh.de\/systpaed\/wp-content\/uploads\/sites\/755\/2018\/10\/schelling-philip-img180x240-150x150.jpg\",\"telephone\": \"+49406541-2307\",\"faxNumber\": \"\",\"email\": \" philip.schelling@hsu-hh.de\"}]<\/script><div class=\"clearfix\"><\/div><div class=\"ansprechparter-container \" style=\"margin-top:1em; \"><div class=\"row ansprechpartner-item ansprechparter-header\" ><div class=\"col-xs-8 col-lg-12\" style=\"margin-bottom: 30px;\"><h3 class=\"ansprechparter-headline\">Dr. Philip Schelling<\/h3><\/div><\/div><div class=\"col-md-4 col-lg-3 col-xs-4 ansprechpartner-item floatright img-circle center-block\" style=\"margin-bottom: 30px;\"><div class=\"img-responsive-wrapper\"><img decoding=\"async\" src=\"https:\/\/www.hsu-hh.de\/systpaed\/wp-content\/uploads\/sites\/755\/2018\/10\/schelling-philip-img180x240-150x150.jpg\" alt=\"Portr\u00e4tphoto Philip Schelling\" class=\"img-circle img-responsive center-block\" \/><\/div><\/div><div class=\"col-md-12 col-lg-3 col-xs-12 ansprechpartner-item kontakt floatright\" style=\"margin-bottom: 30px; \"><div class=\"row\"><div class=\"col-xs-12 col-sm-6 col-lg-12\"><div class=\"row\"><div class=\"col-xs-4 col-lg-4 row-text bold\" >Raum:<\/div><div class=\" row-text\">128, Geb\u00e4ude H4<\/div><\/div><\/div><div class=\"col-xs-12 col-sm-6 col-lg-12\"><div class=\"row\"><div class=\"col-xs-4 col-lg-4 row-text bold\">Telefon:<\/div><div class=\" row-text\">+49406541-2307<\/div><\/div><\/div><div class=\"col-xs-12 col-sm-6 col-lg-12\"><div class=\"row\"><div class=\"col-xs-4 col-lg-4 row-text bold\">E-Mail:<\/div><div class=\"row-text\" style=\"overflow:hidden; word-break: break-word\"><a href=\"mailto: philip.schelling@hsu-hh.de\" rel=\"nofollow\"> philip.schelling@hsu-hh.de<\/a><\/div><\/div><\/div><\/div><\/div><div class=\"col-md-6 col-lg-3 col-xs-12 ansprechpartner-item anschrift floatright\" ><div class=\"row-headline\">Besucheranschrift<\/div><div class=\"dataBesucheranschrift\" style=\"\"><div class=\"row-text\">Helmut-Schmidt-Universit\u00e4t<\/div><div class=\"row-text\">Geb\u00e4ude H04<\/div><div class=\"row-text\">Holstenhofweg 85<\/div><div class=\"row-text\">22043 Hamburg<\/div><\/div><\/div><div class=\"col-md-6 col-lg-3 col-xs-12 ansprechpartner-item anschrift floatright\"><div class=\"row-headline\">Postanschrift<\/div><div class=\"dataPostanschrift\" style=\"\"><div class=\"row-text\">Helmut-Schmidt-Universit\u00e4t<\/div><div class=\"row-text\">Fakult\u00e4t f\u00fcr Geistes- und Sozialwissenschaften<\/div><div class=\"row-text\">Professur f\u00fcr Erziehungswissenschaft, insbesondere systematische P\u00e4dagogik<\/div><div class=\"row-text\">Postfach 70 08 22<\/div><div class=\"row-text\">22008 Hamburg<\/div><\/div><\/div><\/div><div class=\"clearfix\"><\/div>\n\n\n<p><\/p>\n\n\n\n<h2 class=\"wp-block-heading\">Kurzbiographie<\/h2>\n\n\n\n<p>Seit Oktober 2025<br>Wissenschaftlicher Mitarbeiter (Postdoc) an der Fakult\u00e4t f\u00fcr Geistes- und Sozialwissenschaften der Helmut-Schmidt-Universit\u00e4t, Professur f\u00fcr Erziehungswissenschaft, insbesondere systematische P\u00e4dagogik (<abbr title=\"Professor\">Prof.<\/abbr>&nbsp;<abbr title=\"Doktor\">Dr.<\/abbr>&nbsp;Arnd-Michael Nohl)<\/p>\n\n\n\n<p>2025<br>Abgabe &amp; Verteidigung der Dissertation \u201eVern\u00fcnftige Revolten. Politische Sozialisationsprozesse von Fridays for Future-Aktivist*innen\u201c an der Helmut-Schmidt-Universit\u00e4t Hamburg&nbsp;<\/p>\n\n\n\n<p>Seit 2019<br>Dozent f\u00fcr Workshops im Rahmen des centrum f\u00fcr qualitative evaluations- und Sozialforschung e.V.<\/p>\n\n\n\n<p>2018 \u2013 2025<br>Wissenschaftlicher Mitarbeiter&nbsp;an der Fakult\u00e4t f\u00fcr Geistes- und Sozialwissenschaften der Helmut-Schmidt-Universit\u00e4t, Professur f\u00fcr Erziehungswissenschaft, insbesondere systematische P\u00e4dagogik (<abbr title=\"Professor\">Prof.<\/abbr>&nbsp;<abbr title=\"Doktor\">Dr.<\/abbr>&nbsp;Arnd-Michael Nohl)<\/p>\n\n\n\n<p>2017 \u2013 2018<br>Studentische Hilfskraft an der Universit\u00e4t Hamburg, Fachbereich Sozialwissenschaften (Soziologie), Professur f\u00fcr Gesellschaftsanalyse und sozialen Wandel (<abbr title=\"Professor\">Prof.<\/abbr>&nbsp;<abbr title=\"Doktor\">Dr.<\/abbr>&nbsp;Sighard Neckel)<\/p>\n\n\n\n<p>2017 \u2013 2018<br>Studentische Hilfskraft an der Fakult\u00e4t f\u00fcr Geistes- und Sozialwissenschaften der Helmut-Schmidt-Universit\u00e4t, Professur f\u00fcr Erziehungswissenschaft, insbesondere systematische P\u00e4dagogik (<abbr title=\"Professor\">Prof.<\/abbr>&nbsp;<abbr title=\"Doktor\">Dr.<\/abbr>&nbsp;Arnd-Michael Nohl)<\/p>\n\n\n\n<p>2015 \u2013 2017<br>Studentische Hilfskraft im DFG-Projekt \u201eAporien der Subjektivierung\u201c unter der Leitung von&nbsp;<abbr title=\"Doktor\">Dr.<\/abbr>&nbsp;Alexander Geimer<\/p>\n\n\n\n<p>2014 \u2013 2018<br>Studium der Soziologie an der Universit\u00e4t Hamburg<\/p>\n\n\n\n<p>2010 \u2013 2013<br>Studium der Sozialen Arbeit an der Fachhochschule Frankfurt am Main\/Frankfurt University of Applied Sciences<\/p>\n\n\n\n<h3 class=\"wp-block-heading\">Forschungsinteressen<\/h3>\n\n\n\n<ul class=\"wp-block-list\">\n<li>Anthropoz\u00e4n im p\u00e4dagogischen Feld<\/li>\n\n\n\n<li>Rekonstruktive Sozialforschung<\/li>\n\n\n\n<li>(Politische) Sozialisation<\/li>\n\n\n\n<li>Subjektivierungsforschung<\/li>\n\n\n\n<li>Klima-Bewegung<\/li>\n<\/ul>\n\n\n\n<h3 class=\"wp-block-heading\">Publikationen<\/h3>\n\n\n\n<p>Schelling, Philip (2026): Vern\u00fcnftige Revolten. Politische Sozialisationsprozesse von Fridays for Future-Aktivist*innen und die Formierung einer Ortsgruppe. Wiesbaden: Springer VS.<\/p>\n\n\n\n<p>Bunk, Benjamin; B\u00fcter, Merle; Kessl, Fabian; Schelling, Philip (2025): Fridays for Future als p\u00e4dagogisches Ph\u00e4nomen: Zum Verh\u00e4ltnis von Krise und Transformation. In: Tanja Sturm, Anja Tervooren, Melanie Schmidt, Sven B\u00e4rmig, Thomas Grunau, Isabel Thaler, Sabrina Grunau, Michael Ritter, Daniel Wrana (<abbr title=\"Herausgeber\">Hrsg.<\/abbr>):&nbsp;<a href=\"https:\/\/www.pedocs.de\/volltexte\/2025\/32806\/pdf\/Sturm_et_al_2025_Krisen_und_Transformationen.pdf\" target=\"_blank\" rel=\"noreferrer noopener\">Krisen und Transformationen. Anschl\u00fcsse an den 29. Kongress der Deutschen Gesellschaft f\u00fcr Erziehungswissenschaft<\/a>. Opladen: Barbara Budrich, S. 197-209.<\/p>\n\n\n\n<p>Schelling, Philip (2024): Politisierung im Kontext des \u201eSchulstreiks f\u00fcrs Klima\u201c \u2013 ein Theoretisierungsversuch mit Jacques Ranci\u00e8re. In: Stephan Dahmen, Zeynep Demir, Baris Ertugrul, Daniela Kloss, Bettina Ritter (<abbr title=\"Herausgeber\">Hrsg.<\/abbr>):\u00a0<a href=\"https:\/\/www.beltz.de\/fachmedien\/sozialpaedagogik_soziale_arbeit\/produkte\/details\/50418-politisierung-von-jugend.html\" target=\"_blank\" rel=\"noreferrer noopener\">Politisierung von Jugend<\/a>. Reihe<br>Jugendforschung. Verlag Beltz Juventa, S. 53-73.<\/p>\n\n\n\n<p>Schelling, Philip (2019):&nbsp;<a href=\"https:\/\/www.ssoar.info\/ssoar\/handle\/document\/65693\" target=\"_blank\" rel=\"noreferrer noopener\">Zur Organisation von Parteien \u2013 \u00dcber die Verordnung von Gemeinschaft und die asymmetrische Herstellung von Konsens<\/a>. In: Amling, Steffen\/ Geimer, Alexander\/ Schondelmayer, Anne-Christin\/ St\u00fctzel, Kevin\/ Thomsen, Sarah (<abbr title=\"Herausgeber\">Hrsg.<\/abbr>): Jahrbuch Dokumentarische Methode 1, S. 161-181.<\/p>\n\n\n\n<h3 class=\"wp-block-heading\">Vortr\u00e4ge<\/h3>\n\n\n\n<p>\u201eSpazierg\u00e4nge durch das Anthropoz\u00e4n: Br\u00fcche der Wahrnehmung und p\u00e4dagogische Perspektiven\u201c, Vortrag, 24. M\u00e4rz 2026, DGfE-Kongress zum Thema \u201eBr\u00fcche\u201c.<\/p>\n\n\n\n<p>\u201ePolitisch werden durch biographische Br\u00fcche? Zum Umgang von FfF- Aktivist*innen mit Erfahrungen von Desintegration\u201c, Vortrag in der AG \u201eZur Br\u00fcchigkeit in Aktivist*innenbiografien. Empirische Betrachtungen und theoretische Erkundungen der islamistischen Bewegung und der Klimabewegung\u201c, 24. M\u00e4rz 2026, DGfE-Kongress zum Thema \u201eBr\u00fcche\u201c.<\/p>\n\n\n\n<p>\u201eDie Politik der Zur\u00fcckweisung\u201c. Vortrag auf dem digitalen Forum Erziehungsphilosophie, 27. Februar 2026, online.<\/p>\n\n\n\n<p>\u201eDokumentarische Methode im Dialog \u2013 Zur Forschungspraxis unter Bedingungen grundlagentheoretischer Differenz\u201c. Panel (zusammen mit David Jahr) auf der ces-Jahrestagung, 31 Januar 2026, Berlin.<\/p>\n\n\n\n<p>\u201e<a href=\"https:\/\/www.dfh-festival.de\/event\/filmvorstellung-niemals-allein-immer-zusammen-mit-anschliesendem-publikumsgesprach-zu-aktivismus-und-gesellschaftlicher-wandel\/\" target=\"_blank\" rel=\"noreferrer noopener\">Aktivismus und gesellschaftlicher Wandel<\/a>\u201c, Publikumsgespr\u00e4ch mit Joana Georgi im Rahmen des Festivals \u201e<a href=\"https:\/\/www.dfh-festival.de\/idee\/\" target=\"_blank\" rel=\"noreferrer noopener\">Denken.F\u00fchlen.Handeln \u2013 Ein Zukunftsfestival f\u00fcr planetarische Gerechtigkeit<\/a>\u201c, 4. Juli 2025, Bielefeld<\/p>\n\n\n\n<p>\u201e<a href=\"http:\/\/xn--nachhaltigkeit-od3h.xn--%20langer%20abend%20in%20der%20erziehungswissenschaft-8107a\/\" target=\"_blank\" rel=\"noreferrer noopener\">Nachhaltigkeit<\/a>\u201e, Podiumsdiskussion mit Georg Winterseel auf der Veranstaltung \u201eLanger Abend in der Erziehungswissenschaft\u201c, 11. Juli 2022, Bergische Universit\u00e4t Wuppertal<\/p>\n\n\n\n<p>\u201ePolitisierung im Kontext des Schulstreiks f\u00fcrs Klima \u2013 ein Theoretisierungsversuch mit Jacques Ranci\u00e8re\u201c. Vortrag im Kolloquium Bildung und soziale Bewegung II:&nbsp;<a href=\"https:\/\/www.uni-giessen.de\/de\/fbz\/fb03\/institutefb03\/erziehung\/personen\/mitarbeiter\/bunk\/fridaysforfuture\" target=\"_blank\" rel=\"noreferrer noopener\">Fridays for Future als p\u00e4dagogisches Ph\u00e4nomen<\/a>, 13. Mai 2022, online<\/p>\n\n\n\n<p>\u201eDe-Identifizierung als Politisierung\u201c. Vortrag auf der Jahrestagung \u201e<a href=\"https:\/\/www.uni-bielefeld.de\/fakultaeten\/erziehungswissenschaft\/zkjf\/veranstaltungen\/jahrestagung\/\" target=\"_blank\" rel=\"noreferrer noopener\">Politisierung von Jugend<\/a>\u201c des Zentrums f\u00fcr Kindheits- und Jugendforschung (ZKJF) in Kooperation mit dem Institut f\u00fcr Konflikt- und Gewaltforschung (IKG), 29.-30. November 2021, online<\/p>\n\n\n\n<p>\u201eBeziehungsweise Protest. Konstitution von Eigenem und Gemeinsamen im Kontext von Fridays for Future\u201c. Vortrag auf der Arbeitstagung: Bildung und soziale Bewegungen \u2013 II, 20.-21.11.2020, online<\/p>\n\n\n\n<p>\u201eDas Verh\u00e4ltnis von Abgeordneten und Partei. Eine Studie zu berufsbezogenen Orientierungen von Landtagsabgeordneten.\u201c Vortrag auf der Jahrestagung des ces e.V. \u2013 centrum f\u00fcr qualitative evaluations- und sozialforschung, 15.-16. November 2018, Hamburg Helmut-Schmidt-Universit\u00e4t\/Universit\u00e4t der Bundeswehr<\/p>\n\n\n\n<h3 class=\"wp-block-heading\">Projekte<\/h3>\n\n\n\n<p>Podcast \u201eLebendige Methode\u201c (mit David Jahr):&nbsp;<a href=\"https:\/\/lebendige-methode.de\/\" target=\"_blank\" rel=\"noreferrer noopener\">Der Podcast, der sich Forschungsmethoden von ihrer pers\u00f6nlichen Seite aus n\u00e4hert&nbsp;<\/a>(FGZ-Transferfonds, Laufzeit 06\/2023\u201303\/2024)<\/p>\n\n\n\n<p>Organisation und Moderation des Online-Kolloquiums des AK \u201eBildung und Soziale Bewegung(en) (mit Benjamin Bunk):&nbsp;<a href=\"https:\/\/www.erziehungswissenschaft.uni-wuppertal.de\/fileadmin\/erziehungswissenschaft\/fach_sozialpaedagogik\/BuB__Online_Kolloquium_12.12.2025_-_Klimabewegung_als_P%C3%A4dagogisches_Ph%C3%A4nomen-1.pdf\" target=\"_blank\" rel=\"noreferrer noopener\">Die Klimabewegung als p\u00e4dagogisches Ph\u00e4nomen | The climate movement as pedagogical phenomenon<\/a>&nbsp;(Dezember 2025, online).<\/p>\n\n\n\n<p>Organisation und Moderation des Online-Kolloquiums des AK \u201eBildung und Soziale Bewegung(en) (mit Benjamin Bunk):&nbsp;<a href=\"https:\/\/www.uni-giessen.de\/de\/fbz\/fb03\/institutefb03\/erziehung\/personen\/mitarbeiter\/bunk\/fridaysforfuture\" target=\"_blank\" rel=\"noreferrer noopener\">Fridays for Future als p\u00e4dagogisches Ph\u00e4nomen<\/a>&nbsp;(Mai 2022, online)<\/p>\n\n\n\n<h3 class=\"wp-block-heading\">Mitgliedschaften<\/h3>\n\n\n\n<p>Centrum f\u00fcr qualitative evaluations- und sozialforschung (ces)<\/p>\n\n\n\n<p>Institut f\u00fcr Protest- und Bewegungsforschung (ipb)<\/p>\n","protected":false},"excerpt":{"rendered":"<p>Kurzbiographie Seit Oktober 2025Wissenschaftlicher Mitarbeiter (Postdoc) an der Fakult\u00e4t f\u00fcr Geistes- und Sozialwissenschaften der Helmut-Schmidt-Universit\u00e4t, Professur f\u00fcr Erziehungswissenschaft, insbesondere systematische P\u00e4dagogik (Prof.&nbsp;Dr.&nbsp;Arnd-Michael Nohl) 2025Abgabe &amp; Verteidigung der Dissertation \u201eVern\u00fcnftige Revolten. [&hellip;]<\/p>\n","protected":false},"author":147,"featured_media":0,"parent":0,"menu_order":0,"comment_status":"closed","ping_status":"closed","template":"","meta":{"footnotes":""},"categories":[4],"tags":[],"class_list":["post-2158","page","type-page","status-publish","hentry","category-forschung"],"_links":{"self":[{"href":"https:\/\/www.hsu-hh.de\/systpaed\/wp-json\/wp\/v2\/pages\/2158","targetHints":{"allow":["GET"]}}],"collection":[{"href":"https:\/\/www.hsu-hh.de\/systpaed\/wp-json\/wp\/v2\/pages"}],"about":[{"href":"https:\/\/www.hsu-hh.de\/systpaed\/wp-json\/wp\/v2\/types\/page"}],"author":[{"embeddable":true,"href":"https:\/\/www.hsu-hh.de\/systpaed\/wp-json\/wp\/v2\/users\/147"}],"replies":[{"embeddable":true,"href":"https:\/\/www.hsu-hh.de\/systpaed\/wp-json\/wp\/v2\/comments?post=2158"}],"version-history":[{"count":5,"href":"https:\/\/www.hsu-hh.de\/systpaed\/wp-json\/wp\/v2\/pages\/2158\/revisions"}],"predecessor-version":[{"id":2274,"href":"https:\/\/www.hsu-hh.de\/systpaed\/wp-json\/wp\/v2\/pages\/2158\/revisions\/2274"}],"wp:attachment":[{"href":"https:\/\/www.hsu-hh.de\/systpaed\/wp-json\/wp\/v2\/media?parent=2158"}],"wp:term":[{"taxonomy":"category","embeddable":true,"href":"https:\/\/www.hsu-hh.de\/systpaed\/wp-json\/wp\/v2\/categories?post=2158"},{"taxonomy":"post_tag","embeddable":true,"href":"https:\/\/www.hsu-hh.de\/systpaed\/wp-json\/wp\/v2\/tags?post=2158"}],"curies":[{"name":"wp","href":"https:\/\/api.w.org\/{rel}","templated":true}]}}