{"id":1875,"date":"2023-11-03T10:34:46","date_gmt":"2023-11-03T09:34:46","guid":{"rendered":"https:\/\/www.hsu-hh.de\/systpaed\/?page_id=1875"},"modified":"2023-11-03T10:54:36","modified_gmt":"2023-11-03T09:54:36","slug":"schrewe","status":"publish","type":"page","link":"https:\/\/www.hsu-hh.de\/systpaed\/schrewe","title":{"rendered":"Nils Schrewe, M.A."},"content":{"rendered":"<h3>Kurzbiographie<\/h3>\n<p>Seit 2021<br \/>\nMitarbeit im Projekt \u201eBetween education and teaching the adult population. Andragogical perspectives on the corona pandemic&#8220;<\/p>\n<p>Seit 2019<br \/>\nDozent f\u00fcr Workshops im Rahmen des centrum f\u00fcr qualitative evaluations- und Sozialforschung e.V.<\/p>\n<p>Seit 2014<br \/>\nfreiberufliche T\u00e4tigkeit als systemischer Coach<\/p>\n<p>2014 bis 2020<br \/>\nDoktorand an der Fakult\u00e4t f\u00fcr Geistes- und Sozialwissenschaften der Helmut-Schmidt-Universit\u00e4t, Professur f\u00fcr Erziehungswissenschaft, insbesondere systematische P\u00e4dagogik<\/p>\n<p>2010 bis 2012<br \/>\nAuslandsaufenthalte w\u00e4hrend des Studiums an der <abbr title=\"Helmut Schmidt Universit\u00e4t\">HSU<\/abbr> in Neuseeland, Brasilien und Amerika<\/p>\n<p>2008 bis 2010<br \/>\nStudium der Bewegungswissenschaften an der Universit\u00e4t Hamburg<\/p>\n<p>2008 bis 2012<br \/>\nStudium der Bildungs- und Erziehungswissenschaften mit den Schwerpunkten Erwachsenenbildung, Psychologie und Beratungspsychologie an der <abbr title=\"Helmut Schmidt Universit\u00e4t\">HSU<\/abbr><\/p>\n<p>2007 bis 2014<br \/>\nLaufbahn der Offiziere der Bundeswehr<\/p>\n<h3>Arbeitsschwerpunkte<\/h3>\n<ul>\n<li>Rekonstruktive Sozialforschung<\/li>\n<li>prozessuale und materielle Lern- und Bildungstheorien<\/li>\n<li>Biographieforschung<\/li>\n<li>Paradigmenforschung<\/li>\n<li>Wissenssoziologische Betrachtungen des Finanzmarktes<\/li>\n<li>P\u00e4dagogische Ausleuchtung der Corona-Pandemie<\/li>\n<\/ul>\n","protected":false},"excerpt":{"rendered":"<p>Kurzbiographie Seit 2021 Mitarbeit im Projekt \u201eBetween education and teaching the adult population. Andragogical perspectives on the corona pandemic&#8220; Seit 2019 Dozent f\u00fcr Workshops im Rahmen des centrum f\u00fcr qualitative [&hellip;]<\/p>\n","protected":false},"author":147,"featured_media":0,"parent":0,"menu_order":0,"comment_status":"closed","ping_status":"closed","template":"","meta":{"footnotes":""},"categories":[87],"tags":[],"class_list":["post-1875","page","type-page","status-publish","hentry","category-ehemalige-mitarbeiter"],"_links":{"self":[{"href":"https:\/\/www.hsu-hh.de\/systpaed\/wp-json\/wp\/v2\/pages\/1875","targetHints":{"allow":["GET"]}}],"collection":[{"href":"https:\/\/www.hsu-hh.de\/systpaed\/wp-json\/wp\/v2\/pages"}],"about":[{"href":"https:\/\/www.hsu-hh.de\/systpaed\/wp-json\/wp\/v2\/types\/page"}],"author":[{"embeddable":true,"href":"https:\/\/www.hsu-hh.de\/systpaed\/wp-json\/wp\/v2\/users\/147"}],"replies":[{"embeddable":true,"href":"https:\/\/www.hsu-hh.de\/systpaed\/wp-json\/wp\/v2\/comments?post=1875"}],"version-history":[{"count":1,"href":"https:\/\/www.hsu-hh.de\/systpaed\/wp-json\/wp\/v2\/pages\/1875\/revisions"}],"predecessor-version":[{"id":1876,"href":"https:\/\/www.hsu-hh.de\/systpaed\/wp-json\/wp\/v2\/pages\/1875\/revisions\/1876"}],"wp:attachment":[{"href":"https:\/\/www.hsu-hh.de\/systpaed\/wp-json\/wp\/v2\/media?parent=1875"}],"wp:term":[{"taxonomy":"category","embeddable":true,"href":"https:\/\/www.hsu-hh.de\/systpaed\/wp-json\/wp\/v2\/categories?post=1875"},{"taxonomy":"post_tag","embeddable":true,"href":"https:\/\/www.hsu-hh.de\/systpaed\/wp-json\/wp\/v2\/tags?post=1875"}],"curies":[{"name":"wp","href":"https:\/\/api.w.org\/{rel}","templated":true}]}}