{"id":1743,"date":"2022-08-09T09:38:14","date_gmt":"2022-08-09T07:38:14","guid":{"rendered":"https:\/\/www.hsu-hh.de\/systpaed\/?page_id=1743"},"modified":"2022-09-28T17:28:19","modified_gmt":"2022-09-28T15:28:19","slug":"mazzarisi","status":"publish","type":"page","link":"https:\/\/www.hsu-hh.de\/systpaed\/forschung\/erziehung-und-interaktion-in-der-kindertagesstaette\/mazzarisi","title":{"rendered":"Marco Mazzarisi, M.A."},"content":{"rendered":"<div class=\"ansprechparter-container\">\n<div class=\"row ansprechpartner-item ansprechparter-header\">\n<div class=\"col-md-4 col-lg-3 col-xs-4 ansprechpartner-item floatright img-circle center-block\" style=\"margin-bottom: 30px\">\n<div class=\"img-responsive-wrapper\"><img loading=\"lazy\" decoding=\"async\" class=\"img-circle img-responsive center-block  alignnone wp-image-1752 size-thumbnail\" src=\"https:\/\/www.hsu-hh.de\/systpaed\/wp-content\/uploads\/sites\/755\/2022\/08\/Mazzarisi-e1660030555248-150x150.png\" alt=\"  \" width=\"150\" height=\"150\" data-credit=\"Mazzarisi\" srcset=\"https:\/\/www.hsu-hh.de\/systpaed\/wp-content\/uploads\/sites\/755\/2022\/08\/Mazzarisi-e1660030555248-150x150.png 150w, https:\/\/www.hsu-hh.de\/systpaed\/wp-content\/uploads\/sites\/755\/2022\/08\/Mazzarisi-e1660030555248-100x100.png 100w\" sizes=\"auto, (max-width: 150px) 100vw, 150px\" \/><\/div>\n<\/div>\n<div class=\"col-md-12 col-lg-3 col-xs-12 ansprechpartner-item kontakt floatright\" style=\"margin-bottom: 30px\">\n<div class=\"row\">\n<div class=\"col-xs-12 col-sm-6 col-lg-12\">\n<div class=\"row\">\n<div class=\"col-xs-12 col-lg-4 row-text bold\">Raum:<\/div>\n<div class=\"col-xs-12 col-lg-8 row-text\">H4\/106<\/div>\n<\/div>\n<\/div>\n<div class=\"col-xs-12 col-sm-6 col-lg-12\">\n<div class=\"row\">\n<div class=\"col-xs-12 col-md-12 row-text bold\">E-Mail:<\/div>\n<div class=\"col-xs-12 col-md-12 row-text\"><a href=\"mailto:mazzarim@hsu-hh.de\" target=\"_blank\" rel=\"noopener\">mazzarim@hsu-hh.de<\/a><\/div>\n<\/div>\n<\/div>\n<\/div>\n<\/div>\n<div class=\"col-md-6 col-lg-3 col-xs-12 ansprechpartner-item anschrift floatright\">\n<div class=\"row-headline\">Besucheranschrift<\/div>\n<div class=\"row-text\">Helmut-Schmidt-Universit\u00e4t<\/div>\n<div class=\"row-text\">Geb\u00e4ude H4<\/div>\n<div class=\"row-text\">Holstenhofweg 85<\/div>\n<div class=\"row-text\">22043 Hamburg<\/div>\n<\/div>\n<div class=\"col-md-6 col-lg-3 col-xs-12 ansprechpartner-item anschrift floatright\">\n<div class=\"row-headline\">Postanschrift<\/div>\n<div class=\"row-text\">Helmut-Schmidt-Universit\u00e4t<\/div>\n<div class=\"row-text\">Fakult\u00e4t f\u00fcr Geistes- und Sozialwissenschaften<\/div>\n<div class=\"row-text\">Postfach 70 08 22<\/div>\n<div class=\"row-text\">22008 Hamburg<\/div>\n<\/div>\n<\/div>\n<\/div>\n<div class=\"clearfix\">\u00a0<\/div>\n<h2>Kurzvita<\/h2>\n<p>Geboren 1997 in B\u00fcckeburg, Deutschland<\/p>\n<p><strong>2015<\/strong><br \/>Abitur in B\u00fcckeburg<\/p>\n<p><strong>2015 \u2013 2022<\/strong><br \/>Offizierlaufbahn der Bundeswehr<\/p>\n<p><strong>2016 \u2013 2019<\/strong><br \/>Studium der Bildungs- und Erziehungswissenschaft an der Helmut-Schmidt-Universit\u00e4t mit dem Schwerpunkt Berufsbildung (Abschluss als <abbr title=\"Bachelor of Arts\">B.A.<\/abbr>)<\/p>\n<p><strong>2019 \u2013 2020<\/strong><br \/>Studium der Bildungs- und Erziehungswissenschaft an der Helmut-Schmidt-Universit\u00e4t mit dem Schwerpunkt Berufsbildung (Abschluss als <abbr title=\"Master of Arts\">M.A.<\/abbr>)<\/p>\n<p><strong>2022 bis heute<\/strong><br \/>Wissenschaftlicher Mitarbeiter an der Helmut-Schmidt-Universit\u00e4t im DFG-Projekt \u201eErziehung und Interaktion in der Kindertagesst\u00e4tte\u201c<\/p>\n<h2><strong>Forschungsinteressen<\/strong><\/h2>\n<ul>\n<li>Rekonstruktive Sozialforschung, <abbr title=\"insbesondere\">insb.<\/abbr> Dokumentarische Methode<\/li>\n<li>Interaktionsforschung<\/li>\n<li>Medienp\u00e4dagogik<\/li>\n<li>Berufsbildungssystem, <abbr title=\"insbesondere\">insb.<\/abbr> Berufsbildungspraxis<\/li>\n<li>Berufsorientierung<\/li>\n<\/ul>\n\n\n<p><\/p>\n","protected":false},"excerpt":{"rendered":"<p>Raum: H4\/106 E-Mail: mazzarim@hsu-hh.de Besucheranschrift Helmut-Schmidt-Universit\u00e4t Geb\u00e4ude H4 Holstenhofweg 85 22043 Hamburg Postanschrift Helmut-Schmidt-Universit\u00e4t Fakult\u00e4t f\u00fcr Geistes- und Sozialwissenschaften Postfach 70 08 22 22008 Hamburg \u00a0 Kurzvita Geboren 1997 in [&hellip;]<\/p>\n","protected":false},"author":147,"featured_media":0,"parent":1731,"menu_order":0,"comment_status":"closed","ping_status":"closed","template":"","meta":{"footnotes":""},"categories":[4],"tags":[],"class_list":["post-1743","page","type-page","status-publish","hentry","category-forschung"],"_links":{"self":[{"href":"https:\/\/www.hsu-hh.de\/systpaed\/wp-json\/wp\/v2\/pages\/1743","targetHints":{"allow":["GET"]}}],"collection":[{"href":"https:\/\/www.hsu-hh.de\/systpaed\/wp-json\/wp\/v2\/pages"}],"about":[{"href":"https:\/\/www.hsu-hh.de\/systpaed\/wp-json\/wp\/v2\/types\/page"}],"author":[{"embeddable":true,"href":"https:\/\/www.hsu-hh.de\/systpaed\/wp-json\/wp\/v2\/users\/147"}],"replies":[{"embeddable":true,"href":"https:\/\/www.hsu-hh.de\/systpaed\/wp-json\/wp\/v2\/comments?post=1743"}],"version-history":[{"count":11,"href":"https:\/\/www.hsu-hh.de\/systpaed\/wp-json\/wp\/v2\/pages\/1743\/revisions"}],"predecessor-version":[{"id":1783,"href":"https:\/\/www.hsu-hh.de\/systpaed\/wp-json\/wp\/v2\/pages\/1743\/revisions\/1783"}],"up":[{"embeddable":true,"href":"https:\/\/www.hsu-hh.de\/systpaed\/wp-json\/wp\/v2\/pages\/1731"}],"wp:attachment":[{"href":"https:\/\/www.hsu-hh.de\/systpaed\/wp-json\/wp\/v2\/media?parent=1743"}],"wp:term":[{"taxonomy":"category","embeddable":true,"href":"https:\/\/www.hsu-hh.de\/systpaed\/wp-json\/wp\/v2\/categories?post=1743"},{"taxonomy":"post_tag","embeddable":true,"href":"https:\/\/www.hsu-hh.de\/systpaed\/wp-json\/wp\/v2\/tags?post=1743"}],"curies":[{"name":"wp","href":"https:\/\/api.w.org\/{rel}","templated":true}]}}