{"id":1444,"date":"2021-01-19T10:19:47","date_gmt":"2021-01-19T09:19:47","guid":{"rendered":"https:\/\/www.hsu-hh.de\/systpaed\/?page_id=1444"},"modified":"2026-02-23T16:06:52","modified_gmt":"2026-02-23T15:06:52","slug":"between-educating-and-teaching-the-adult-population-andragogical-perspectives-on-the-corona-pandemic","status":"publish","type":"page","link":"https:\/\/www.hsu-hh.de\/systpaed\/forschung\/between-educating-and-teaching-the-adult-population-andragogical-perspectives-on-the-corona-pandemic","title":{"rendered":"Between educating and teaching the adult population. Andragogical perspectives on the Corona Pandemic"},"content":{"rendered":"<p>Projekt in Kooperation mit <abbr title=\"Doktor\">Dr.<\/abbr> Denise Klinge und <abbr title=\"Professor\">Prof.<\/abbr> <abbr title=\"Doktor\">Dr.<\/abbr> Burkhard Sch\u00e4ffer von der Universit\u00e4t der Bundeswehr M\u00fcnchen. Finanziert von der Volkswagenstiftung innerhalb der F\u00f6rderinitiative \u201eCorona Crisis and Beyond \u2013 Perspectives for Science, Scholarship and Society\u201c, 2021-2022.<\/p>\n<p>Hauptver\u00f6ffentlichung: <a href=\"https:\/\/link.springer.com\/book\/10.1007\/978-3-658-42370-4\" rel='nofollow'>Klinge, Denise\/Nohl, Arnd-Michael\/Sch\u00e4ffer, Burkhard (2023, Hg.): P\u00e4dagogik des gesellschaftlichen Ausnahmezustandes \u2013 Erziehung Erwachsener in der Corona-Pandemie. Wiesbaden: Springer VS<\/a><\/p>\n<p>Abstract: The project aims to investigate from an educational perspective how populations are lead to adopt certain knowledge and behavior in the face of the corona pandemic via teaching and education. We reconstruct through the analysis of politicians\u2018 speeches, experts\u2018 contributions, narrative interviews with citizens, and social media contributions, both the andragogical actions of politicians and experts and how the adult population appropriates them. Adopting an education scientific perspective, the project thus contributes to research on state-citizen crisis communication and helps to understand the processes of political education, the transfer of scientific knowledge, and how the population deals with political andragogical interventions.<\/p>\n\n\n<p><\/p>\n","protected":false},"excerpt":{"rendered":"<p>Projekt in Kooperation mit Dr. Denise Klinge und Prof. Dr. Burkhard Sch\u00e4ffer von der Universit\u00e4t der Bundeswehr M\u00fcnchen. Finanziert von der Volkswagenstiftung innerhalb der F\u00f6rderinitiative \u201eCorona Crisis and Beyond \u2013 [&hellip;]<\/p>\n","protected":false},"author":147,"featured_media":0,"parent":701,"menu_order":0,"comment_status":"closed","ping_status":"closed","template":"","meta":{"footnotes":""},"categories":[4],"tags":[],"class_list":["post-1444","page","type-page","status-publish","hentry","category-forschung"],"_links":{"self":[{"href":"https:\/\/www.hsu-hh.de\/systpaed\/wp-json\/wp\/v2\/pages\/1444","targetHints":{"allow":["GET"]}}],"collection":[{"href":"https:\/\/www.hsu-hh.de\/systpaed\/wp-json\/wp\/v2\/pages"}],"about":[{"href":"https:\/\/www.hsu-hh.de\/systpaed\/wp-json\/wp\/v2\/types\/page"}],"author":[{"embeddable":true,"href":"https:\/\/www.hsu-hh.de\/systpaed\/wp-json\/wp\/v2\/users\/147"}],"replies":[{"embeddable":true,"href":"https:\/\/www.hsu-hh.de\/systpaed\/wp-json\/wp\/v2\/comments?post=1444"}],"version-history":[{"count":3,"href":"https:\/\/www.hsu-hh.de\/systpaed\/wp-json\/wp\/v2\/pages\/1444\/revisions"}],"predecessor-version":[{"id":2249,"href":"https:\/\/www.hsu-hh.de\/systpaed\/wp-json\/wp\/v2\/pages\/1444\/revisions\/2249"}],"up":[{"embeddable":true,"href":"https:\/\/www.hsu-hh.de\/systpaed\/wp-json\/wp\/v2\/pages\/701"}],"wp:attachment":[{"href":"https:\/\/www.hsu-hh.de\/systpaed\/wp-json\/wp\/v2\/media?parent=1444"}],"wp:term":[{"taxonomy":"category","embeddable":true,"href":"https:\/\/www.hsu-hh.de\/systpaed\/wp-json\/wp\/v2\/categories?post=1444"},{"taxonomy":"post_tag","embeddable":true,"href":"https:\/\/www.hsu-hh.de\/systpaed\/wp-json\/wp\/v2\/tags?post=1444"}],"curies":[{"name":"wp","href":"https:\/\/api.w.org\/{rel}","templated":true}]}}