{"id":1151,"date":"2019-08-15T12:19:55","date_gmt":"2019-08-15T10:19:55","guid":{"rendered":"https:\/\/www.hsu-hh.de\/systpaed\/?page_id=1151"},"modified":"2019-08-16T11:23:34","modified_gmt":"2019-08-16T09:23:34","slug":"thomsen","status":"publish","type":"page","link":"https:\/\/www.hsu-hh.de\/systpaed\/thomsen","title":{"rendered":"Dr. Sarah Thomsen"},"content":{"rendered":"<h3>Kurzbiographie<\/h3>\n<p>1979<br \/>\ngeboren in Berlin<\/p>\n<p>1998 bis 2001<br \/>\nIndustrial Design\u2018-Studium an der Universit\u00e4t der K\u00fcnste Berlin; Beendigung nach dem Vordiplom<\/p>\n<p>2001 bis 2008<br \/>\nStudium der Erziehungswissenschaft an der Freien Universit\u00e4t Berlin; Studienrichtung Erwachsenenbildung, Studienschwerpunkt Interkulturelle P\u00e4dagogik<\/p>\n<p>2008<br \/>\nAbschluss mit Diplom<\/p>\n<p>2008 bis 2015<br \/>\nMitarbeit in mehreren Forschungsprojekten unter der Leitung Arnd-Michael Nohls: zun\u00e4chst im VW-Projekt \u201eKulturelles Kapital in der Migration\u201c und dann in den beiden aufeinander folgenden DFG-Forschungsprojekten \u201eBildung \u2013 Transformation und Tradierung im Zusammenhang von Individualit\u00e4t und Kollektivit\u00e4t\u201c und \u201eLernorientierungen diesseits und jenseits des Bildungsprozesses \u2013 der biographisch kontextuierte Aufbau von Wissen und K\u00f6nnen\u201c<\/p>\n<p>07\/2017<br \/>\nim Kontext der beiden DFG-Projekte entstand die im abgeschlossene Dissertation zum Thema &#8222;Biographische Bildungsprozesse im Kontext sozialer Protestbewegungen &#8211; Empirische Typisierungen und normativit\u00e4ts- und bildungstheoretische Reflexionen&#8220;<\/p>\n<p>08\/2017 bis 2018<br \/>\nwissenschaftliche Mitarbeiterin an der Fakult\u00e4t f\u00fcr Geistes- und Sozialwissenschaften der Helmut-Schmidt-Universit\u00e4t, Professur f\u00fcr Erziehungswissenschaft, insbesondere systematische P\u00e4dagogik<\/p>\n<p>seit 04\/2018<br \/>\n<a href=\"https:\/\/www.uni-potsdam.de\/de\/erwachsenenbildung\/mitarbeiterinnen\/thomsen-sarah-dr.html\" target=\"_blank\" rel=\"noopener noreferrer\">wissenschaftliche Mitarbeiterin im Projekt \u00bbtransform \u2013 Transformative Bildungsprozesse in performativen Projekten\u00ab\u00a0 an der Professur f\u00fcr Erwachsenenbildung\/Weiterbildung und Medienp\u00e4dagogik der Universit\u00e4t Potsdam, unter der Leitung von <abbr title=\"Professor\">Prof.<\/abbr> <abbr title=\"Doktor\">Dr.<\/abbr> Joachim Ludwig<\/a><\/p>\n<h3>Arbeits- und Forschungsschwerpunkte<\/h3>\n<ul>\n<li>Arbeits- und Forschungsschwerpunkte<\/li>\n<li>Rekonstruktive Sozialforschung<\/li>\n<li>Dokumentarische Methode, insbesondere dokumentarische Interpretation von Interviews<\/li>\n<li>Bildungs- und Biographieforschung<\/li>\n<li>Soziale Bewegungen<\/li>\n<li>Theorien des K\u00f6rpers<\/li>\n<li>Kulturelle Pluralit\u00e4t<\/li>\n<\/ul>\n<h3>Publikationen<\/h3>\n<p><strong>Monographien<\/strong><\/p>\n<p>Thomsen, Sarah (2019): Bildung in Protestbewegungen. Empirische Phasentypiken und normativit\u00e4ts- und bildungstheoretische Reflexionen. Springer VS.<\/p>\n<p>Thomsen, Sarah (2017): Biographische Bildungsprozesse im Kontext sozialer Protestbewegungen \u2013 Empirische Typisierungen und normativit\u00e4ts- und bildungstheoretische Reflexionen\u201c. Eingereichte Dissertation an der Helmut-Schmidt-Universit\u00e4t. Hamburg.<\/p>\n<p>Nohl, Arnd-Michael\/Rosenberg, Florian von\/Thomsen, Sarah (2015): Bildung und Lernen im biographischen Kontext. Empirische Typisierungen und pragmatistisch-praxistheoretische Reflexionen. Springer VS: Wiesbaden.<\/p>\n<p>Thomsen, Sarah (2009): Akademiker aus dem Ausland \u2013 Biographische Rekonstruktionen zur Statuspassage in den Arbeitsmarkt. Logos-Verlag: Berlin [Information siehe: <a title=\"Externen Link im neuen Fenster \u00f6ffnen\" href=\"https:\/\/www.logos-verlag.de\/cgi-bin\/buch?isbn=2141\" target=\"_blank\" rel=\"noopener noreferrer\">http:\/\/www.logos-verlag.de\/cgi-bin\/buch?isbn=2141<\/a>.]<\/p>\n<p><strong>Aufs\u00e4tze<\/strong><\/p>\n<p>Thomsen, Sarah\/Amling, Steffen (2019). Empirische Beispiele der Bildungsforschung mit der Dokumentarischen Methode. In: Dariu\u0161 Zifonun, Lisa-Marian Schmidt und Jule-Marie Lorenzen (<abbr title=\"Herausgeber\">Hrsg.<\/abbr>): Methodologien und Methoden der Bildungsforschung. Quantitative und qualitative Verfahren und ihre Verbindungen [im Erscheinen].<\/p>\n<p>Nohl, Arnd-Michael\/Thomsen, Sarah (2019). Dokumentarische Methode. In: Jos G.\/Haas M. (<abbr title=\"Herausgeber\">Hrsg.<\/abbr>): Soziologische Biographieforschung. Handbuch zur methodischen Praxis. Verlag Barbara Budrich [im Erscheinen].<\/p>\n<p>Nohl, Arnd-Michael\/Rosenberg, Florian von\/Thomsen, Sarah (2015): Bildung, Negation und Lernen. Vierteljahresschrift f\u00fcr wissenschaftliche P\u00e4dagogik, 91(1), S. 1-13.<\/p>\n<p>Thomsen, Sarah (2011): The Phases of Transformational Learning of Adults in New Social Movements in Germany. In: 2011 Seminar of ESREA Research Network \u2018Between Global and Local: Adult Learning and Development\u2019 \u2013 Positioning and Conceptualizing Adult Education and Learning within Local Development. Istanbul: Boagzici University Press.<\/p>\n<p>Nohl, Arnd-Michael\/Thomsen, Sarah (2011): Jenseits organisierter politischer Bildung: selbstl\u00e4ufige p\u00e4dagogische Prozesse im Horizont des Politischen. In: Jounal f\u00fcr politische Bildung, Heft 3\/11, Wochenschau Verlag.<\/p>\n<p>Thomsen, Sarah (2010): Von der Jugendkultur zur politischen Positionierung. Bildung als jugendliches Sich-Einfinden in eine politische Grundorientierung im Kontext von sozialen Bewegungen. In: Neue Praxis, Nr. 3\/2010.<\/p>\n<p>Thomsen, Sarah (2010): Mehr als weak ties. Zur Entstehung und Bedeutung von sozialem Kapital bei hochqualifizierten Bildungsausl\u00e4ndern. In: Arnd-Michael Nohl\/Karin Schittenhelm\/Oliver Schmidtke\/Anja Wei\u00df: Kulturelles Kapital in der Migration: Hochqualifizierte Einwanderer und Einwanderinnen auf dem Arbeitsmarkt. VS-Verlag: Wiesbaden.<\/p>\n<p>Nohl, Arnd-Michael\/Ofner, Ulrike Selma\/Thomsen, Sarah (2010): Statuspassagen von gleichberechtigten hochqualifizierten Bildungsausl\u00e4nder(inne)n in den deutschen Arbeitsmarkt. In: Arnd-Michael Nohl\/Karin Schittenhelm\/Oliver Schmidtke\/Anja Wei\u00df: Kulturelles Kapital in der Migration: Hochqualifizierte Einwanderer und Einwanderinnen auf dem Arbeitsmarkt. VS-Verlag: Wiesbaden.<\/p>\n<p>Thomsen, Sarah (2008): Die Entstehung und Bedeutung von sozialem Kapital \u2013 ein transnationaler Vergleich zur Arbeitsmarktinklusion akademischqualifizierter Migrant(inn)en. Unver\u00f6ffentlichtes Arbeitspapier<\/p>\n<p>Nohl, Arnd-Michael\/Ofner, Ulrike Selma\/Thomsen, Sarah (2007): <a href=\"https:\/\/www.uni-potsdam.de\/fileadmin01\/projects\/erwachsenenbildung\/Literatur\/Nohl_Ofner_Thomsen-2007-Statuspassagen_von_gleichberechtigten_hochqualifizierten_Bildungsausl%C3%A4nderinnen.pdf\" rel='nofollow'>Statuspassagen von gleichberechtigten hochqualifizierten Bildungsausl\u00e4nder(inne)n in den deutschen Arbeitsmarkt: Zur Verwertung von Wissen und K\u00f6nnen im Kontext migrationsbezogener Orientierungen.<\/a> Cultural Capital During Migration Research Paper No 3. Verf\u00fcgbar unter: <a href=\"http:\/\/www.cultural-capital.net\" target=\"_blank\" rel=\"noopener noreferrer\">http:\/\/www.cultural-capital.net.<\/a><\/p>\n<p><strong>Vortr\u00e4ge<\/strong><\/p>\n<p>\u201eBildung und Subjektivierung im Kontext von Protestbewegungen\u201c; Vortrag in der AG \u201eBildung\/Subjektivierung im Kontext von sozialen Bewegungen\u201c auf dem DGfE-Kongress 2018 zum Thema \u201eBewegungen\u201c, 18. bis 21. M\u00e4rz 2018<\/p>\n<p>\u201eDas Biographische im Politischen \u2013 Zur biographischen Dimension politischer Orientierungen im Kontext sozialer Bewegungen\u201c; Vortrag auf der Jahrestagung der Sektion Biographieforschung in der DGS zum Thema \u201eDas Politische im Biographischen\u201c, 16. und 17. November 2017<\/p>\n<p>\u201eBildungsprozesse in Protestbewegungen \u2013 Betrachtungen zwischen Normativit\u00e4t und Rekonstruktion\u201c; Vortrag auf der Tagung des Max-Weber-Kollegs zum Thema \u201eProtest und die Transformation von Selbstverh\u00e4ltnissen. Erziehungswissenschaftliche und soziologische Perspektiven\u201c, 21. bis 23. April 2016<\/p>\n<p>\u201eVon der Jugendkultur zur politischen Positionierung \u2013 Bildung als adoleszente Einfindung in politische Orientierungen im Kontext sozialer Bewegungen\u201c;\u00a0 Vortrag auf der Fr\u00fchjahrstagung der Sektion \u201eBildung und Erziehung\u201cder Deutschen Gesellschaft f\u00fcr Soziologie (DGS), 17. und 18. Juni 2010 in Essen<\/p>\n<h3>Mitgliedschaften<\/h3>\n<ul>\n<li>Mitglied in der DGfE &#8211; Deutsche Gesellschaft f\u00fcr Erziehungswissenschaften<\/li>\n<li>Vorstandsmitglied im ces e.V. &#8211; centrum f\u00fcr qualitative evaluations- und sozialforschung<\/li>\n<\/ul>\n","protected":false},"excerpt":{"rendered":"<p>Kurzbiographie 1979 geboren in Berlin 1998 bis 2001 Industrial Design\u2018-Studium an der Universit\u00e4t der K\u00fcnste Berlin; Beendigung nach dem Vordiplom 2001 bis 2008 Studium der Erziehungswissenschaft an der Freien Universit\u00e4t [&hellip;]<\/p>\n","protected":false},"author":147,"featured_media":0,"parent":0,"menu_order":0,"comment_status":"closed","ping_status":"closed","template":"","meta":{"footnotes":""},"categories":[87,8],"tags":[],"class_list":["post-1151","page","type-page","status-publish","hentry","category-ehemalige-mitarbeiter","category-team"],"_links":{"self":[{"href":"https:\/\/www.hsu-hh.de\/systpaed\/wp-json\/wp\/v2\/pages\/1151","targetHints":{"allow":["GET"]}}],"collection":[{"href":"https:\/\/www.hsu-hh.de\/systpaed\/wp-json\/wp\/v2\/pages"}],"about":[{"href":"https:\/\/www.hsu-hh.de\/systpaed\/wp-json\/wp\/v2\/types\/page"}],"author":[{"embeddable":true,"href":"https:\/\/www.hsu-hh.de\/systpaed\/wp-json\/wp\/v2\/users\/147"}],"replies":[{"embeddable":true,"href":"https:\/\/www.hsu-hh.de\/systpaed\/wp-json\/wp\/v2\/comments?post=1151"}],"version-history":[{"count":7,"href":"https:\/\/www.hsu-hh.de\/systpaed\/wp-json\/wp\/v2\/pages\/1151\/revisions"}],"predecessor-version":[{"id":1207,"href":"https:\/\/www.hsu-hh.de\/systpaed\/wp-json\/wp\/v2\/pages\/1151\/revisions\/1207"}],"wp:attachment":[{"href":"https:\/\/www.hsu-hh.de\/systpaed\/wp-json\/wp\/v2\/media?parent=1151"}],"wp:term":[{"taxonomy":"category","embeddable":true,"href":"https:\/\/www.hsu-hh.de\/systpaed\/wp-json\/wp\/v2\/categories?post=1151"},{"taxonomy":"post_tag","embeddable":true,"href":"https:\/\/www.hsu-hh.de\/systpaed\/wp-json\/wp\/v2\/tags?post=1151"}],"curies":[{"name":"wp","href":"https:\/\/api.w.org\/{rel}","templated":true}]}}