{"id":802,"date":"2025-09-19T06:52:51","date_gmt":"2025-09-19T04:52:51","guid":{"rendered":"https:\/\/www.hsu-hh.de\/studium\/?page_id=802"},"modified":"2025-11-04T11:56:33","modified_gmt":"2025-11-04T10:56:33","slug":"kuenstliche-intelligenz-algorithmen-und-gesellschaft","status":"publish","type":"page","link":"https:\/\/www.hsu-hh.de\/studium\/kuenstliche-intelligenz-algorithmen-und-gesellschaft\/","title":{"rendered":"K\u00fcnstliche Intelligenz: Algorithmen und Gesellschaft (B.Sc.\/M.Sc.)"},"content":{"rendered":"\n<ul class=\"wp-block-list\">\n<li><strong>Zielgruppe<\/strong>: Studium im Rahmen der Laufbahn der Offizierinnen und Offiziere bei der Bundeswehr<\/li>\n\n\n\n<li><strong>Abschluss<\/strong>: Bachelor of Science (B.Sc.) \/ Master of Science (<abbr title=\"Master of Science\">M.Sc.<\/abbr>)<\/li>\n\n\n\n<li><strong>ECTS-Leistungspunkte<\/strong>: Bachelor 180 ECTS + Master 120 ECTS<\/li>\n\n\n\n<li><strong>Studiendauer<\/strong>: Bachelor 7 Trimester + Master 5 Trimester, H\u00f6chststudiendauer 4 Jahre durch Intensivstudium<\/li>\n\n\n\n<li><strong>Lehrsprachen<\/strong>: deutsch und englisch<\/li>\n<\/ul>\n\n\n\n<div style=\"height:15px\" aria-hidden=\"true\" class=\"wp-block-spacer\"><\/div>\n\n\n\n<h2 class=\"wp-block-heading\">Beschreibung<\/h2>\n\n\n\n<p>Der interdisziplin\u00e4re Studiengang <strong>K\u00fcnstliche Intelligenz: Algorithmen und Gesellschaft<\/strong> der <abbr title=\"Helmut Schmidt Universit\u00e4t\">HSU<\/abbr>\/UniBw H verbindet technisches Know-how mit gesellschaftlicher Verantwortung. Alle <a href=\"https:\/\/www.hsu-hh.de\/einrichtungen\">vier Fakult\u00e4ten der Universit\u00e4t<\/a> b\u00fcndeln ihr Fachwissen, um den hochkomplexen Gestaltungsfragen im Themenfeld KI gerecht zu werden. Die Besonderheit: das <strong>konsequent inter- und transdisziplin\u00e4re Vorgehen<\/strong> im Studium. Studierende erwerben technische Grundlagen der KI-Entwicklung ebenso wie die Kompetenz, den Prozess der Implementierung von KI-Tools in unterschiedlichen Kontexten zu gestalten und kritisch zu begleiten. So entsteht ein <strong>breites und ganzheitliches Verst\u00e4ndnis von KI <\/strong>aus unterschiedlichen disziplin\u00e4ren Perspektiven, etwa aus der Informatik, Ethik, Soziologie oder Rechtswissenschaft. Im Studium werden aktuelle und zuk\u00fcnftige <strong>Anwendungsfelder von KI <\/strong>in den Blick genommen \u2013 von Verwaltung und Industrie \u00fcber Milit\u00e4r und Medizin bis hin zur Bildung. Die <abbr title=\"Helmut Schmidt Universit\u00e4t\">HSU<\/abbr>\/UniBw H bietet durch zahlreiche Professuren, spezialisierte Einrichtungen wie das <a href=\"https:\/\/www.hsu-hh.de\/iai\/\"><abbr title=\"Helmut Schmidt Universit\u00e4t\">HSU<\/abbr>-AI-Institut<\/a>, den Hochleistungsrechner HSUper und ihre starke internationale Vernetzung eine <strong>exzellente Forschungs- und Lehrumgebung<\/strong>. Und das alles in der wundersch\u00f6nen Metropole am Wasser: Hamburg!<\/p>\n\n\n\n<h2 class=\"wp-block-heading\">Studienaufbau<\/h2>\n\n\n\n<h3 class=\"wp-block-heading\">Bachelor:<\/h3>\n\n\n\n<p>Im <strong>Bachelorstudium<\/strong> werden die Grundlagen f\u00fcr ein inter- und transdisziplin\u00e4res Verst\u00e4ndnis der Entwicklung, Implementierung und gesellschaftlichen Gestaltung von K\u00fcnstlicher Intelligenz vermittelt. Studierende erwerben Kenntnisse in Mathematik, Technik und Informatik und erlernen die Grundlagen des Programmierens. In Modulen wie \u201eKI-Ethik\u201c oder \u201ePsychologische sowie p\u00e4dagogische Grundlagen des menschlichen Lernens\u201c lernen Studierende KI aus wirtschafts-, geistes- und sozialwissenschaftlicher Perspektive kennen. Sie setzen sich kritisch mit dem Prozess der Implementierung von KI-Tools auseinander und erkennen Chancen sowie Risiken ihres Einsatzes. Ein praxisorientiertes Gruppenprojekt f\u00f6rdert die inter- und transdisziplin\u00e4re Zusammenarbeit und bef\u00e4higt die Studierenden, Ideen f\u00fcr eine sozialvertr\u00e4gliche und zukunftsgerichtete Gestaltung von KI zu entwickeln.<\/p>\n\n\n\n<details class=\"wp-block-details is-layout-flow wp-block-details-is-layout-flow\"><summary>Studienverlaufsplan KI-Bachelorstudium<\/summary><div class=\"wp-block-image\">\n<figure class=\"aligncenter size-large is-resized\"><img loading=\"lazy\" decoding=\"async\" width=\"1024\" height=\"590\" src=\"https:\/\/www.hsu-hh.de\/studium\/wp-content\/uploads\/sites\/923\/2025\/09\/KI-Bachelor-Studienverlaufsplan-1024x590.jpg\" data-credit=\"HSU\/UniBw H\" alt=\"\" class=\"wp-image-851\" style=\"width:1080px\" srcset=\"https:\/\/www.hsu-hh.de\/studium\/wp-content\/uploads\/sites\/923\/2025\/09\/KI-Bachelor-Studienverlaufsplan-1024x590.jpg 1024w, https:\/\/www.hsu-hh.de\/studium\/wp-content\/uploads\/sites\/923\/2025\/09\/KI-Bachelor-Studienverlaufsplan-300x173.jpg 300w, https:\/\/www.hsu-hh.de\/studium\/wp-content\/uploads\/sites\/923\/2025\/09\/KI-Bachelor-Studienverlaufsplan-768x443.jpg 768w, https:\/\/www.hsu-hh.de\/studium\/wp-content\/uploads\/sites\/923\/2025\/09\/KI-Bachelor-Studienverlaufsplan-1100x634.jpg 1100w, https:\/\/www.hsu-hh.de\/studium\/wp-content\/uploads\/sites\/923\/2025\/09\/KI-Bachelor-Studienverlaufsplan.jpg 1334w\" sizes=\"auto, (max-width: 1024px) 100vw, 1024px\" \/><\/figure>\n<\/div><\/details>\n\n\n\n<h3 class=\"wp-block-heading\">Master:<\/h3>\n\n\n\n<p>Im <strong>Masterstudium <\/strong>w\u00e4hlen die Studierende eine Vertiefungsrichtung: &#8222;KI begleiten&#8220; oder &#8222;KI umsetzen&#8220;. Das konsequent inter- und transdisziplin\u00e4re Vorgehen im Studium wird fortgesetzt und durch vertiefende Kenntnisse in einem breiten Spektrum an Disziplinen erg\u00e4nzt. Im Projektmodul am Ende des Masterstudiums arbeiten die Studierenden erneut in interdisziplin\u00e4ren Teams und bearbeiten reale KI-Anwendungsszenarien nach wissenschaftlichen Standards. Absolvent:innen sind in der Lage, K\u00fcnstliche Intelligenz in komplexen Organisationen technisch einzuf\u00fchren und deren Einf\u00fchrung zu begleiten, indem sie den Einsatz stets kritisch reflektieren und ihn verantwortungsbewusst gestalten.<\/p>\n\n\n\n<details class=\"wp-block-details is-layout-flow wp-block-details-is-layout-flow\"><summary>Studienverlaufsplan KI-Masterstudium<\/summary><div class=\"wp-block-image\">\n<figure class=\"aligncenter size-large is-resized\"><img loading=\"lazy\" decoding=\"async\" width=\"1024\" height=\"603\" src=\"https:\/\/www.hsu-hh.de\/studium\/wp-content\/uploads\/sites\/923\/2025\/09\/KI-Master-Studienverlaufsplan-1-1024x603.jpg\" data-credit=\"HSU\/UniBw H\" alt=\"\" class=\"wp-image-860\" style=\"width:1080px\" srcset=\"https:\/\/www.hsu-hh.de\/studium\/wp-content\/uploads\/sites\/923\/2025\/09\/KI-Master-Studienverlaufsplan-1-1024x603.jpg 1024w, https:\/\/www.hsu-hh.de\/studium\/wp-content\/uploads\/sites\/923\/2025\/09\/KI-Master-Studienverlaufsplan-1-300x177.jpg 300w, https:\/\/www.hsu-hh.de\/studium\/wp-content\/uploads\/sites\/923\/2025\/09\/KI-Master-Studienverlaufsplan-1-768x452.jpg 768w, https:\/\/www.hsu-hh.de\/studium\/wp-content\/uploads\/sites\/923\/2025\/09\/KI-Master-Studienverlaufsplan-1-1100x648.jpg 1100w, https:\/\/www.hsu-hh.de\/studium\/wp-content\/uploads\/sites\/923\/2025\/09\/KI-Master-Studienverlaufsplan-1.jpg 1368w\" sizes=\"auto, (max-width: 1024px) 100vw, 1024px\" \/><\/figure>\n<\/div><\/details>\n\n\n\n<div style=\"height:100px\" aria-hidden=\"true\" class=\"wp-block-spacer\"><\/div>\n\n\n<div class=\"wp-block-image\">\n<figure class=\"aligncenter size-large is-resized\"><img loading=\"lazy\" decoding=\"async\" width=\"1024\" height=\"456\" src=\"https:\/\/www.hsu-hh.de\/studium\/wp-content\/uploads\/sites\/923\/2025\/09\/Grafik_KI_Studiengang_geaen_02--1024x456.png\" data-credit=\"HSU\/UniBw H\" alt=\"\" class=\"wp-image-904\" style=\"width:800px\" srcset=\"https:\/\/www.hsu-hh.de\/studium\/wp-content\/uploads\/sites\/923\/2025\/09\/Grafik_KI_Studiengang_geaen_02--1024x456.png 1024w, https:\/\/www.hsu-hh.de\/studium\/wp-content\/uploads\/sites\/923\/2025\/09\/Grafik_KI_Studiengang_geaen_02--300x134.png 300w, https:\/\/www.hsu-hh.de\/studium\/wp-content\/uploads\/sites\/923\/2025\/09\/Grafik_KI_Studiengang_geaen_02--768x342.png 768w, https:\/\/www.hsu-hh.de\/studium\/wp-content\/uploads\/sites\/923\/2025\/09\/Grafik_KI_Studiengang_geaen_02--1536x684.png 1536w, https:\/\/www.hsu-hh.de\/studium\/wp-content\/uploads\/sites\/923\/2025\/09\/Grafik_KI_Studiengang_geaen_02--2048x911.png 2048w, https:\/\/www.hsu-hh.de\/studium\/wp-content\/uploads\/sites\/923\/2025\/09\/Grafik_KI_Studiengang_geaen_02--1100x490.png 1100w\" sizes=\"auto, (max-width: 1024px) 100vw, 1024px\" \/><\/figure>\n<\/div>\n\n\n<div style=\"height:100px\" aria-hidden=\"true\" class=\"wp-block-spacer\"><\/div>\n\n\n\n<h2 class=\"wp-block-heading\">Karriere<\/h2>\n\n\n\n<h3 class=\"wp-block-heading\">KI studieren, Zukunft gestalten<\/h3>\n\n\n\n<p>Absolvent:innen des KI-Studienganges er\u00f6ffnen sich exzellente, vielf\u00e4ltige berufliche M\u00f6glichkeiten innerhalb wie au\u00dferhalb der Bundeswehr. <strong>Innerhalb der Bundeswehr<\/strong> k\u00f6nnen sie <abbr title=\"unter anderem\">u.a.<\/abbr> in Bereichen wie Datenanalyse, Cybersicherheit, Bedrohungserkennung und der Entwicklung und Begleitung KI-gest\u00fctzter Systeme t\u00e4tig werden. Ihre F\u00e4higkeiten sind essenziell f\u00fcr Aufkl\u00e4rungsoperationen, Automatisierung und Prozessoptimierung, gesellschaftliche Zukunftsgestaltung, sowie f\u00fcr die strategische Planung in sicherheitsrelevanten Kontexten. KI-Kompetenzen st\u00e4rken Resilienz und Risikokompetenz der Bundeswehr in einer zunehmend komplexen Sicherheitslage.<\/p>\n\n\n\n<p>Auch <strong>au\u00dferhalb der Bundeswehr<\/strong> sind KI-Expert:innen zunehmend gefragt. Ob bei der \u00dcberwachung kritischer Infrastrukturen, in der Kriminalit\u00e4tspr\u00e4vention, der Optimierung technischer Systeme, in der Automobilindustrie, der Logistik, in der \u00f6ffentlichen Verwaltung, im Bildungssektor oder bei NGOs: \u00fcberall pr\u00e4gt KI die Arbeits- und Lebenswelt der Menschen. Hierbei gilt es, hochkomplexe Herausforderungen zu bew\u00e4ltigen und neue Szenarien und Ans\u00e4tze f\u00fcr die Zukunft der Gesellschaft zu entwickeln, f\u00fcr die eine interdisziplin\u00e4re KI-Expertise unverzichtbar ist. Absolvent:innen des KI-Studiengangs sind bestens vorbereitet, um in Forschung, Wissenschaft und Praxis einen wertvollen Beitrag zu leisten. Ihre interdisziplin\u00e4re Ausbildung qualifiziert sie, technologische Innovationen voranzutreiben, hierbei aber systematisch deren gesellschaftlichen oder ethischen Implikationen zu ber\u00fccksichtigen.<\/p>\n\n\n\n<h2 class=\"wp-block-heading\">Bewerbung<\/h2>\n\n\n\n<p>Der Bewerbungs- und Auswahlprozess f\u00fcr dieses Studium l\u00e4uft nicht \u00fcber die Universit\u00e4t selbst, sondern \u00fcber das Bundesamt f\u00fcr das Personalmanagement der Bundeswehr. Bewerberinnen und Bewerber durchlaufen ein <strong>Auswahlverfahren <\/strong>am Assessmentcenter f\u00fcr F\u00fchrungskr\u00e4fte der Bundeswehr (<a href=\"https:\/\/www.bundeswehr.de\/de\/organisation\/personal\/organisation-\/bundesamt-fuer-das-personalmanagement-der-bundeswehr-\/assessmentcenter-fuer-fuehrungskraefte-der-bundeswehr-\" rel='nofollow'>ACF\u00fcKrBw<\/a>) in K\u00f6ln. Geschultes Personal \u00fcberpr\u00fcft vor Ort die charakterliche, geistige und k\u00f6rperliche Eignung zum Offizier <abbr title=\"beziehungsweise\">bzw.<\/abbr> zur Offizierin sowie die <strong>Studieneignung<\/strong> der Bewerberinnen und Bewerber.<\/p>\n\n\n\n<p>Mehr Informationen zur <strong>Laufbahngruppe der Offizierinnen und Offiziere <\/strong>gibt es <a href=\"https:\/\/www.bundeswehr.de\/de\/ueber-die-bundeswehr\/dienstgrade-laufbahnen-bundeswehr\/laufbahn-offiziere\" rel='nofollow'>hier<\/a>.<\/p>\n\n\n\n<p>Mehr Informationen zum <strong>Bewerbungsverfahren<\/strong> der Bundeswehr gibt es <a href=\"https:\/\/www.bundeswehrkarriere.de\/offizierin-offizier-m-w-d-mit-studium-71\" rel='nofollow'>hier<\/a>.<\/p>\n\n\n\n<hr class=\"wp-block-separator has-alpha-channel-opacity\" \/>\n\n\n\n<h2 class=\"wp-block-heading has-text-align-left\">Zentrale Dokumente zum Studiengang<\/h2>\n\n\n\n<div class=\"wp-block-hsu-downloadblock\"><div class=\"thumbnail-area\"><img decoding=\"async\" src=\"\/wp-content\/themes\/hsu\/img\/dummy\/downloads_dummy.png\" alt=\"Download Symbol-Icon\" \/><\/div><div class=\"text-area\"><strong>Modulhandbuch Bachelor KI<\/strong><\/div><div class=\"download-area\"><a class=\"download-link\" href=\"https:\/\/www.hsu-hh.de\/studium\/wp-content\/uploads\/sites\/923\/2025\/09\/Anl_6_Modulhandbuch-Bachelor-KI_ueberarbeitet.pdf\"><span class=\"download-name\">pdf laden<\/span><span class=\"download-icon\"><img decoding=\"async\" class=\"download-icon\" alt=\"download icon\" src=\"\/wp-content\/themes\/hsu\/img\/icons\/download_icon.png\" \/><\/span><span class=\"download-size\">2 MB<\/span><\/a><\/div><\/div>\n\n\n\n<div class=\"wp-block-hsu-downloadblock\"><div class=\"thumbnail-area\"><img decoding=\"async\" src=\"\/wp-content\/themes\/hsu\/img\/dummy\/downloads_dummy.png\" alt=\"Download Symbol-Icon\" \/><\/div><div class=\"text-area\"><strong>Modulhandbuch Master KI<\/strong><\/div><div class=\"download-area\"><a class=\"download-link\" href=\"https:\/\/www.hsu-hh.de\/studium\/wp-content\/uploads\/sites\/923\/2025\/09\/Anl_7_Modulhandbuch-Master-KI_ueberarbeitet.pdf\"><span class=\"download-name\">pdf laden<\/span><span class=\"download-icon\"><img decoding=\"async\" class=\"download-icon\" alt=\"download icon\" src=\"\/wp-content\/themes\/hsu\/img\/icons\/download_icon.png\" \/><\/span><span class=\"download-size\">1 MB<\/span><\/a><\/div><\/div>\n\n\n\n<hr class=\"wp-block-separator has-alpha-channel-opacity\" \/>\n\n\n\n<h2 class=\"wp-block-heading\">Kontakt<\/h2>\n\n\n\n<div class=\"wp-block-columns is-layout-flex wp-container-core-columns-is-layout-9d6595d7 wp-block-columns-is-layout-flex\">\n<div class=\"wp-block-column is-layout-flow wp-block-column-is-layout-flow\">\n<h3 class=\"wp-block-heading\">Fragen zum Bewerbungsverfahren<\/h3>\n\n\n\n<p><strong>Zust\u00e4ndiges Karriereberatungsb\u00fcro<\/strong><br><a href=\"https:\/\/www.bundeswehrkarriere.de\/dialog\/beratung-kontakt\/beratungsstellen\" rel='nofollow'>https:\/\/www.bundeswehrkarriere.de\/dialog\/beratung-kontakt\/beratungsstellen<\/a><\/p>\n<\/div>\n\n\n\n<div class=\"wp-block-column is-layout-flow wp-block-column-is-layout-flow\">\n<h4 class=\"wp-block-heading\">Fragen zum Studium<\/h4>\n\n\n\n<p><strong>Pr\u00e4sidialabteilung der <abbr title=\"Helmut Schmidt Universit\u00e4t\">HSU<\/abbr>\/UniBw H<\/strong><br>Team Studium &amp; Lehre<br><a href=\"mailto:studium@hsu-hh.de\" rel='nofollow'>studium@hsu-hh.de<\/a><\/p>\n<\/div>\n<\/div>\n\n\n\n<hr class=\"wp-block-separator has-alpha-channel-opacity\" \/>\n","protected":false},"excerpt":{"rendered":"<p>Beschreibung Der interdisziplin\u00e4re Studiengang K\u00fcnstliche Intelligenz: Algorithmen und Gesellschaft der HSU\/UniBw H verbindet technisches Know-how mit gesellschaftlicher Verantwortung. Alle vier Fakult\u00e4ten der Universit\u00e4t b\u00fcndeln ihr Fachwissen, um den hochkomplexen Gestaltungsfragen [&hellip;]<\/p>\n","protected":false},"author":2428,"featured_media":0,"parent":0,"menu_order":0,"comment_status":"closed","ping_status":"closed","template":"","meta":{"footnotes":""},"categories":[4],"tags":[],"class_list":["post-802","page","type-page","status-publish","hentry","category-forschung"],"_links":{"self":[{"href":"https:\/\/www.hsu-hh.de\/studium\/wp-json\/wp\/v2\/pages\/802","targetHints":{"allow":["GET"]}}],"collection":[{"href":"https:\/\/www.hsu-hh.de\/studium\/wp-json\/wp\/v2\/pages"}],"about":[{"href":"https:\/\/www.hsu-hh.de\/studium\/wp-json\/wp\/v2\/types\/page"}],"author":[{"embeddable":true,"href":"https:\/\/www.hsu-hh.de\/studium\/wp-json\/wp\/v2\/users\/2428"}],"replies":[{"embeddable":true,"href":"https:\/\/www.hsu-hh.de\/studium\/wp-json\/wp\/v2\/comments?post=802"}],"version-history":[{"count":48,"href":"https:\/\/www.hsu-hh.de\/studium\/wp-json\/wp\/v2\/pages\/802\/revisions"}],"predecessor-version":[{"id":924,"href":"https:\/\/www.hsu-hh.de\/studium\/wp-json\/wp\/v2\/pages\/802\/revisions\/924"}],"wp:attachment":[{"href":"https:\/\/www.hsu-hh.de\/studium\/wp-json\/wp\/v2\/media?parent=802"}],"wp:term":[{"taxonomy":"category","embeddable":true,"href":"https:\/\/www.hsu-hh.de\/studium\/wp-json\/wp\/v2\/categories?post=802"},{"taxonomy":"post_tag","embeddable":true,"href":"https:\/\/www.hsu-hh.de\/studium\/wp-json\/wp\/v2\/tags?post=802"}],"curies":[{"name":"wp","href":"https:\/\/api.w.org\/{rel}","templated":true}]}}