{"id":652,"date":"2024-10-08T09:59:22","date_gmt":"2024-10-08T07:59:22","guid":{"rendered":"https:\/\/www.hsu-hh.de\/studium\/?page_id=652"},"modified":"2026-03-12T15:00:41","modified_gmt":"2026-03-12T14:00:41","slug":"bewerben","status":"publish","type":"page","link":"https:\/\/www.hsu-hh.de\/studium\/startseite\/bewerben\/","title":{"rendered":"Bewerben"},"content":{"rendered":"\n<p>Die Helmut-Schmidt-Universit\u00e4t\/Universit\u00e4t der Bundeswehr Hamburg (<abbr title=\"Helmut Schmidt Universit\u00e4t\">HSU<\/abbr>\/UniBw H) dient in erster Linie der universit\u00e4ren Bildung des Offizierkorps der Bundeswehr. Das Studium ist integraler Bestandteil der Laufbahngruppe der <strong>Offiziere <\/strong>und eine attraktive M\u00f6glichkeit, milit\u00e4rische Ausbildung mit universit\u00e4rer Bildung zu verbinden.<\/p>\n\n\n\n<p><strong>Zivilpersonen <\/strong>k\u00f6nnen im Rahmen freier Kapazit\u00e4ten in Verbindung mit einem institutionellen Partner, <abbr title=\"zum Beispiel\">z.B.<\/abbr> einem Unternehmen oder einer Beh\u00f6rde, an der <abbr title=\"Helmut Schmidt Universit\u00e4t\">HSU<\/abbr>\/UniBw H studieren. Auch Soldatinnen und Soldaten, die sich f\u00fcr ihre zivile Karriere weiterbilden wollen, k\u00f6nnen im Rahmen des Berufsf\u00f6rderungsdienstes (BFD) an der <abbr title=\"Helmut Schmidt Universit\u00e4t\">HSU<\/abbr>\/UniBw H studieren.<\/p>\n\n\n\n<hr class=\"wp-block-separator has-alpha-channel-opacity is-style-default\" \/>\n\n\n\n<div class=\"wp-block-columns is-layout-flex wp-container-core-columns-is-layout-9d6595d7 wp-block-columns-is-layout-flex\">\n<div class=\"wp-block-column is-layout-flow wp-block-column-is-layout-flow\">\n<h2 class=\"wp-block-heading\">Studium als Offizieranw\u00e4rter\/in<\/h2>\n\n\n\n<p>Der Bewerbungs- und Auswahlprozess f\u00fcr das Studium an den beiden Bundeswehr-Universit\u00e4ten in Hamburg und M\u00fcnchen l\u00e4uft nicht \u00fcber die Universit\u00e4ten selbst, sondern \u00fcber das Bundesamt f\u00fcr das Personalmanagement der Bundeswehr. Bewerberinnen und Bewerber durchlaufen ein <strong>Auswahlverfahren <\/strong>am Assessmentcenter f\u00fcr F\u00fchrungskr\u00e4fte der Bundeswehr (<a href=\"https:\/\/www.bundeswehr.de\/de\/organisation\/personal\/bundesamt-fuer-das-personalmanagement-der-bundeswehr-\/assessmentcenter-fuer-fuehrungskraefte-der-bundeswehr-\" rel='nofollow'>ACF\u00fcKrBw<\/a>) in K\u00f6ln. Geschultes Personal \u00fcberpr\u00fcft vor Ort die charakterliche, geistige und k\u00f6rperliche Eignung zum Offizier <abbr title=\"beziehungsweise\">bzw.<\/abbr> zur Offizierin sowie die <strong>Studieneignung<\/strong>.<\/p>\n\n\n\n<p>Mehr Informationen zur Laufbahngruppe der Offizierinnen und Offiziere gibt es <a href=\"https:\/\/www.bundeswehr.de\/de\/ueber-die-bundeswehr\/dienstgrade-laufbahnen-bundeswehr\/laufbahn-offiziere\" rel='nofollow'>hier<\/a>.<\/p>\n\n\n\n<p>Mehr Informationen zum Bewerbungsverfahren gibt es <a href=\"https:\/\/www.bundeswehrkarriere.de\/offizierin-offizier-m-w-d-mit-studium-71\" rel='nofollow'>hier<\/a>.<\/p>\n<\/div>\n\n\n\n<div class=\"wp-block-column is-layout-flow wp-block-column-is-layout-flow\">\n<h2 class=\"wp-block-heading\">Studium als Zivilperson<\/h2>\n\n\n\n<p>Es gibt zwei Wege, um als Zivilperson an der Helmut-Schmidt-Universit\u00e4t\/Universit\u00e4t der Bundeswehr Hamburg studieren zu k\u00f6nnen: erstens die Entsendung durch <strong>Kooperationspartner<\/strong>, darunter Ministerien, Beh\u00f6rden oder der Bundeswehr nahestehende Unternehmen sowie zweitens das Studium im Rahmen des <strong>Berufsf\u00f6rderungsdienstes <\/strong>(BFD) f\u00fcr ausscheidende Soldatinnen und Soldaten auf Zeit. Letzteres dient der Vorbereitung auf den Zivilberuf.<\/p>\n\n\n\n<p>Mehr Informationen zum Studium als Zivilperson gibt es <a href=\"https:\/\/www.hsu-hh.de\/hsm\/\">hier<\/a>.<\/p>\n<\/div>\n<\/div>\n","protected":false},"excerpt":{"rendered":"<p>Die Helmut-Schmidt-Universit\u00e4t\/Universit\u00e4t der Bundeswehr Hamburg (HSU\/UniBw H) dient in erster Linie der universit\u00e4ren Bildung des Offizierkorps der Bundeswehr. Das Studium ist integraler Bestandteil der Laufbahngruppe der Offiziere und eine attraktive [&hellip;]<\/p>\n","protected":false},"author":2503,"featured_media":0,"parent":73,"menu_order":3,"comment_status":"closed","ping_status":"closed","template":"","meta":{"footnotes":""},"categories":[4],"tags":[],"class_list":["post-652","page","type-page","status-publish","hentry","category-forschung"],"_links":{"self":[{"href":"https:\/\/www.hsu-hh.de\/studium\/wp-json\/wp\/v2\/pages\/652","targetHints":{"allow":["GET"]}}],"collection":[{"href":"https:\/\/www.hsu-hh.de\/studium\/wp-json\/wp\/v2\/pages"}],"about":[{"href":"https:\/\/www.hsu-hh.de\/studium\/wp-json\/wp\/v2\/types\/page"}],"author":[{"embeddable":true,"href":"https:\/\/www.hsu-hh.de\/studium\/wp-json\/wp\/v2\/users\/2503"}],"replies":[{"embeddable":true,"href":"https:\/\/www.hsu-hh.de\/studium\/wp-json\/wp\/v2\/comments?post=652"}],"version-history":[{"count":12,"href":"https:\/\/www.hsu-hh.de\/studium\/wp-json\/wp\/v2\/pages\/652\/revisions"}],"predecessor-version":[{"id":979,"href":"https:\/\/www.hsu-hh.de\/studium\/wp-json\/wp\/v2\/pages\/652\/revisions\/979"}],"up":[{"embeddable":true,"href":"https:\/\/www.hsu-hh.de\/studium\/wp-json\/wp\/v2\/pages\/73"}],"wp:attachment":[{"href":"https:\/\/www.hsu-hh.de\/studium\/wp-json\/wp\/v2\/media?parent=652"}],"wp:term":[{"taxonomy":"category","embeddable":true,"href":"https:\/\/www.hsu-hh.de\/studium\/wp-json\/wp\/v2\/categories?post=652"},{"taxonomy":"post_tag","embeddable":true,"href":"https:\/\/www.hsu-hh.de\/studium\/wp-json\/wp\/v2\/tags?post=652"}],"curies":[{"name":"wp","href":"https:\/\/api.w.org\/{rel}","templated":true}]}}