{"id":630,"date":"2024-10-08T09:38:40","date_gmt":"2024-10-08T07:38:40","guid":{"rendered":"https:\/\/www.hsu-hh.de\/studium\/?page_id=630"},"modified":"2024-10-15T11:44:33","modified_gmt":"2024-10-15T09:44:33","slug":"studienkonzept","status":"publish","type":"page","link":"https:\/\/www.hsu-hh.de\/studium\/startseite\/studienkonzept\/","title":{"rendered":"Studienkonzept"},"content":{"rendered":"\n<p>Das Studium an der Universit\u00e4t der Bundeswehr Hamburg (<abbr title=\"Helmut Schmidt Universit\u00e4t\">HSU<\/abbr>\/UniBw H) ist etwas ganz Besonderes! Es erm\u00f6glicht dir, milit\u00e4rische Ausbildung mit universit\u00e4rer Bildung zu verbinden und das in der weltoffenen, lebendigen Metropole am Wasser: Hamburg!<\/p>\n\n\n\n<p>Obwohl sich das Studium an der <abbr title=\"Helmut Schmidt Universit\u00e4t\">HSU<\/abbr>\/UniBw H inhaltlich nicht von \u00f6ffentlichen Hochschulen unterscheidet, bietet es dir zahlreiche Vorteile:<\/p>\n\n\n\n<div class=\"wp-block-columns is-layout-flex wp-container-core-columns-is-layout-9d6595d7 wp-block-columns-is-layout-flex\">\n<div class=\"wp-block-column is-vertically-aligned-top is-layout-flow wp-block-column-is-layout-flow\" style=\"flex-basis:66.66%\">\n<h2 class=\"wp-block-heading\">Master-Abschluss in vier Jahren<\/h2>\n\n\n\n<p>Die Bachelor- und Masterstudieng\u00e4nge an der <abbr title=\"Helmut Schmidt Universit\u00e4t\">HSU<\/abbr>\/UniBw H sind in der Regel als Intensivstudieng\u00e4nge strukturiert. Das Studium erfolgt in Trimestern. Ein Studienjahr besteht aus drei Trimestern, an die sich eine dreimonatige Vorlesungsfreie Zeit anschlie\u00dft. Ein Trimester dauert 12 Wochen und ist damit ca. zwei Wochen k\u00fcrzer als ein durchschnittliches Semester an einer \u00f6ffentlichen Hochschule. Somit ist die Zahl der Wochenstunden, die du als Studierende\/r der <abbr title=\"Helmut Schmidt Universit\u00e4t\">HSU<\/abbr>\/UniBw H in Lehrveranstaltungen verbringst, leicht erh\u00f6ht und du hast den Master-Abschluss in vier statt in f\u00fcnf Jahren in der Tasche.<\/p>\n<\/div>\n\n\n\n<div class=\"wp-block-column is-vertically-aligned-center is-layout-flow wp-block-column-is-layout-flow\" style=\"flex-basis:33.33%\"><div class=\"wp-block-image\">\n<figure class=\"aligncenter size-large is-resized\"><img loading=\"lazy\" decoding=\"async\" width=\"1024\" height=\"683\" src=\"https:\/\/www.hsu-hh.de\/studium\/wp-content\/uploads\/sites\/923\/2024\/10\/20240608_HSU_Bef_Appell_Tag_d_Bundeswehr_CG_027-1024x683.jpg\" data-credit=\"Gelhausen\/HSU\/UniBw H\" alt=\"\" class=\"wp-image-694\" style=\"aspect-ratio:4\/3;object-fit:cover;width:350px\" srcset=\"https:\/\/www.hsu-hh.de\/studium\/wp-content\/uploads\/sites\/923\/2024\/10\/20240608_HSU_Bef_Appell_Tag_d_Bundeswehr_CG_027-1024x683.jpg 1024w, https:\/\/www.hsu-hh.de\/studium\/wp-content\/uploads\/sites\/923\/2024\/10\/20240608_HSU_Bef_Appell_Tag_d_Bundeswehr_CG_027-300x200.jpg 300w, https:\/\/www.hsu-hh.de\/studium\/wp-content\/uploads\/sites\/923\/2024\/10\/20240608_HSU_Bef_Appell_Tag_d_Bundeswehr_CG_027-768x512.jpg 768w, https:\/\/www.hsu-hh.de\/studium\/wp-content\/uploads\/sites\/923\/2024\/10\/20240608_HSU_Bef_Appell_Tag_d_Bundeswehr_CG_027-1536x1024.jpg 1536w, https:\/\/www.hsu-hh.de\/studium\/wp-content\/uploads\/sites\/923\/2024\/10\/20240608_HSU_Bef_Appell_Tag_d_Bundeswehr_CG_027-2048x1365.jpg 2048w, https:\/\/www.hsu-hh.de\/studium\/wp-content\/uploads\/sites\/923\/2024\/10\/20240608_HSU_Bef_Appell_Tag_d_Bundeswehr_CG_027-1100x733.jpg 1100w\" sizes=\"auto, (max-width: 1024px) 100vw, 1024px\" \/><\/figure>\n<\/div><\/div>\n<\/div>\n\n\n\n<div class=\"wp-block-columns is-layout-flex wp-container-core-columns-is-layout-9d6595d7 wp-block-columns-is-layout-flex\">\n<div class=\"wp-block-column is-vertically-aligned-center is-layout-flow wp-block-column-is-layout-flow\" style=\"flex-basis:33.33%\"><div class=\"wp-block-image\">\n<figure class=\"alignleft size-large is-resized\"><img loading=\"lazy\" decoding=\"async\" width=\"1024\" height=\"682\" src=\"https:\/\/www.hsu-hh.de\/studium\/wp-content\/uploads\/sites\/923\/2024\/10\/forschung-30-1024x682.jpg\" data-credit=\"Ulrike Schr\u00f6der\" alt=\"\" class=\"wp-image-695\" style=\"aspect-ratio:1.3333333333333333;object-fit:cover;width:350px\" srcset=\"https:\/\/www.hsu-hh.de\/studium\/wp-content\/uploads\/sites\/923\/2024\/10\/forschung-30-1024x682.jpg 1024w, https:\/\/www.hsu-hh.de\/studium\/wp-content\/uploads\/sites\/923\/2024\/10\/forschung-30-300x200.jpg 300w, https:\/\/www.hsu-hh.de\/studium\/wp-content\/uploads\/sites\/923\/2024\/10\/forschung-30-768x512.jpg 768w, https:\/\/www.hsu-hh.de\/studium\/wp-content\/uploads\/sites\/923\/2024\/10\/forschung-30-1536x1024.jpg 1536w, https:\/\/www.hsu-hh.de\/studium\/wp-content\/uploads\/sites\/923\/2024\/10\/forschung-30-1100x733.jpg 1100w, https:\/\/www.hsu-hh.de\/studium\/wp-content\/uploads\/sites\/923\/2024\/10\/forschung-30.jpg 1772w\" sizes=\"auto, (max-width: 1024px) 100vw, 1024px\" \/><\/figure>\n<\/div><\/div>\n\n\n\n<div class=\"wp-block-column is-vertically-aligned-top is-layout-flow wp-block-column-is-layout-flow\" style=\"flex-basis:66.66%\">\n<h2 class=\"wp-block-heading\">\u00dcberdurchschnittliche Ausstattung<\/h2>\n\n\n\n<p class=\"has-text-align-left\">Damit das Trimestersystem funktioniert und die knappe Studienzeit eingehalten werden kann, ist eine besonders gute personelle und materielle Ausstattung unabdingbar. Mit eigenen Wohnheimen, exzellent ausgestatteten Laboren, modernen H\u00f6rs\u00e4len, einem Sprachenzentrum sowie einer hervorragenden Bibliothek bietet die <abbr title=\"Helmut Schmidt Universit\u00e4t\">HSU<\/abbr>\/UniBw H dir alle Voraussetzungen f\u00fcr ein effizientes, erfolgreiches Studium.<\/p>\n<\/div>\n<\/div>\n\n\n\n<div class=\"wp-block-columns is-layout-flex wp-container-core-columns-is-layout-9d6595d7 wp-block-columns-is-layout-flex\">\n<div class=\"wp-block-column is-vertically-aligned-top is-layout-flow wp-block-column-is-layout-flow\" style=\"flex-basis:66.66%\">\n<h2 class=\"wp-block-heading\">Kleingruppenkonzept<\/h2>\n\n\n\n<p>Das Studium in kleinen Gruppen ist fester Bestandteil des ehrgeizigen Studienkonzepts der <abbr title=\"Helmut Schmidt Universit\u00e4t\">HSU<\/abbr>\/UniBw H. Das ausgezeichnete Betreuungsverh\u00e4ltnis tr\u00e4gt ma\u00dfgeblich dazu bei, dass das Intensivstudium zu schaffen ist. Sieht man von den wenigen Vorlesungen ab, finden die meisten Lehrveranstaltungen in Gruppen mit maximal 25 Teilnehmenden statt.<\/p>\n<\/div>\n\n\n\n<div class=\"wp-block-column is-vertically-aligned-center is-layout-flow wp-block-column-is-layout-flow\" style=\"flex-basis:33.33%\"><div class=\"wp-block-image\">\n<figure class=\"aligncenter size-large is-resized\"><img loading=\"lazy\" decoding=\"async\" width=\"1024\" height=\"680\" src=\"https:\/\/www.hsu-hh.de\/studium\/wp-content\/uploads\/sites\/923\/2024\/10\/07_Zivile-Studierende_Ulrike-Schroeder-1024x680.jpg\" data-credit=\"Ulrike Schr\u00f6der\" alt=\"\" class=\"wp-image-608\" style=\"aspect-ratio:4\/3;object-fit:cover;width:350px\" srcset=\"https:\/\/www.hsu-hh.de\/studium\/wp-content\/uploads\/sites\/923\/2024\/10\/07_Zivile-Studierende_Ulrike-Schroeder-1024x680.jpg 1024w, https:\/\/www.hsu-hh.de\/studium\/wp-content\/uploads\/sites\/923\/2024\/10\/07_Zivile-Studierende_Ulrike-Schroeder-300x199.jpg 300w, https:\/\/www.hsu-hh.de\/studium\/wp-content\/uploads\/sites\/923\/2024\/10\/07_Zivile-Studierende_Ulrike-Schroeder-768x510.jpg 768w, https:\/\/www.hsu-hh.de\/studium\/wp-content\/uploads\/sites\/923\/2024\/10\/07_Zivile-Studierende_Ulrike-Schroeder-1536x1020.jpg 1536w, https:\/\/www.hsu-hh.de\/studium\/wp-content\/uploads\/sites\/923\/2024\/10\/07_Zivile-Studierende_Ulrike-Schroeder-2048x1361.jpg 2048w, https:\/\/www.hsu-hh.de\/studium\/wp-content\/uploads\/sites\/923\/2024\/10\/07_Zivile-Studierende_Ulrike-Schroeder-1100x731.jpg 1100w\" sizes=\"auto, (max-width: 1024px) 100vw, 1024px\" \/><\/figure>\n<\/div><\/div>\n<\/div>\n\n\n\n<div class=\"wp-block-columns is-layout-flex wp-container-core-columns-is-layout-9d6595d7 wp-block-columns-is-layout-flex\">\n<div class=\"wp-block-column is-vertically-aligned-center is-layout-flow wp-block-column-is-layout-flow\" style=\"flex-basis:33.33%\"><div class=\"wp-block-image\">\n<figure class=\"alignleft size-large is-resized\"><img loading=\"lazy\" decoding=\"async\" width=\"1024\" height=\"683\" src=\"https:\/\/www.hsu-hh.de\/studium\/wp-content\/uploads\/sites\/923\/2024\/10\/05_Wohnanlage_Gelhausen-1024x683.jpg\" data-credit=\"Gelhausen\/HSU\/UniBw H\" alt=\"\" class=\"wp-image-606\" style=\"aspect-ratio:1.3333333333333333;object-fit:cover;width:350px\" srcset=\"https:\/\/www.hsu-hh.de\/studium\/wp-content\/uploads\/sites\/923\/2024\/10\/05_Wohnanlage_Gelhausen-1024x683.jpg 1024w, https:\/\/www.hsu-hh.de\/studium\/wp-content\/uploads\/sites\/923\/2024\/10\/05_Wohnanlage_Gelhausen-300x200.jpg 300w, https:\/\/www.hsu-hh.de\/studium\/wp-content\/uploads\/sites\/923\/2024\/10\/05_Wohnanlage_Gelhausen-768x512.jpg 768w, https:\/\/www.hsu-hh.de\/studium\/wp-content\/uploads\/sites\/923\/2024\/10\/05_Wohnanlage_Gelhausen-1536x1024.jpg 1536w, https:\/\/www.hsu-hh.de\/studium\/wp-content\/uploads\/sites\/923\/2024\/10\/05_Wohnanlage_Gelhausen-2048x1365.jpg 2048w, https:\/\/www.hsu-hh.de\/studium\/wp-content\/uploads\/sites\/923\/2024\/10\/05_Wohnanlage_Gelhausen-1100x733.jpg 1100w\" sizes=\"auto, (max-width: 1024px) 100vw, 1024px\" \/><\/figure>\n<\/div><\/div>\n\n\n\n<div class=\"wp-block-column is-vertically-aligned-top is-layout-flow wp-block-column-is-layout-flow\" style=\"flex-basis:66.66%\">\n<h2 class=\"wp-block-heading\">Campus-Universit\u00e4t<\/h2>\n\n\n\n<p class=\"has-text-align-left\">Die ausgezeichnete Infrastruktur auf dem Campus erspart dir viel Zeit bei der Organisation des Studiums: H\u00f6rs\u00e4le, Labore, Bibliothek, Mensa, Schwimmhalle, Sportanlagen, \u00c4rzte, eine evangelische und eine katholische Gemeinde sind in wenigen Geh-Minuten erreichbar. Studierende der Bundeswehr leben kosteng\u00fcnstig in komfortablen Wohnheimen direkt auf dem Campus (Holstenhofweg) oder im nahgelegenen Wohnbereich der Universit\u00e4t (Stoltenstra\u00dfe). Die gemeinsame Unterbringung auf Wohnebenen f\u00f6rdert den Zusammenhalt. Studierende unterschiedlicher Jahrg\u00e4nge unterst\u00fctzen sich gegenseitig und lernen in Gemeinschaften.<\/p>\n<\/div>\n<\/div>\n\n\n\n<div class=\"wp-block-columns is-layout-flex wp-container-core-columns-is-layout-9d6595d7 wp-block-columns-is-layout-flex\">\n<div class=\"wp-block-column is-vertically-aligned-top is-layout-flow wp-block-column-is-layout-flow\" style=\"flex-basis:66.66%\">\n<h2 class=\"wp-block-heading\">Finanzielle Sicherheit w\u00e4hrend des Studiums<\/h2>\n\n\n\n<p class=\"has-text-align-left\">Als Studierende\/r der <abbr title=\"Helmut Schmidt Universit\u00e4t\">HSU<\/abbr>\/UniBw H kannst du dich voll und ganz auf dein Studium konzentrieren, ohne nebenbei jobben zu gehen. Studierende Offizieranw\u00e4rterinnen und -anw\u00e4rter, Offizierinnen und Offiziere bekommen ihr Gehalt (abh\u00e4ngig von Alter, Dienstgrad und Familienstand) auch w\u00e4hrend ihrer Studienzeit. Bei \u00dcbernahme der Studiengeb\u00fchren, z. B. durch eine andere Bundesbeh\u00f6rde, k\u00f6nnen auch zivile Studierende von den besonderen Bedingungen profitieren.<\/p>\n<\/div>\n\n\n\n<div class=\"wp-block-column is-vertically-aligned-center is-layout-flow wp-block-column-is-layout-flow\" style=\"flex-basis:33.33%\"><div class=\"wp-block-image\">\n<figure class=\"aligncenter size-large is-resized\"><img loading=\"lazy\" decoding=\"async\" width=\"1024\" height=\"683\" src=\"https:\/\/www.hsu-hh.de\/studium\/wp-content\/uploads\/sites\/923\/2024\/10\/04-Hoersaal-Situation_Gelhausen-1024x683.jpg\" data-credit=\"Gelhausen\/HSU\/UniBw H\" alt=\"\" class=\"wp-image-605\" style=\"aspect-ratio:4\/3;object-fit:cover;width:350px\" srcset=\"https:\/\/www.hsu-hh.de\/studium\/wp-content\/uploads\/sites\/923\/2024\/10\/04-Hoersaal-Situation_Gelhausen-1024x683.jpg 1024w, https:\/\/www.hsu-hh.de\/studium\/wp-content\/uploads\/sites\/923\/2024\/10\/04-Hoersaal-Situation_Gelhausen-300x200.jpg 300w, https:\/\/www.hsu-hh.de\/studium\/wp-content\/uploads\/sites\/923\/2024\/10\/04-Hoersaal-Situation_Gelhausen-768x512.jpg 768w, https:\/\/www.hsu-hh.de\/studium\/wp-content\/uploads\/sites\/923\/2024\/10\/04-Hoersaal-Situation_Gelhausen-1536x1024.jpg 1536w, https:\/\/www.hsu-hh.de\/studium\/wp-content\/uploads\/sites\/923\/2024\/10\/04-Hoersaal-Situation_Gelhausen-2048x1365.jpg 2048w, https:\/\/www.hsu-hh.de\/studium\/wp-content\/uploads\/sites\/923\/2024\/10\/04-Hoersaal-Situation_Gelhausen-1100x733.jpg 1100w\" sizes=\"auto, (max-width: 1024px) 100vw, 1024px\" \/><\/figure>\n<\/div><\/div>\n<\/div>\n\n\n\n<div class=\"wp-block-columns is-layout-flex wp-container-core-columns-is-layout-9d6595d7 wp-block-columns-is-layout-flex\">\n<div class=\"wp-block-column is-vertically-aligned-center is-layout-flow wp-block-column-is-layout-flow\" style=\"flex-basis:33.33%\"><div class=\"wp-block-image\">\n<figure class=\"alignleft size-large is-resized\"><img loading=\"lazy\" decoding=\"async\" width=\"1024\" height=\"682\" src=\"https:\/\/www.hsu-hh.de\/studium\/wp-content\/uploads\/sites\/923\/2024\/10\/Gebaeude-41-1024x682.jpg\" data-credit=\"Ulrike Schr\u00f6der\" alt=\"\" class=\"wp-image-696\" style=\"aspect-ratio:1.3333333333333333;object-fit:cover;width:350px\" srcset=\"https:\/\/www.hsu-hh.de\/studium\/wp-content\/uploads\/sites\/923\/2024\/10\/Gebaeude-41-1024x682.jpg 1024w, https:\/\/www.hsu-hh.de\/studium\/wp-content\/uploads\/sites\/923\/2024\/10\/Gebaeude-41-300x200.jpg 300w, https:\/\/www.hsu-hh.de\/studium\/wp-content\/uploads\/sites\/923\/2024\/10\/Gebaeude-41-768x512.jpg 768w, https:\/\/www.hsu-hh.de\/studium\/wp-content\/uploads\/sites\/923\/2024\/10\/Gebaeude-41-1536x1024.jpg 1536w, https:\/\/www.hsu-hh.de\/studium\/wp-content\/uploads\/sites\/923\/2024\/10\/Gebaeude-41-1100x733.jpg 1100w, https:\/\/www.hsu-hh.de\/studium\/wp-content\/uploads\/sites\/923\/2024\/10\/Gebaeude-41.jpg 1772w\" sizes=\"auto, (max-width: 1024px) 100vw, 1024px\" \/><\/figure>\n<\/div><\/div>\n\n\n\n<div class=\"wp-block-column is-vertically-aligned-top is-layout-flow wp-block-column-is-layout-flow\" style=\"flex-basis:66.66%\">\n<h2 class=\"wp-block-heading\">Interdisziplin\u00e4re Studienanteile &#8211; ISA<\/h2>\n\n\n\n<p class=\"has-text-align-left\">F\u00e4cher\u00fcbergreifende Studienanteile gibt es zwar auch an \u00f6ffentlichen Universit\u00e4ten. Als \u201eStudium generale\u201c wird dort das bezeichnet, was die Studierenden fakultativ nebenbei studieren k\u00f6nnen. An der <abbr title=\"Helmut Schmidt Universit\u00e4t\">HSU<\/abbr>\/UniBw H ist das Nebenfachstudium der Interdisziplin\u00e4ren Studienteile (ISA) aber obligatorisch. Die Interdisziplin\u00e4ren Studienteile erg\u00e4nzen den jeweiligen Studiengang um allgemeine berufsfeldorientierende Fertigkeiten, fach- und methoden\u00fcbergreifende Kompetenzen. Hinzu kommt eine Fremdsprachenausbildung sowie Fachpraktika, um alle Studierenden bestens auf die Berufspraxis vorzubereiten.<\/p>\n<\/div>\n<\/div>\n","protected":false},"excerpt":{"rendered":"<p>Das Studium an der Universit\u00e4t der Bundeswehr Hamburg (HSU\/UniBw H) ist etwas ganz Besonderes! Es erm\u00f6glicht dir, milit\u00e4rische Ausbildung mit universit\u00e4rer Bildung zu verbinden und das in der weltoffenen, lebendigen [&hellip;]<\/p>\n","protected":false},"author":2503,"featured_media":0,"parent":73,"menu_order":2,"comment_status":"closed","ping_status":"closed","template":"","meta":{"footnotes":""},"categories":[4],"tags":[],"class_list":["post-630","page","type-page","status-publish","hentry","category-forschung"],"_links":{"self":[{"href":"https:\/\/www.hsu-hh.de\/studium\/wp-json\/wp\/v2\/pages\/630","targetHints":{"allow":["GET"]}}],"collection":[{"href":"https:\/\/www.hsu-hh.de\/studium\/wp-json\/wp\/v2\/pages"}],"about":[{"href":"https:\/\/www.hsu-hh.de\/studium\/wp-json\/wp\/v2\/types\/page"}],"author":[{"embeddable":true,"href":"https:\/\/www.hsu-hh.de\/studium\/wp-json\/wp\/v2\/users\/2503"}],"replies":[{"embeddable":true,"href":"https:\/\/www.hsu-hh.de\/studium\/wp-json\/wp\/v2\/comments?post=630"}],"version-history":[{"count":34,"href":"https:\/\/www.hsu-hh.de\/studium\/wp-json\/wp\/v2\/pages\/630\/revisions"}],"predecessor-version":[{"id":718,"href":"https:\/\/www.hsu-hh.de\/studium\/wp-json\/wp\/v2\/pages\/630\/revisions\/718"}],"up":[{"embeddable":true,"href":"https:\/\/www.hsu-hh.de\/studium\/wp-json\/wp\/v2\/pages\/73"}],"wp:attachment":[{"href":"https:\/\/www.hsu-hh.de\/studium\/wp-json\/wp\/v2\/media?parent=630"}],"wp:term":[{"taxonomy":"category","embeddable":true,"href":"https:\/\/www.hsu-hh.de\/studium\/wp-json\/wp\/v2\/categories?post=630"},{"taxonomy":"post_tag","embeddable":true,"href":"https:\/\/www.hsu-hh.de\/studium\/wp-json\/wp\/v2\/tags?post=630"}],"curies":[{"name":"wp","href":"https:\/\/api.w.org\/{rel}","templated":true}]}}