{"id":613,"date":"2024-10-08T09:32:28","date_gmt":"2024-10-08T07:32:28","guid":{"rendered":"https:\/\/www.hsu-hh.de\/studium\/?page_id=613"},"modified":"2026-01-29T13:31:04","modified_gmt":"2026-01-29T12:31:04","slug":"studiengaenge","status":"publish","type":"page","link":"https:\/\/www.hsu-hh.de\/studium\/startseite\/studiengaenge\/","title":{"rendered":"Studieng\u00e4nge"},"content":{"rendered":"\n<p>Die Helmut-Schmidt-Universit\u00e4t\/Universit\u00e4t der Bundeswehr Hamburg (<abbr title=\"Helmut Schmidt Universit\u00e4t\">HSU<\/abbr>\/UniBw H) hat ein breites und vielf\u00e4ltiges Studienangebot! Innerhalb der <strong>vier Fakult\u00e4ten<\/strong> Elektrotechnik (<abbr title=\"Elektrotechnik\">ET<\/abbr>), Geistes- und Sozialwissenschaften (<abbr title=\"Geistes- und Sozialwissenschaften\">GeiSo<\/abbr>), Maschinenbau und Bauingenieurwesen (MB) und Wirtschafts- und Sozialwissenschaften (<abbr title=\"Wirtschafts- und Sozialwissenschaften\">WiSo<\/abbr>) gibt es aktuell 39 Bachelor- und Masterstudieng\u00e4nge, darunter f\u00fcnf <a href=\"https:\/\/hsu-hh-weiterbildung.de\/programme\/\" rel='nofollow'>weiterbildende<\/a>. Alle Studieng\u00e4nge sind staatlich anerkannt und akkreditiert. Durch das <strong>Intensivstudium <\/strong>in Trimestern l\u00e4sst sich der Master-Abschluss bereits nach vier Jahren erreichen.<\/p>\n\n\n\n<div style=\"height:50px\" aria-hidden=\"true\" class=\"wp-block-spacer\"><\/div>\n\n\n\n<div class=\"wp-block-columns is-layout-flex wp-container-core-columns-is-layout-9d6595d7 wp-block-columns-is-layout-flex\">\n<div class=\"wp-block-column is-vertically-aligned-center is-layout-flow wp-block-column-is-layout-flow\">\n<figure class=\"wp-block-image size-large\"><a href=\"https:\/\/www.hsu-hh.de\/studium\/studiengaenge\/bachelorstudiengaenge\/\"><img loading=\"lazy\" decoding=\"async\" width=\"1024\" height=\"683\" src=\"https:\/\/www.hsu-hh.de\/studium\/wp-content\/uploads\/sites\/923\/2024\/10\/Kachel-Bachelorstudiengaenge-1024x683.png\" data-credit=\"Ulrike Schr\u00f6der\" alt=\"Bachelorstudieng\u00e4nge\" class=\"wp-image-684\" srcset=\"https:\/\/www.hsu-hh.de\/studium\/wp-content\/uploads\/sites\/923\/2024\/10\/Kachel-Bachelorstudiengaenge-1024x683.png 1024w, https:\/\/www.hsu-hh.de\/studium\/wp-content\/uploads\/sites\/923\/2024\/10\/Kachel-Bachelorstudiengaenge-300x200.png 300w, https:\/\/www.hsu-hh.de\/studium\/wp-content\/uploads\/sites\/923\/2024\/10\/Kachel-Bachelorstudiengaenge-768x512.png 768w, https:\/\/www.hsu-hh.de\/studium\/wp-content\/uploads\/sites\/923\/2024\/10\/Kachel-Bachelorstudiengaenge-1536x1025.png 1536w, https:\/\/www.hsu-hh.de\/studium\/wp-content\/uploads\/sites\/923\/2024\/10\/Kachel-Bachelorstudiengaenge-1100x734.png 1100w, https:\/\/www.hsu-hh.de\/studium\/wp-content\/uploads\/sites\/923\/2024\/10\/Kachel-Bachelorstudiengaenge.png 1688w\" sizes=\"auto, (max-width: 1024px) 100vw, 1024px\" \/><\/a><\/figure>\n<\/div>\n\n\n\n<div class=\"wp-block-column is-layout-flow wp-block-column-is-layout-flow\">\n<figure class=\"wp-block-image size-large\"><a href=\"https:\/\/www.hsu-hh.de\/studium\/studiengaenge\/masterstudiengaenge\/\"><img loading=\"lazy\" decoding=\"async\" width=\"1024\" height=\"683\" src=\"https:\/\/www.hsu-hh.de\/studium\/wp-content\/uploads\/sites\/923\/2024\/10\/Kachel-Masterstudiengaenge-1024x683.png\" data-credit=\"Ulrike Schr\u00f6der\" alt=\"Masterstudieng\u00e4nge\" class=\"wp-image-685\" srcset=\"https:\/\/www.hsu-hh.de\/studium\/wp-content\/uploads\/sites\/923\/2024\/10\/Kachel-Masterstudiengaenge-1024x683.png 1024w, https:\/\/www.hsu-hh.de\/studium\/wp-content\/uploads\/sites\/923\/2024\/10\/Kachel-Masterstudiengaenge-300x200.png 300w, https:\/\/www.hsu-hh.de\/studium\/wp-content\/uploads\/sites\/923\/2024\/10\/Kachel-Masterstudiengaenge-768x512.png 768w, https:\/\/www.hsu-hh.de\/studium\/wp-content\/uploads\/sites\/923\/2024\/10\/Kachel-Masterstudiengaenge-1536x1025.png 1536w, https:\/\/www.hsu-hh.de\/studium\/wp-content\/uploads\/sites\/923\/2024\/10\/Kachel-Masterstudiengaenge-1100x734.png 1100w, https:\/\/www.hsu-hh.de\/studium\/wp-content\/uploads\/sites\/923\/2024\/10\/Kachel-Masterstudiengaenge.png 1688w\" sizes=\"auto, (max-width: 1024px) 100vw, 1024px\" \/><\/a><\/figure>\n<\/div>\n<\/div>\n\n\n\n<div style=\"height:50px\" aria-hidden=\"true\" class=\"wp-block-spacer\"><\/div>\n\n\n\n<h2 class=\"wp-block-heading\">Weiterbildende Masterstudieng\u00e4nge<\/h2>\n\n\n\n<div class=\"wp-block-columns is-layout-flex wp-container-core-columns-is-layout-9d6595d7 wp-block-columns-is-layout-flex\">\n<div class=\"wp-block-column is-layout-flow wp-block-column-is-layout-flow\" style=\"flex-basis:66.66%\">\n<p>Das Zentrum f\u00fcr Wissenschaftliche Weiterbildung (<a href=\"https:\/\/hsu-hh-weiterbildung.de\/\" rel='nofollow'>ZWW<\/a>) ist eine zentrale wissenschaftliche Einrichtung der <abbr title=\"Helmut Schmidt Universit\u00e4t\">HSU<\/abbr>\/UniBw H. Es koordiniert und organisiert Angebote der wissenschaftlichen Weiterbildung und kooperiert daf\u00fcr mit internen Stellen und externen Partnern. Dem milit\u00e4rischen Personal der Bundeswehr und verb\u00fcndeten Streitkr\u00e4ften bietet das ZWW in verschiedenen Karrierephasen ma\u00dfgeschneiderte Weiterbildungsangebote, die sie auf die zuk\u00fcnftigen Aufgaben als milit\u00e4rische F\u00fchrungsperson vorbereiten. F\u00fcr Soldatinnen und Soldaten, die sich nach dem Dienstzeitende weiterbilden m\u00f6chten, gibt es aktuell f\u00fcnf thematisch fokussierte berufsbegleitende Weiterbildungsstudieng\u00e4nge.<\/p>\n<\/div>\n\n\n\n<div class=\"wp-block-column is-vertically-aligned-center is-layout-flow wp-block-column-is-layout-flow\" style=\"flex-basis:33.33%\">\n<figure class=\"wp-block-image size-full is-style-default\"><a href=\"https:\/\/hsu-hh-weiterbildung.de\/\" rel='nofollow'><img loading=\"lazy\" decoding=\"async\" width=\"500\" height=\"375\" src=\"https:\/\/www.hsu-hh.de\/studium\/wp-content\/uploads\/sites\/923\/2025\/03\/ZWW-Logo_Kachelbild-fuer-ILIAS-edited.jpg\" data-credit=\"HSU\/UniBw H\" alt=\"\" class=\"wp-image-767\" srcset=\"https:\/\/www.hsu-hh.de\/studium\/wp-content\/uploads\/sites\/923\/2025\/03\/ZWW-Logo_Kachelbild-fuer-ILIAS-edited.jpg 500w, https:\/\/www.hsu-hh.de\/studium\/wp-content\/uploads\/sites\/923\/2025\/03\/ZWW-Logo_Kachelbild-fuer-ILIAS-edited-300x225.jpg 300w\" sizes=\"auto, (max-width: 500px) 100vw, 500px\" \/><\/a><\/figure>\n<\/div>\n<\/div>\n\n\n\n<p>Mehr Infos und eine \u00dcbersicht aller Studienangebote des ZWW gibt es <a href=\"https:\/\/hsu-hh-weiterbildung.de\/\" rel='nofollow'>hier<\/a>.<\/p>\n","protected":false},"excerpt":{"rendered":"<p>Die Helmut-Schmidt-Universit\u00e4t\/Universit\u00e4t der Bundeswehr Hamburg (HSU\/UniBw H) hat ein breites und vielf\u00e4ltiges Studienangebot! Innerhalb der vier Fakult\u00e4ten Elektrotechnik (ET), Geistes- und Sozialwissenschaften (GeiSo), Maschinenbau und Bauingenieurwesen (MB) und Wirtschafts- und [&hellip;]<\/p>\n","protected":false},"author":2503,"featured_media":0,"parent":73,"menu_order":1,"comment_status":"closed","ping_status":"closed","template":"","meta":{"footnotes":""},"categories":[4],"tags":[79,85,77,81,83,69,67,75,73,71],"class_list":["post-613","page","type-page","status-publish","hentry","category-forschung","tag-bachelor","tag-bachelorstudiengaenge","tag-karriere","tag-master","tag-masterstudiengaenge","tag-studienangebot","tag-studiengaenge","tag-weiterbildung","tag-weiterbildungsangebote","tag-weiterbildungsstudiengaenge"],"_links":{"self":[{"href":"https:\/\/www.hsu-hh.de\/studium\/wp-json\/wp\/v2\/pages\/613","targetHints":{"allow":["GET"]}}],"collection":[{"href":"https:\/\/www.hsu-hh.de\/studium\/wp-json\/wp\/v2\/pages"}],"about":[{"href":"https:\/\/www.hsu-hh.de\/studium\/wp-json\/wp\/v2\/types\/page"}],"author":[{"embeddable":true,"href":"https:\/\/www.hsu-hh.de\/studium\/wp-json\/wp\/v2\/users\/2503"}],"replies":[{"embeddable":true,"href":"https:\/\/www.hsu-hh.de\/studium\/wp-json\/wp\/v2\/comments?post=613"}],"version-history":[{"count":20,"href":"https:\/\/www.hsu-hh.de\/studium\/wp-json\/wp\/v2\/pages\/613\/revisions"}],"predecessor-version":[{"id":949,"href":"https:\/\/www.hsu-hh.de\/studium\/wp-json\/wp\/v2\/pages\/613\/revisions\/949"}],"up":[{"embeddable":true,"href":"https:\/\/www.hsu-hh.de\/studium\/wp-json\/wp\/v2\/pages\/73"}],"wp:attachment":[{"href":"https:\/\/www.hsu-hh.de\/studium\/wp-json\/wp\/v2\/media?parent=613"}],"wp:term":[{"taxonomy":"category","embeddable":true,"href":"https:\/\/www.hsu-hh.de\/studium\/wp-json\/wp\/v2\/categories?post=613"},{"taxonomy":"post_tag","embeddable":true,"href":"https:\/\/www.hsu-hh.de\/studium\/wp-json\/wp\/v2\/tags?post=613"}],"curies":[{"name":"wp","href":"https:\/\/api.w.org\/{rel}","templated":true}]}}