{"id":610,"date":"2024-10-09T10:06:59","date_gmt":"2024-10-09T08:06:59","guid":{"rendered":"https:\/\/www.hsu-hh.de\/studium\/?page_id=610"},"modified":"2025-03-28T12:04:29","modified_gmt":"2025-03-28T11:04:29","slug":"studienangebot","status":"publish","type":"page","link":"https:\/\/www.hsu-hh.de\/studium\/studienangebot\/","title":{"rendered":"Studienangebot"},"content":{"rendered":"\n<h2 class=\"wp-block-heading\">Universit\u00e4re Bildung f\u00fcr Offiziernachwuchs und Zivilpersonen<\/h2>\n\n\n\n<p>Die Helmut-Schmidt-Universit\u00e4t\/Universit\u00e4t der Bundeswehr Hamburg (<abbr title=\"Helmut Schmidt Universit\u00e4t\">HSU<\/abbr>\/UniBw H) stellt seit \u00fcber 50 Jahren als staatlich anerkannte Hochschule die universit\u00e4re Bildung des Offizierkorps und der F\u00fchrungskr\u00e4fte anderer (Sicherheits-) Beh\u00f6rden in Deutschland sicher.<\/p>\n\n\n\n<div class=\"wp-block-columns is-layout-flex wp-container-core-columns-is-layout-9d6595d7 wp-block-columns-is-layout-flex\">\n<div class=\"wp-block-column is-layout-flow wp-block-column-is-layout-flow\" style=\"flex-basis:66.66%\">\n<p>Auf unserem Hauptcampus im Osten Hamburgs studieren rund 2.500 <strong>angehende Offizierinnen und Offiziere<\/strong> der Bundeswehr. Offizierinnen und Offiziere sind f\u00fcr die F\u00fchrung und die Organisation der verschiedenen Truppenteile verantwortlich. Sie tragen die h\u00f6chsten Dienstgrade in der Bundeswehr. Das Studium bildet die Soldatinnen und Soldaten f\u00fcr ihren Dienst innerhalb der Bundeswehr. Es bietet jedoch auch auf dem zivilen Arbeitsmarkt nach der Dienstzeit hervorragende Karrierechancen, denn Inhalte und Abschl\u00fcsse eines Studiums an der <abbr title=\"Helmut Schmidt Universit\u00e4t\">HSU<\/abbr>\/UniBw H sind gleichwertig zu denen \u00f6ffentlicher Hochschulen. Soldatinnen und Soldaten, die sich f\u00fcr ihre zivile Karriere akademisch weiterbilden wollen, k\u00f6nnen im Rahmen des Berufsf\u00f6rderungsdienstes (BFD) ebenfalls an der <abbr title=\"Helmut Schmidt Universit\u00e4t\">HSU<\/abbr>\/UniBw H studieren.<\/p>\n<\/div>\n\n\n\n<div class=\"wp-block-column is-vertically-aligned-center is-layout-flow wp-block-column-is-layout-flow\" style=\"flex-basis:33.33%\"><div class=\"wp-block-image\">\n<figure class=\"aligncenter size-large\"><img loading=\"lazy\" decoding=\"async\" width=\"1024\" height=\"683\" src=\"https:\/\/www.hsu-hh.de\/studium\/wp-content\/uploads\/sites\/923\/2024\/10\/02-Gebaeude-H1-mit-Studierenden_Gelhausen-1024x683.jpg\" data-credit=\"Gelhausen\/HSU\/UniBw H\" alt=\"\" class=\"wp-image-603\" srcset=\"https:\/\/www.hsu-hh.de\/studium\/wp-content\/uploads\/sites\/923\/2024\/10\/02-Gebaeude-H1-mit-Studierenden_Gelhausen-1024x683.jpg 1024w, https:\/\/www.hsu-hh.de\/studium\/wp-content\/uploads\/sites\/923\/2024\/10\/02-Gebaeude-H1-mit-Studierenden_Gelhausen-300x200.jpg 300w, https:\/\/www.hsu-hh.de\/studium\/wp-content\/uploads\/sites\/923\/2024\/10\/02-Gebaeude-H1-mit-Studierenden_Gelhausen-768x512.jpg 768w, https:\/\/www.hsu-hh.de\/studium\/wp-content\/uploads\/sites\/923\/2024\/10\/02-Gebaeude-H1-mit-Studierenden_Gelhausen-1536x1024.jpg 1536w, https:\/\/www.hsu-hh.de\/studium\/wp-content\/uploads\/sites\/923\/2024\/10\/02-Gebaeude-H1-mit-Studierenden_Gelhausen-2048x1365.jpg 2048w, https:\/\/www.hsu-hh.de\/studium\/wp-content\/uploads\/sites\/923\/2024\/10\/02-Gebaeude-H1-mit-Studierenden_Gelhausen-1100x733.jpg 1100w\" sizes=\"auto, (max-width: 1024px) 100vw, 1024px\" \/><\/figure>\n<\/div><\/div>\n<\/div>\n\n\n\n<p><strong>Zivilpersonen <\/strong>k\u00f6nnen in Verbindung mit einem institutionellen Partner, <abbr title=\"zum Beispiel\">z.B.<\/abbr> einem Unternehmen oder einer Beh\u00f6rde, an der <abbr title=\"Helmut Schmidt Universit\u00e4t\">HSU<\/abbr>\/UniBw H studieren. Mehr Informationen \u00fcber Studienm\u00f6glichkeiten f\u00fcr zivile Studierende sowie das Studium im Rahmen des BFD findest du auf den Seiten unseres Hochschulmarketings <a href=\"https:\/\/www.hsu-hh.de\/hsm\/\" data-type=\"link\" data-id=\"https:\/\/www.hsu-hh.de\/hsm\/\">hier<\/a>.<\/p>\n\n\n\n<h2 class=\"wp-block-heading\">Intensivstudium, \u00fcberdurchschnittliche Ausstattung, finanzielle Sicherheit<\/h2>\n\n\n\n<p>Die Bachelor- und Masterstudieng\u00e4nge der Helmut-Schmidt-Universit\u00e4t\/Universit\u00e4t der Bundeswehr Hamburg sind als <strong>Intensivstudieng\u00e4nge<\/strong> konzipiert, in denen pro Studienjahr bis zu 75 ECTS Credit Points erworben werden. Durch das <strong>Trimestersystem<\/strong> l\u00e4sst sich der Master-Abschluss bereits nach vier Jahren Studium erreichen. Neben einer attraktiven Campus-Universit\u00e4t mit kurzen Wegen und hervorragender personeller und materieller Ausstattung, genie\u00dfen unsere Studierenden finanzielle Sicherheit w\u00e4hrend der Studienzeit. Und das alles in einer der sch\u00f6nsten St\u00e4dte der Welt!<\/p>\n","protected":false},"excerpt":{"rendered":"<p>Universit\u00e4re Bildung f\u00fcr Offiziernachwuchs und Zivilpersonen Die Helmut-Schmidt-Universit\u00e4t\/Universit\u00e4t der Bundeswehr Hamburg (HSU\/UniBw H) stellt seit \u00fcber 50 Jahren als staatlich anerkannte Hochschule die universit\u00e4re Bildung des Offizierkorps und der F\u00fchrungskr\u00e4fte [&hellip;]<\/p>\n","protected":false},"author":2503,"featured_media":0,"parent":0,"menu_order":0,"comment_status":"closed","ping_status":"closed","template":"","meta":{"footnotes":""},"categories":[4],"tags":[],"class_list":["post-610","page","type-page","status-publish","hentry","category-forschung"],"_links":{"self":[{"href":"https:\/\/www.hsu-hh.de\/studium\/wp-json\/wp\/v2\/pages\/610","targetHints":{"allow":["GET"]}}],"collection":[{"href":"https:\/\/www.hsu-hh.de\/studium\/wp-json\/wp\/v2\/pages"}],"about":[{"href":"https:\/\/www.hsu-hh.de\/studium\/wp-json\/wp\/v2\/types\/page"}],"author":[{"embeddable":true,"href":"https:\/\/www.hsu-hh.de\/studium\/wp-json\/wp\/v2\/users\/2503"}],"replies":[{"embeddable":true,"href":"https:\/\/www.hsu-hh.de\/studium\/wp-json\/wp\/v2\/comments?post=610"}],"version-history":[{"count":6,"href":"https:\/\/www.hsu-hh.de\/studium\/wp-json\/wp\/v2\/pages\/610\/revisions"}],"predecessor-version":[{"id":764,"href":"https:\/\/www.hsu-hh.de\/studium\/wp-json\/wp\/v2\/pages\/610\/revisions\/764"}],"wp:attachment":[{"href":"https:\/\/www.hsu-hh.de\/studium\/wp-json\/wp\/v2\/media?parent=610"}],"wp:term":[{"taxonomy":"category","embeddable":true,"href":"https:\/\/www.hsu-hh.de\/studium\/wp-json\/wp\/v2\/categories?post=610"},{"taxonomy":"post_tag","embeddable":true,"href":"https:\/\/www.hsu-hh.de\/studium\/wp-json\/wp\/v2\/tags?post=610"}],"curies":[{"name":"wp","href":"https:\/\/api.w.org\/{rel}","templated":true}]}}