{"id":271,"date":"2024-04-29T10:43:39","date_gmt":"2024-04-29T08:43:39","guid":{"rendered":"https:\/\/www.hsu-hh.de\/studiengaenge\/?page_id=271"},"modified":"2024-12-09T10:53:28","modified_gmt":"2024-12-09T09:53:28","slug":"informationstechnik-m-sc","status":"publish","type":"page","link":"https:\/\/www.hsu-hh.de\/studium\/informationstechnik-m-sc\/","title":{"rendered":"Informationstechnik (M.Sc.)"},"content":{"rendered":"\n<p><strong>Fakult\u00e4t:<\/strong>&nbsp;Elektrotechnik<\/p>\n\n\n\n<p><strong>Abschl\u00fcsse:<\/strong>&nbsp;Master of Science<br><strong>Studiendauer:<\/strong>&nbsp;5 Trimester Master<br><strong>Studienvoraussetzungen:<\/strong><\/p>\n\n\n\n<ol class=\"wp-block-list\">\n<li>die Allgemeine Hochschulreife (Abitur),<\/li>\n\n\n\n<li>Inhaber eines Hochschulabschlusses, der fristgerecht und mit mindestens der Note \u201egut\u201c (2,5) oder \u2013 bei Intensivstudieng\u00e4ngen \u2013 \u201ebefriedigend\u201c (3,0) in einem fachlich einschl\u00e4gigen<br>Bachelor-Studiengang erworben wurde<\/li>\n\n\n\n<li>die bestandene Of\ufb01zierpr\u00fcfung,<\/li>\n\n\n\n<li>die Verp\ufb02ichtung als Soldat\/Soldatin auf Zeit f\u00fcr 13 Jahre in der Laufbahn der Of\ufb01ziere des Truppendienstes.<\/li>\n<\/ol>\n\n\n\n<p><strong>Studiensprache:<\/strong>&nbsp;Deutsch<br><strong>Studienbeginn:<\/strong> Anfang Januar<\/p>\n\n\n\n<h2 class=\"wp-block-heading\">Beschreibung<\/h2>\n\n\n\n<p>Gleichg\u00fcltig, ob wir jemanden anrufen, ob wir eine E-Mail verschicken oder eine Web-Anwendung nutzen, immer werden Kommunikationsnetze verwendet, um unsichtbar f\u00fcr den Nutzer die ben\u00f6tigten Daten schnell, sicher und zuverl\u00e4ssig um den Globus zu transportieren. Die Informationstechnik&nbsp;bildet die Basis f\u00fcr den Entwurf, die Realisierung und den Betrieb des globalen Internets.<\/p>\n\n\n\n<p>Die Informationstechnik besteht aus den Teilgebieten Digitale Signalverarbeitung, Kommunikationssysteme, Integrierte Schaltungen sowie Hochfrequenztechnik und befasst sich mit der Planung, dem Entwurf und der Umsetzung von komplexen Systemen zur Informations\u00fcbertragung \u00fcber heterogene \u00dcbertragungsmedien (Kabel, Funk). Eine wesentliche Aufgabe der Informationstechnik ist hierbei die Erfassung und Verarbeitung von Multimedia-Signalen (Sprache, Audio, Video, Sensorsignale) sowie deren \u00dcbertragung \u00fcber Mobilfunknetze, Satellitensysteme oder Computernetzwerke, wie das globale Internet.<\/p>\n\n\n\n<p>Die Digitale Signalverarbeitung behandelt hierbei Verfahren zur Codierung, Sch\u00e4tzung und Klassifikation von Signalen sowie zur Systemidentifikation. Software Engineering sowie die Benutzung diverser Programmier-Werkzeuge bilden das Fundament zur effizienten Realisierung dieser Verfahren in Form von Software-Algorithmen. Die Kombination von Digitaler Signalverarbeitung und Nachrichtentheorie wird genutzt, um digitale Kommunikationssysteme zu entwerfen und aufzubauen.<\/p>\n\n\n\n<p>Dass elektronische Ger\u00e4te \u2013 gerade im Bereich der mobilen Kommunikation \u2013 immer kleiner und leistungsf\u00e4higer werden, ist im Wesentlichen der st\u00fcrmischen Entwicklung im Bereich der Integrierten Schaltungen zu verdanken. Neue Technologien und Herstellungsmethoden erm\u00f6glichen es, immer mehr Komponenten auf einem Chip zu integrieren. Dabei werden sowohl analoge als auch digitale Schaltungen zu komplexen Systemen integriert.<\/p>\n\n\n\n<p>Die Hochfrequenz- und Mikrowellentechnik als klassische Gebiete der Informationstechnik befassen sich schwerpunktm\u00e4\u00dfig mit der Nutzbarmachung elektromagnetischer Wellen f\u00fcr die Informations\u00fcbertragung. Die j\u00fcngere Entwicklung ist gekennzeichnet durch die Erschlie\u00dfung immer h\u00f6herer Frequenzen im Gigahertzbereich f\u00fcr die drahtlose Kommunikation. Als Basistechnologie f\u00fcr das globale Internet spielt die Optische Nachrichtentechnik eine entscheidende Rolle. Sie erlaubt es, Entfernungen \u00fcber 30.000 km zu \u00fcberbr\u00fccken.<\/p>\n\n\n\n<h2 class=\"wp-block-heading\">Bewerbung<\/h2>\n\n\n\n<p>Bewerbungsunterlagen erhalten Sie bei dem f\u00fcr Ihren Wohnort zust\u00e4ndigen Karriereberatungsb\u00fcro. Als Soldatin oder Soldat tragen Sie gro\u00dfe Verantwortung. Darum steht zu Beginn des Bewerbungsprozesses ein ausf\u00fchrliches Beratungsgespr\u00e4ch. Kontaktdaten der Karrriereberater finden Sie im Internet unter <a href=\"http:\/\/www.bundeswehrkarriere.de\" target=\"_blank\" rel=\"noreferrer noopener\">www.bundeswehrkarriere.de<\/a>. Kostenlose Telefonhotline: 0800 9800880.<\/p>\n\n\n\n<h2 class=\"wp-block-heading\">Studienberatung\/Kontakt<\/h2>\n\n\n\n<p>Die Studienberatung wird unter der Verantwortung&nbsp;der Fakult\u00e4ten von den Mitgliedern des akademischen Bereichs durchgef\u00fchrt.<\/p>\n\n\n\n<p><strong>Studiendekan<\/strong><br>Univ.-Prof.<abbr title=\"Doktor\">Dr.<\/abbr>\u2013<abbr title=\"Ingenieur\">Ing.<\/abbr>&nbsp;Stefan Dickmann<br>Telefon: 040 6541\u20133019<br>E-Mail: <a href=\"mailto:stefan.dickmann@hsu-hh.de\" rel='nofollow'>stefan.dickmann@hsu-hh.de<\/a><\/p>\n\n\n\n<p>Studierende, die im Rahmen einer Kooperation mit einem Unternehmen, einer Beh\u00f6rde oder sonstiger institutioneller Partner an der <abbr title=\"Helmut Schmidt Universit\u00e4t\">HSU<\/abbr>\/UniBw H studieren m\u00f6chten, sowie Soldatinnen und Soldaten, die im Rahmen des BFD ein Studium an der <abbr title=\"Helmut Schmidt Universit\u00e4t\">HSU<\/abbr>\/UniBw H aufnehmen m\u00f6chten, wenden sich bitte an das <strong>Hochschulmarketing<\/strong> unter Telefon: 040 6541\u20133855 oder per E-Mail an: <a href=\"mailto:hsm@hsu-hh.de\" rel='nofollow'>hsm@hsu-hh.de<\/a><\/p>\n\n\n\n<hr class=\"wp-block-separator has-alpha-channel-opacity\" \/>\n\n\n\n<div class=\"wp-block-hsu-downloadblock\"><div class=\"thumbnail-area\"><img decoding=\"async\" src=\"\/wp-content\/themes\/hsu\/img\/dummy\/downloads_dummy.png\" alt=\"Download Symbol-Icon\" \/><\/div><div class=\"text-area\"><strong>Studiengangsinformationen Elektrotechnik und Informationstechnik (B.Sc.), Elektrische Energietechnik <abbr title=\"Master of Science\">M.Sc.<\/abbr>), Erneuerbare Energien und intelligente Netze (<abbr title=\"Master of Science\">M.Sc.<\/abbr>), Informatik-Ingenieurwesen (<abbr title=\"Master of Science\">M.Sc.<\/abbr>), Informationstechnik (<abbr title=\"Master of Science\">M.Sc.<\/abbr>)<\/strong><\/div><div class=\"download-area\"><a class=\"download-link\" href=\"https:\/\/www.hsu-hh.de\/studium\/wp-content\/uploads\/sites\/923\/2024\/05\/Elektrotechnik-u-Informationstechnik_Bachelor-u-alle-Masterstudiengaenge_Stand-201403.pdf\"><span class=\"download-name\">pdf laden<\/span><span class=\"download-icon\"><img decoding=\"async\" class=\"download-icon\" alt=\"download icon\" src=\"\/wp-content\/themes\/hsu\/img\/icons\/download_icon.png\" \/><\/span><span class=\"download-size\">479 kB<\/span><\/a><\/div><\/div>\n\n\n\n<h2 class=\"wp-block-heading\">Weitere Informationen<\/h2>\n\n\n\n<p><a href=\"https:\/\/www.hsu-hh.de\/et\/studium\">Zum Informationsangebot der Fakult\u00e4t f\u00fcr Elektrotechnik<\/a><\/p>\n","protected":false},"excerpt":{"rendered":"<p>Fakult\u00e4t:&nbsp;Elektrotechnik Abschl\u00fcsse:&nbsp;Master of ScienceStudiendauer:&nbsp;5 Trimester MasterStudienvoraussetzungen: Studiensprache:&nbsp;DeutschStudienbeginn: Anfang Januar Beschreibung Gleichg\u00fcltig, ob wir jemanden anrufen, ob wir eine E-Mail verschicken oder eine Web-Anwendung nutzen, immer werden Kommunikationsnetze verwendet, um unsichtbar [&hellip;]<\/p>\n","protected":false},"author":3885,"featured_media":0,"parent":0,"menu_order":0,"comment_status":"closed","ping_status":"closed","template":"","meta":{"footnotes":""},"categories":[4],"tags":[],"class_list":["post-271","page","type-page","status-publish","hentry","category-forschung"],"_links":{"self":[{"href":"https:\/\/www.hsu-hh.de\/studium\/wp-json\/wp\/v2\/pages\/271","targetHints":{"allow":["GET"]}}],"collection":[{"href":"https:\/\/www.hsu-hh.de\/studium\/wp-json\/wp\/v2\/pages"}],"about":[{"href":"https:\/\/www.hsu-hh.de\/studium\/wp-json\/wp\/v2\/types\/page"}],"author":[{"embeddable":true,"href":"https:\/\/www.hsu-hh.de\/studium\/wp-json\/wp\/v2\/users\/3885"}],"replies":[{"embeddable":true,"href":"https:\/\/www.hsu-hh.de\/studium\/wp-json\/wp\/v2\/comments?post=271"}],"version-history":[{"count":6,"href":"https:\/\/www.hsu-hh.de\/studium\/wp-json\/wp\/v2\/pages\/271\/revisions"}],"predecessor-version":[{"id":743,"href":"https:\/\/www.hsu-hh.de\/studium\/wp-json\/wp\/v2\/pages\/271\/revisions\/743"}],"wp:attachment":[{"href":"https:\/\/www.hsu-hh.de\/studium\/wp-json\/wp\/v2\/media?parent=271"}],"wp:term":[{"taxonomy":"category","embeddable":true,"href":"https:\/\/www.hsu-hh.de\/studium\/wp-json\/wp\/v2\/categories?post=271"},{"taxonomy":"post_tag","embeddable":true,"href":"https:\/\/www.hsu-hh.de\/studium\/wp-json\/wp\/v2\/tags?post=271"}],"curies":[{"name":"wp","href":"https:\/\/api.w.org\/{rel}","templated":true}]}}