{"id":269,"date":"2024-04-29T10:43:05","date_gmt":"2024-04-29T08:43:05","guid":{"rendered":"https:\/\/www.hsu-hh.de\/studiengaenge\/?page_id=269"},"modified":"2024-12-09T10:52:59","modified_gmt":"2024-12-09T09:52:59","slug":"informatik-ingenieurwesen_msc","status":"publish","type":"page","link":"https:\/\/www.hsu-hh.de\/studium\/informatik-ingenieurwesen_msc\/","title":{"rendered":"Informatik-Ingenieurwesen (M.Sc.)"},"content":{"rendered":"\n<p><strong>Fakult\u00e4t:<\/strong>&nbsp;Elektrotechnik<\/p>\n\n\n\n<p><strong>Abschl\u00fcsse:<\/strong>&nbsp;Master of Science<br><strong>Studiendauer:<\/strong>&nbsp;5 Trimester Master<br><strong>Studienvoraussetzungen:<\/strong><\/p>\n\n\n\n<ol class=\"wp-block-list\">\n<li>die Allgemeine Hochschulreife (Abitur),<\/li>\n\n\n\n<li>Inhaber eines Hochschulabschlusses, der fristgerecht und mit mindestens der Note \u201egut\u201c (2,5) oder \u2013 bei Intensivstudieng\u00e4ngen \u2013 \u201ebefriedigend\u201c (3,0) in einem fachlich einschl\u00e4gigen<br>Bachelor-Studiengang erworben wurde<\/li>\n\n\n\n<li>die bestandene Of\ufb01zierpr\u00fcfung,<\/li>\n\n\n\n<li>die Verp\ufb02ichtung als Soldat\/Soldatin auf Zeit f\u00fcr 13 Jahre in der Laufbahn der Of\ufb01ziere des Truppendienstes.<\/li>\n<\/ol>\n\n\n\n<p><strong>Studiensprache:<\/strong>&nbsp;Deutsch<br><strong>Studienbeginn:<\/strong> Anfang Januar<\/p>\n\n\n\n<h2 class=\"wp-block-heading\">Beschreibung<\/h2>\n\n\n\n<p>Information, Informationsgewinn, Informations\u00fcbertragung sowie die F\u00e4higkeit zur Verarbeitung riesiger Datenmengen (Big Data) bilden den operativen Faktor \u201eInformationsraum\u201c, der in der Wirtschaft und im milit\u00e4rischen Bereich von entscheidender Bedeutung ist. In diesem Raum gilt es Vorspr\u00fcnge zu erarbeiten, Erkenntnisse zu gewinnen, verz\u00f6gerungsarm und zuverl\u00e4ssig zu handeln sowie Schadwirkungen durch <abbr title=\"Informationstechnologie\">IT<\/abbr>-Angriffe wirksam zu begegnen. Das Instrumentarium dazu sind Rechnernetze und die darauf betriebenen verteilten Anwendungen. Das Informatik-Ingenieurwesen ist ein Studiengang aus dem Bereich der Angewandten Informatik. Er umfasst die Ingenieurwissenschaften Maschinenbau und Elektrotechnik als Anwendungsgebiete mit Schwerpunkten in den Bereichen <abbr title=\"Informationstechnologie\">IT<\/abbr>-Management und <abbr title=\"Informationstechnologie\">IT<\/abbr>-Sicherheit. Der Studiengang gliedert sich dazu in die Teilgebiete Struktur von <abbr title=\"Informationstechnologie\">IT<\/abbr>-Systemen, Anwendung von <abbr title=\"Informationstechnologie\">IT<\/abbr>-Systemen, Management von <abbr title=\"Informationstechnologie\">IT<\/abbr>-Systemen sowie ingenieurwissenschaftliche Grundlagen, die aus dem Bachelor-Studiengang der Elektrotechnik \u00fcbernommen werden.<br>Im Bereich der Strukturen von Rechensystemen werden die Bereiche Rechnerarchitektur, Rechnertechnologie und Rechnernetze abgedeckt. Die Anwendung von <abbr title=\"Informationstechnologie\">IT<\/abbr>-Systemen reicht von der Bef\u00e4higung zur Programmierung in einer h\u00f6heren Programmiersprache (z. B. C) \u00fcber Software-Engineering, Betriebssysteme und Datenbanken bis zur Kryptographie. Das Management von <abbr title=\"Informationstechnologie\">IT<\/abbr>-Systemen befasst sich mit dem administrativen Anteil der Betriebssysteme und Rechnernetze, sowie den Strukturen, Rollen und Prozessen in einem modernen Rechenzentrum. Dazu wird ein Praktikum zur Einrichtung und zum Betrieb eines Rechenzentrums angeboten. Alle Teilbereiche werden unter dem besonderen Aspekt der <abbr title=\"Informationstechnologie\">IT<\/abbr>-Sicherheit betrachtet.<\/p>\n\n\n\n<h2 class=\"wp-block-heading\">Bewerbung<\/h2>\n\n\n\n<p>Bewerbungsunterlagen erhalten Sie bei dem f\u00fcr Ihren Wohnort zust\u00e4ndigen Karriereberatungsb\u00fcro. Als Soldatin oder Soldat tragen Sie gro\u00dfe Verantwortung. Darum steht zu Beginn des Bewerbungsprozesses ein ausf\u00fchrliches Beratungsgespr\u00e4ch. Kontaktdaten der Karrriereberater finden Sie im Internet unter <a href=\"http:\/\/www.bundeswehrkarriere.de\" target=\"_blank\" rel=\"noreferrer noopener\">www.bundeswehrkarriere.de<\/a>. Kostenlose Telefonhotline: 0800 9800880.<\/p>\n\n\n\n<h2 class=\"wp-block-heading\">Studienberatung\/Kontakt<\/h2>\n\n\n\n<p>Die Studienberatung wird unter der Verantwortung&nbsp;der Fakult\u00e4ten von den Mitgliedern des akademischen Bereichs durchgef\u00fchrt.<\/p>\n\n\n\n<p><strong>Studiendekan<\/strong><br>Univ.-Prof.<abbr title=\"Doktor\">Dr.<\/abbr>\u2013<abbr title=\"Ingenieur\">Ing.<\/abbr>&nbsp;Stefan Dickmann<br>Telefon: 040 6541\u20133019<br>E-Mail: <a href=\"mailto:stefan.dickmann@hsu-hh.de\" rel='nofollow'>stefan.dickmann@hsu-hh.de<\/a><\/p>\n\n\n\n<p>Studierende, die im Rahmen einer Kooperation mit einem Unternehmen, einer Beh\u00f6rde oder sonstiger institutioneller Partner an der <abbr title=\"Helmut Schmidt Universit\u00e4t\">HSU<\/abbr>\/UniBw H studieren m\u00f6chten, sowie Soldatinnen und Soldaten, die im Rahmen des BFD ein Studium an der <abbr title=\"Helmut Schmidt Universit\u00e4t\">HSU<\/abbr>\/UniBw H aufnehmen m\u00f6chten, wenden sich bitte an das <strong>Hochschulmarketing<\/strong> unter Telefon: 040 6541\u20133855 oder per E-Mail an: <a href=\"mailto:hsm@hsu-hh.de\" rel='nofollow'>hsm@hsu-hh.de<\/a><\/p>\n\n\n\n<hr class=\"wp-block-separator has-alpha-channel-opacity\" \/>\n\n\n\n<div class=\"wp-block-hsu-downloadblock\"><div class=\"thumbnail-area\"><img decoding=\"async\" src=\"\/wp-content\/themes\/hsu\/img\/dummy\/downloads_dummy.png\" alt=\"Download Symbol-Icon\" \/><\/div><div class=\"text-area\"><strong>Studiengangsinformationen Elektrotechnik und Informationstechnik (B.Sc.), Elektrische Energietechnik <abbr title=\"Master of Science\">M.Sc.<\/abbr>), Erneuerbare Energien und intelligente Netze (<abbr title=\"Master of Science\">M.Sc.<\/abbr>), Informatik-Ingenieurwesen (<abbr title=\"Master of Science\">M.Sc.<\/abbr>), Informationstechnik (<abbr title=\"Master of Science\">M.Sc.<\/abbr>)<\/strong><\/div><div class=\"download-area\"><a class=\"download-link\" href=\"https:\/\/www.hsu-hh.de\/studium\/wp-content\/uploads\/sites\/923\/2024\/05\/Elektrotechnik-u-Informationstechnik_Bachelor-u-alle-Masterstudiengaenge_Stand-201403.pdf\"><span class=\"download-name\">pdf laden<\/span><span class=\"download-icon\"><img decoding=\"async\" class=\"download-icon\" alt=\"download icon\" src=\"\/wp-content\/themes\/hsu\/img\/icons\/download_icon.png\" \/><\/span><span class=\"download-size\">479 kB<\/span><\/a><\/div><\/div>\n\n\n\n<h2 class=\"wp-block-heading\">Weitere Informationen<\/h2>\n\n\n\n<p><a href=\"https:\/\/www.hsu-hh.de\/et\/studium\">Zum Informationsangebot der Fakult\u00e4t f\u00fcr Elektrotechnik<\/a><\/p>\n","protected":false},"excerpt":{"rendered":"<p>Fakult\u00e4t:&nbsp;Elektrotechnik Abschl\u00fcsse:&nbsp;Master of ScienceStudiendauer:&nbsp;5 Trimester MasterStudienvoraussetzungen: Studiensprache:&nbsp;DeutschStudienbeginn: Anfang Januar Beschreibung Information, Informationsgewinn, Informations\u00fcbertragung sowie die F\u00e4higkeit zur Verarbeitung riesiger Datenmengen (Big Data) bilden den operativen Faktor \u201eInformationsraum\u201c, der in der [&hellip;]<\/p>\n","protected":false},"author":3885,"featured_media":0,"parent":0,"menu_order":0,"comment_status":"closed","ping_status":"closed","template":"","meta":{"footnotes":""},"categories":[4],"tags":[],"class_list":["post-269","page","type-page","status-publish","hentry","category-forschung"],"_links":{"self":[{"href":"https:\/\/www.hsu-hh.de\/studium\/wp-json\/wp\/v2\/pages\/269","targetHints":{"allow":["GET"]}}],"collection":[{"href":"https:\/\/www.hsu-hh.de\/studium\/wp-json\/wp\/v2\/pages"}],"about":[{"href":"https:\/\/www.hsu-hh.de\/studium\/wp-json\/wp\/v2\/types\/page"}],"author":[{"embeddable":true,"href":"https:\/\/www.hsu-hh.de\/studium\/wp-json\/wp\/v2\/users\/3885"}],"replies":[{"embeddable":true,"href":"https:\/\/www.hsu-hh.de\/studium\/wp-json\/wp\/v2\/comments?post=269"}],"version-history":[{"count":6,"href":"https:\/\/www.hsu-hh.de\/studium\/wp-json\/wp\/v2\/pages\/269\/revisions"}],"predecessor-version":[{"id":742,"href":"https:\/\/www.hsu-hh.de\/studium\/wp-json\/wp\/v2\/pages\/269\/revisions\/742"}],"wp:attachment":[{"href":"https:\/\/www.hsu-hh.de\/studium\/wp-json\/wp\/v2\/media?parent=269"}],"wp:term":[{"taxonomy":"category","embeddable":true,"href":"https:\/\/www.hsu-hh.de\/studium\/wp-json\/wp\/v2\/categories?post=269"},{"taxonomy":"post_tag","embeddable":true,"href":"https:\/\/www.hsu-hh.de\/studium\/wp-json\/wp\/v2\/tags?post=269"}],"curies":[{"name":"wp","href":"https:\/\/api.w.org\/{rel}","templated":true}]}}