{"id":264,"date":"2024-04-29T10:40:44","date_gmt":"2024-04-29T08:40:44","guid":{"rendered":"https:\/\/www.hsu-hh.de\/studiengaenge\/?page_id=264"},"modified":"2024-12-09T10:49:30","modified_gmt":"2024-12-09T09:49:30","slug":"elektrische-energietechnik-m-sc","status":"publish","type":"page","link":"https:\/\/www.hsu-hh.de\/studium\/elektrische-energietechnik-m-sc\/","title":{"rendered":"Elektrische Energietechnik (M.Sc.)"},"content":{"rendered":"\n<p><strong>Fakult\u00e4t:<\/strong>&nbsp;Elektrotechnik<br><strong>Abschl\u00fcsse:<\/strong>&nbsp;Master of Science<br><strong>Studiendauer:<\/strong>&nbsp;5 Trimester Master<br><strong>Studienvoraussetzungen:<\/strong><\/p>\n\n\n\n<ol class=\"wp-block-list\">\n<li>die Allgemeine Hochschulreife (Abitur),<\/li>\n\n\n\n<li>Inhaber eines Hochschulabschlusses, der fristgerecht und mit mindestens der Note \u201egut\u201c (2,5) oder \u2013 bei Intensivstudieng\u00e4ngen \u2013 \u201ebefriedigend\u201c (3,0) in einem fachlich einschl\u00e4gigen<br>Bachelor-Studiengang erworben wurde<\/li>\n\n\n\n<li>die bestandene Of\ufb01zierpr\u00fcfung,<\/li>\n\n\n\n<li>die Verp\ufb02ichtung als Soldat\/Soldatin auf Zeit f\u00fcr 13 Jahre in der Laufbahn der Of\ufb01ziere des Truppendienstes.<\/li>\n<\/ol>\n\n\n\n<p><strong>Studiensprache:<\/strong>&nbsp;Deutsch<br><strong>Studienbeginn:<\/strong> Anfang Januar<\/p>\n\n\n\n<h2 class=\"wp-block-heading\">Beschreibung<\/h2>\n\n\n\n<p>Der Masterstudiengang Elektrische Energietechnik behandelt die wichtigen Themen der elektrischen Energieerzeugung und -verteilung sowie der leistungselektronischen und elektromechanischen Energieumwandlung. Das Stoffgebiet der Elektrischen Energiesysteme umfasst dabei sowohl die konventionelle Energieerzeugung durch die Verbrennung fossiler Energietr\u00e4ger als auch die regenerative Energiegewinnung durch Windkraft und Photovoltaik. Ferner ist die \u00dcbertragung und Verteilung der elektrischen Energie \u00fcber Freileitungen und Hochenergiekabel Bestandteil dieses Moduls. Zur Minimierung der \u00dcbertragungsverluste werden bei der Energie\u00fcbertragung sehr hohe Gleich- und Wechselspannungen eingesetzt. Die daraus resultierenden technischen Herausforderungen <abbr title=\"unter anderem\">u.a.<\/abbr> hinsichtlich der Isolations- und Schutztechnik werden von der Hochspannungstechnik behandelt. Die Leistungselektronik nutzt spezielle Halbleiterbauelemente zur Umwandlung der elektrischen Energie in verschiedene Erscheinungsformen. Der Aufbau, die Wirkungsweise und das Betriebsverhalten von elektrischen Maschinen werden durch Module aus dem Fachgebiet Elektrische Maschinen und Antriebe vermittelt. Auf Basis der physikalischen Grundgesetze werden dabei Generatoren, Transformatoren, Motoren und Aktuatoren analysiert und die spezifischen Kenngr\u00f6\u00dfen entwickelt. Weitere Module wie Thermodynamik und Str\u00f6mungsmaschinen sowie Nichtlineare Regelungen runden die Ausbildung ab.<\/p>\n\n\n\n<p>Die Studierenden erwerben im Masterstudiengang Elektrische Energietechnik breit angelegte Kompetenzen zur L\u00f6sung von Aufgaben auf dem Gebiet der modernen Elektrischen Energietechnik, wie sie heutzutage z. B. in jeder modernen Windkraftanlage, jedem Elektroantrieb und in jedem Computer Anwendung findet.<\/p>\n\n\n\n<h2 class=\"wp-block-heading\">&nbsp;Bewerbung<\/h2>\n\n\n\n<p>Allgemeine Informationen zu Ausbildungs- und Karrierewegen bei der Bundeswehr sowie zur Bewerbung finden Sie im Internet unter <a href=\"http:\/\/www.bundeswehr-karriere.de\" rel='nofollow'>http:\/\/www.bundeswehr-karriere.de<\/a> oder telefonisch unter der bundesweit kostenfreien Karriere-Hotline: 0800 9800880.<\/p>\n\n\n\n<h2 class=\"wp-block-heading\">Studienberatung\/Kontakt<\/h2>\n\n\n\n<p>Die Studienberatung wird unter der Verantwortung&nbsp;der Fakult\u00e4ten von den Mitgliedern des akademischen Bereichs durchgef\u00fchrt.<\/p>\n\n\n\n<p><strong>Studiendekan<\/strong><br><abbr title=\"Universit\u00e4tsprofessor\">Univ.-Prof.<\/abbr> <abbr title=\"Doktor\">Dr.<\/abbr>\u2013<abbr title=\"Ingenieur\">Ing.<\/abbr> Stefan Dickmann<br>Telefon: 040 6541\u20133019<br>E-Mail:<a href=\"mailto:stefan.dickmann@hsu-hh.de\" rel='nofollow'> stefan.dickmann@hsu-hh.de<\/a><\/p>\n\n\n\n<p>Studierende, die im Rahmen einer Kooperation mit einem Unternehmen, einer Beh\u00f6rde oder sonstiger institutioneller Partner an der <abbr title=\"Helmut Schmidt Universit\u00e4t\">HSU<\/abbr>\/UniBw H studieren m\u00f6chten, sowie Soldatinnen und Soldaten, die im Rahmen des BFD ein Studium an der <abbr title=\"Helmut Schmidt Universit\u00e4t\">HSU<\/abbr>\/UniBw H aufnehmen m\u00f6chten, wenden sich bitte an das <strong>Hochschulmarketing<\/strong> unter Telefon: 040 6541\u20133855 oder per E-Mail an: <a href=\"mailto:hsm@hsu-hh.de\" rel='nofollow'>hsm@hsu-hh.de<\/a><\/p>\n\n\n\n<hr class=\"wp-block-separator has-alpha-channel-opacity\" \/>\n\n\n\n<div class=\"wp-block-hsu-downloadblock\"><div class=\"thumbnail-area\"><img decoding=\"async\" src=\"\/wp-content\/themes\/hsu\/img\/dummy\/downloads_dummy.png\" alt=\"Download Symbol-Icon\" \/><\/div><div class=\"text-area\"><strong>Studiengangsinformationen Elektrotechnik und Informationstechnik (B.Sc.), Elektrische Energietechnik <abbr title=\"Master of Science\">M.Sc.<\/abbr>), Erneuerbare Energien und intelligente Netze (<abbr title=\"Master of Science\">M.Sc.<\/abbr>), Informatik-Ingenieurwesen (<abbr title=\"Master of Science\">M.Sc.<\/abbr>), Informationstechnik (<abbr title=\"Master of Science\">M.Sc.<\/abbr>)<\/strong><\/div><div class=\"download-area\"><a class=\"download-link\" href=\"https:\/\/www.hsu-hh.de\/studium\/wp-content\/uploads\/sites\/923\/2024\/05\/Elektrotechnik-u-Informationstechnik_Bachelor-u-alle-Masterstudiengaenge_Stand-201403.pdf\"><span class=\"download-name\">pdf laden<\/span><span class=\"download-icon\"><img decoding=\"async\" class=\"download-icon\" alt=\"download icon\" src=\"\/wp-content\/themes\/hsu\/img\/icons\/download_icon.png\" \/><\/span><span class=\"download-size\">479 kB<\/span><\/a><\/div><\/div>\n\n\n\n<h2 class=\"wp-block-heading\">Weitere Informationen<\/h2>\n\n\n\n<p><a href=\"https:\/\/www.hsu-hh.de\/et\/studium\">Zum Informationsangebot der Fakult\u00e4t f\u00fcr Elektrotechnik<\/a><\/p>\n","protected":false},"excerpt":{"rendered":"<p>Fakult\u00e4t:&nbsp;ElektrotechnikAbschl\u00fcsse:&nbsp;Master of ScienceStudiendauer:&nbsp;5 Trimester MasterStudienvoraussetzungen: Studiensprache:&nbsp;DeutschStudienbeginn: Anfang Januar Beschreibung Der Masterstudiengang Elektrische Energietechnik behandelt die wichtigen Themen der elektrischen Energieerzeugung und -verteilung sowie der leistungselektronischen und elektromechanischen Energieumwandlung. Das Stoffgebiet [&hellip;]<\/p>\n","protected":false},"author":3885,"featured_media":0,"parent":0,"menu_order":0,"comment_status":"closed","ping_status":"closed","template":"","meta":{"footnotes":""},"categories":[4],"tags":[],"class_list":["post-264","page","type-page","status-publish","hentry","category-forschung"],"_links":{"self":[{"href":"https:\/\/www.hsu-hh.de\/studium\/wp-json\/wp\/v2\/pages\/264","targetHints":{"allow":["GET"]}}],"collection":[{"href":"https:\/\/www.hsu-hh.de\/studium\/wp-json\/wp\/v2\/pages"}],"about":[{"href":"https:\/\/www.hsu-hh.de\/studium\/wp-json\/wp\/v2\/types\/page"}],"author":[{"embeddable":true,"href":"https:\/\/www.hsu-hh.de\/studium\/wp-json\/wp\/v2\/users\/3885"}],"replies":[{"embeddable":true,"href":"https:\/\/www.hsu-hh.de\/studium\/wp-json\/wp\/v2\/comments?post=264"}],"version-history":[{"count":6,"href":"https:\/\/www.hsu-hh.de\/studium\/wp-json\/wp\/v2\/pages\/264\/revisions"}],"predecessor-version":[{"id":736,"href":"https:\/\/www.hsu-hh.de\/studium\/wp-json\/wp\/v2\/pages\/264\/revisions\/736"}],"wp:attachment":[{"href":"https:\/\/www.hsu-hh.de\/studium\/wp-json\/wp\/v2\/media?parent=264"}],"wp:term":[{"taxonomy":"category","embeddable":true,"href":"https:\/\/www.hsu-hh.de\/studium\/wp-json\/wp\/v2\/categories?post=264"},{"taxonomy":"post_tag","embeddable":true,"href":"https:\/\/www.hsu-hh.de\/studium\/wp-json\/wp\/v2\/tags?post=264"}],"curies":[{"name":"wp","href":"https:\/\/api.w.org\/{rel}","templated":true}]}}