{"id":262,"date":"2024-04-29T10:39:55","date_gmt":"2024-04-29T08:39:55","guid":{"rendered":"https:\/\/www.hsu-hh.de\/studiengaenge\/?page_id=262"},"modified":"2024-12-09T10:50:25","modified_gmt":"2024-12-09T09:50:25","slug":"elektrotechnik-und-informationstechnik","status":"publish","type":"page","link":"https:\/\/www.hsu-hh.de\/studium\/elektrotechnik-und-informationstechnik\/","title":{"rendered":"Elektrotechnik und Informationstechnik (B.Sc.)"},"content":{"rendered":"\n<p><strong>Fakult\u00e4t:<\/strong>&nbsp;Elektrotechnik<br><strong>Abschl\u00fcsse:<\/strong>&nbsp;Bachelor of Science<br><strong>Studiendauer:<\/strong>&nbsp;7 Trimester f\u00fcr Bachelor + 5 Trimester Master<br><strong>Studienvoraussetzungen:<\/strong><\/p>\n\n\n\n<ol class=\"wp-block-list\">\n<li>die Allgemeine Hochschulreife (Abitur),<\/li>\n\n\n\n<li>die bestandene Of\ufb01zierpr\u00fcfung,<\/li>\n\n\n\n<li>die Verp\ufb02ichtung als Soldat\/Soldatin auf Zeit f\u00fcr 13 Jahre in der Laufbahn der Of\ufb01ziere des Truppendienstes.<\/li>\n<\/ol>\n\n\n\n<p><strong>Studiensprache:<\/strong>&nbsp;Deutsch<br><strong>Studienbeginn:<\/strong>&nbsp;Anfang Oktober<\/p>\n\n\n\n<h2 class=\"wp-block-heading\">Beschreibung<\/h2>\n\n\n\n<p>Ein Bachelor-Studium der Elektrotechnik und Informationstechnik vermittelt neben den Zugangsvoraussetzungen f\u00fcr einen spezialisierteren Master-Studiengang bereits die grundlegende Berufsqualifikation eines Ingenieurs der Elektrotechnik und Informationstechnik. Es er\u00f6ffnet den Zugang zu einem breiten Spektrum beruflicher T\u00e4tigkeiten innerhalb und au\u00dferhalb der Bundeswehr. Sie reichen von Forschung und Entwicklung, Lehrt\u00e4tigkeiten, Projektierung, Beschaffung, Betrieb, Produktion und Wartung bis hin zu Aufgaben in Management und \u00f6ffentlicher Verwaltung. Moderne technische Systeme aus den Bereichen Energieversorgung, Automobiltechnik,&nbsp;Schiffbau, Flugzeugbau, Wehrtechnik, Maschinen- und Anlagenbau, Kommunikations und Multimediatechnik, Datenverarbeitung,&nbsp;Robotik <abbr title=\"und so weiter\">usw.<\/abbr> beruhen wesentlich auf der Elektrotechnik und Informationstechnik. Alle diese&nbsp;Branchen stehen den Absolventen offen. Das Studium beginnt wie alle Ingenieurstudieng\u00e4nge mit einer mathematisch-physikalischen und ingenieurinformatischen Grundausbildung. Zu&nbsp;Modulen wie Elektronik und Regelungstechnik treten Projektarbeiten, die auf die Praxis des Ingenieurberufs&nbsp;vorbereiten. Die Ausbildung bef\u00e4higt die Absolventen dazu, sich neue Gebiete weitgehend selbst\u00e4ndig zu erarbeiten, L\u00f6sungen f\u00fcr neue Aufgabenstellungen grundlegend herzuleiten und praktisch umzusetzen.<\/p>\n\n\n\n<h2 class=\"wp-block-heading\">Studienaufbau<\/h2>\n\n\n\n<p>Der Bachelorstudiengang Elektrotechnik- und&nbsp;Informationstechnik dauert in der Regel sieben&nbsp;Trimester und besteht aus Pflichtmodulen,&nbsp;Wahlpflichtmodulen, der Abschlussarbeit sowie&nbsp;dem Fachpraktikum. Studierende, die nach sieben Trimestern noch nicht alle Leistungen des&nbsp;Bachelor-Studiengangs erbracht haben, k\u00f6nnen&nbsp;vorl\u00e4ufig in einen Masterstudiengang aufgenommen werden. Studierende, die bis zum Ende des achten Studientrimesters den Bachelor-Abschluss mit der Note 3,0 oder besser erworben haben, k\u00f6nnen das Master-Studium fortsetzen. Dies gilt auch f\u00fcr Studierende, die eine Note bis einschlie\u00dflich 3,4 erreicht und ein zus\u00e4tzliches Qualifizierungsgespr\u00e4ch bestanden haben. Studierende, die diese Bedingungen nicht erf\u00fcllen, haben bis zum Ende des neunten Trimesters Zeit,&nbsp;ihr Bachelorstudium erfolgreich zu beenden,&nbsp;k\u00f6nnen jedoch keinen nachfolgenden Masterstudiengang an der <abbr title=\"Helmut Schmidt Universit\u00e4t\">HSU<\/abbr> absolvieren.<\/p>\n\n\n\n<p>Die Master-Studieng\u00e4nge dauern f\u00fcnf Trimester (achtes bis zw\u00f6lftes Studientrimester) und schlie\u00dfen mit der Master-Arbeit ab. Sie beinhalten Pflicht- und Wahlpflichtmodule.<\/p>\n\n\n\n<h2 class=\"wp-block-heading\">Bewerbung<\/h2>\n\n\n\n<p>Bewerbungsunterlagen erhalten Sie bei dem f\u00fcr Ihren Wohnort zust\u00e4ndigen Karriereberatungsb\u00fcro. Als Soldatin oder Soldat tragen Sie gro\u00dfe Verantwortung. Darum steht zu Beginn des Bewerbungsprozesses ein ausf\u00fchrliches Beratungsgespr\u00e4ch. Kontaktdaten der Karrriereberater finden Sie im Internet unter <a href=\"http:\/\/www.bundeswehrkarriere.de\" target=\"_blank\" rel=\"noreferrer noopener\">www.bundeswehrkarriere.de<\/a>. Kostenlose Telefonhotline: 0800 9800880.<\/p>\n\n\n\n<h2 class=\"wp-block-heading\">Studienberatung\/Kontakt<\/h2>\n\n\n\n<p>Die Studienberatung wird unter der Verantwortung der Fakult\u00e4ten von den Mitgliedern des akademischen Bereichs durchgef\u00fchrt.<\/p>\n\n\n\n<p><strong>Studiendekan<\/strong><br><abbr title=\"Universit\u00e4tsprofessor\">Univ.-Prof.<\/abbr> <abbr title=\"Doktor\">Dr.<\/abbr>\u2013<abbr title=\"Ingenieur\">Ing.<\/abbr> Stefan Dickmann<br>Telefon: 040 6541\u20133019<br>E-Mail: <a href=\"mailto:stefan.dickmann@hsu-hh.de\" rel='nofollow'>stefan.dickmann@hsu-hh.de<\/a><\/p>\n\n\n\n<p>Studierende, die im Rahmen einer Kooperation mit einem Unternehmen, einer Beh\u00f6rde oder sonstiger institutioneller Partner an der <abbr title=\"Helmut Schmidt Universit\u00e4t\">HSU<\/abbr>\/UniBw H studieren m\u00f6chten, sowie Soldatinnen und Soldaten, die im Rahmen des BFD ein Studium an der <abbr title=\"Helmut Schmidt Universit\u00e4t\">HSU<\/abbr>\/UniBw H aufnehmen m\u00f6chten, wenden sich bitte an das <strong>Hochschulmarketing<\/strong> unter Telefon: 040 6541\u20133855 oder per E-Mail an: <a href=\"mailto:hsm@hsu-hh.de\" rel='nofollow'>hsm@hsu-hh.de<\/a><\/p>\n\n\n\n<hr class=\"wp-block-separator has-alpha-channel-opacity\" \/>\n\n\n\n<div class=\"wp-block-hsu-downloadblock\"><div class=\"thumbnail-area\"><img decoding=\"async\" src=\"\/wp-content\/themes\/hsu\/img\/dummy\/downloads_dummy.png\" alt=\"Download Symbol-Icon\" \/><\/div><div class=\"text-area\"><strong>Studiengangsinformationen Elektrotechnik und Informationstechnik (B.Sc.), Elektrische Energietechnik <abbr title=\"Master of Science\">M.Sc.<\/abbr>), Erneuerbare Energien und intelligente Netze (<abbr title=\"Master of Science\">M.Sc.<\/abbr>), Informatik-Ingenieurwesen (<abbr title=\"Master of Science\">M.Sc.<\/abbr>), Informationstechnik (<abbr title=\"Master of Science\">M.Sc.<\/abbr>)<\/strong><\/div><div class=\"download-area\"><a class=\"download-link\" href=\"https:\/\/www.hsu-hh.de\/studium\/wp-content\/uploads\/sites\/923\/2024\/05\/Elektrotechnik-u-Informationstechnik_Bachelor-u-alle-Masterstudiengaenge_Stand-201403.pdf\"><span class=\"download-name\">pdf laden<\/span><span class=\"download-icon\"><img decoding=\"async\" class=\"download-icon\" alt=\"download icon\" src=\"\/wp-content\/themes\/hsu\/img\/icons\/download_icon.png\" \/><\/span><span class=\"download-size\">479 kB<\/span><\/a><\/div><\/div>\n\n\n\n<h2 class=\"wp-block-heading\">Weitere Informationen<\/h2>\n\n\n\n<p><a href=\"https:\/\/www.hsu-hh.de\/et\/studium\">Zum Informationsangebot der Fakult\u00e4t f\u00fcr Elektrotechnik<\/a><\/p>\n","protected":false},"excerpt":{"rendered":"<p>Fakult\u00e4t:&nbsp;ElektrotechnikAbschl\u00fcsse:&nbsp;Bachelor of ScienceStudiendauer:&nbsp;7 Trimester f\u00fcr Bachelor + 5 Trimester MasterStudienvoraussetzungen: Studiensprache:&nbsp;DeutschStudienbeginn:&nbsp;Anfang Oktober Beschreibung Ein Bachelor-Studium der Elektrotechnik und Informationstechnik vermittelt neben den Zugangsvoraussetzungen f\u00fcr einen spezialisierteren Master-Studiengang bereits die grundlegende [&hellip;]<\/p>\n","protected":false},"author":3885,"featured_media":0,"parent":0,"menu_order":0,"comment_status":"closed","ping_status":"closed","template":"","meta":{"footnotes":""},"categories":[4],"tags":[],"class_list":["post-262","page","type-page","status-publish","hentry","category-forschung"],"_links":{"self":[{"href":"https:\/\/www.hsu-hh.de\/studium\/wp-json\/wp\/v2\/pages\/262","targetHints":{"allow":["GET"]}}],"collection":[{"href":"https:\/\/www.hsu-hh.de\/studium\/wp-json\/wp\/v2\/pages"}],"about":[{"href":"https:\/\/www.hsu-hh.de\/studium\/wp-json\/wp\/v2\/types\/page"}],"author":[{"embeddable":true,"href":"https:\/\/www.hsu-hh.de\/studium\/wp-json\/wp\/v2\/users\/3885"}],"replies":[{"embeddable":true,"href":"https:\/\/www.hsu-hh.de\/studium\/wp-json\/wp\/v2\/comments?post=262"}],"version-history":[{"count":6,"href":"https:\/\/www.hsu-hh.de\/studium\/wp-json\/wp\/v2\/pages\/262\/revisions"}],"predecessor-version":[{"id":737,"href":"https:\/\/www.hsu-hh.de\/studium\/wp-json\/wp\/v2\/pages\/262\/revisions\/737"}],"wp:attachment":[{"href":"https:\/\/www.hsu-hh.de\/studium\/wp-json\/wp\/v2\/media?parent=262"}],"wp:term":[{"taxonomy":"category","embeddable":true,"href":"https:\/\/www.hsu-hh.de\/studium\/wp-json\/wp\/v2\/categories?post=262"},{"taxonomy":"post_tag","embeddable":true,"href":"https:\/\/www.hsu-hh.de\/studium\/wp-json\/wp\/v2\/tags?post=262"}],"curies":[{"name":"wp","href":"https:\/\/api.w.org\/{rel}","templated":true}]}}