{"id":256,"date":"2024-04-29T10:32:49","date_gmt":"2024-04-29T08:32:49","guid":{"rendered":"https:\/\/www.hsu-hh.de\/studiengaenge\/?page_id=256"},"modified":"2025-03-31T10:05:01","modified_gmt":"2025-03-31T08:05:01","slug":"produktentstehung-und-logistik_msc","status":"publish","type":"page","link":"https:\/\/www.hsu-hh.de\/studium\/produktentstehung-und-logistik_msc\/","title":{"rendered":"Produktentstehung und Logistik (M.Sc.)"},"content":{"rendered":"\n<p><strong>Fakult\u00e4t:<\/strong> Maschinenbau und Bauingenieurwesen<br><strong>Abschl\u00fcsse:<\/strong>&nbsp;Master of Science<br><strong>Studiendauer:<\/strong> 5 Trimester<br><strong>Studienvoraussetzungen:<\/strong><\/p>\n\n\n\n<ol class=\"wp-block-list\">\n<li>die Allgemeine Hochschulreife (Abitur),<\/li>\n\n\n\n<li>Inhaber eines Hochschulabschlusses, der fristgerecht und mit mindestens der Note \u201egut\u201c (2,5) oder \u2013 bei Intensivstudieng\u00e4ngen \u2013 \u201ebefriedigend\u201c (3,0) in einem fachlich einschl\u00e4gigen Bachelor-Studiengang erworben wurde (Ausnahmen bez\u00fcglich der Note bei positivem Qualifizierungsgepr\u00e4ch m\u00f6glich).<\/li>\n\n\n\n<li>die bestandene Of\ufb01zierpr\u00fcfung,<\/li>\n\n\n\n<li>die Verp\ufb02ichtung als Soldat\/Soldatin auf Zeit f\u00fcr 13 Jahre in der Laufbahn der Of\ufb01ziere des Truppendienstes.<\/li>\n<\/ol>\n\n\n\n<p><strong>Studiensprache:<\/strong>&nbsp;Deutsch<br><strong>Studienbeginn:<\/strong>&nbsp;Anfang Januar<\/p>\n\n\n\n<h2 class=\"wp-block-heading\">Beschreibung<\/h2>\n\n\n\n<p>Die Konzeption des Masterstudiengangs Produktentstehung und Logistik ist getragen von der Idee, die Ausbildung im Bereich der Produktentstehung, die die Produktentwicklung und -herstellung beinhaltet, integrativ mit einer Ausbildung im Bereich der Logistik zu verbinden. Hiermit wird einerseits der Tatsache Rechnung getragen, dass f\u00fcr die Produktentstehung in zunehmendem Ma\u00dfe logistische Aspekte eine Rolle spielen und andererseits eine leistungsf\u00e4hige Logistik auf die Entwicklung und Herstellung technischer Mittel angewiesen ist. Durch die gemeinsamen Grundlagenf\u00e4cher bietet der Studiengang sowohl die M\u00f6glichkeit einer Spezialisierung in einem der drei Bereiche Produktentwicklung, Produktion oder Logistik als auch die M\u00f6glichkeit eines breit angelegten Studiums.<\/p>\n\n\n\n<h2 class=\"wp-block-heading\">&nbsp;Bewerbung<\/h2>\n\n\n\n<p>Bewerbungsunterlagen erhalten Sie bei dem f\u00fcr Ihren Wohnort zust\u00e4ndigen Karriereberatungsb\u00fcro. Als Soldatin oder Soldat tragen Sie gro\u00dfe Verantwortung. Darum steht zu Beginn des Bewerbungsprozesses ein ausf\u00fchrliches Beratungsgespr\u00e4ch. Kontaktdaten der Karrriereberater finden Sie im Internet unter <a href=\"http:\/\/www.bundeswehrkarriere.de\" target=\"_blank\" rel=\"noreferrer noopener\">www.bundeswehrkarriere.de<\/a>. Kostenlose Telefonhotline: 0800 9800880.<\/p>\n\n\n\n<h2 class=\"wp-block-heading\">Studienberatung\/Kontakt<\/h2>\n\n\n\n<p>Die Studienberatung wird unter der Verantwortung der Fakult\u00e4ten von den Mitgliedern des akademischen Bereichs durchgef\u00fchrt.<\/p>\n\n\n\n<p><strong>Studiendekan<\/strong><br><abbr title=\"Universit\u00e4tsprofessor\">Univ.-Prof.<\/abbr> <abbr title=\"Doktor\">Dr.<\/abbr>\u2013<abbr title=\"Ingenieur\">Ing.<\/abbr> Karsten Meier<br>Telefon: 040 6541\u20132735<br>E-Mail: <a href=\"mailto:meierk@hsu-hh.de\" rel='nofollow'>meierk@hsu-hh.de<\/a><\/p>\n\n\n\n<p>Studierende, die im Rahmen einer Kooperation mit einem Unternehmen, einer Beh\u00f6rde oder sonstiger institutioneller Partner an der <abbr title=\"Helmut Schmidt Universit\u00e4t\">HSU<\/abbr>\/UniBw H studieren m\u00f6chten, sowie Soldatinnen und Soldaten, die im Rahmen des BFD ein Studium an der <abbr title=\"Helmut Schmidt Universit\u00e4t\">HSU<\/abbr>\/UniBw H aufnehmen m\u00f6chten, wenden sich bitte an das <strong>Hochschulmarketing<\/strong> unter Telefon: 040 6541\u20133855 oder per E-Mail an: <a href=\"mailto:hsm@hsu-hh.de\" rel='nofollow'>hsm@hsu-hh.de<\/a><\/p>\n\n\n\n<hr class=\"wp-block-separator has-alpha-channel-opacity\" \/>\n\n\n\n<div class=\"wp-block-hsu-downloadblock\"><div class=\"thumbnail-area\"><img decoding=\"async\" src=\"\/wp-content\/themes\/hsu\/img\/dummy\/downloads_dummy.png\" alt=\"Download Symbol-Icon\" \/><\/div><div class=\"text-area\">Studiengangsinformationen Maschinenbau (B.Sc.) + Master-Studieng\u00e4nge<\/div><div class=\"download-area\"><a class=\"download-link\" href=\"https:\/\/www.hsu-hh.de\/studium\/wp-content\/uploads\/sites\/923\/2025\/02\/Maschinenbau_Bachelor-u-alle-Master_Stand-202409.pdf\"><span class=\"download-name\">pdf laden<\/span><span class=\"download-icon\"><img decoding=\"async\" class=\"download-icon\" alt=\"download icon\" src=\"\/wp-content\/themes\/hsu\/img\/icons\/download_icon.png\" \/><\/span><span class=\"download-size\">143 kB<\/span><\/a><\/div><\/div>\n","protected":false},"excerpt":{"rendered":"<p>Fakult\u00e4t: Maschinenbau und BauingenieurwesenAbschl\u00fcsse:&nbsp;Master of ScienceStudiendauer: 5 TrimesterStudienvoraussetzungen: Studiensprache:&nbsp;DeutschStudienbeginn:&nbsp;Anfang Januar Beschreibung Die Konzeption des Masterstudiengangs Produktentstehung und Logistik ist getragen von der Idee, die Ausbildung im Bereich der Produktentstehung, die [&hellip;]<\/p>\n","protected":false},"author":3885,"featured_media":0,"parent":0,"menu_order":0,"comment_status":"closed","ping_status":"closed","template":"","meta":{"footnotes":""},"categories":[4],"tags":[],"class_list":["post-256","page","type-page","status-publish","hentry","category-forschung"],"_links":{"self":[{"href":"https:\/\/www.hsu-hh.de\/studium\/wp-json\/wp\/v2\/pages\/256","targetHints":{"allow":["GET"]}}],"collection":[{"href":"https:\/\/www.hsu-hh.de\/studium\/wp-json\/wp\/v2\/pages"}],"about":[{"href":"https:\/\/www.hsu-hh.de\/studium\/wp-json\/wp\/v2\/types\/page"}],"author":[{"embeddable":true,"href":"https:\/\/www.hsu-hh.de\/studium\/wp-json\/wp\/v2\/users\/3885"}],"replies":[{"embeddable":true,"href":"https:\/\/www.hsu-hh.de\/studium\/wp-json\/wp\/v2\/comments?post=256"}],"version-history":[{"count":7,"href":"https:\/\/www.hsu-hh.de\/studium\/wp-json\/wp\/v2\/pages\/256\/revisions"}],"predecessor-version":[{"id":775,"href":"https:\/\/www.hsu-hh.de\/studium\/wp-json\/wp\/v2\/pages\/256\/revisions\/775"}],"wp:attachment":[{"href":"https:\/\/www.hsu-hh.de\/studium\/wp-json\/wp\/v2\/media?parent=256"}],"wp:term":[{"taxonomy":"category","embeddable":true,"href":"https:\/\/www.hsu-hh.de\/studium\/wp-json\/wp\/v2\/categories?post=256"},{"taxonomy":"post_tag","embeddable":true,"href":"https:\/\/www.hsu-hh.de\/studium\/wp-json\/wp\/v2\/tags?post=256"}],"curies":[{"name":"wp","href":"https:\/\/api.w.org\/{rel}","templated":true}]}}