{"id":254,"date":"2024-04-29T10:31:53","date_gmt":"2024-04-29T08:31:53","guid":{"rendered":"https:\/\/www.hsu-hh.de\/studiengaenge\/?page_id=254"},"modified":"2025-03-31T10:04:17","modified_gmt":"2025-03-31T08:04:17","slug":"mechatronik_msc","status":"publish","type":"page","link":"https:\/\/www.hsu-hh.de\/studium\/mechatronik_msc\/","title":{"rendered":"Mechatronik (M.Sc.)"},"content":{"rendered":"\n<p><strong>Fakult\u00e4t:<\/strong> Maschinenbau und Bauingenieurwesen<\/p>\n\n\n\n<p><strong>Abschl\u00fcsse:<\/strong>&nbsp;Master of Science<br><strong>Studiendauer:<\/strong> 5 Trimester<br><strong>Studienvoraussetzungen:<\/strong><\/p>\n\n\n\n<ol class=\"wp-block-list\">\n<li>die Allgemeine Hochschulreife (Abitur),<\/li>\n\n\n\n<li>Inhaber eines Hochschulabschlusses, der fristgerecht und mit mindestens der Note \u201egut\u201c (2,5) oder \u2013 bei Intensivstudieng\u00e4ngen \u2013 \u201ebefriedigend\u201c (3,0) in einem fachlich einschl\u00e4gigen<br>Bachelor-Studiengang erworben wurde<\/li>\n\n\n\n<li>die bestandene Of\ufb01zierpr\u00fcfung,<\/li>\n\n\n\n<li>die Verp\ufb02ichtung als Soldat\/Soldatin auf Zeit f\u00fcr 13 Jahre in der Laufbahn der Of\ufb01ziere des Truppendienstes.<\/li>\n<\/ol>\n\n\n\n<p><strong>Studiensprache:<\/strong>&nbsp;Deutsch<br><strong>Studienbeginn:<\/strong> Anfang Januar<\/p>\n\n\n\n<h2 class=\"wp-block-heading\">Beschreibung<\/h2>\n\n\n\n<p>Im Master-Studiengang Mechatronik sind anf\u00e4nglich zun\u00e4chst die Pflichtf\u00e4cher zu absolvieren. Es handelt sich dabei um weiterf\u00fchrende Vorlesungen in Mathematik, Numerik, Mechanik, Str\u00f6mungsmechanik, Maschinendynamik, Informatik und Regelungstechnik. Mit ihrer Ausrichtung spiegeln diese Pflichtf\u00e4cher den Gedanken der Mechatronik wider, ohne speziell auf diese zugeschnitten zu sein. Hinzu kommt das spezifische Pflichtfach \u201eMechatronische Systeme\u201c. Die Studierenden belegen mehrere Wahlf\u00e4cher mit unterschiedlicher Dauer. Dabei w\u00e4hlen sie eine Spezialisierungsrichtung und entscheiden sich zwischen den Schwerpunkten Angewandte Mechanik, Automatisierungstechnik oder Wehrtechnik.<\/p>\n\n\n\n<p>Die Angewandte Mechanik und die Automatisierungstechnik als Grundsteine der Mechatronik bieten sich als Schwerpunkte des Studiums an. Der Schwerpunkt Wehrtechnik ist als angewandte Mechatronik zu verstehen. Moderne, hochdynamische Waffensysteme, intelligente Munition und autonome, unbemannte Aufkl\u00e4rer sind ohne Mechatronik undenkbar. Mit diesem Studienschwerpunkt wird die aktuelle Berufswahl der Mehrzahl der Studierenden und ein h\u00e4ufig anzutreffender Interessenbereich ber\u00fccksichtigt.<\/p>\n\n\n\n<h2 class=\"wp-block-heading\">Bewerbung<\/h2>\n\n\n\n<p>Bewerbungsunterlagen erhalten Sie bei dem f\u00fcr Ihren Wohnort zust\u00e4ndigen Karriereberatungsb\u00fcro. Als Soldatin oder Soldat tragen Sie gro\u00dfe Verantwortung. Darum steht zu Beginn des Bewerbungsprozesses ein ausf\u00fchrliches Beratungsgespr\u00e4ch. Kontaktdaten der Karrriereberater finden Sie im Internet unter <a href=\"http:\/\/www.bundeswehrkarriere.de\" target=\"_blank\" rel=\"noreferrer noopener\">www.bundeswehrkarriere.de<\/a>. Kostenlose Telefonhotline: 0800 9800880.<\/p>\n\n\n\n<h2 class=\"wp-block-heading\">Studienberatung\/Kontakt<\/h2>\n\n\n\n<p>Die Studienberatung wird unter der Verantwortung&nbsp;der Fakult\u00e4ten von den Mitgliedern des akademischen Bereichs durchgef\u00fchrt.<\/p>\n\n\n\n<p><strong>Studiendekan<\/strong><br><abbr title=\"Universit\u00e4tsprofessor\">Univ.-Prof.<\/abbr> <abbr title=\"Doktor\">Dr.<\/abbr>\u2013<abbr title=\"Ingenieur\">Ing.<\/abbr> Karsten Meier<br>Telefon: 040 6541\u20132735<br>E-Mail: <a href=\"mailto:meierk@hsu-hh.de\" rel='nofollow'>meierk@hsu-hh.de<\/a><\/p>\n\n\n\n<p>Studierende, die im Rahmen einer Kooperation mit einem Unternehmen, einer Stiftung, einer Beh\u00f6rde oder sonstiger institutioneller Partner an der <abbr title=\"Helmut Schmidt Universit\u00e4t\">HSU<\/abbr> studieren m\u00f6chten, sowie Soldatinnen und Soldaten, die im Rahmen des BFD ein Studium an der <abbr title=\"Helmut Schmidt Universit\u00e4t\">HSU<\/abbr> aufnehmen m\u00f6chten, wenden sich bitte an das Hochschulmarketing:<\/p>\n\n\n\n<p><strong>Astrid Str\u00fc\u00dfmann<\/strong><br>Telefon: 040 6541\u20133855<br>E-Mail: <a href=\"mailto:hsm@hsu-hh.de\" rel='nofollow'>hsm@hsu-hh.de<\/a><\/p>\n\n\n\n<p><strong>Susanne Killus<\/strong><br>Telefon: 040 6541\u20133652<br>E-Mail: <a href=\"mailto:hsm@hsu-hh.de\" rel='nofollow'>hsm@hsu-hh.de<\/a><\/p>\n\n\n\n<hr class=\"wp-block-separator has-alpha-channel-opacity\" \/>\n\n\n\n<div class=\"wp-block-hsu-downloadblock\"><div class=\"thumbnail-area\"><img decoding=\"async\" src=\"\/wp-content\/themes\/hsu\/img\/dummy\/downloads_dummy.png\" alt=\"Download Symbol-Icon\" \/><\/div><div class=\"text-area\">Studiengangsinformationen Maschinenbau (B.Sc.) + Master-Studieng\u00e4nge<\/div><div class=\"download-area\"><a class=\"download-link\" href=\"https:\/\/www.hsu-hh.de\/studium\/wp-content\/uploads\/sites\/923\/2025\/02\/Maschinenbau_Bachelor-u-alle-Master_Stand-202409.pdf\"><span class=\"download-name\">pdf laden<\/span><span class=\"download-icon\"><img decoding=\"async\" class=\"download-icon\" alt=\"download icon\" src=\"\/wp-content\/themes\/hsu\/img\/icons\/download_icon.png\" \/><\/span><span class=\"download-size\">143 kB<\/span><\/a><\/div><\/div>\n","protected":false},"excerpt":{"rendered":"<p>Fakult\u00e4t: Maschinenbau und Bauingenieurwesen Abschl\u00fcsse:&nbsp;Master of ScienceStudiendauer: 5 TrimesterStudienvoraussetzungen: Studiensprache:&nbsp;DeutschStudienbeginn: Anfang Januar Beschreibung Im Master-Studiengang Mechatronik sind anf\u00e4nglich zun\u00e4chst die Pflichtf\u00e4cher zu absolvieren. Es handelt sich dabei um weiterf\u00fchrende Vorlesungen [&hellip;]<\/p>\n","protected":false},"author":3885,"featured_media":0,"parent":0,"menu_order":0,"comment_status":"closed","ping_status":"closed","template":"","meta":{"footnotes":""},"categories":[4],"tags":[],"class_list":["post-254","page","type-page","status-publish","hentry","category-forschung"],"_links":{"self":[{"href":"https:\/\/www.hsu-hh.de\/studium\/wp-json\/wp\/v2\/pages\/254","targetHints":{"allow":["GET"]}}],"collection":[{"href":"https:\/\/www.hsu-hh.de\/studium\/wp-json\/wp\/v2\/pages"}],"about":[{"href":"https:\/\/www.hsu-hh.de\/studium\/wp-json\/wp\/v2\/types\/page"}],"author":[{"embeddable":true,"href":"https:\/\/www.hsu-hh.de\/studium\/wp-json\/wp\/v2\/users\/3885"}],"replies":[{"embeddable":true,"href":"https:\/\/www.hsu-hh.de\/studium\/wp-json\/wp\/v2\/comments?post=254"}],"version-history":[{"count":5,"href":"https:\/\/www.hsu-hh.de\/studium\/wp-json\/wp\/v2\/pages\/254\/revisions"}],"predecessor-version":[{"id":774,"href":"https:\/\/www.hsu-hh.de\/studium\/wp-json\/wp\/v2\/pages\/254\/revisions\/774"}],"wp:attachment":[{"href":"https:\/\/www.hsu-hh.de\/studium\/wp-json\/wp\/v2\/media?parent=254"}],"wp:term":[{"taxonomy":"category","embeddable":true,"href":"https:\/\/www.hsu-hh.de\/studium\/wp-json\/wp\/v2\/categories?post=254"},{"taxonomy":"post_tag","embeddable":true,"href":"https:\/\/www.hsu-hh.de\/studium\/wp-json\/wp\/v2\/tags?post=254"}],"curies":[{"name":"wp","href":"https:\/\/api.w.org\/{rel}","templated":true}]}}