{"id":252,"date":"2026-04-15T07:46:20","date_gmt":"2026-04-15T05:46:20","guid":{"rendered":"https:\/\/www.hsu-hh.de\/studiengaenge\/?page_id=252"},"modified":"2026-04-15T07:46:27","modified_gmt":"2026-04-15T05:46:27","slug":"internationale-beziehungen_ma","status":"publish","type":"page","link":"https:\/\/www.hsu-hh.de\/studium\/internationale-beziehungen_ma\/","title":{"rendered":"Internationale Beziehungen (M.A.)"},"content":{"rendered":"\n<p><strong>Fakult\u00e4t:<\/strong>&nbsp;Wirtschafts- und Sozialwissenschaften<br><strong>Abschluss<\/strong>: Master of Science<br><strong>Studiendauer:<\/strong> 5 Trimester<br><strong>Studienvoraussetzungen:<\/strong><\/p>\n\n\n\n<ol class=\"wp-block-list\">\n<li>die Allgemeine Hochschulreife (Abitur),<\/li>\n\n\n\n<li>Inhaber eines Hochschulabschlusses, der fristgerecht und mit mindestens der Note \u201egut\u201c (2,5) oder \u2013 bei Intensivstudieng\u00e4ngen \u2013 \u201ebefriedigend\u201c (3,0) in einem fachlich einschl\u00e4gigen<br>Bachelor-Studiengang erworben wurde<\/li>\n\n\n\n<li>die bestandene Of\ufb01zierpr\u00fcfung,<\/li>\n\n\n\n<li>die Verp\ufb02ichtung als Soldat\/Soldatin auf Zeit f\u00fcr 13 Jahre in der Laufbahn der Of\ufb01ziere des Truppendienstes.<\/li>\n<\/ol>\n\n\n\n<p><strong>Studiensprache:<\/strong>&nbsp;Deutsch<br><strong>Studienbeginn:<\/strong> Anfang Januar<\/p>\n\n\n\n<h2 class=\"wp-block-heading\">Beschreibung<\/h2>\n\n\n\n<p>Der Masterstudiengang Internationale Beziehungen besch\u00e4ftigt sich mit den komplexen Beziehungen der Akteure in der internationalen Politik sowie der transnationalen Politik zwischen den Gesellschaften verschiedener Staaten. Diese Besch\u00e4ftigung erfolgt unter Zuhilfenahme der gro\u00dfen Theorieschulen (Neorealismus, Liberalismus, Konstruktivismus). Wesentliche Fragen stellen die Machtverschiebungen im internationalen System und deren Konsequenzen sowie Konflikte, deren Ursachen und deren friedliche Beilegung dar. Der Masterstudiengang vermittelt insbesondere vertiefte Kenntnisse in den Bereichen Weltordnungspolitik, Internationale Organisationen, Regionen im internationalen System sowie Europa in der Welt. Die politikwissenschaftlichen Anteile werden durch die Module aus den Bereichen Transnationales Recht\/Verfassungsrecht, Verwaltungslehre und Soziologie erg\u00e4nzt.<\/p>\n\n\n\n<h2 class=\"wp-block-heading\">&nbsp;Bewerbung<\/h2>\n\n\n\n<p>Bewerbungsunterlagen erhalten Sie bei dem f\u00fcr Ihren Wohnort zust\u00e4ndigen Karriereberatungsb\u00fcro. Als Soldatin oder Soldat tragen Sie gro\u00dfe Verantwortung. Darum steht zu Beginn des Bewerbungsprozesses ein ausf\u00fchrliches Beratungsgespr\u00e4ch. Kontaktdaten der Karrriereberater finden Sie im Internet unter <a href=\"http:\/\/www.bundeswehrkarriere.de\" target=\"_blank\" rel=\"noreferrer noopener\">www.bundeswehrkarriere.de<\/a>. Kostenlose Telefonhotline: 0800 9800880.<\/p>\n\n\n\n<h2 class=\"wp-block-heading\">Studienberatung\/Kontakt<\/h2>\n\n\n\n<p>Die Studienberatung wird unter der Verantwortung der Fakult\u00e4ten von den Mitgliedern des akademischen Bereichs durchgef\u00fchrt.<\/p>\n\n\n\n<p><strong>Studiendekan<\/strong><br><abbr title=\"Professor\">Prof.<\/abbr> <abbr title=\"Doktor\">Dr.<\/abbr> Matthew D. Stephen<br>Telefon: 040 6541-3399<br>E-Mail: <a href=\"mailto:grotz@hsu-hh.de\" rel='nofollow'>studiendekanatpol@hsu-hh.de<\/a><\/p>\n\n\n\n<p>Studierende, die im Rahmen des BFD ein Studium an der <abbr title=\"Helmut Schmidt Universit\u00e4t\">HSU<\/abbr>\/UniBw H aufnehmen m\u00f6chten, wenden sich bitte an das <strong>Hochschulmarketing<\/strong> unter Telefon: 040 6541\u20133855 oder per E-Mail an: <a href=\"mailto:hsm@hsu-hh.de\" rel='nofollow'>hsm@hsu-hh.de<\/a><\/p>\n\n\n\n<hr class=\"wp-block-separator has-alpha-channel-opacity\" \/>\n\n\n\n<div class=\"wp-block-hsu-downloadblock\"><div class=\"thumbnail-area\"><img decoding=\"async\" src=\"\/wp-content\/themes\/hsu\/img\/dummy\/downloads_dummy.png\" alt=\"Download Symbol-Icon\" \/><\/div><div class=\"text-area\"><strong>Studiengangsinformationen Politikwissenschaft (B.A.), Internationale Beziehungen (M.A.), Vergleichende Demokratieforschung (M.A.)<\/strong><\/div><div class=\"download-area\"><a class=\"download-link\" href=\"https:\/\/www.hsu-hh.de\/studium\/wp-content\/uploads\/sites\/923\/2024\/05\/Powi_Bachelor-u-Masterstudiengaenge_Stand-202302.pdf\"><span class=\"download-name\">pdf laden<\/span><span class=\"download-icon\"><img decoding=\"async\" class=\"download-icon\" alt=\"download icon\" src=\"\/wp-content\/themes\/hsu\/img\/icons\/download_icon.png\" \/><\/span><span class=\"download-size\">2 MB<\/span><\/a><\/div><\/div>\n\n\n\n<div class=\"wp-block-hsu-downloadblock\"><div class=\"thumbnail-area\"><img decoding=\"async\" src=\"\/wp-content\/themes\/hsu\/img\/dummy\/downloads_dummy.png\" alt=\"Download Symbol-Icon\" \/><\/div><div class=\"text-area\"><strong>Leitlinien zu den politikwissenschaftlichen Studieng\u00e4ngen (Stand: Mai 2021)<\/strong><\/div><div class=\"download-area\"><a class=\"download-link\" href=\"https:\/\/www.hsu-hh.de\/studium\/wp-content\/uploads\/sites\/923\/2024\/04\/Leitlinien_Studium_Politikwissenschaft.pdf\"><span class=\"download-name\">pdf laden<\/span><span class=\"download-icon\"><img decoding=\"async\" class=\"download-icon\" alt=\"download icon\" src=\"\/wp-content\/themes\/hsu\/img\/icons\/download_icon.png\" \/><\/span><span class=\"download-size\">173 kB<\/span><\/a><\/div><\/div>\n","protected":false},"excerpt":{"rendered":"<p>Fakult\u00e4t:&nbsp;Wirtschafts- und SozialwissenschaftenAbschluss: Master of ScienceStudiendauer: 5 TrimesterStudienvoraussetzungen: Studiensprache:&nbsp;DeutschStudienbeginn: Anfang Januar Beschreibung Der Masterstudiengang Internationale Beziehungen besch\u00e4ftigt sich mit den komplexen Beziehungen der Akteure in der internationalen Politik sowie der [&hellip;]<\/p>\n","protected":false},"author":3885,"featured_media":0,"parent":0,"menu_order":0,"comment_status":"closed","ping_status":"closed","template":"","meta":{"footnotes":""},"categories":[4],"tags":[],"class_list":["post-252","page","type-page","status-publish","hentry","category-forschung"],"_links":{"self":[{"href":"https:\/\/www.hsu-hh.de\/studium\/wp-json\/wp\/v2\/pages\/252","targetHints":{"allow":["GET"]}}],"collection":[{"href":"https:\/\/www.hsu-hh.de\/studium\/wp-json\/wp\/v2\/pages"}],"about":[{"href":"https:\/\/www.hsu-hh.de\/studium\/wp-json\/wp\/v2\/types\/page"}],"author":[{"embeddable":true,"href":"https:\/\/www.hsu-hh.de\/studium\/wp-json\/wp\/v2\/users\/3885"}],"replies":[{"embeddable":true,"href":"https:\/\/www.hsu-hh.de\/studium\/wp-json\/wp\/v2\/comments?post=252"}],"version-history":[{"count":8,"href":"https:\/\/www.hsu-hh.de\/studium\/wp-json\/wp\/v2\/pages\/252\/revisions"}],"predecessor-version":[{"id":957,"href":"https:\/\/www.hsu-hh.de\/studium\/wp-json\/wp\/v2\/pages\/252\/revisions\/957"}],"wp:attachment":[{"href":"https:\/\/www.hsu-hh.de\/studium\/wp-json\/wp\/v2\/media?parent=252"}],"wp:term":[{"taxonomy":"category","embeddable":true,"href":"https:\/\/www.hsu-hh.de\/studium\/wp-json\/wp\/v2\/categories?post=252"},{"taxonomy":"post_tag","embeddable":true,"href":"https:\/\/www.hsu-hh.de\/studium\/wp-json\/wp\/v2\/tags?post=252"}],"curies":[{"name":"wp","href":"https:\/\/api.w.org\/{rel}","templated":true}]}}