{"id":248,"date":"2024-04-29T10:25:01","date_gmt":"2024-04-29T08:25:01","guid":{"rendered":"https:\/\/www.hsu-hh.de\/studiengaenge\/?page_id=248"},"modified":"2025-03-31T10:02:30","modified_gmt":"2025-03-31T08:02:30","slug":"energie-und-umwelttechnik_msc","status":"publish","type":"page","link":"https:\/\/www.hsu-hh.de\/studium\/energie-und-umwelttechnik_msc\/","title":{"rendered":"Energie- und Umwelttechnik (M.Sc.)"},"content":{"rendered":"\n<p><strong>Fakult\u00e4t:<\/strong>&nbsp;Maschinenbau<\/p>\n\n\n\n<p><strong>Abschl\u00fcsse:<\/strong>&nbsp;Master of Science<\/p>\n\n\n\n<p><strong>Studiendauer:<\/strong> 5 Trimester<\/p>\n\n\n\n<p><strong>Studienvoraussetzungen:<\/strong><\/p>\n\n\n\n<ol class=\"wp-block-list\">\n<li>die Allgemeine Hochschulreife (Abitur),<\/li>\n\n\n\n<li>Inhaber eines Hochschulabschlusses, der fristgerecht und mit mindestens der Note \u201egut\u201c (2,5) oder \u2013 bei Intensivstudieng\u00e4ngen \u2013 \u201ebefriedigend\u201c (3,0) in einem fachlich einschl\u00e4gigen<br>Bachelor-Studiengang erworben wurde<\/li>\n\n\n\n<li>die bestandene Of\ufb01zierpr\u00fcfung,<\/li>\n\n\n\n<li>die Verp\ufb02ichtung als Soldat\/Soldatin auf Zeit f\u00fcr 13 Jahre in der Laufbahn der Of\ufb01ziere des Truppendienstes.<\/li>\n<\/ol>\n\n\n\n<p><strong>Studiensprache:<\/strong>&nbsp;Deutsch<br><strong>Studienbeginn:<\/strong> Anfang Januar<\/p>\n\n\n\n<h2 class=\"wp-block-heading\">Beschreibung<\/h2>\n\n\n\n<p>Der Master-Studiengang Energie- und Umwelttechnik&nbsp;ist grundlagenorientiert. Vertiefende&nbsp;Grundlagen werden in Mathematik, Thermodynamik,&nbsp;Str\u00f6mungsmechanik, W\u00e4rme- und Stoff\u00fcbertragung&nbsp;sowie in Methoden der Regelungstechnik vermittelt.&nbsp;Als weiteres verpflichtendes masterspezifisches&nbsp;Fach neben der W\u00e4rme- und Stoff\u00fcbertragung&nbsp;wurde Energie und Abfalltechnik in das Curriculum&nbsp;integriert. Je nach Wahl der Studienf\u00e4cher erlaubt dieses&nbsp;Masterstudium, dass die Studierenden sich in&nbsp;einen der beiden Schwerpunkte Energietechnik <abbr title=\"beziehungsweise\">bzw.<\/abbr> Umwelttechnik vertiefen k\u00f6nnen.<\/p>\n\n\n\n<h2 class=\"wp-block-heading\">Bewerbung<\/h2>\n\n\n\n<p>Bewerbungsunterlagen erhalten Sie bei dem f\u00fcr Ihren Wohnort zust\u00e4ndigen Karriereberatungsb\u00fcro. Als Soldatin oder Soldat tragen Sie gro\u00dfe Verantwortung. Darum steht zu Beginn des Bewerbungsprozesses ein ausf\u00fchrliches Beratungsgespr\u00e4ch. Kontaktdaten der Karrriereberater finden Sie im Internet unter <a href=\"http:\/\/www.bundeswehrkarriere.de\" target=\"_blank\" rel=\"noreferrer noopener\">www.bundeswehrkarriere.de<\/a>. Kostenlose Telefonhotline: 0800 9800880.<\/p>\n\n\n\n<h2 class=\"wp-block-heading\">Studienberatung\/Kontakt<\/h2>\n\n\n\n<p>Die Studienberatung wird unter der Verantwortung der Fakult\u00e4ten von den Mitgliedern des akademischen Bereichs durchgef\u00fchrt.<\/p>\n\n\n\n<p><strong>Studiendekan<\/strong><br><abbr title=\"Universit\u00e4tsprofessor\">Univ.-Prof.<\/abbr> <abbr title=\"Doktor\">Dr.<\/abbr>\u2013<abbr title=\"Ingenieur\">Ing.<\/abbr> Karsten Meier<br>Telefon: 040 6541\u20132735<br>E-Mail: <a href=\"mailto:meierk@hsu-hh.de\" rel='nofollow'>meierk@hsu-hh.de<\/a><\/p>\n\n\n\n<p>Studierende, die im Rahmen einer Kooperation mit einem Unternehmen, einer Beh\u00f6rde oder sonstiger institutioneller Partner an der <abbr title=\"Helmut Schmidt Universit\u00e4t\">HSU<\/abbr>\/UniBw H studieren m\u00f6chten, sowie Soldatinnen und Soldaten, die im Rahmen des BFD ein Studium an der <abbr title=\"Helmut Schmidt Universit\u00e4t\">HSU<\/abbr>\/UniBw H aufnehmen m\u00f6chten, wenden sich bitte an das <strong>Hochschulmarketing<\/strong> unter Telefon: 040 6541\u20133855 oder per E-Mail an: <a href=\"mailto:hsm@hsu-hh.de\" rel='nofollow'>hsm@hsu-hh.de<\/a><\/p>\n\n\n\n<hr class=\"wp-block-separator has-alpha-channel-opacity\" \/>\n\n\n\n<div class=\"wp-block-hsu-downloadblock\"><div class=\"thumbnail-area\"><img decoding=\"async\" src=\"\/wp-content\/themes\/hsu\/img\/dummy\/downloads_dummy.png\" alt=\"Download Symbol-Icon\" \/><\/div><div class=\"text-area\">Studiengangsinformationen Maschinenbau (B.Sc.) + Master-Studieng\u00e4nge<\/div><div class=\"download-area\"><a class=\"download-link\" href=\"https:\/\/www.hsu-hh.de\/studium\/wp-content\/uploads\/sites\/923\/2025\/02\/Maschinenbau_Bachelor-u-alle-Master_Stand-202409.pdf\"><span class=\"download-name\">pdf laden<\/span><span class=\"download-icon\"><img decoding=\"async\" class=\"download-icon\" alt=\"download icon\" src=\"\/wp-content\/themes\/hsu\/img\/icons\/download_icon.png\" \/><\/span><span class=\"download-size\">143 kB<\/span><\/a><\/div><\/div>\n","protected":false},"excerpt":{"rendered":"<p>Fakult\u00e4t:&nbsp;Maschinenbau Abschl\u00fcsse:&nbsp;Master of Science Studiendauer: 5 Trimester Studienvoraussetzungen: Studiensprache:&nbsp;DeutschStudienbeginn: Anfang Januar Beschreibung Der Master-Studiengang Energie- und Umwelttechnik&nbsp;ist grundlagenorientiert. Vertiefende&nbsp;Grundlagen werden in Mathematik, Thermodynamik,&nbsp;Str\u00f6mungsmechanik, W\u00e4rme- und Stoff\u00fcbertragung&nbsp;sowie in Methoden der Regelungstechnik [&hellip;]<\/p>\n","protected":false},"author":3885,"featured_media":0,"parent":0,"menu_order":0,"comment_status":"closed","ping_status":"closed","template":"","meta":{"footnotes":""},"categories":[4],"tags":[],"class_list":["post-248","page","type-page","status-publish","hentry","category-forschung"],"_links":{"self":[{"href":"https:\/\/www.hsu-hh.de\/studium\/wp-json\/wp\/v2\/pages\/248","targetHints":{"allow":["GET"]}}],"collection":[{"href":"https:\/\/www.hsu-hh.de\/studium\/wp-json\/wp\/v2\/pages"}],"about":[{"href":"https:\/\/www.hsu-hh.de\/studium\/wp-json\/wp\/v2\/types\/page"}],"author":[{"embeddable":true,"href":"https:\/\/www.hsu-hh.de\/studium\/wp-json\/wp\/v2\/users\/3885"}],"replies":[{"embeddable":true,"href":"https:\/\/www.hsu-hh.de\/studium\/wp-json\/wp\/v2\/comments?post=248"}],"version-history":[{"count":7,"href":"https:\/\/www.hsu-hh.de\/studium\/wp-json\/wp\/v2\/pages\/248\/revisions"}],"predecessor-version":[{"id":772,"href":"https:\/\/www.hsu-hh.de\/studium\/wp-json\/wp\/v2\/pages\/248\/revisions\/772"}],"wp:attachment":[{"href":"https:\/\/www.hsu-hh.de\/studium\/wp-json\/wp\/v2\/media?parent=248"}],"wp:term":[{"taxonomy":"category","embeddable":true,"href":"https:\/\/www.hsu-hh.de\/studium\/wp-json\/wp\/v2\/categories?post=248"},{"taxonomy":"post_tag","embeddable":true,"href":"https:\/\/www.hsu-hh.de\/studium\/wp-json\/wp\/v2\/tags?post=248"}],"curies":[{"name":"wp","href":"https:\/\/api.w.org\/{rel}","templated":true}]}}