{"id":246,"date":"2024-04-29T10:23:04","date_gmt":"2024-04-29T08:23:04","guid":{"rendered":"https:\/\/www.hsu-hh.de\/studiengaenge\/?page_id=246"},"modified":"2025-05-20T08:57:21","modified_gmt":"2025-05-20T06:57:21","slug":"wirtschaftsingenieurwesen","status":"publish","type":"page","link":"https:\/\/www.hsu-hh.de\/studium\/wirtschaftsingenieurwesen\/","title":{"rendered":"Wirtschaftsingenieurwesen (B.Sc.\/M.Sc.)"},"content":{"rendered":"\n<p><strong>Fakult\u00e4t:<\/strong>&nbsp;Wirtschafts- und Sozialwissenschaften<\/p>\n\n\n\n<p><strong>Abschl\u00fcsse:<\/strong>&nbsp;Bachelor of Science \/ Master of Science<\/p>\n\n\n\n<p><strong>Studiendauer:<\/strong>&nbsp;7 Trimester f\u00fcr Bachelor + 5 Trimester Master<\/p>\n\n\n\n<p><strong>Studiensprache:<\/strong> Deutsch<\/p>\n\n\n\n<p><strong>Studienbeginn:<\/strong> Anfang Oktober<\/p>\n\n\n\n<p><strong>Studienvoraussetzungen:<\/strong><\/p>\n\n\n\n<ol class=\"wp-block-list\">\n<li>die Allgemeine Hochschulreife (Abitur),<\/li>\n\n\n\n<li>die bestandene Of\ufb01zierpr\u00fcfung,<\/li>\n\n\n\n<li>die Verp\ufb02ichtung als Soldat\/Soldatin auf Zeit f\u00fcr 13 Jahre in der Laufbahn der Of\ufb01ziere des Truppendienstes.<\/li>\n<\/ol>\n\n\n\n<h2 class=\"wp-block-heading\">Beschreibung<\/h2>\n\n\n\n<p>Mit dem Studienfach Wirtschaftsingenieurwesen sollen den Studierenden breit gef\u00e4cherte, fachliche F\u00e4higkeiten und Kenntnisse aus der Betriebswirtschaftslehre, der Volkswirtschaftslehre, dem Maschinenbau und der Elektrotechnik vermittelt werden. Eine besondere Aufmerksamkeit wird auf die interdisziplin\u00e4re Sicht zwischen den beteiligten Fachrichtungen gelegt. Die Studierenden sollen besondere F\u00e4higkeiten entwickeln, die zu qualifiziertem und verantwortungsvollem Handeln in der Berufspraxis notwendig sind und es erm\u00f6glichen, wirtschaftliche und technische Zusammenh\u00e4nge zu erfassen, mit wissenschaftlichen Methoden zu analysieren und aktiv zu steuern. Dazu werden aufbauend auf einer fundierten theoretischen Basis der wirtschafts- und ingenieurwissenschaftlichen Teildisziplinen Umsetzungskompetenzen vermittelt, die die Absolventinnen und Absolventen bef\u00e4higen, Methoden, Techniken und Instrumente zielorientiert und verantwortlich anzuwenden.<\/p>\n\n\n\n<h2 class=\"wp-block-heading\">Studienaufbau<\/h2>\n\n\n\n<p>Der Bachelorstudiengang Wirtschaftsingenieurwesen dauert in der Regel sieben Trimester und besteht aus Pflichtmodulen, Wahlpflichtmodulen und einer Abschlussarbeit. Studierende, die noch nicht alle Leistungen erbracht haben, k\u00f6nnen vorl\u00e4ufig in den Master-Studiengang aufgenommen werden. Studierende, die bis zum Ende des achten Studientrimester 180 Leistungspunkte mindestens mit der Note 3,0 erworben haben, k\u00f6nnen das Master-Studium fortsetzen. Studierende, die diese Bedingungen nicht erf\u00fcllen, k\u00f6nnen die fehlenden Leistungspunkte im neunten Trimester erwerben, um ihr Bachelorstudium erfolgreich zu beenden.<\/p>\n\n\n\n<p>Der Masterstudiengang dauert f\u00fcnf Trimester (achtes bis zw\u00f6lftes Studientrimester) und schlie\u00dft mit der Master-Arbeit ab. Der Masterstudiengang Wirtschaftsingenieurwesen erweitert und vertieft die im Bachelor-Studiengang vermittelten grundlegenden Kenntnisse und F\u00e4higkeiten.<\/p>\n\n\n\n<p>Der an der <abbr title=\"Helmut Schmidt Universit\u00e4t\">HSU<\/abbr>\/UniBw H angebotene Bachelorstudiengang Wirtschaftsingenieurwesen gliedert sich in ein Grundstudium (1. bis 4. Trimester) und ein Hauptstudium (4. bis 7. Trimester). Im 4. Trimester sind sowohl Module des Grund- als auch des Hauptstudiums zu belegen. Er f\u00fchrt zu einem berufsqualifizierenden Abschluss und vermittelt grundlegende sowie teilweise vertiefte Kenntnisse, zum Beispiel in den folgenden Disziplinen:<\/p>\n\n\n\n<ul class=\"wp-block-list\">\n<li>Betriebswirtschaft<\/li>\n\n\n\n<li>Personalwesen und Organisation<\/li>\n\n\n\n<li>Maschinenzeichnen<\/li>\n\n\n\n<li>Elektrotechnik<\/li>\n\n\n\n<li>Mathematik<\/li>\n\n\n\n<li>Volkswirtschaft<\/li>\n\n\n\n<li>Informatik<\/li>\n\n\n\n<li>Automatisierungstechnik<\/li>\n<\/ul>\n\n\n\n<p><\/p>\n\n\n\n<p>Im Masterstudium k\u00f6nnen die Studierenden zwischen drei Schwerpunkten w\u00e4hlen:<\/p>\n\n\n\n<ul class=\"wp-block-list\">\n<li>Produktentstehung,<\/li>\n\n\n\n<li>Logistik,<\/li>\n\n\n\n<li>Elektrische Energieversorgung und Energiewirtschaft.<\/li>\n<\/ul>\n\n\n\n<h2 class=\"wp-block-heading\">Bewerbung<\/h2>\n\n\n\n<p>Bewerbungsunterlagen erhalten Sie bei dem f\u00fcr Ihren Wohnort zust\u00e4ndigen Karriereberatungsb\u00fcro. Als Soldatin oder Soldat tragen Sie gro\u00dfe Verantwortung. Darum steht zu Beginn des Bewerbungsprozesses ein ausf\u00fchrliches Beratungsgespr\u00e4ch. Kontaktdaten der Karrriereberater finden Sie im Internet unter <a href=\"http:\/\/www.bundeswehrkarriere.de\" target=\"_blank\" rel=\"noreferrer noopener\">www.bundeswehrkarriere.de<\/a>. Kostenlose Telefonhotline: 0800 9800880.<\/p>\n\n\n\n<h2 class=\"wp-block-heading\">Studienberatung\/Kontakt<\/h2>\n\n\n\n<p>Die Studienberatung wird unter der Verantwortung&nbsp;der Fakult\u00e4ten von den Mitgliedern des akademischen Bereichs durchgef\u00fchrt.<\/p>\n\n\n\n<p><strong>Vorsitzender Studienbereichsausschuss<\/strong><br><abbr title=\"Universit\u00e4tsprofessor\">Univ.-Prof.<\/abbr> <abbr title=\"Doktor\">Dr.<\/abbr>&#8211;<abbr title=\"Ingenieur\">Ing.<\/abbr> <abbr title=\"Diplom\">Dipl.<\/abbr>-Wirtsch.-<abbr title=\"Ingenieur\">Ing.<\/abbr> Frank Kumlehn<br>Tel.: 040 6541-4803<br>E-Mail: <a href=\"mailto:kumlehnf@hsu-hh.de\" rel='nofollow'>kumlehnf@hsu-hh.de<\/a><\/p>\n\n\n\n<p><\/p>\n\n\n\n<p>Studierende, die im Rahmen einer Kooperation mit einem Unternehmen, einer Beh\u00f6rde oder sonstiger institutioneller Partner an der <abbr title=\"Helmut Schmidt Universit\u00e4t\">HSU<\/abbr>\/UniBw H studieren m\u00f6chten, sowie Soldatinnen und Soldaten, die im Rahmen des BFD ein Studium an der <abbr title=\"Helmut Schmidt Universit\u00e4t\">HSU<\/abbr>\/UniBw H aufnehmen m\u00f6chten, wenden sich bitte an das <strong>Hochschulmarketing<\/strong> unter Telefon: 040 6541\u20133855 oder per E-Mail an: <a href=\"mailto:hsm@hsu-hh.de\" rel='nofollow'>hsm@hsu-hh.de<\/a><\/p>\n\n\n\n<hr class=\"wp-block-separator has-alpha-channel-opacity\" \/>\n\n\n\n<div class=\"wp-block-hsu-downloadblock\"><div class=\"thumbnail-area\"><img decoding=\"async\" src=\"\/wp-content\/themes\/hsu\/img\/dummy\/downloads_dummy.png\" alt=\"Download Symbol-Icon\" \/><\/div><div class=\"text-area\"><strong>Studiengangsinformationen Wirtschaftsingenieurwesen (B.Sc.\/<abbr title=\"Master of Science\">M.Sc.<\/abbr>)<\/strong><\/div><div class=\"download-area\"><a class=\"download-link\" href=\"https:\/\/www.hsu-hh.de\/studium\/wp-content\/uploads\/sites\/923\/2025\/05\/Wirtschaftsingenieurwesen_20240923-2.pdf\"><span class=\"download-name\">pdf laden<\/span><span class=\"download-icon\"><img decoding=\"async\" class=\"download-icon\" alt=\"download icon\" src=\"\/wp-content\/themes\/hsu\/img\/icons\/download_icon.png\" \/><\/span><span class=\"download-size\">2 MB<\/span><\/a><\/div><\/div>\n","protected":false},"excerpt":{"rendered":"<p>Fakult\u00e4t:&nbsp;Wirtschafts- und Sozialwissenschaften Abschl\u00fcsse:&nbsp;Bachelor of Science \/ Master of Science Studiendauer:&nbsp;7 Trimester f\u00fcr Bachelor + 5 Trimester Master Studiensprache: Deutsch Studienbeginn: Anfang Oktober Studienvoraussetzungen: Beschreibung Mit dem Studienfach Wirtschaftsingenieurwesen sollen [&hellip;]<\/p>\n","protected":false},"author":3885,"featured_media":0,"parent":0,"menu_order":0,"comment_status":"closed","ping_status":"closed","template":"","meta":{"footnotes":""},"categories":[4],"tags":[],"class_list":["post-246","page","type-page","status-publish","hentry","category-forschung"],"_links":{"self":[{"href":"https:\/\/www.hsu-hh.de\/studium\/wp-json\/wp\/v2\/pages\/246","targetHints":{"allow":["GET"]}}],"collection":[{"href":"https:\/\/www.hsu-hh.de\/studium\/wp-json\/wp\/v2\/pages"}],"about":[{"href":"https:\/\/www.hsu-hh.de\/studium\/wp-json\/wp\/v2\/types\/page"}],"author":[{"embeddable":true,"href":"https:\/\/www.hsu-hh.de\/studium\/wp-json\/wp\/v2\/users\/3885"}],"replies":[{"embeddable":true,"href":"https:\/\/www.hsu-hh.de\/studium\/wp-json\/wp\/v2\/comments?post=246"}],"version-history":[{"count":12,"href":"https:\/\/www.hsu-hh.de\/studium\/wp-json\/wp\/v2\/pages\/246\/revisions"}],"predecessor-version":[{"id":795,"href":"https:\/\/www.hsu-hh.de\/studium\/wp-json\/wp\/v2\/pages\/246\/revisions\/795"}],"wp:attachment":[{"href":"https:\/\/www.hsu-hh.de\/studium\/wp-json\/wp\/v2\/media?parent=246"}],"wp:term":[{"taxonomy":"category","embeddable":true,"href":"https:\/\/www.hsu-hh.de\/studium\/wp-json\/wp\/v2\/categories?post=246"},{"taxonomy":"post_tag","embeddable":true,"href":"https:\/\/www.hsu-hh.de\/studium\/wp-json\/wp\/v2\/tags?post=246"}],"curies":[{"name":"wp","href":"https:\/\/api.w.org\/{rel}","templated":true}]}}