{"id":244,"date":"2024-04-29T10:22:13","date_gmt":"2024-04-29T08:22:13","guid":{"rendered":"https:\/\/www.hsu-hh.de\/studiengaenge\/?page_id=244"},"modified":"2025-09-02T11:11:11","modified_gmt":"2025-09-02T09:11:11","slug":"volkswirtschaftslehre","status":"publish","type":"page","link":"https:\/\/www.hsu-hh.de\/studium\/volkswirtschaftslehre\/","title":{"rendered":"Volkswirtschaftslehre (B.Sc.\/M.Sc.)"},"content":{"rendered":"\n<p><strong>Fakult\u00e4t:<\/strong> Wirtschafts- und Sozialwissenschaften<\/p>\n\n\n\n<p><strong>Abschl\u00fcsse:<\/strong>&nbsp;Bachelor of Science \/ Master of Science<\/p>\n\n\n\n<p><strong>Studiendauer:<\/strong>&nbsp;7 Trimester f\u00fcr Bachelor + 5 Trimester Master<\/p>\n\n\n\n<p><strong>Studienvoraussetzungen:<\/strong><\/p>\n\n\n\n<ol class=\"wp-block-list\">\n<li>die Allgemeine Hochschulreife (Abitur),<\/li>\n\n\n\n<li>die bestandene Of\ufb01zierpr\u00fcfung,<\/li>\n\n\n\n<li>die Verp\ufb02ichtung als Soldat\/Soldatin auf Zeit f\u00fcr 13 Jahre in der Laufbahn der Of\ufb01ziere des Truppendienstes.<\/li>\n<\/ol>\n\n\n\n<p><strong>Studiensprache:<\/strong>&nbsp;Deutsch<br><strong>Studienbeginn:<\/strong>&nbsp;Anfang Oktober<\/p>\n\n\n\n<h2 class=\"wp-block-heading\">Beschreibung<\/h2>\n\n\n\n<p>Die <em>Volkswirtschaftslehre<\/em> befasst sich mit der Erforschung mikro- und makro\u00f6konomischer (einzel- und gesamtwirtschaftlicher) Zusammenh\u00e4nge und den M\u00f6glichkeiten der Beeinflussung des Wirtschaftsgeschehens durch Gesetzgebung, Notenbank- und Staatsaktivit\u00e4t. Hierbei erfolgt eine intensive Einbettung von Wirtschaft, Politik und Gesellschaft.<\/p>\n\n\n\n<p><em>Mikro\u00f6konomik<\/em>: Auf einzelwirtschaftlicher Ebene werden das Verhalten von Personen und die Rolle von Motiven und Anreizen analysiert. Dazu geh\u00f6ren auch Abh\u00e4ngigkeiten von Kooperation und Konflikt sowie Gruppendynamiken. Die grundlegenden Erkenntnisse werden beispielsweise in der Konsumtheorie, dem Arbeitsmarkt oder der Sozialpolitik und bei der Ausgestaltung von Institutionen (Verwaltungen, gesetzliche Regelungen, europ\u00e4ische Einlagensicherung, <abbr title=\"et cetera\">etc.<\/abbr>) angewandt.<\/p>\n\n\n\n<p><em>Makro\u00f6konomik<\/em>: Betrachtet werden die gesamtwirtschaftlichen Zusammenh\u00e4nge, beispielsweise die Konjunktur-, Wachstums-, Fiskal- und Geldpolitik sowie Auslandsaktivit\u00e4ten (Export\/Import). Untersucht werden Entwicklungen, Fehlentwicklungen und L\u00f6sungsm\u00f6glichkeiten von wirtschaftlichen Problemen. Analysiert und bewertet werden Handlungsalternativen der Akteure (Unternehmen, Privatpersonen, Staat, Zentralbank, Ausland), um wirtschaftliche Ziele zu erreichen.<\/p>\n\n\n\n<p>Ziel des Studiums ist es, die zentralen Inhalte der Volkswirtschaftslehre in Theorie und Politik abzudecken. Der europ\u00e4ischen sowie generell der internationalen Dimension wird breiten Raum gegeben. Durch eine breite methodische Fundierung erlangen die Studierenden Kompetenzen, die sie auf ganz unterschiedliche Themen- und Problemstellungen hin anwenden k\u00f6nnen. Dies sichert ihre Studienkompetenzen auch nach der Zeit in der Truppe f\u00fcr ihre weitere berufliche Laufbahn.<\/p>\n\n\n\n<h2 class=\"wp-block-heading\">Studienaufbau<\/h2>\n\n\n\n<p>Zu den Pflichtmodulen im <em>Bachelor-Studium<\/em> z\u00e4hlen die Module Grundlagen der <abbr title=\"Volkswirtschaftslehre\">VWL<\/abbr>, Mikro\u00f6konomik und Makro\u00f6konomik sowie Wirtschaftspolitik. Auch Mathematik und Statistik sind wichtige und durch die Kombination mit \u00dcbungen durchaus zu bew\u00e4ltigende Inhalte des <em>Grundlagenstudiums<\/em>. Weitere wesentliche Bestandteile sind die Spieltheorie und die Experimental\u00f6konomik (das hei\u00dft, die Analyse von Strategien, Konflikten und Kooperationspotentialen), die Grundlagen der empirischen Wirtschaftsforschung und die der \u00d6konometrie. In der <em>BA-Vertiefungsphase<\/em> k\u00f6nnen die Studierenden frei aus einem Kanon von <abbr title=\"Volkswirtschaftslehre\">VWL<\/abbr>-Veranstaltungen w\u00e4hlen und damit einer Schwerpunktsetzung folgen:<\/p>\n\n\n\n<ul class=\"wp-block-list\">\n<li>Politische \u00d6konomik<\/li>\n\n\n\n<li>\u00d6konomik des \u00f6ffentlichen Sektors<\/li>\n\n\n\n<li>Wettbewerbs\u00f6konomik<\/li>\n\n\n\n<li>(Internationale) Wirtschaftspolitik<\/li>\n\n\n\n<li>Wachstumstheorie und -empirie<\/li>\n\n\n\n<li>Ordnungs\u00f6konomik<\/li>\n\n\n\n<li>Grundlagen der Geldpolitik<\/li>\n\n\n\n<li>Verhaltens\u00f6konomik<\/li>\n\n\n\n<li>Grundlagen der Entwicklungs\u00f6konomik<\/li>\n<\/ul>\n\n\n\n<p>\u00dcber die Fachdisziplin hinaus werden weitere erg\u00e4nzende sozialwissenschaftliche und interdisziplin\u00e4re Anteile, insbesondere aus der Betriebswirtschaftslehre, den Rechtswissenschaften, der Soziologie, der Psychologie und des Public Management angeboten. Ein volkswirtschaftliches Seminar macht mit der Anwendung der Methoden des wissenschaftlichen Arbeitens vertraut, um die Studenten auf die Bachelor-Abschlussarbeit vorzubereiten.<\/p>\n\n\n\n<p>Das <em>Master-Studium<\/em> kennzeichnet neben wenigen Pflichtmodulen im methodischen Bereich ein hohes Ma\u00df an Wahlfreiheiten. Im <em>Wahlpflichtbereich <abbr title=\"Volkswirtschaftslehre\">VWL<\/abbr> Vertiefung MA<\/em> werden eine Palette spezifisch volkswirtschaftlicher Fortgeschrittenen-Module angeboten. Hierzu geh\u00f6ren Veranstaltungen bspw. zu Themen der Finanzwissenschaft, zur internationalen Makro\u00f6konomik und Weltwirtschaftsordnung, Finanzkrisen, zu internationalen Finanzm\u00e4rkten, zum internationalen Handel, zur \u00d6konomik digitaler M\u00e4rkte, zur Umwelt\u00f6konomik und Umweltpolitik, zur \u00d6konomik des Klimawandels, zur wirtschaftlichen Integration, zur politischen \u00d6konomie der Entwicklung, zur empirischen Wettbewerbsanalyse und zur Steuerung des technischen Fortschritts.<\/p>\n\n\n\n<p>Im <em>Allgemeiner Wahlbereich MA<\/em> bestehen Wahlm\u00f6glichkeiten in weiteren F\u00e4chern: <abbr title=\"Betriebswirtschaftslehre\">BWL<\/abbr>, Mathematik\/Statistik, \u00d6konometrie, Rechtswissenschaft, Soziologie, Psychologie und Public Management. Eine spezielle Vertiefung erfolgt in einem volkswirtschaftlichen Seminar. Die Master-Abschlussarbeit beschlie\u00dft das Studium mit einer zw\u00f6lfw\u00f6chigen eigenst\u00e4ndigen wissenschaftlichen Ausarbeitung.<\/p>\n\n\n\n<p>Eine Fremdsprachenausbildung sowie interdisziplin\u00e4re Studienanteile (ISA) mit das Studium unterst\u00fctzenden Schl\u00fcsselkompetenzen, ethischen oder handlungsorientierten Bez\u00fcgen sowie dem gew\u00e4hlten Fachstudiengang typischerweise nicht zugeh\u00f6rigen Inhalten erg\u00e4nzen das Fachstudium.<\/p>\n\n\n\n<h2 class=\"wp-block-heading\">Bewerbung<\/h2>\n\n\n\n<p>Bewerbungsunterlagen erhalten Sie bei dem f\u00fcr Ihren Wohnort zust\u00e4ndigen Karriereb\u00fcro. Als Soldatin oder Soldat tragen Sie gro\u00dfe Verantwortung. Darum steht zu Beginn des Bewerbungsprozesses ein ausf\u00fchrliches Beratungsgespr\u00e4ch. Kontaktdaten der Karrriereberater finden Sie im Internet unter <a href=\"http:\/\/www.bundeswehrkarriere.de\" target=\"_blank\" rel=\"noreferrer noopener\">www.bundeswehrkarriere.de<\/a>. Kostenlose Telefonhotline: 0800 9800880.<\/p>\n\n\n\n<h2 class=\"wp-block-heading\">Studienberatung\/Kontakt<\/h2>\n\n\n\n<p>Die Studienberatung wird unter der Verantwortung der Fakult\u00e4ten von den Mitgliedern des akademischen Bereichs durchgef\u00fchrt.<\/p>\n\n\n\n<p><strong>Studiendekan <abbr title=\"Volkswirtschaftslehre\">VWL<\/abbr><\/strong><br><abbr title=\"Universit\u00e4tsprofessor\">Univ.-Prof.<\/abbr> <abbr title=\"Doktor\">Dr.<\/abbr> Dierk Herzer<br>Telefon: 040 6541-2775<br>E-Mail: herzer@hsu-hh.de<\/p>\n\n\n\n<p>Studierende, die im Rahmen einer Kooperation mit einem Unternehmen, einer Beh\u00f6rde oder sonstiger institutioneller Partner an der <abbr title=\"Helmut Schmidt Universit\u00e4t\">HSU<\/abbr>\/UniBw H studieren m\u00f6chten, sowie Soldatinnen und Soldaten, die im Rahmen des BFD ein Studium an der <abbr title=\"Helmut Schmidt Universit\u00e4t\">HSU<\/abbr>\/UniBw H aufnehmen m\u00f6chten, wenden sich bitte an das <strong>Hochschulmarketing<\/strong> unter Telefon: 040 6541\u20133855 oder per E-Mail an: <a href=\"mailto:hsm@hsu-hh.de\" rel='nofollow'>hsm@hsu-hh.de<\/a><\/p>\n\n\n\n<hr class=\"wp-block-separator has-alpha-channel-opacity\" \/>\n\n\n\n<div class=\"wp-block-hsu-downloadblock\"><div class=\"thumbnail-area\"><img decoding=\"async\" src=\"\/wp-content\/themes\/hsu\/img\/dummy\/downloads_dummy.png\" alt=\"Download Symbol-Icon\" \/><\/div><div class=\"text-area\"><strong>Studiengangsinformationen <abbr title=\"Volkswirtschaftslehre\">VWL<\/abbr> (B.Sc.\/<abbr title=\"Master of Science\">M.Sc.<\/abbr>)<\/strong><\/div><div class=\"download-area\"><a class=\"download-link\" href=\"https:\/\/www.hsu-hh.de\/studium\/wp-content\/uploads\/sites\/923\/2024\/05\/VWL_Bachelor-u-Master_Stand-202302.pdf\"><span class=\"download-name\">pdf laden<\/span><span class=\"download-icon\"><img decoding=\"async\" class=\"download-icon\" alt=\"download icon\" src=\"\/wp-content\/themes\/hsu\/img\/icons\/download_icon.png\" \/><\/span><span class=\"download-size\">2 MB<\/span><\/a><\/div><\/div>\n","protected":false},"excerpt":{"rendered":"<p>Fakult\u00e4t: Wirtschafts- und Sozialwissenschaften Abschl\u00fcsse:&nbsp;Bachelor of Science \/ Master of Science Studiendauer:&nbsp;7 Trimester f\u00fcr Bachelor + 5 Trimester Master Studienvoraussetzungen: Studiensprache:&nbsp;DeutschStudienbeginn:&nbsp;Anfang Oktober Beschreibung Die Volkswirtschaftslehre befasst sich mit der Erforschung [&hellip;]<\/p>\n","protected":false},"author":3885,"featured_media":0,"parent":0,"menu_order":0,"comment_status":"closed","ping_status":"closed","template":"","meta":{"footnotes":""},"categories":[4],"tags":[],"class_list":["post-244","page","type-page","status-publish","hentry","category-forschung"],"_links":{"self":[{"href":"https:\/\/www.hsu-hh.de\/studium\/wp-json\/wp\/v2\/pages\/244","targetHints":{"allow":["GET"]}}],"collection":[{"href":"https:\/\/www.hsu-hh.de\/studium\/wp-json\/wp\/v2\/pages"}],"about":[{"href":"https:\/\/www.hsu-hh.de\/studium\/wp-json\/wp\/v2\/types\/page"}],"author":[{"embeddable":true,"href":"https:\/\/www.hsu-hh.de\/studium\/wp-json\/wp\/v2\/users\/3885"}],"replies":[{"embeddable":true,"href":"https:\/\/www.hsu-hh.de\/studium\/wp-json\/wp\/v2\/comments?post=244"}],"version-history":[{"count":7,"href":"https:\/\/www.hsu-hh.de\/studium\/wp-json\/wp\/v2\/pages\/244\/revisions"}],"predecessor-version":[{"id":839,"href":"https:\/\/www.hsu-hh.de\/studium\/wp-json\/wp\/v2\/pages\/244\/revisions\/839"}],"wp:attachment":[{"href":"https:\/\/www.hsu-hh.de\/studium\/wp-json\/wp\/v2\/media?parent=244"}],"wp:term":[{"taxonomy":"category","embeddable":true,"href":"https:\/\/www.hsu-hh.de\/studium\/wp-json\/wp\/v2\/categories?post=244"},{"taxonomy":"post_tag","embeddable":true,"href":"https:\/\/www.hsu-hh.de\/studium\/wp-json\/wp\/v2\/tags?post=244"}],"curies":[{"name":"wp","href":"https:\/\/api.w.org\/{rel}","templated":true}]}}