{"id":242,"date":"2024-04-29T10:21:13","date_gmt":"2024-04-29T08:21:13","guid":{"rendered":"https:\/\/www.hsu-hh.de\/studiengaenge\/?page_id=242"},"modified":"2024-12-09T11:04:45","modified_gmt":"2024-12-09T10:04:45","slug":"rechtswissenschaft-fur-die-offentliche-verwaltung","status":"publish","type":"page","link":"https:\/\/www.hsu-hh.de\/studium\/rechtswissenschaft-fur-die-offentliche-verwaltung\/","title":{"rendered":"Rechtswissenschaft f\u00fcr die \u00f6ffentliche Verwaltung (LL.B.)"},"content":{"rendered":"\n<p><strong>Fakult\u00e4t<\/strong>: Wirtschafts- und Sozialwissenschaften<br><strong>Abschluss<\/strong>: Bachelor of Laws<br><strong>Studiendauer<\/strong>: 9 Trimester<br><strong>Studienvoraussetzungen<\/strong>:<br>1. Die Allgemeine Hochschulreife (Abitur) oder das Bestehen einer der in \u00a7\u00a7 37, 38 HmbHG genannten Zugangsvoraussetzungen<br>2. Studienvertrag mit dem Bundesamt f\u00fcr das Personalmanagement der Bundeswehr nach erfolgreicher Auswahl durch das Assessmentcenter<br><strong>Studiensprache<\/strong>:&nbsp;Deutsch<br><strong>Studienbeginn<\/strong>:&nbsp;Anfang Oktober<\/p>\n\n\n\n<h2 class=\"wp-block-heading\">Beschreibung<\/h2>\n\n\n\n<p>Der erfolgreiche Abschluss des Studiengangs \u201eRechtswissenschaft f\u00fcr die \u00f6ffentliche Verwaltung\u201c bef\u00e4higt Sie unmittelbar zu einer beruflichen T\u00e4tigkeit als Beamtin\/Beamter im gehobenen nichttechnischen Verwaltungsdienst in der Bundeswehrverwaltung. Das Studium sowie das Berufsbild&nbsp; des Verwaltungsbeamten sind so vielseitig wie das deutsche Recht selbst. Sie lernen die Kerngebiete und zahlreiche Spezialgebiete aus den drei klassischen Teilf\u00e4chern der Rechtswissenschaft kennen:<\/p>\n\n\n\n<ul class=\"wp-block-list\">\n<li>Privatrecht<\/li>\n\n\n\n<li>\u00d6ffentliches Recht<\/li>\n\n\n\n<li>Strafrecht<\/li>\n<\/ul>\n\n\n\n<p>Erg\u00e4nzend werden transdisziplin\u00e4re F\u00e4cher gelehrt<\/p>\n\n\n\n<ul class=\"wp-block-list\">\n<li>aus der Verwaltungswissenschaft,<\/li>\n\n\n\n<li>aus der Betriebs -und Volkswirtschaftslehre,<\/li>\n\n\n\n<li>aus der Psychologie.<\/li>\n<\/ul>\n\n\n\n<h2 class=\"wp-block-heading\">Studienaufbau<\/h2>\n\n\n\n<p>Der Bachelor-Studiengang \u201eRechtswissenschaft f\u00fcr die \u00f6ffentliche Verwaltung\u201c dauert in der Regel drei Jahre und besteht aus Modulen, also kleineren, inhaltlich und zeitlich begrenzten Einheiten. Dabei gibt es Pflichtmodule und Wahlpflichtmodule. Die Module umfassen jeweils ein bis zwei Trimester, schlie\u00dfen mit einer studienbegleitenden Pr\u00fcfung ab und werden mit Leistungspunkten (LP) gewichtet, die sich am Arbeitsaufwand f\u00fcr die Studierenden orientieren. Das Gewicht der juristischen Studienanteile im Verh\u00e4ltnis zur Gesamtzahl der 186 Leistungspunkte betr\u00e4gt einschlie\u00dflich der Bachelor-Arbeit knapp zwei Drittel.<\/p>\n\n\n\n<p>Das Studium umfasst zudem insgesamt vier Praktika, die in Dienststellen der Bundeswehrverwaltung absolviert werden. Drei jeweils vierw\u00f6chige Praktika sind f\u00fcr die vorlesungsfreie Zeit im dritten und sechsten Trimester sowie im neunten Trimester vorgesehen. Im achten Trimester wird ein langes, dreimonatiges Praktikum absolviert, begleitend zu dem die Bachelorarbeit erstellt wird.<\/p>\n\n\n\n<h2 class=\"wp-block-heading\">Bewerbung<\/h2>\n\n\n\n<p>Die Ausschreibung der Studienpl\u00e4tze f\u00fcr den Studienbeginn im Oktober eines jeden Jahres erfolgt in der Regel im Herbst des Vorjahres und l\u00e4uft bis jeweils Ende Februar. Das Bewerbungsverfahren f\u00fcr den Studiengang R\u00d6V wird vom Bundesamt f\u00fcr Personalmanagement der Bundeswehr (BAPersBW) durchgef\u00fchrt, die Ausschreibung finden Sie daher direkt&nbsp;&nbsp;auf der Seite \u201ebundesewehrkarriere.de\u201c.<br>Eine direkte Bewerbung an der Helmut-Schmidt-Universit\u00e4t ist leider nicht m\u00f6glich.<\/p>\n\n\n\n<p>Sobald die Ausschreibung \u00f6ffentlich ist, finden Sie zu gegebener Zeit&nbsp; Informationen hierzu auch auf der Seite des Hochschulmarketings unter \u201eAktuelle Kooperationsangebote\u201c.<\/p>\n\n\n\n<p>Bitte laden Sie Ihre Bewerbungsunterlagen im PDF-Format (vorzugsweise im pers\u00f6nlichen Kandidatenprofil unter<a href=\"http:\/\/bewerbung.bundeswehrkarriere.de\" rel='nofollow'> http:\/\/bewerbung.bundeswehrkarriere.de<\/a> (Bewerbungsportal Bundeswehr)) hoch.<\/p>\n\n\n\n<p>Die Bewerbung sollte enthalten:<\/p>\n\n\n\n<ul class=\"wp-block-list\">\n<li>Anschreiben (formatiert, Schriftgr\u00f6\u00dfe 10, nicht fett)<\/li>\n\n\n\n<li>tabellarischen Lebenslauf<\/li>\n\n\n\n<li>Arbeits-und Dienstzeugnis und Praktikumsbescheinigungen<\/li>\n\n\n\n<li>Schulische Abschlusszeugnisse oder letztes Halbjahreszeugnis<\/li>\n\n\n\n<li>Berufs-und Fortbildungsabschl\u00fcsse (IHK, HWK, <abbr title=\"et cetera\">etc.<\/abbr>)<\/li>\n<\/ul>\n\n\n\n<p>Zus\u00e4tzlich notwendige Anlagen:<\/p>\n\n\n\n<ul class=\"wp-block-list\">\n<li>Bewerbungsbogen<\/li>\n\n\n\n<li>Zusatzfragebogen<\/li>\n\n\n\n<li>Erkl\u00e4rung zum Auswahlverfahren<\/li>\n<\/ul>\n\n\n\n<h2 class=\"wp-block-heading\">Studienberatung\/Kontakt<\/h2>\n\n\n\n<p>Bundesamt f\u00fcr das Personalmanagement der Bundeswehr<br>Assessmentcenter f\u00fcr F\u00fchrungskr\u00e4fte (ACF\u00fcKrBw)<br>Referat 1 \u2013 Ziviles Bewerbungsmanagement<br>Andrea Burgdorf<br>K\u00f6lner Stra\u00dfe 262<br>51149\u00a0 K\u00f6ln<br>Telefon: +49 (0)211 959 2124<br>E-Mail: <a href=\"mailto:BAPersBwVSZWestSachgebiet1@bundeswehr.org\" rel='nofollow'>BAPersBwVSZWestSachgebiet1@bundeswehr.org<\/a><\/p>\n\n\n\n<p><strong>F\u00fcr eine Studienberatung bei der Helmut-Schmidt-Universit\u00e4t <\/strong>wenden Sie sich bitte an das <strong>Hochschulmarketing<\/strong> unter Telefon: 040 6541\u20133855 oder per E-Mail an: <a href=\"mailto:hsm@hsu-hh.de\" rel='nofollow'>hsm@hsu-hh.de<\/a><\/p>\n\n\n\n<hr class=\"wp-block-separator has-alpha-channel-opacity\" \/>\n\n\n\n<div class=\"wp-block-hsu-downloadblock\"><div class=\"thumbnail-area\"><img decoding=\"async\" src=\"\/wp-content\/themes\/hsu\/img\/dummy\/downloads_dummy.png\" alt=\"Download Symbol-Icon\" \/><\/div><div class=\"text-area\"><strong>Studiengangsinformationen Rechtswissenschaft f\u00fcr die \u00f6ffentliche Verwaltung (LL.B.)<\/strong><\/div><div class=\"download-area\"><a class=\"download-link\" href=\"https:\/\/www.hsu-hh.de\/studium\/wp-content\/uploads\/sites\/923\/2024\/06\/RoeV-Studiengangsbeschreibung.pdf\"><span class=\"download-name\">pdf laden<\/span><span class=\"download-icon\"><img decoding=\"async\" class=\"download-icon\" alt=\"download icon\" src=\"\/wp-content\/themes\/hsu\/img\/icons\/download_icon.png\" \/><\/span><span class=\"download-size\">567 kB<\/span><\/a><\/div><\/div>\n","protected":false},"excerpt":{"rendered":"<p>Fakult\u00e4t: Wirtschafts- und SozialwissenschaftenAbschluss: Bachelor of LawsStudiendauer: 9 TrimesterStudienvoraussetzungen:1. Die Allgemeine Hochschulreife (Abitur) oder das Bestehen einer der in \u00a7\u00a7 37, 38 HmbHG genannten Zugangsvoraussetzungen2. Studienvertrag mit dem Bundesamt f\u00fcr [&hellip;]<\/p>\n","protected":false},"author":3885,"featured_media":0,"parent":0,"menu_order":0,"comment_status":"closed","ping_status":"closed","template":"","meta":{"footnotes":""},"categories":[4],"tags":[],"class_list":["post-242","page","type-page","status-publish","hentry","category-forschung"],"_links":{"self":[{"href":"https:\/\/www.hsu-hh.de\/studium\/wp-json\/wp\/v2\/pages\/242","targetHints":{"allow":["GET"]}}],"collection":[{"href":"https:\/\/www.hsu-hh.de\/studium\/wp-json\/wp\/v2\/pages"}],"about":[{"href":"https:\/\/www.hsu-hh.de\/studium\/wp-json\/wp\/v2\/types\/page"}],"author":[{"embeddable":true,"href":"https:\/\/www.hsu-hh.de\/studium\/wp-json\/wp\/v2\/users\/3885"}],"replies":[{"embeddable":true,"href":"https:\/\/www.hsu-hh.de\/studium\/wp-json\/wp\/v2\/comments?post=242"}],"version-history":[{"count":7,"href":"https:\/\/www.hsu-hh.de\/studium\/wp-json\/wp\/v2\/pages\/242\/revisions"}],"predecessor-version":[{"id":752,"href":"https:\/\/www.hsu-hh.de\/studium\/wp-json\/wp\/v2\/pages\/242\/revisions\/752"}],"wp:attachment":[{"href":"https:\/\/www.hsu-hh.de\/studium\/wp-json\/wp\/v2\/media?parent=242"}],"wp:term":[{"taxonomy":"category","embeddable":true,"href":"https:\/\/www.hsu-hh.de\/studium\/wp-json\/wp\/v2\/categories?post=242"},{"taxonomy":"post_tag","embeddable":true,"href":"https:\/\/www.hsu-hh.de\/studium\/wp-json\/wp\/v2\/tags?post=242"}],"curies":[{"name":"wp","href":"https:\/\/api.w.org\/{rel}","templated":true}]}}